{"id":13517,"date":"2024-01-26T21:59:25","date_gmt":"2024-01-26T21:59:25","guid":{"rendered":"https:\/\/communalfirstsaturdays.org\/?page_id=13517"},"modified":"2024-01-26T22:45:49","modified_gmt":"2024-01-26T22:45:49","slug":"why-five-first-saturdays","status":"publish","type":"page","link":"https:\/\/communalfirstsaturdays.org\/es\/why-five-first-saturdays\/","title":{"rendered":"\u00bfPor qu\u00e9 Cinco Primeros S\u00e1bados?"},"content":{"rendered":"<div data-elementor-type=\"wp-page\" data-elementor-id=\"13517\" class=\"elementor elementor-13517\" data-elementor-post-type=\"page\">\n\t\t\t\t<div class=\"elementor-element elementor-element-4f1cde5 e-flex e-con-boxed e-con e-parent\" data-id=\"4f1cde5\" data-element_type=\"container\" data-e-type=\"container\" data-settings=\"{&quot;jet_parallax_layout_list&quot;:[]}\">\n\t\t\t\t\t<div class=\"e-con-inner\">\n\t\t\t\t<div class=\"elementor-element elementor-element-0644612 elementor-widget elementor-widget-text-editor\" data-id=\"0644612\" data-element_type=\"widget\" data-e-type=\"widget\" data-widget_type=\"text-editor.default\">\n\t\t\t\t<div class=\"elementor-widget-container\">\n\t\t\t\t\t\t\t\t\t<p>El mensaje de la Virgen promete la salvaci\u00f3n personal a quienes la consuelen durante cinco Primeros S\u00e1bados consecutivos. Para obtener su promesa de un per\u00edodo de paz y la salvaci\u00f3n de muchas almas, es necesario que la Devoci\u00f3n de los Primeros S\u00e1bados haga m\u00e1s reparaciones. Sin embargo, para obtener la promesa de salvaci\u00f3n personal, \u00bfpor qu\u00e9 pide la Virgen cinco Primeros S\u00e1bados consecutivos?<\/p><p>El 29 de mayo de 1930, Jes\u00fas le dijo a Sor Luc\u00eda:<\/p><p>\"Hay 5 formas de ofender y blasfemar contra el Inmaculado Coraz\u00f3n de Mar\u00eda:<\/p><ol><li><strong>Las blasfemias contra la Inmaculada Concepci\u00f3n.<\/strong><\/li><\/ol><p>Esto nos recuerda que la Virgen fue concebida sin pecado original, pero tambi\u00e9n que exist\u00eda como persona en el momento de su concepci\u00f3n. Por tanto, ten\u00eda derecho a la vida.\u00a0<br \/><br \/><\/p><ol start=\"2\"><li><strong>Contra su Virginidad.<\/strong><\/li><\/ol><p>La virginidad de Nuestra Se\u00f1ora fue una condici\u00f3n para la Encarnaci\u00f3n y tambi\u00e9n nos recuerda la importancia de la castidad.\u00a0<\/p><ol start=\"3\"><li><strong>Contra la Maternidad Divina, neg\u00e1ndose al mismo tiempo a aceptarla como Madre de toda la humanidad.<\/strong><\/li><\/ol><p>Este tercer tipo de ofensa no s\u00f3lo contra la Maternidad Divina sino tambi\u00e9n contra Nuestra Se\u00f1ora como nuestra Madre Espiritual. La creencia de que Nuestra Se\u00f1ora es la Madre de Dios defiende el dogma de que Jes\u00fas es Dios, fundamento de todo lo que nos trajo la Salvaci\u00f3n. Adem\u00e1s, tales pecados contra la Maternidad de Mar\u00eda atacan toda la maternidad de la cual Nuestra Se\u00f1ora es el ejemplar. Si se ataca a la Madre vestal de todas, se ataca a todas las madres. Adem\u00e1s, honrar la Maternidad de Nuestra Se\u00f1ora deber\u00eda fortalecer el compromiso de preservar la vida del ni\u00f1o por nacer. Porque la maternidad de Nuestra Se\u00f1ora inspira el aprecio de la propia maternidad en el cuidado del ni\u00f1o.\u00a0<\/p><p>Tales pecados contra el Inmaculado Coraz\u00f3n de Mar\u00eda pueden conducir a una forma de feminismo que degrada la maternidad y la virginidad.\u00a0<\/p><ol start=\"4\"><li><strong>Aquellos que buscan p\u00fablicamente inculcar en los corazones de los ni\u00f1os, la indiferencia, el desprecio e incluso el odio contra la Madre Inmaculada.<\/strong><\/li><\/ol><p>Este pecado se refiere a algo hecho p\u00fablicamente. Una de las formas de hacerlo es mediante las blasfemias contra la Virgen difundidas a trav\u00e9s de los diversos medios de comunicaci\u00f3n. Esto es algo que podemos asociar con la actuaci\u00f3n de Satan\u00e1s. Recordemos que hay enemistad entre la mujer y la serpiente (Gn 3,15).\u00a0<\/p><ol start=\"5\"><li><strong>Los que la ofenden directamente en sus Im\u00e1genes Sagradas\".<\/strong><\/li><\/ol><p>Los Primeros S\u00e1bados Comunales extienden a\u00fan m\u00e1s esta reparaci\u00f3n mediante la visita de la Virgen Peregrina de la Iglesia al hogar despu\u00e9s de la meditaci\u00f3n de 15 minutos. A trav\u00e9s de esta devoci\u00f3n, Nuestra Se\u00f1ora semanas para extender el reinado del Sagrado Coraz\u00f3n de su Hijo en los hogares de los fieles.\u00a0<\/p>\t\t\t\t\t\t\t\t<\/div>\n\t\t\t\t<\/div>\n\t\t\t\t\t<\/div>\n\t\t\t\t<\/div>\n\t\t\t\t<\/div>","protected":false},"excerpt":{"rendered":"<p>The message from Our Lady promises personal salvation to those who console her on five consecutive First Saturdays. To obtain her promise of a period of peace and the salvation of many souls, further reparation is needed by the First Saturdays Devotion. However, to obtain the promise of personal salvation, why does Our Lady ask [&hellip;]<\/p>\n","protected":false},"author":52,"featured_media":0,"parent":0,"menu_order":0,"comment_status":"closed","ping_status":"closed","template":"","meta":{"_acf_changed":false,"om_disable_all_campaigns":false,"_monsterinsights_skip_tracking":false,"_monsterinsights_sitenote_active":false,"_monsterinsights_sitenote_note":"","_monsterinsights_sitenote_category":0,"_uf_show_specific_survey":0,"_uf_disable_surveys":false,"site-sidebar-layout":"no-sidebar","site-content-layout":"page-builder","ast-site-content-layout":"full-width-container","site-content-style":"default","site-sidebar-style":"default","ast-global-header-display":"","ast-banner-title-visibility":"","ast-main-header-display":"","ast-hfb-above-header-display":"","ast-hfb-below-header-display":"","ast-hfb-mobile-header-display":"","site-post-title":"disabled","ast-breadcrumbs-content":"","ast-featured-img":"disabled","footer-sml-layout":"","ast-disable-related-posts":"","theme-transparent-header-meta":"default","adv-header-id-meta":"","stick-header-meta":"","header-above-stick-meta":"","header-main-stick-meta":"","header-below-stick-meta":"","astra-migrate-meta-layouts":"set","ast-page-background-enabled":"default","ast-page-background-meta":{"desktop":{"background-color":"","background-image":"","background-repeat":"repeat","background-position":"center center","background-size":"auto","background-attachment":"scroll","background-type":"","background-media":"","overlay-type":"","overlay-color":"","overlay-opacity":"","overlay-gradient":""},"tablet":{"background-color":"","background-image":"","background-repeat":"repeat","background-position":"center center","background-size":"auto","background-attachment":"scroll","background-type":"","background-media":"","overlay-type":"","overlay-color":"","overlay-opacity":"","overlay-gradient":""},"mobile":{"background-color":"","background-image":"","background-repeat":"repeat","background-position":"center center","background-size":"auto","background-attachment":"scroll","background-type":"","background-media":"","overlay-type":"","overlay-color":"","overlay-opacity":"","overlay-gradient":""}},"ast-content-background-meta":{"desktop":{"background-color":"var(--ast-global-color-5)","background-image":"","background-repeat":"repeat","background-position":"center center","background-size":"auto","background-attachment":"scroll","background-type":"","background-media":"","overlay-type":"","overlay-color":"","overlay-opacity":"","overlay-gradient":""},"tablet":{"background-color":"var(--ast-global-color-5)","background-image":"","background-repeat":"repeat","background-position":"center center","background-size":"auto","background-attachment":"scroll","background-type":"","background-media":"","overlay-type":"","overlay-color":"","overlay-opacity":"","overlay-gradient":""},"mobile":{"background-color":"var(--ast-global-color-5)","background-image":"","background-repeat":"repeat","background-position":"center center","background-size":"auto","background-attachment":"scroll","background-type":"","background-media":"","overlay-type":"","overlay-color":"","overlay-opacity":"","overlay-gradient":""}},"footnotes":""},"class_list":["post-13517","page","type-page","status-publish","hentry"],"acf":[],"aioseo_notices":[],"yoast_head":"<!-- This site is optimized with the Yoast SEO plugin v27.2 - https:\/\/yoast.com\/product\/yoast-seo-wordpress\/ -->\n<title>Why Five First Saturdays? - The Communal First Saturdays<\/title>\n<meta name=\"robots\" content=\"index, follow, max-snippet:-1, max-image-preview:large, max-video-preview:-1\" \/>\n<link rel=\"canonical\" href=\"https:\/\/communalfirstsaturdays.org\/es\/why-five-first-saturdays\/\" \/>\n<meta property=\"og:locale\" content=\"es_MX\" \/>\n<meta property=\"og:type\" content=\"article\" \/>\n<meta property=\"og:title\" content=\"Why Five First Saturdays? - The Communal First Saturdays\" \/>\n<meta property=\"og:description\" content=\"The message from Our Lady promises personal salvation to those who console her on five consecutive First Saturdays. To obtain her promise of a period of peace and the salvation of many souls, further reparation is needed by the First Saturdays Devotion. However, to obtain the promise of personal salvation, why does Our Lady ask [&hellip;]\" \/>\n<meta property=\"og:url\" content=\"https:\/\/communalfirstsaturdays.org\/es\/why-five-first-saturdays\/\" \/>\n<meta property=\"og:site_name\" content=\"The Communal First Saturdays\" \/>\n<meta property=\"article:publisher\" content=\"https:\/\/www.facebook.com\/CommunalFirstSaturdays\/\" \/>\n<meta property=\"article:modified_time\" content=\"2024-01-26T22:45:49+00:00\" \/>\n<meta property=\"og:image\" content=\"https:\/\/communalfirstsaturdays.org\/wp-content\/uploads\/2023\/05\/full-sized-logo-color.jpg\" \/>\n\t<meta property=\"og:image:width\" content=\"1200\" \/>\n\t<meta property=\"og:image:height\" content=\"782\" \/>\n\t<meta property=\"og:image:type\" content=\"image\/jpeg\" \/>\n<meta name=\"twitter:card\" content=\"summary_large_image\" \/>\n<meta name=\"twitter:site\" content=\"@CFSApostolate\" \/>\n<meta name=\"twitter:label1\" content=\"Tiempo de lectura\" \/>\n\t<meta name=\"twitter:data1\" content=\"2 minutos\" \/>\n<script type=\"application\/ld+json\" class=\"yoast-schema-graph\">{\"@context\":\"https:\/\/schema.org\",\"@graph\":[{\"@type\":\"WebPage\",\"@id\":\"https:\/\/communalfirstsaturdays.org\/why-five-first-saturdays\/\",\"url\":\"https:\/\/communalfirstsaturdays.org\/why-five-first-saturdays\/\",\"name\":\"Why Five First Saturdays? - The Communal First Saturdays\",\"isPartOf\":{\"@id\":\"https:\/\/communalfirstsaturdays.org\/#website\"},\"datePublished\":\"2024-01-26T21:59:25+00:00\",\"dateModified\":\"2024-01-26T22:45:49+00:00\",\"breadcrumb\":{\"@id\":\"https:\/\/communalfirstsaturdays.org\/why-five-first-saturdays\/#breadcrumb\"},\"inLanguage\":\"es\",\"potentialAction\":[{\"@type\":\"ReadAction\",\"target\":[\"https:\/\/communalfirstsaturdays.org\/why-five-first-saturdays\/\"]}]},{\"@type\":\"BreadcrumbList\",\"@id\":\"https:\/\/communalfirstsaturdays.org\/why-five-first-saturdays\/#breadcrumb\",\"itemListElement\":[{\"@type\":\"ListItem\",\"position\":1,\"name\":\"Home\",\"item\":\"https:\/\/communalfirstsaturdays.org\/\"},{\"@type\":\"ListItem\",\"position\":2,\"name\":\"Why Five First Saturdays?\"}]},{\"@type\":\"WebSite\",\"@id\":\"https:\/\/communalfirstsaturdays.org\/#website\",\"url\":\"https:\/\/communalfirstsaturdays.org\/\",\"name\":\"The Communal First Saturdays\",\"description\":\"Power in Prayer Together\",\"publisher\":{\"@id\":\"https:\/\/communalfirstsaturdays.org\/#organization\"},\"potentialAction\":[{\"@type\":\"SearchAction\",\"target\":{\"@type\":\"EntryPoint\",\"urlTemplate\":\"https:\/\/communalfirstsaturdays.org\/?s={search_term_string}\"},\"query-input\":{\"@type\":\"PropertyValueSpecification\",\"valueRequired\":true,\"valueName\":\"search_term_string\"}}],\"inLanguage\":\"es\"},{\"@type\":\"Organization\",\"@id\":\"https:\/\/communalfirstsaturdays.org\/#organization\",\"name\":\"Communal First Saturdays\",\"url\":\"https:\/\/communalfirstsaturdays.org\/\",\"logo\":{\"@type\":\"ImageObject\",\"inLanguage\":\"es\",\"@id\":\"https:\/\/communalfirstsaturdays.org\/#\/schema\/logo\/image\/\",\"url\":\"https:\/\/communalfirstsaturdays.org\/wp-content\/uploads\/2019\/08\/cfs-logo-seo.png\",\"contentUrl\":\"https:\/\/communalfirstsaturdays.org\/wp-content\/uploads\/2019\/08\/cfs-logo-seo.png\",\"width\":800,\"height\":462,\"caption\":\"Communal First Saturdays\"},\"image\":{\"@id\":\"https:\/\/communalfirstsaturdays.org\/#\/schema\/logo\/image\/\"},\"sameAs\":[\"https:\/\/www.facebook.com\/CommunalFirstSaturdays\/\",\"https:\/\/x.com\/CFSApostolate\"]}]}<\/script>\n<!-- \/ Yoast SEO plugin. -->","yoast_head_json":{"title":"Why Five First Saturdays? - The Communal First Saturdays","robots":{"index":"index","follow":"follow","max-snippet":"max-snippet:-1","max-image-preview":"max-image-preview:large","max-video-preview":"max-video-preview:-1"},"canonical":"https:\/\/communalfirstsaturdays.org\/es\/why-five-first-saturdays\/","og_locale":"es_MX","og_type":"article","og_title":"Why Five First Saturdays? - The Communal First Saturdays","og_description":"The message from Our Lady promises personal salvation to those who console her on five consecutive First Saturdays. To obtain her promise of a period of peace and the salvation of many souls, further reparation is needed by the First Saturdays Devotion. However, to obtain the promise of personal salvation, why does Our Lady ask [&hellip;]","og_url":"https:\/\/communalfirstsaturdays.org\/es\/why-five-first-saturdays\/","og_site_name":"The Communal First Saturdays","article_publisher":"https:\/\/www.facebook.com\/CommunalFirstSaturdays\/","article_modified_time":"2024-01-26T22:45:49+00:00","og_image":[{"width":1200,"height":782,"url":"https:\/\/communalfirstsaturdays.org\/wp-content\/uploads\/2023\/05\/full-sized-logo-color.jpg","type":"image\/jpeg"}],"twitter_card":"summary_large_image","twitter_site":"@CFSApostolate","twitter_misc":{"Tiempo de lectura":"2 minutos"},"schema":{"@context":"https:\/\/schema.org","@graph":[{"@type":"WebPage","@id":"https:\/\/communalfirstsaturdays.org\/why-five-first-saturdays\/","url":"https:\/\/communalfirstsaturdays.org\/why-five-first-saturdays\/","name":"Why Five First Saturdays? - The Communal First Saturdays","isPartOf":{"@id":"https:\/\/communalfirstsaturdays.org\/#website"},"datePublished":"2024-01-26T21:59:25+00:00","dateModified":"2024-01-26T22:45:49+00:00","breadcrumb":{"@id":"https:\/\/communalfirstsaturdays.org\/why-five-first-saturdays\/#breadcrumb"},"inLanguage":"es","potentialAction":[{"@type":"ReadAction","target":["https:\/\/communalfirstsaturdays.org\/why-five-first-saturdays\/"]}]},{"@type":"BreadcrumbList","@id":"https:\/\/communalfirstsaturdays.org\/why-five-first-saturdays\/#breadcrumb","itemListElement":[{"@type":"ListItem","position":1,"name":"Home","item":"https:\/\/communalfirstsaturdays.org\/"},{"@type":"ListItem","position":2,"name":"Why Five First Saturdays?"}]},{"@type":"WebSite","@id":"https:\/\/communalfirstsaturdays.org\/#website","url":"https:\/\/communalfirstsaturdays.org\/","name":"The Communal First Saturdays","description":"El poder de rezar juntos","publisher":{"@id":"https:\/\/communalfirstsaturdays.org\/#organization"},"potentialAction":[{"@type":"SearchAction","target":{"@type":"EntryPoint","urlTemplate":"https:\/\/communalfirstsaturdays.org\/?s={search_term_string}"},"query-input":{"@type":"PropertyValueSpecification","valueRequired":true,"valueName":"search_term_string"}}],"inLanguage":"es"},{"@type":"Organization","@id":"https:\/\/communalfirstsaturdays.org\/#organization","name":"Los Primeros S\u00e1bados Comunitarios","url":"https:\/\/communalfirstsaturdays.org\/","logo":{"@type":"ImageObject","inLanguage":"es","@id":"https:\/\/communalfirstsaturdays.org\/#\/schema\/logo\/image\/","url":"https:\/\/communalfirstsaturdays.org\/wp-content\/uploads\/2019\/08\/cfs-logo-seo.png","contentUrl":"https:\/\/communalfirstsaturdays.org\/wp-content\/uploads\/2019\/08\/cfs-logo-seo.png","width":800,"height":462,"caption":"Communal First Saturdays"},"image":{"@id":"https:\/\/communalfirstsaturdays.org\/#\/schema\/logo\/image\/"},"sameAs":["https:\/\/www.facebook.com\/CommunalFirstSaturdays\/","https:\/\/x.com\/CFSApostolate"]}]}},"_links":{"self":[{"href":"https:\/\/communalfirstsaturdays.org\/es\/wp-json\/wp\/v2\/pages\/13517","targetHints":{"allow":["GET"]}}],"collection":[{"href":"https:\/\/communalfirstsaturdays.org\/es\/wp-json\/wp\/v2\/pages"}],"about":[{"href":"https:\/\/communalfirstsaturdays.org\/es\/wp-json\/wp\/v2\/types\/page"}],"author":[{"embeddable":true,"href":"https:\/\/communalfirstsaturdays.org\/es\/wp-json\/wp\/v2\/users\/52"}],"replies":[{"embeddable":true,"href":"https:\/\/communalfirstsaturdays.org\/es\/wp-json\/wp\/v2\/comments?post=13517"}],"version-history":[{"count":4,"href":"https:\/\/communalfirstsaturdays.org\/es\/wp-json\/wp\/v2\/pages\/13517\/revisions"}],"predecessor-version":[{"id":13522,"href":"https:\/\/communalfirstsaturdays.org\/es\/wp-json\/wp\/v2\/pages\/13517\/revisions\/13522"}],"wp:attachment":[{"href":"https:\/\/communalfirstsaturdays.org\/es\/wp-json\/wp\/v2\/media?parent=13517"}],"curies":[{"name":"wp","href":"https:\/\/api.w.org\/{rel}","templated":true}]}}