{"id":1500,"date":"2017-09-18T20:02:07","date_gmt":"2017-09-18T20:02:07","guid":{"rendered":"https:\/\/45d855c02b.nxcli.net\/?page_id=1500"},"modified":"2021-06-02T20:39:13","modified_gmt":"2021-06-02T20:39:13","slug":"shipping-rates","status":"publish","type":"page","link":"https:\/\/communalfirstsaturdays.org\/es\/shipping-rates\/","title":{"rendered":"Tarifas de env\u00edo (dentro de Estados Unidos)*"},"content":{"rendered":"<table width=\"481\">\n<tbody>\n<tr>\n<td width=\"92\">Importe total del pedido<\/td>\n<td width=\"49\"><\/td>\n<td width=\"85\"><\/td>\n<td width=\"49\"><\/td>\n<td width=\"81\">Est\u00e1ndar Dom\u00e9stico<\/td>\n<td width=\"49\"><\/td>\n<td width=\"76\">Correo prioritario<\/td>\n<\/tr>\n<tr>\n<td><\/td>\n<td width=\"49\"><\/td>\n<td width=\"85\"><\/td>\n<td width=\"49\"><\/td>\n<td width=\"81\">2-9 d\u00edas<\/td>\n<td width=\"49\"><\/td>\n<td width=\"76\">2-4 d\u00edas<\/td>\n<\/tr>\n<tr>\n<td width=\"92\">Desde (USD)<\/td>\n<td width=\"49\"><\/td>\n<td width=\"85\">A (USD)<\/td>\n<td width=\"49\"><\/td>\n<td width=\"81\">Tipo (USD)<\/td>\n<td width=\"49\"><\/td>\n<td width=\"76\">Tipo (USD)<\/td>\n<\/tr>\n<tr>\n<td width=\"92\">$0.01<\/td>\n<td width=\"49\"><\/td>\n<td width=\"85\">$10.00<\/td>\n<td width=\"49\"><\/td>\n<td width=\"81\">$4.79<\/td>\n<td width=\"49\"><\/td>\n<td width=\"76\">$8.75<\/td>\n<\/tr>\n<tr>\n<td width=\"92\">$10.01<\/td>\n<td width=\"49\"><\/td>\n<td width=\"85\">$20.00<\/td>\n<td width=\"49\"><\/td>\n<td width=\"81\">$6.59<\/td>\n<td width=\"49\"><\/td>\n<td width=\"76\">$8.75<\/td>\n<\/tr>\n<tr>\n<td width=\"92\">$20.01<\/td>\n<td width=\"49\"><\/td>\n<td width=\"85\">$50.00<\/td>\n<td width=\"49\"><\/td>\n<td width=\"81\">$8.99<\/td>\n<td width=\"49\"><\/td>\n<td width=\"76\">$14.95<\/td>\n<\/tr>\n<tr>\n<td width=\"92\">$50.01<\/td>\n<td width=\"49\"><\/td>\n<td width=\"85\">$100.00<\/td>\n<td width=\"49\"><\/td>\n<td width=\"81\">$13.25<\/td>\n<td width=\"49\"><\/td>\n<td width=\"76\">$19.95<\/td>\n<\/tr>\n<tr>\n<td width=\"92\">$100.01<\/td>\n<td width=\"49\"><\/td>\n<td width=\"85\">$200.00<\/td>\n<td width=\"49\"><\/td>\n<td width=\"81\">$18.95<\/td>\n<td width=\"49\"><\/td>\n<td width=\"76\">$24.95<\/td>\n<\/tr>\n<tr>\n<td width=\"92\">$200.01<\/td>\n<td width=\"49\"><\/td>\n<td width=\"85\">y m\u00e1s<\/td>\n<td width=\"49\"><\/td>\n<td width=\"81\">$19.95<\/td>\n<td width=\"49\"><\/td>\n<td width=\"76\">pueden aplicarse tasas adicionales<\/td>\n<\/tr>\n<\/tbody>\n<\/table>\n<p>*Los gastos de env\u00edo internacionales var\u00edan seg\u00fan el pa\u00eds. P\u00f3ngase en contacto con info@communalfirstsaturdays.org para conocer los gastos de env\u00edo exactos para pedidos fuera de Estados Unidos.<\/p>","protected":false},"excerpt":{"rendered":"<p>Total Order Amount Standard Domestic Priority\u00a0\u00a0\u00a0\u00a0\u00a0\u00a0\u00a0\u00a0\u00a0\u00a0\u00a0\u00a0 Mail 2-9 Days 2-4 Days From (USD) To (USD) Rate(USD) Rate(USD) $0.01 $10.00 $4.79 $8.75 $10.01 $20.00 $6.59 $8.75 $20.01 $50.00 $8.99 $14.95 $50.01 $100.00 $13.25 $19.95 $100.01 $200.00 $18.95 $24.95 $200.01 and up $19.95 additional fees may apply *International shipping rates vary per country. Please contact info@communalfirstsaturdays.org for [&hellip;]<\/p>\n","protected":false},"author":2,"featured_media":0,"parent":0,"menu_order":0,"comment_status":"closed","ping_status":"closed","template":"","meta":{"_acf_changed":false,"om_disable_all_campaigns":false,"_monsterinsights_skip_tracking":false,"_monsterinsights_sitenote_active":false,"_monsterinsights_sitenote_note":"","_monsterinsights_sitenote_category":0,"_uf_show_specific_survey":0,"_uf_disable_surveys":false,"site-sidebar-layout":"default","site-content-layout":"default","ast-site-content-layout":"default","site-content-style":"default","site-sidebar-style":"default","ast-global-header-display":"","ast-banner-title-visibility":"","ast-main-header-display":"","ast-hfb-above-header-display":"","ast-hfb-below-header-display":"","ast-hfb-mobile-header-display":"","site-post-title":"","ast-breadcrumbs-content":"","ast-featured-img":"","footer-sml-layout":"","ast-disable-related-posts":"","theme-transparent-header-meta":"default","adv-header-id-meta":"","stick-header-meta":"","header-above-stick-meta":"","header-main-stick-meta":"","header-below-stick-meta":"","astra-migrate-meta-layouts":"default","ast-page-background-enabled":"default","ast-page-background-meta":{"desktop":{"background-color":"","background-image":"","background-repeat":"repeat","background-position":"center center","background-size":"auto","background-attachment":"scroll","background-type":"","background-media":"","overlay-type":"","overlay-color":"","overlay-opacity":"","overlay-gradient":""},"tablet":{"background-color":"","background-image":"","background-repeat":"repeat","background-position":"center center","background-size":"auto","background-attachment":"scroll","background-type":"","background-media":"","overlay-type":"","overlay-color":"","overlay-opacity":"","overlay-gradient":""},"mobile":{"background-color":"","background-image":"","background-repeat":"repeat","background-position":"center center","background-size":"auto","background-attachment":"scroll","background-type":"","background-media":"","overlay-type":"","overlay-color":"","overlay-opacity":"","overlay-gradient":""}},"ast-content-background-meta":{"desktop":{"background-color":"var(--ast-global-color-5)","background-image":"","background-repeat":"repeat","background-position":"center center","background-size":"auto","background-attachment":"scroll","background-type":"","background-media":"","overlay-type":"","overlay-color":"","overlay-opacity":"","overlay-gradient":""},"tablet":{"background-color":"var(--ast-global-color-5)","background-image":"","background-repeat":"repeat","background-position":"center center","background-size":"auto","background-attachment":"scroll","background-type":"","background-media":"","overlay-type":"","overlay-color":"","overlay-opacity":"","overlay-gradient":""},"mobile":{"background-color":"var(--ast-global-color-5)","background-image":"","background-repeat":"repeat","background-position":"center center","background-size":"auto","background-attachment":"scroll","background-type":"","background-media":"","overlay-type":"","overlay-color":"","overlay-opacity":"","overlay-gradient":""}},"footnotes":""},"class_list":["post-1500","page","type-page","status-publish","hentry"],"acf":[],"aioseo_notices":[],"yoast_head":"<!-- This site is optimized with the Yoast SEO plugin v27.4 - https:\/\/yoast.com\/product\/yoast-seo-wordpress\/ -->\n<title>Shipping Rates (within the United States)* - The Communal First Saturdays<\/title>\n<meta name=\"robots\" content=\"noindex, follow\" \/>\n<meta property=\"og:locale\" content=\"es_MX\" \/>\n<meta property=\"og:type\" content=\"article\" \/>\n<meta property=\"og:title\" content=\"Shipping Rates (within the United States)* - The Communal First Saturdays\" \/>\n<meta property=\"og:description\" content=\"Total Order Amount Standard Domestic Priority\u00a0\u00a0\u00a0\u00a0\u00a0\u00a0\u00a0\u00a0\u00a0\u00a0\u00a0\u00a0 Mail 2-9 Days 2-4 Days From (USD) To (USD) Rate(USD) Rate(USD) $0.01 $10.00 $4.79 $8.75 $10.01 $20.00 $6.59 $8.75 $20.01 $50.00 $8.99 $14.95 $50.01 $100.00 $13.25 $19.95 $100.01 $200.00 $18.95 $24.95 $200.01 and up $19.95 additional fees may apply *International shipping rates vary per country. Please contact info@communalfirstsaturdays.org for [&hellip;]\" \/>\n<meta property=\"og:url\" content=\"https:\/\/communalfirstsaturdays.org\/es\/shipping-rates\/\" \/>\n<meta property=\"og:site_name\" content=\"The Communal First Saturdays\" \/>\n<meta property=\"article:publisher\" content=\"https:\/\/www.facebook.com\/CommunalFirstSaturdays\/\" \/>\n<meta property=\"article:modified_time\" content=\"2021-06-02T20:39:13+00:00\" \/>\n<meta property=\"og:image\" content=\"https:\/\/communalfirstsaturdays.org\/wp-content\/uploads\/2023\/05\/full-sized-logo-color.jpg\" \/>\n\t<meta property=\"og:image:width\" content=\"1200\" \/>\n\t<meta property=\"og:image:height\" content=\"782\" \/>\n\t<meta property=\"og:image:type\" content=\"image\/jpeg\" \/>\n<meta name=\"twitter:card\" content=\"summary_large_image\" \/>\n<meta name=\"twitter:site\" content=\"@CFSApostolate\" \/>\n<script type=\"application\/ld+json\" class=\"yoast-schema-graph\">{\"@context\":\"https:\\\/\\\/schema.org\",\"@graph\":[{\"@type\":\"WebPage\",\"@id\":\"https:\\\/\\\/communalfirstsaturdays.org\\\/shipping-rates\\\/\",\"url\":\"https:\\\/\\\/communalfirstsaturdays.org\\\/shipping-rates\\\/\",\"name\":\"Shipping Rates (within the United States)* - The Communal First Saturdays\",\"isPartOf\":{\"@id\":\"https:\\\/\\\/communalfirstsaturdays.org\\\/#website\"},\"datePublished\":\"2017-09-18T20:02:07+00:00\",\"dateModified\":\"2021-06-02T20:39:13+00:00\",\"breadcrumb\":{\"@id\":\"https:\\\/\\\/communalfirstsaturdays.org\\\/shipping-rates\\\/#breadcrumb\"},\"inLanguage\":\"es\",\"potentialAction\":[{\"@type\":\"ReadAction\",\"target\":[\"https:\\\/\\\/communalfirstsaturdays.org\\\/shipping-rates\\\/\"]}]},{\"@type\":\"BreadcrumbList\",\"@id\":\"https:\\\/\\\/communalfirstsaturdays.org\\\/shipping-rates\\\/#breadcrumb\",\"itemListElement\":[{\"@type\":\"ListItem\",\"position\":1,\"name\":\"Home\",\"item\":\"https:\\\/\\\/communalfirstsaturdays.org\\\/\"},{\"@type\":\"ListItem\",\"position\":2,\"name\":\"Shipping Rates (within the United States)*\"}]},{\"@type\":\"WebSite\",\"@id\":\"https:\\\/\\\/communalfirstsaturdays.org\\\/#website\",\"url\":\"https:\\\/\\\/communalfirstsaturdays.org\\\/\",\"name\":\"The Communal First Saturdays\",\"description\":\"Power in Prayer Together\",\"publisher\":{\"@id\":\"https:\\\/\\\/communalfirstsaturdays.org\\\/#organization\"},\"potentialAction\":[{\"@type\":\"SearchAction\",\"target\":{\"@type\":\"EntryPoint\",\"urlTemplate\":\"https:\\\/\\\/communalfirstsaturdays.org\\\/?s={search_term_string}\"},\"query-input\":{\"@type\":\"PropertyValueSpecification\",\"valueRequired\":true,\"valueName\":\"search_term_string\"}}],\"inLanguage\":\"es\"},{\"@type\":\"Organization\",\"@id\":\"https:\\\/\\\/communalfirstsaturdays.org\\\/#organization\",\"name\":\"Communal First Saturdays\",\"url\":\"https:\\\/\\\/communalfirstsaturdays.org\\\/\",\"logo\":{\"@type\":\"ImageObject\",\"inLanguage\":\"es\",\"@id\":\"https:\\\/\\\/communalfirstsaturdays.org\\\/#\\\/schema\\\/logo\\\/image\\\/\",\"url\":\"https:\\\/\\\/communalfirstsaturdays.org\\\/wp-content\\\/uploads\\\/2019\\\/08\\\/cfs-logo-seo.png\",\"contentUrl\":\"https:\\\/\\\/communalfirstsaturdays.org\\\/wp-content\\\/uploads\\\/2019\\\/08\\\/cfs-logo-seo.png\",\"width\":800,\"height\":462,\"caption\":\"Communal First Saturdays\"},\"image\":{\"@id\":\"https:\\\/\\\/communalfirstsaturdays.org\\\/#\\\/schema\\\/logo\\\/image\\\/\"},\"sameAs\":[\"https:\\\/\\\/www.facebook.com\\\/CommunalFirstSaturdays\\\/\",\"https:\\\/\\\/x.com\\\/CFSApostolate\"]}]}<\/script>\n<!-- \/ Yoast SEO plugin. -->","yoast_head_json":{"title":"Shipping Rates (within the United States)* - The Communal First Saturdays","robots":{"index":"noindex","follow":"follow"},"og_locale":"es_MX","og_type":"article","og_title":"Shipping Rates (within the United States)* - The Communal First Saturdays","og_description":"Total Order Amount Standard Domestic Priority\u00a0\u00a0\u00a0\u00a0\u00a0\u00a0\u00a0\u00a0\u00a0\u00a0\u00a0\u00a0 Mail 2-9 Days 2-4 Days From (USD) To (USD) Rate(USD) Rate(USD) $0.01 $10.00 $4.79 $8.75 $10.01 $20.00 $6.59 $8.75 $20.01 $50.00 $8.99 $14.95 $50.01 $100.00 $13.25 $19.95 $100.01 $200.00 $18.95 $24.95 $200.01 and up $19.95 additional fees may apply *International shipping rates vary per country. Please contact info@communalfirstsaturdays.org for [&hellip;]","og_url":"https:\/\/communalfirstsaturdays.org\/es\/shipping-rates\/","og_site_name":"The Communal First Saturdays","article_publisher":"https:\/\/www.facebook.com\/CommunalFirstSaturdays\/","article_modified_time":"2021-06-02T20:39:13+00:00","og_image":[{"width":1200,"height":782,"url":"https:\/\/communalfirstsaturdays.org\/wp-content\/uploads\/2023\/05\/full-sized-logo-color.jpg","type":"image\/jpeg"}],"twitter_card":"summary_large_image","twitter_site":"@CFSApostolate","schema":{"@context":"https:\/\/schema.org","@graph":[{"@type":"WebPage","@id":"https:\/\/communalfirstsaturdays.org\/shipping-rates\/","url":"https:\/\/communalfirstsaturdays.org\/shipping-rates\/","name":"Shipping Rates (within the United States)* - The Communal First Saturdays","isPartOf":{"@id":"https:\/\/communalfirstsaturdays.org\/#website"},"datePublished":"2017-09-18T20:02:07+00:00","dateModified":"2021-06-02T20:39:13+00:00","breadcrumb":{"@id":"https:\/\/communalfirstsaturdays.org\/shipping-rates\/#breadcrumb"},"inLanguage":"es","potentialAction":[{"@type":"ReadAction","target":["https:\/\/communalfirstsaturdays.org\/shipping-rates\/"]}]},{"@type":"BreadcrumbList","@id":"https:\/\/communalfirstsaturdays.org\/shipping-rates\/#breadcrumb","itemListElement":[{"@type":"ListItem","position":1,"name":"Home","item":"https:\/\/communalfirstsaturdays.org\/"},{"@type":"ListItem","position":2,"name":"Shipping Rates (within the United States)*"}]},{"@type":"WebSite","@id":"https:\/\/communalfirstsaturdays.org\/#website","url":"https:\/\/communalfirstsaturdays.org\/","name":"The Communal First Saturdays","description":"El poder de rezar juntos","publisher":{"@id":"https:\/\/communalfirstsaturdays.org\/#organization"},"potentialAction":[{"@type":"SearchAction","target":{"@type":"EntryPoint","urlTemplate":"https:\/\/communalfirstsaturdays.org\/?s={search_term_string}"},"query-input":{"@type":"PropertyValueSpecification","valueRequired":true,"valueName":"search_term_string"}}],"inLanguage":"es"},{"@type":"Organization","@id":"https:\/\/communalfirstsaturdays.org\/#organization","name":"Los Primeros S\u00e1bados Comunitarios","url":"https:\/\/communalfirstsaturdays.org\/","logo":{"@type":"ImageObject","inLanguage":"es","@id":"https:\/\/communalfirstsaturdays.org\/#\/schema\/logo\/image\/","url":"https:\/\/communalfirstsaturdays.org\/wp-content\/uploads\/2019\/08\/cfs-logo-seo.png","contentUrl":"https:\/\/communalfirstsaturdays.org\/wp-content\/uploads\/2019\/08\/cfs-logo-seo.png","width":800,"height":462,"caption":"Communal First Saturdays"},"image":{"@id":"https:\/\/communalfirstsaturdays.org\/#\/schema\/logo\/image\/"},"sameAs":["https:\/\/www.facebook.com\/CommunalFirstSaturdays\/","https:\/\/x.com\/CFSApostolate"]}]}},"_links":{"self":[{"href":"https:\/\/communalfirstsaturdays.org\/es\/wp-json\/wp\/v2\/pages\/1500","targetHints":{"allow":["GET"]}}],"collection":[{"href":"https:\/\/communalfirstsaturdays.org\/es\/wp-json\/wp\/v2\/pages"}],"about":[{"href":"https:\/\/communalfirstsaturdays.org\/es\/wp-json\/wp\/v2\/types\/page"}],"author":[{"embeddable":true,"href":"https:\/\/communalfirstsaturdays.org\/es\/wp-json\/wp\/v2\/users\/2"}],"replies":[{"embeddable":true,"href":"https:\/\/communalfirstsaturdays.org\/es\/wp-json\/wp\/v2\/comments?post=1500"}],"version-history":[{"count":19,"href":"https:\/\/communalfirstsaturdays.org\/es\/wp-json\/wp\/v2\/pages\/1500\/revisions"}],"predecessor-version":[{"id":1808,"href":"https:\/\/communalfirstsaturdays.org\/es\/wp-json\/wp\/v2\/pages\/1500\/revisions\/1808"}],"wp:attachment":[{"href":"https:\/\/communalfirstsaturdays.org\/es\/wp-json\/wp\/v2\/media?parent=1500"}],"curies":[{"name":"wp","href":"https:\/\/api.w.org\/{rel}","templated":true}]}}