{"id":16394,"date":"2024-07-16T19:41:31","date_gmt":"2024-07-16T19:41:31","guid":{"rendered":"https:\/\/communalfirstsaturdays.org\/?page_id=16394"},"modified":"2024-07-16T19:41:31","modified_gmt":"2024-07-16T19:41:31","slug":"reparation","status":"publish","type":"page","link":"https:\/\/communalfirstsaturdays.org\/es\/reparation\/","title":{"rendered":"\u00bfQu\u00e9 es la reparaci\u00f3n?"},"content":{"rendered":"<div data-elementor-type=\"wp-page\" data-elementor-id=\"16394\" class=\"elementor elementor-16394\" data-elementor-post-type=\"page\">\n\t\t\t\t<div class=\"elementor-element elementor-element-a310e3b e-flex e-con-boxed e-con e-parent\" data-id=\"a310e3b\" data-element_type=\"container\" data-e-type=\"container\" data-settings=\"{&quot;jet_parallax_layout_list&quot;:[]}\">\n\t\t\t\t\t<div class=\"e-con-inner\">\n\t\t\t\t<div class=\"elementor-element elementor-element-dd112a1 elementor-widget elementor-widget-text-editor\" data-id=\"dd112a1\" data-element_type=\"widget\" data-e-type=\"widget\" data-widget_type=\"text-editor.default\">\n\t\t\t\t<div class=\"elementor-widget-container\">\n\t\t\t\t\t\t\t\t\t<p style=\"font-weight: 400;\"><span style=\"font-size: 18px;\">Antes de explicar la reparaci\u00f3n, tenemos que explicar los resultados de un acto pecaminoso. Un acto pecaminoso tiene dos resultados: la culpa y el da\u00f1o espiritual al alma. La contrici\u00f3n y el perd\u00f3n son necesarios para eliminar la culpa. El da\u00f1o al alma requiere reparaci\u00f3n. Si uno muere sin reparar todo el da\u00f1o pero ha sido perdonado, debe ir al purgatorio. Una deuda impagada es una especie de injusticia. S\u00f3lo una virtud perfecta de la justicia, as\u00ed como las dem\u00e1s virtudes, har\u00e1 posible ver a Dios en el Cielo. \"Bienaventurados los limpios de coraz\u00f3n, porque ellos ver\u00e1n a Dios\" (Mt 5).<\/span><\/p><p style=\"font-weight: 400;\">Reparar es reparar un mal, y en el caso anterior reparar un acto pecaminoso. Veamos un ejemplo. Si uno rompe la ventana de un vecino, no basta con disculparse. Hay que reparar la ventana rota. Lo mismo ocurre con el pecado contra Dios y el pr\u00f3jimo. Hay que pedir perd\u00f3n y reparar el da\u00f1o causado por el pecado.<\/p><p style=\"font-weight: 400;\">Despu\u00e9s de que nuestros pecados son perdonados, debemos reparar el da\u00f1o. Debemos reparar nuestros pecados y los de los dem\u00e1s. Una vez m\u00e1s, la reparaci\u00f3n restablece la justicia. La reparaci\u00f3n elimina una injusticia, que es un bloqueo a un flujo m\u00e1s pleno de la gracia en el alma. La reparaci\u00f3n de nuestros pecados y de los pecados de los dem\u00e1s es un acto de religi\u00f3n, parte de la justicia. Reparar los pecados de los dem\u00e1s es tambi\u00e9n un acto de caridad y un acto de misericordia. No hay mejor manera de cumplir con la devoci\u00f3n a la Divina Misericordia que hacer y difundir los Primeros S\u00e1bados.<\/p><p style=\"font-weight: 400;\">La reparaci\u00f3n es un acto de religi\u00f3n, pero debe estar motivada por el amor a Dios y al pr\u00f3jimo. Estamos obligados a amar al pr\u00f3jimo. La reparaci\u00f3n y la oraci\u00f3n por la salvaci\u00f3n de las almas forman parte del mayor amor al pr\u00f3jimo y ayudan a cumplir nuestra obligaci\u00f3n de amarlos. Esta reparaci\u00f3n puede hacer posible que otros reciban las gracias que les llevar\u00e1n a la salvaci\u00f3n. \u00bfQu\u00e9 mayor regalo podemos hacer a nuestro pr\u00f3jimo que la vida eterna?<\/p><p style=\"font-weight: 400;\">Entre las criaturas, nuestra obligaci\u00f3n para con nuestra Madre Espiritual Mar\u00eda es la m\u00e1s grande. Podemos consolarla reparando nuestros pecados y los de los dem\u00e1s. Una vez m\u00e1s, la reparaci\u00f3n del pecado est\u00e1 motivada por el amor a Dios. Nuestro amor a la Virgen y al pr\u00f3jimo es por amor a Dios.<\/p><p style=\"font-weight: 400;\">La reparaci\u00f3n es una idea clave que se repite a lo largo de todo el Mensaje de F\u00e1tima. Podemos pagar las facturas de los dem\u00e1s, por as\u00ed decirlo. Haciendo esto, podemos ayudar a que las gracias fluyan a trav\u00e9s de la Iglesia hacia el mundo para traer finalmente la paz y la salvaci\u00f3n de muchas almas. La justicia hacia Dios y hacia la Virgen est\u00e1 antes que la justicia hacia los dem\u00e1s y antes que la justicia social. Se trata de pagar las deudas para que las gracias puedan fluir libremente. Tenemos que pagar las deudas del pecado mediante la reparaci\u00f3n, para poder acercarnos a Dios m\u00e1s dignamente. Pero es la gracia del Esp\u00edritu Santo la que nos mueve a reparar. Si reparamos el pecado, sabemos que el Esp\u00edritu Santo act\u00faa a trav\u00e9s de nosotros.<\/p><p style=\"font-weight: 400;\">\u00a0<\/p>\t\t\t\t\t\t\t\t<\/div>\n\t\t\t\t<\/div>\n\t\t\t\t\t<\/div>\n\t\t\t\t<\/div>\n\t\t\t\t<\/div>","protected":false},"excerpt":{"rendered":"<p>Before explaining reparation, we need to explain the results of a sinful act. A sinful act has two results: guilt and spiritual damage to the soul. Contrition and forgiveness are necessary to remove the guilt. The damage to the soul requires reparation. If one dies without repairing all damage but has been forgiven, one must [&hellip;]<\/p>\n","protected":false},"author":2,"featured_media":0,"parent":0,"menu_order":0,"comment_status":"closed","ping_status":"closed","template":"","meta":{"_acf_changed":false,"om_disable_all_campaigns":false,"_monsterinsights_skip_tracking":false,"_monsterinsights_sitenote_active":false,"_monsterinsights_sitenote_note":"","_monsterinsights_sitenote_category":0,"_uf_show_specific_survey":0,"_uf_disable_surveys":false,"site-sidebar-layout":"no-sidebar","site-content-layout":"page-builder","ast-site-content-layout":"full-width-container","site-content-style":"unboxed","site-sidebar-style":"unboxed","ast-global-header-display":"","ast-banner-title-visibility":"","ast-main-header-display":"","ast-hfb-above-header-display":"","ast-hfb-below-header-display":"","ast-hfb-mobile-header-display":"","site-post-title":"disabled","ast-breadcrumbs-content":"","ast-featured-img":"disabled","footer-sml-layout":"","ast-disable-related-posts":"","theme-transparent-header-meta":"default","adv-header-id-meta":"","stick-header-meta":"","header-above-stick-meta":"","header-main-stick-meta":"","header-below-stick-meta":"","astra-migrate-meta-layouts":"set","ast-page-background-enabled":"default","ast-page-background-meta":{"desktop":{"background-color":"","background-image":"","background-repeat":"repeat","background-position":"center center","background-size":"auto","background-attachment":"scroll","background-type":"","background-media":"","overlay-type":"","overlay-color":"","overlay-opacity":"","overlay-gradient":""},"tablet":{"background-color":"","background-image":"","background-repeat":"repeat","background-position":"center center","background-size":"auto","background-attachment":"scroll","background-type":"","background-media":"","overlay-type":"","overlay-color":"","overlay-opacity":"","overlay-gradient":""},"mobile":{"background-color":"","background-image":"","background-repeat":"repeat","background-position":"center center","background-size":"auto","background-attachment":"scroll","background-type":"","background-media":"","overlay-type":"","overlay-color":"","overlay-opacity":"","overlay-gradient":""}},"ast-content-background-meta":{"desktop":{"background-color":"var(--ast-global-color-5)","background-image":"","background-repeat":"repeat","background-position":"center center","background-size":"auto","background-attachment":"scroll","background-type":"","background-media":"","overlay-type":"","overlay-color":"","overlay-opacity":"","overlay-gradient":""},"tablet":{"background-color":"var(--ast-global-color-5)","background-image":"","background-repeat":"repeat","background-position":"center center","background-size":"auto","background-attachment":"scroll","background-type":"","background-media":"","overlay-type":"","overlay-color":"","overlay-opacity":"","overlay-gradient":""},"mobile":{"background-color":"var(--ast-global-color-5)","background-image":"","background-repeat":"repeat","background-position":"center center","background-size":"auto","background-attachment":"scroll","background-type":"","background-media":"","overlay-type":"","overlay-color":"","overlay-opacity":"","overlay-gradient":""}},"footnotes":""},"class_list":["post-16394","page","type-page","status-publish","hentry"],"acf":[],"aioseo_notices":[],"yoast_head":"<!-- This site is optimized with the Yoast SEO plugin v27.2 - https:\/\/yoast.com\/product\/yoast-seo-wordpress\/ -->\n<title>What is reparation? - The Communal First Saturdays<\/title>\n<meta name=\"robots\" content=\"index, follow, max-snippet:-1, max-image-preview:large, max-video-preview:-1\" \/>\n<link rel=\"canonical\" href=\"https:\/\/communalfirstsaturdays.org\/es\/reparation\/\" \/>\n<meta property=\"og:locale\" content=\"es_MX\" \/>\n<meta property=\"og:type\" content=\"article\" \/>\n<meta property=\"og:title\" content=\"What is reparation? - The Communal First Saturdays\" \/>\n<meta property=\"og:description\" content=\"Before explaining reparation, we need to explain the results of a sinful act. A sinful act has two results: guilt and spiritual damage to the soul. Contrition and forgiveness are necessary to remove the guilt. The damage to the soul requires reparation. If one dies without repairing all damage but has been forgiven, one must [&hellip;]\" \/>\n<meta property=\"og:url\" content=\"https:\/\/communalfirstsaturdays.org\/es\/reparation\/\" \/>\n<meta property=\"og:site_name\" content=\"The Communal First Saturdays\" \/>\n<meta property=\"article:publisher\" content=\"https:\/\/www.facebook.com\/CommunalFirstSaturdays\/\" \/>\n<meta property=\"og:image\" content=\"https:\/\/communalfirstsaturdays.org\/wp-content\/uploads\/2023\/05\/full-sized-logo-color.jpg\" \/>\n\t<meta property=\"og:image:width\" content=\"1200\" \/>\n\t<meta property=\"og:image:height\" content=\"782\" \/>\n\t<meta property=\"og:image:type\" content=\"image\/jpeg\" \/>\n<meta name=\"twitter:card\" content=\"summary_large_image\" \/>\n<meta name=\"twitter:site\" content=\"@CFSApostolate\" \/>\n<meta name=\"twitter:label1\" content=\"Tiempo de lectura\" \/>\n\t<meta name=\"twitter:data1\" content=\"3 minutos\" \/>\n<script type=\"application\/ld+json\" class=\"yoast-schema-graph\">{\"@context\":\"https:\/\/schema.org\",\"@graph\":[{\"@type\":\"WebPage\",\"@id\":\"https:\/\/communalfirstsaturdays.org\/reparation\/\",\"url\":\"https:\/\/communalfirstsaturdays.org\/reparation\/\",\"name\":\"What is reparation? - The Communal First Saturdays\",\"isPartOf\":{\"@id\":\"https:\/\/communalfirstsaturdays.org\/#website\"},\"datePublished\":\"2024-07-16T19:41:31+00:00\",\"breadcrumb\":{\"@id\":\"https:\/\/communalfirstsaturdays.org\/reparation\/#breadcrumb\"},\"inLanguage\":\"es\",\"potentialAction\":[{\"@type\":\"ReadAction\",\"target\":[\"https:\/\/communalfirstsaturdays.org\/reparation\/\"]}]},{\"@type\":\"BreadcrumbList\",\"@id\":\"https:\/\/communalfirstsaturdays.org\/reparation\/#breadcrumb\",\"itemListElement\":[{\"@type\":\"ListItem\",\"position\":1,\"name\":\"Home\",\"item\":\"https:\/\/communalfirstsaturdays.org\/\"},{\"@type\":\"ListItem\",\"position\":2,\"name\":\"What is reparation?\"}]},{\"@type\":\"WebSite\",\"@id\":\"https:\/\/communalfirstsaturdays.org\/#website\",\"url\":\"https:\/\/communalfirstsaturdays.org\/\",\"name\":\"The Communal First Saturdays\",\"description\":\"Power in Prayer Together\",\"publisher\":{\"@id\":\"https:\/\/communalfirstsaturdays.org\/#organization\"},\"potentialAction\":[{\"@type\":\"SearchAction\",\"target\":{\"@type\":\"EntryPoint\",\"urlTemplate\":\"https:\/\/communalfirstsaturdays.org\/?s={search_term_string}\"},\"query-input\":{\"@type\":\"PropertyValueSpecification\",\"valueRequired\":true,\"valueName\":\"search_term_string\"}}],\"inLanguage\":\"es\"},{\"@type\":\"Organization\",\"@id\":\"https:\/\/communalfirstsaturdays.org\/#organization\",\"name\":\"Communal First Saturdays\",\"url\":\"https:\/\/communalfirstsaturdays.org\/\",\"logo\":{\"@type\":\"ImageObject\",\"inLanguage\":\"es\",\"@id\":\"https:\/\/communalfirstsaturdays.org\/#\/schema\/logo\/image\/\",\"url\":\"https:\/\/communalfirstsaturdays.org\/wp-content\/uploads\/2019\/08\/cfs-logo-seo.png\",\"contentUrl\":\"https:\/\/communalfirstsaturdays.org\/wp-content\/uploads\/2019\/08\/cfs-logo-seo.png\",\"width\":800,\"height\":462,\"caption\":\"Communal First Saturdays\"},\"image\":{\"@id\":\"https:\/\/communalfirstsaturdays.org\/#\/schema\/logo\/image\/\"},\"sameAs\":[\"https:\/\/www.facebook.com\/CommunalFirstSaturdays\/\",\"https:\/\/x.com\/CFSApostolate\"]}]}<\/script>\n<!-- \/ Yoast SEO plugin. -->","yoast_head_json":{"title":"What is reparation? - The Communal First Saturdays","robots":{"index":"index","follow":"follow","max-snippet":"max-snippet:-1","max-image-preview":"max-image-preview:large","max-video-preview":"max-video-preview:-1"},"canonical":"https:\/\/communalfirstsaturdays.org\/es\/reparation\/","og_locale":"es_MX","og_type":"article","og_title":"What is reparation? - The Communal First Saturdays","og_description":"Before explaining reparation, we need to explain the results of a sinful act. A sinful act has two results: guilt and spiritual damage to the soul. Contrition and forgiveness are necessary to remove the guilt. The damage to the soul requires reparation. If one dies without repairing all damage but has been forgiven, one must [&hellip;]","og_url":"https:\/\/communalfirstsaturdays.org\/es\/reparation\/","og_site_name":"The Communal First Saturdays","article_publisher":"https:\/\/www.facebook.com\/CommunalFirstSaturdays\/","og_image":[{"width":1200,"height":782,"url":"https:\/\/communalfirstsaturdays.org\/wp-content\/uploads\/2023\/05\/full-sized-logo-color.jpg","type":"image\/jpeg"}],"twitter_card":"summary_large_image","twitter_site":"@CFSApostolate","twitter_misc":{"Tiempo de lectura":"3 minutos"},"schema":{"@context":"https:\/\/schema.org","@graph":[{"@type":"WebPage","@id":"https:\/\/communalfirstsaturdays.org\/reparation\/","url":"https:\/\/communalfirstsaturdays.org\/reparation\/","name":"What is reparation? - The Communal First Saturdays","isPartOf":{"@id":"https:\/\/communalfirstsaturdays.org\/#website"},"datePublished":"2024-07-16T19:41:31+00:00","breadcrumb":{"@id":"https:\/\/communalfirstsaturdays.org\/reparation\/#breadcrumb"},"inLanguage":"es","potentialAction":[{"@type":"ReadAction","target":["https:\/\/communalfirstsaturdays.org\/reparation\/"]}]},{"@type":"BreadcrumbList","@id":"https:\/\/communalfirstsaturdays.org\/reparation\/#breadcrumb","itemListElement":[{"@type":"ListItem","position":1,"name":"Home","item":"https:\/\/communalfirstsaturdays.org\/"},{"@type":"ListItem","position":2,"name":"What is reparation?"}]},{"@type":"WebSite","@id":"https:\/\/communalfirstsaturdays.org\/#website","url":"https:\/\/communalfirstsaturdays.org\/","name":"The Communal First Saturdays","description":"El poder de rezar juntos","publisher":{"@id":"https:\/\/communalfirstsaturdays.org\/#organization"},"potentialAction":[{"@type":"SearchAction","target":{"@type":"EntryPoint","urlTemplate":"https:\/\/communalfirstsaturdays.org\/?s={search_term_string}"},"query-input":{"@type":"PropertyValueSpecification","valueRequired":true,"valueName":"search_term_string"}}],"inLanguage":"es"},{"@type":"Organization","@id":"https:\/\/communalfirstsaturdays.org\/#organization","name":"Los Primeros S\u00e1bados Comunitarios","url":"https:\/\/communalfirstsaturdays.org\/","logo":{"@type":"ImageObject","inLanguage":"es","@id":"https:\/\/communalfirstsaturdays.org\/#\/schema\/logo\/image\/","url":"https:\/\/communalfirstsaturdays.org\/wp-content\/uploads\/2019\/08\/cfs-logo-seo.png","contentUrl":"https:\/\/communalfirstsaturdays.org\/wp-content\/uploads\/2019\/08\/cfs-logo-seo.png","width":800,"height":462,"caption":"Communal First Saturdays"},"image":{"@id":"https:\/\/communalfirstsaturdays.org\/#\/schema\/logo\/image\/"},"sameAs":["https:\/\/www.facebook.com\/CommunalFirstSaturdays\/","https:\/\/x.com\/CFSApostolate"]}]}},"_links":{"self":[{"href":"https:\/\/communalfirstsaturdays.org\/es\/wp-json\/wp\/v2\/pages\/16394","targetHints":{"allow":["GET"]}}],"collection":[{"href":"https:\/\/communalfirstsaturdays.org\/es\/wp-json\/wp\/v2\/pages"}],"about":[{"href":"https:\/\/communalfirstsaturdays.org\/es\/wp-json\/wp\/v2\/types\/page"}],"author":[{"embeddable":true,"href":"https:\/\/communalfirstsaturdays.org\/es\/wp-json\/wp\/v2\/users\/2"}],"replies":[{"embeddable":true,"href":"https:\/\/communalfirstsaturdays.org\/es\/wp-json\/wp\/v2\/comments?post=16394"}],"version-history":[{"count":1,"href":"https:\/\/communalfirstsaturdays.org\/es\/wp-json\/wp\/v2\/pages\/16394\/revisions"}],"predecessor-version":[{"id":16395,"href":"https:\/\/communalfirstsaturdays.org\/es\/wp-json\/wp\/v2\/pages\/16394\/revisions\/16395"}],"wp:attachment":[{"href":"https:\/\/communalfirstsaturdays.org\/es\/wp-json\/wp\/v2\/media?parent=16394"}],"curies":[{"name":"wp","href":"https:\/\/api.w.org\/{rel}","templated":true}]}}