{"id":16400,"date":"2024-07-16T19:56:53","date_gmt":"2024-07-16T19:56:53","guid":{"rendered":"https:\/\/communalfirstsaturdays.org\/?page_id=16400"},"modified":"2024-07-16T20:14:48","modified_gmt":"2024-07-16T20:14:48","slug":"10ways","status":"publish","type":"page","link":"https:\/\/communalfirstsaturdays.org\/es\/10ways\/","title":{"rendered":"10 maneras en que la Meditaci\u00f3n Comunal de los Primeros S\u00e1bados\u00ae ayuda a aumentar la gracia en nosotros"},"content":{"rendered":"<div data-elementor-type=\"wp-page\" data-elementor-id=\"16400\" class=\"elementor elementor-16400\" data-elementor-post-type=\"page\">\n\t\t\t\t<div class=\"elementor-element elementor-element-95f3a15 e-flex e-con-boxed e-con e-parent\" data-id=\"95f3a15\" data-element_type=\"container\" data-e-type=\"container\" data-settings=\"{&quot;jet_parallax_layout_list&quot;:[]}\">\n\t\t\t\t\t<div class=\"e-con-inner\">\n\t\t\t\t<div class=\"elementor-element elementor-element-a4d732f elementor-widget elementor-widget-text-editor\" data-id=\"a4d732f\" data-element_type=\"widget\" data-e-type=\"widget\" data-widget_type=\"text-editor.default\">\n\t\t\t\t<div class=\"elementor-widget-container\">\n\t\t\t\t\t\t\t\t\t<p style=\"font-weight: 400;\"><strong>. <em>Los Primeros S\u00e1bados Comunitarios <\/em>Meditaci\u00f3n con firma<\/strong> tiene 10 cosas que permiten un aumento de la gracia en nosotros. El <em>Los Primeros S\u00e1bados Comunitarios<\/em> Meditaci\u00f3n de firma:<\/p><ol><li>Aumenta nuestra atenci\u00f3n a la presencia de la Sagrada Eucarist\u00eda en nosotros.<\/li><li>Nos permite dar nuestra atenci\u00f3n a Jes\u00fas por un per\u00edodo de tiempo mientras \u00c9l est\u00e1 realmente presente dentro de nosotros en Su Cuerpo, Sangre, Alma y Divinidad.<\/li><li>Se hace en reparaci\u00f3n al Coraz\u00f3n Inmaculado de Mar\u00eda, que es esencial para cumplir los Primeros S\u00e1bados. Esta reparaci\u00f3n ayuda a eliminar los bloqueos al flujo de gracia de la Sagrada Eucarist\u00eda.<\/li><li>Utiliza la Sagrada Escritura, la palabra de Dios. Jes\u00fas nos habla en su palabra. La palabra de Dios nos dispone a\u00fan m\u00e1s para recibir la gracia santificante de Jes\u00fas en la Sagrada Eucarist\u00eda.<\/li><li>Pide que se lea en voz alta la Sagrada Escritura a los reunidos comunitariamente. Esta lectura de la Sagrada Escritura exige nuestra respuesta. Leemos en 1 Tim 4,13: \"Presta atenci\u00f3n a la lectura p\u00fablica de la Escritura...\". La lectura comunitaria de la Escritura y nuestra respuesta pueden disponernos a la gracia m\u00e1s que una lectura privada.<\/li><li>Adem\u00e1s, el <em>Los Primeros S\u00e1bados Comunitarios <\/em>Signature Meditation pone en pr\u00e1ctica lo que la Iglesia aconseja en <em>Verbum Domini<\/em>: \"Hay que <em>evitar el riesgo de un enfoque individualista<\/em>y recordar que la Palabra de Dios se nos da precisamente para construir la comuni\u00f3n, para unirnos en la Verdad a lo largo de nuestro camino hacia Dios. Si bien es una palabra dirigida a cada uno de nosotros personalmente, es tambi\u00e9n una palabra que construye la comunidad, que construye la Iglesia. En consecuencia, <em>el texto sagrado debe abordarse siempre en la comuni\u00f3n de la Iglesia<\/em>. En efecto, \"la lectura comunitaria de la Escritura es sumamente importante, porque el sujeto vivo de las Sagradas Escrituras es el Pueblo de Dios, es la Iglesia...\" (n. 86).<\/li><li>. <em>Los Primeros S\u00e1bados Comunitarios<\/em> utiliza <em>lectio divina, <\/em>un antiguo m\u00e9todo de meditaci\u00f3n, muy recomendado por la Iglesia en la <em>Catecismo de la Iglesia Cat\u00f3lica <\/em>y el documento de la Iglesia <em>Verbum Domini<\/em>uni\u00e9ndonos a la Iglesia en lo que hacemos para ser m\u00e1s meritorios. En cuanto a la <em>lectio divina<\/em>El Papa Benedicto XVI dijo: \"Si se promueve eficazmente, esta pr\u00e1ctica traer\u00e1 a la Iglesia -estoy convencido de ello- una nueva primavera espiritual\" ( 16 de septiembre de 2005).<\/li><li>Incluye pedir ayuda a la Virgen para meditar la Escritura. Al pedirle a la Virgen esta ayuda, podemos tambi\u00e9n hacerle compa\u00f1\u00eda, cosa que la Virgen nos pidi\u00f3 que hici\u00e9ramos durante la meditaci\u00f3n.<\/li><li>Mejora nuestra participaci\u00f3n en la Liturgia armoniz\u00e1ndola con el ciclo lit\u00fargico. Por ejemplo, se medita sobre los Misterios Gozosos durante el Adviento y sobre los Misterios Dolorosos durante la Cuaresma, etc. La p\u00e1gina <em>Comunitarios<\/em> tiene una Meditaci\u00f3n B\u00edblica distinta para cada mes.<\/li><li>Tiene un mayor poder de agradar a Dios y de reparar en la medida en que se hace comunitariamente (cf. 1 Tim 4,13, <em>Verbum Domini<\/em>, n. 86, <em>.<\/em> <em>El secreto del Rosario<\/em>Cuadrag\u00e9simo Sexta Rosa, y <em>Paenitentiam Agere,<\/em> 23).<\/li><\/ol><p style=\"font-weight: 400;\">San Juan XXIII: \"Es evidente que la oraci\u00f3n m\u00e1s eficaz para obtener la protecci\u00f3n divina es la que se ofrece p\u00fablicamente por toda la comunidad; pues Nuestro Redentor dijo: \"Donde dos o tres est\u00e1n reunidos por mi causa, all\u00ed estoy yo en medio de ellos\".<\/p><p style=\"font-weight: 400;\">Ley de la oraci\u00f3n p\u00fablica: \"Alguien que reza su Rosario a solas s\u00f3lo gana el m\u00e9rito de un Rosario, pero si lo reza junto con otras treinta personas, gana el m\u00e9rito de treinta Rosarios. Esta es la ley de la oraci\u00f3n p\u00fablica\". (San Luis de Montfort)<\/p><p style=\"font-weight: 400;\">Tambi\u00e9n podemos esperar en el <a href=\"https:\/\/communalfirstsaturdays.org\/es\/cfs\/\"><em>Los Primeros S\u00e1bados Comunitarios<\/em><\/a> ganar mucho m\u00e1s m\u00e9rito y hacer mucha reparaci\u00f3n porque estamos haciendo los Primeros S\u00e1bados junto con otros en lugar de hacerlo solos.<\/p><p style=\"font-weight: 400;\">As\u00ed, en el <em>Los Primeros S\u00e1bados Comunitarios<\/em>As\u00ed, tenemos una meditaci\u00f3n que tiene mayor poder de 10 maneras diferentes, porque nos ayuda a estar mejor dispuestos de 10 maneras diferentes para recibir el flujo de la gracia de la Sagrada Eucarist\u00eda. As\u00ed, la <em>Los Primeros S\u00e1bados Comunitarios <\/em>\u00a1La Meditaci\u00f3n con Firma puede resultar en una explosi\u00f3n de gracia! S\u00ed, \u00a1una explosi\u00f3n de gracia!<\/p><p style=\"font-weight: 400;\">Sin embargo, \u00bfes esta explosi\u00f3n de gracia algo que sentimos? \u00bfLa explosi\u00f3n de la gracia nos afecta emocionalmente? El sentimiento y la emoci\u00f3n no son esenciales para la gracia que recibimos. Nuestra respuesta debe ser m\u00e1s bien un acto de fe. Como dijo Jes\u00fas a Tom\u00e1s: \"Dichosos los que no han visto y han cre\u00eddo\" (Jn 20,29). De hecho, es m\u00e1s meritorio si ejercemos nuestra Fe sin ning\u00fan consuelo adicional de los sentidos. Sin embargo, Dios puede juzgar que debido a que un alma no est\u00e1 suficientemente avanzada, un alma podr\u00eda ser m\u00e1s alentada si Dios le diera una experiencia sensible durante la Presencia Real de Jes\u00fas en su interior.<\/p><p style=\"font-weight: 400;\">\u00a0<\/p>\t\t\t\t\t\t\t\t<\/div>\n\t\t\t\t<\/div>\n\t\t\t\t\t<\/div>\n\t\t\t\t<\/div>\n\t\t\t\t<\/div>","protected":false},"excerpt":{"rendered":"<p>The Communal First Saturdays\u00ae Signature Meditation has 10 things that allow for an increase in grace in us. The Communal First Saturdays Signature Meditation: Increases our attention to the presence of the Holy Eucharist within us. Allows us to give our attention to Jesus for a period of time while He is really present within [&hellip;]<\/p>\n","protected":false},"author":2,"featured_media":0,"parent":0,"menu_order":0,"comment_status":"closed","ping_status":"closed","template":"","meta":{"_acf_changed":false,"om_disable_all_campaigns":false,"_monsterinsights_skip_tracking":false,"_monsterinsights_sitenote_active":false,"_monsterinsights_sitenote_note":"","_monsterinsights_sitenote_category":0,"_uf_show_specific_survey":0,"_uf_disable_surveys":false,"site-sidebar-layout":"no-sidebar","site-content-layout":"page-builder","ast-site-content-layout":"full-width-container","site-content-style":"default","site-sidebar-style":"default","ast-global-header-display":"","ast-banner-title-visibility":"","ast-main-header-display":"","ast-hfb-above-header-display":"","ast-hfb-below-header-display":"","ast-hfb-mobile-header-display":"","site-post-title":"disabled","ast-breadcrumbs-content":"","ast-featured-img":"disabled","footer-sml-layout":"","ast-disable-related-posts":"","theme-transparent-header-meta":"default","adv-header-id-meta":"","stick-header-meta":"","header-above-stick-meta":"","header-main-stick-meta":"","header-below-stick-meta":"","astra-migrate-meta-layouts":"set","ast-page-background-enabled":"default","ast-page-background-meta":{"desktop":{"background-color":"","background-image":"","background-repeat":"repeat","background-position":"center center","background-size":"auto","background-attachment":"scroll","background-type":"","background-media":"","overlay-type":"","overlay-color":"","overlay-opacity":"","overlay-gradient":""},"tablet":{"background-color":"","background-image":"","background-repeat":"repeat","background-position":"center center","background-size":"auto","background-attachment":"scroll","background-type":"","background-media":"","overlay-type":"","overlay-color":"","overlay-opacity":"","overlay-gradient":""},"mobile":{"background-color":"","background-image":"","background-repeat":"repeat","background-position":"center center","background-size":"auto","background-attachment":"scroll","background-type":"","background-media":"","overlay-type":"","overlay-color":"","overlay-opacity":"","overlay-gradient":""}},"ast-content-background-meta":{"desktop":{"background-color":"var(--ast-global-color-5)","background-image":"","background-repeat":"repeat","background-position":"center center","background-size":"auto","background-attachment":"scroll","background-type":"","background-media":"","overlay-type":"","overlay-color":"","overlay-opacity":"","overlay-gradient":""},"tablet":{"background-color":"var(--ast-global-color-5)","background-image":"","background-repeat":"repeat","background-position":"center center","background-size":"auto","background-attachment":"scroll","background-type":"","background-media":"","overlay-type":"","overlay-color":"","overlay-opacity":"","overlay-gradient":""},"mobile":{"background-color":"var(--ast-global-color-5)","background-image":"","background-repeat":"repeat","background-position":"center center","background-size":"auto","background-attachment":"scroll","background-type":"","background-media":"","overlay-type":"","overlay-color":"","overlay-opacity":"","overlay-gradient":""}},"footnotes":""},"class_list":["post-16400","page","type-page","status-publish","hentry"],"acf":[],"aioseo_notices":[],"yoast_head":"<!-- This site is optimized with the Yoast SEO plugin v27.2 - https:\/\/yoast.com\/product\/yoast-seo-wordpress\/ -->\n<title>10 ways in which the Communal First Saturdays\u00ae Signature Meditation helps increase grace in us - The Communal First Saturdays<\/title>\n<meta name=\"robots\" content=\"index, follow, max-snippet:-1, max-image-preview:large, max-video-preview:-1\" \/>\n<link rel=\"canonical\" href=\"https:\/\/communalfirstsaturdays.org\/es\/10ways\/\" \/>\n<meta property=\"og:locale\" content=\"es_MX\" \/>\n<meta property=\"og:type\" content=\"article\" \/>\n<meta property=\"og:title\" content=\"10 ways in which the Communal First Saturdays\u00ae Signature Meditation helps increase grace in us - The Communal First Saturdays\" \/>\n<meta property=\"og:description\" content=\"The Communal First Saturdays\u00ae Signature Meditation has 10 things that allow for an increase in grace in us. The Communal First Saturdays Signature Meditation: Increases our attention to the presence of the Holy Eucharist within us. Allows us to give our attention to Jesus for a period of time while He is really present within [&hellip;]\" \/>\n<meta property=\"og:url\" content=\"https:\/\/communalfirstsaturdays.org\/es\/10ways\/\" \/>\n<meta property=\"og:site_name\" content=\"The Communal First Saturdays\" \/>\n<meta property=\"article:publisher\" content=\"https:\/\/www.facebook.com\/CommunalFirstSaturdays\/\" \/>\n<meta property=\"article:modified_time\" content=\"2024-07-16T20:14:48+00:00\" \/>\n<meta property=\"og:image\" content=\"https:\/\/communalfirstsaturdays.org\/wp-content\/uploads\/2023\/05\/full-sized-logo-color.jpg\" \/>\n\t<meta property=\"og:image:width\" content=\"1200\" \/>\n\t<meta property=\"og:image:height\" content=\"782\" \/>\n\t<meta property=\"og:image:type\" content=\"image\/jpeg\" \/>\n<meta name=\"twitter:card\" content=\"summary_large_image\" \/>\n<meta name=\"twitter:site\" content=\"@CFSApostolate\" \/>\n<meta name=\"twitter:label1\" content=\"Tiempo de lectura\" \/>\n\t<meta name=\"twitter:data1\" content=\"4 minutos\" \/>\n<script type=\"application\/ld+json\" class=\"yoast-schema-graph\">{\"@context\":\"https:\/\/schema.org\",\"@graph\":[{\"@type\":\"WebPage\",\"@id\":\"https:\/\/communalfirstsaturdays.org\/10ways\/\",\"url\":\"https:\/\/communalfirstsaturdays.org\/10ways\/\",\"name\":\"10 ways in which the Communal First Saturdays\u00ae Signature Meditation helps increase grace in us - The Communal First Saturdays\",\"isPartOf\":{\"@id\":\"https:\/\/communalfirstsaturdays.org\/#website\"},\"datePublished\":\"2024-07-16T19:56:53+00:00\",\"dateModified\":\"2024-07-16T20:14:48+00:00\",\"breadcrumb\":{\"@id\":\"https:\/\/communalfirstsaturdays.org\/10ways\/#breadcrumb\"},\"inLanguage\":\"es\",\"potentialAction\":[{\"@type\":\"ReadAction\",\"target\":[\"https:\/\/communalfirstsaturdays.org\/10ways\/\"]}]},{\"@type\":\"BreadcrumbList\",\"@id\":\"https:\/\/communalfirstsaturdays.org\/10ways\/#breadcrumb\",\"itemListElement\":[{\"@type\":\"ListItem\",\"position\":1,\"name\":\"Home\",\"item\":\"https:\/\/communalfirstsaturdays.org\/\"},{\"@type\":\"ListItem\",\"position\":2,\"name\":\"10 ways in which the Communal First Saturdays\u00ae Signature Meditation helps increase grace in us\"}]},{\"@type\":\"WebSite\",\"@id\":\"https:\/\/communalfirstsaturdays.org\/#website\",\"url\":\"https:\/\/communalfirstsaturdays.org\/\",\"name\":\"The Communal First Saturdays\",\"description\":\"Power in Prayer Together\",\"publisher\":{\"@id\":\"https:\/\/communalfirstsaturdays.org\/#organization\"},\"potentialAction\":[{\"@type\":\"SearchAction\",\"target\":{\"@type\":\"EntryPoint\",\"urlTemplate\":\"https:\/\/communalfirstsaturdays.org\/?s={search_term_string}\"},\"query-input\":{\"@type\":\"PropertyValueSpecification\",\"valueRequired\":true,\"valueName\":\"search_term_string\"}}],\"inLanguage\":\"es\"},{\"@type\":\"Organization\",\"@id\":\"https:\/\/communalfirstsaturdays.org\/#organization\",\"name\":\"Communal First Saturdays\",\"url\":\"https:\/\/communalfirstsaturdays.org\/\",\"logo\":{\"@type\":\"ImageObject\",\"inLanguage\":\"es\",\"@id\":\"https:\/\/communalfirstsaturdays.org\/#\/schema\/logo\/image\/\",\"url\":\"https:\/\/communalfirstsaturdays.org\/wp-content\/uploads\/2019\/08\/cfs-logo-seo.png\",\"contentUrl\":\"https:\/\/communalfirstsaturdays.org\/wp-content\/uploads\/2019\/08\/cfs-logo-seo.png\",\"width\":800,\"height\":462,\"caption\":\"Communal First Saturdays\"},\"image\":{\"@id\":\"https:\/\/communalfirstsaturdays.org\/#\/schema\/logo\/image\/\"},\"sameAs\":[\"https:\/\/www.facebook.com\/CommunalFirstSaturdays\/\",\"https:\/\/x.com\/CFSApostolate\"]}]}<\/script>\n<!-- \/ Yoast SEO plugin. -->","yoast_head_json":{"title":"10 ways in which the Communal First Saturdays\u00ae Signature Meditation helps increase grace in us - The Communal First Saturdays","robots":{"index":"index","follow":"follow","max-snippet":"max-snippet:-1","max-image-preview":"max-image-preview:large","max-video-preview":"max-video-preview:-1"},"canonical":"https:\/\/communalfirstsaturdays.org\/es\/10ways\/","og_locale":"es_MX","og_type":"article","og_title":"10 ways in which the Communal First Saturdays\u00ae Signature Meditation helps increase grace in us - The Communal First Saturdays","og_description":"The Communal First Saturdays\u00ae Signature Meditation has 10 things that allow for an increase in grace in us. The Communal First Saturdays Signature Meditation: Increases our attention to the presence of the Holy Eucharist within us. Allows us to give our attention to Jesus for a period of time while He is really present within [&hellip;]","og_url":"https:\/\/communalfirstsaturdays.org\/es\/10ways\/","og_site_name":"The Communal First Saturdays","article_publisher":"https:\/\/www.facebook.com\/CommunalFirstSaturdays\/","article_modified_time":"2024-07-16T20:14:48+00:00","og_image":[{"width":1200,"height":782,"url":"https:\/\/communalfirstsaturdays.org\/wp-content\/uploads\/2023\/05\/full-sized-logo-color.jpg","type":"image\/jpeg"}],"twitter_card":"summary_large_image","twitter_site":"@CFSApostolate","twitter_misc":{"Tiempo de lectura":"4 minutos"},"schema":{"@context":"https:\/\/schema.org","@graph":[{"@type":"WebPage","@id":"https:\/\/communalfirstsaturdays.org\/10ways\/","url":"https:\/\/communalfirstsaturdays.org\/10ways\/","name":"10 ways in which the Communal First Saturdays\u00ae Signature Meditation helps increase grace in us - The Communal First Saturdays","isPartOf":{"@id":"https:\/\/communalfirstsaturdays.org\/#website"},"datePublished":"2024-07-16T19:56:53+00:00","dateModified":"2024-07-16T20:14:48+00:00","breadcrumb":{"@id":"https:\/\/communalfirstsaturdays.org\/10ways\/#breadcrumb"},"inLanguage":"es","potentialAction":[{"@type":"ReadAction","target":["https:\/\/communalfirstsaturdays.org\/10ways\/"]}]},{"@type":"BreadcrumbList","@id":"https:\/\/communalfirstsaturdays.org\/10ways\/#breadcrumb","itemListElement":[{"@type":"ListItem","position":1,"name":"Home","item":"https:\/\/communalfirstsaturdays.org\/"},{"@type":"ListItem","position":2,"name":"10 ways in which the Communal First Saturdays\u00ae Signature Meditation helps increase grace in us"}]},{"@type":"WebSite","@id":"https:\/\/communalfirstsaturdays.org\/#website","url":"https:\/\/communalfirstsaturdays.org\/","name":"The Communal First Saturdays","description":"El poder de rezar juntos","publisher":{"@id":"https:\/\/communalfirstsaturdays.org\/#organization"},"potentialAction":[{"@type":"SearchAction","target":{"@type":"EntryPoint","urlTemplate":"https:\/\/communalfirstsaturdays.org\/?s={search_term_string}"},"query-input":{"@type":"PropertyValueSpecification","valueRequired":true,"valueName":"search_term_string"}}],"inLanguage":"es"},{"@type":"Organization","@id":"https:\/\/communalfirstsaturdays.org\/#organization","name":"Los Primeros S\u00e1bados Comunitarios","url":"https:\/\/communalfirstsaturdays.org\/","logo":{"@type":"ImageObject","inLanguage":"es","@id":"https:\/\/communalfirstsaturdays.org\/#\/schema\/logo\/image\/","url":"https:\/\/communalfirstsaturdays.org\/wp-content\/uploads\/2019\/08\/cfs-logo-seo.png","contentUrl":"https:\/\/communalfirstsaturdays.org\/wp-content\/uploads\/2019\/08\/cfs-logo-seo.png","width":800,"height":462,"caption":"Communal First Saturdays"},"image":{"@id":"https:\/\/communalfirstsaturdays.org\/#\/schema\/logo\/image\/"},"sameAs":["https:\/\/www.facebook.com\/CommunalFirstSaturdays\/","https:\/\/x.com\/CFSApostolate"]}]}},"_links":{"self":[{"href":"https:\/\/communalfirstsaturdays.org\/es\/wp-json\/wp\/v2\/pages\/16400","targetHints":{"allow":["GET"]}}],"collection":[{"href":"https:\/\/communalfirstsaturdays.org\/es\/wp-json\/wp\/v2\/pages"}],"about":[{"href":"https:\/\/communalfirstsaturdays.org\/es\/wp-json\/wp\/v2\/types\/page"}],"author":[{"embeddable":true,"href":"https:\/\/communalfirstsaturdays.org\/es\/wp-json\/wp\/v2\/users\/2"}],"replies":[{"embeddable":true,"href":"https:\/\/communalfirstsaturdays.org\/es\/wp-json\/wp\/v2\/comments?post=16400"}],"version-history":[{"count":7,"href":"https:\/\/communalfirstsaturdays.org\/es\/wp-json\/wp\/v2\/pages\/16400\/revisions"}],"predecessor-version":[{"id":16412,"href":"https:\/\/communalfirstsaturdays.org\/es\/wp-json\/wp\/v2\/pages\/16400\/revisions\/16412"}],"wp:attachment":[{"href":"https:\/\/communalfirstsaturdays.org\/es\/wp-json\/wp\/v2\/media?parent=16400"}],"curies":[{"name":"wp","href":"https:\/\/api.w.org\/{rel}","templated":true}]}}