{"id":1652,"date":"2017-09-26T03:06:15","date_gmt":"2017-09-26T03:06:15","guid":{"rendered":"https:\/\/45d855c02b.nxcli.net\/?page_id=1652"},"modified":"2026-03-28T00:05:13","modified_gmt":"2026-03-28T00:05:13","slug":"terms-of-use","status":"publish","type":"page","link":"https:\/\/communalfirstsaturdays.org\/es\/terms-of-use\/","title":{"rendered":"Condiciones de uso"},"content":{"rendered":"<div class=\"wpb-content-wrapper\"><div class=\"vc_row wpb_row vc_row-fluid\"><div class=\"wpb_column vc_column_container vc_col-sm-12\"><div class=\"vc_column-inner\"><div class=\"wpb_wrapper\">\n\t<div class=\"wpb_text_column wpb_content_element\" >\n\t\t<div class=\"wpb_wrapper\">\n\t\t\t<p><strong>Su uso de nuestro sitio web<\/strong><\/p>\n<p>Su uso de este sitio web expresa su consentimiento a nuestras condiciones de uso y pol\u00edtica de privacidad. Al utilizar este sitio web, usted declara que es mayor de 18 a\u00f1os. Los ni\u00f1os s\u00f3lo pueden utilizar este sitio junto con uno de sus padres y con el permiso de \u00e9stos.<\/p>\n<p><strong>Marcas y derechos de autor<\/strong><\/p>\n<p>Todos los materiales originales utilizados y\/o promovidos en este sitio web, incluyendo pero no limitado a texto e im\u00e1genes, son propiedad de Primeros S\u00e1bados por la Paz (FSFP, LLC), que ha dado permiso a Primeros S\u00e1bados Comunales, Inc. para hacerlo. Ning\u00fan texto, imagen u otro contenido de este sitio web puede ser usado, copiado o distribuido sin el permiso escrito de FSFP, LLC o Communal First Saturdays, Inc.<\/p>\n<p><strong>Descargo de responsabilidad<\/strong><\/p>\n<p>Aunque se ha hecho todo lo posible para proporcionar una informaci\u00f3n completa y precisa, Communal First Saturdays, Inc. no ofrece ninguna garant\u00eda, expresa o impl\u00edcita, ni representa la exactitud del contenido de este sitio web. Podr\u00edan producirse errores tipogr\u00e1ficos. Actualizaremos el sitio web peri\u00f3dicamente. No asumimos ninguna responsabilidad por cualquier error u omisi\u00f3n en la informaci\u00f3n contenida en el sitio web. Al utilizar el sitio web de Communal First Saturdays, Inc., usted asume todos los riesgos asociados con el uso de este sitio, incluyendo cualquier riesgo de que su computadora, software o datos sean da\u00f1ados por un virus, software o cualquier otro archivo que pueda ser transmitido o activado a trav\u00e9s de nuestro sitio web. Communal Firsat Saturdays, Inc. rechaza expresamente cualquier responsabilidad por cualquier da\u00f1o especial, incidental o consecuente, incluyendo, sin limitaci\u00f3n, la p\u00e9rdida de ingresos o de beneficios, resultante del uso o mal uso de la informaci\u00f3n contenida en el sitio web. La informaci\u00f3n de este sitio web se proporciona \"tal cual\", sin ninguna representaci\u00f3n o garant\u00eda, expresa o impl\u00edcita. Usted se compromete a defender, indemnizar y eximir a Communal First Saturdays, Inc. de cualquier reclamaci\u00f3n, da\u00f1o, coste, incluyendo los honorarios de los abogados, que surjan o est\u00e9n relacionados con su uso del sitio web.<\/p>\n<p>&nbsp;<\/p>\n<p class=\"css-tcah8o\" data-paste-element=\"PARAGRAPH\" data-paste-core-version=\"21.0.0\"><em>F\u00e1tima y los Primeros S\u00e1bados.<\/em> Grupos de estudio<\/p>\n<p>1.The <em>F\u00e1tima y los Primeros S\u00e1bados.<\/em> Study Groups provide a 13-week online study of the Fatima message and the First Saturdays Devotion. Using the book <i data-path-to-node=\"0\" data-index-in-node=\"156\">F\u00e1tima y los Primeros S\u00e1bados.<\/i>, participants meet weekly via Zoom to deepen their spiritual life and understand the meaning of the First Saturdays in the context of the entire Fatima Message. When you opt in, you will receive brief, periodic updates to keep you connected with your group. These include meeting reminders sent before your session begins, access to Zoom links and study guides, and notifications regarding schedule changes.<\/p>\n<p class=\"css-tcah8o\" data-paste-element=\"PARAGRAPH\" data-paste-core-version=\"21.0.0\">2. You can cancel the SMS service at any time. Just text &#8220;STOP&#8221; to the short code. After you send the SMS message &#8220;STOP&#8221; to us, we will send you an SMS message to confirm that you have been unsubscribed. After this, you will no longer receive SMS messages from us. If you want to join again, just sign up as you did the first time and we will start sending SMS messages to you again.<\/p>\n<p class=\"css-tcah8o\" data-paste-element=\"PARAGRAPH\" data-paste-core-version=\"21.0.0\">3. If you are experiencing issues with the messaging program you can reply with the keyword HELP for more assistance, or you can get help directly at info@communalfirstsaturdays.org<\/p>\n<p class=\"css-tcah8o\" data-paste-element=\"PARAGRAPH\" data-paste-core-version=\"21.0.0\">4. Carriers are not liable for delayed or undelivered messages<\/p>\n<p class=\"css-tcah8o\" data-paste-element=\"PARAGRAPH\" data-paste-core-version=\"21.0.0\">5. As always, message and data rates may apply for any messages sent to you from us and to us from you. You will receive weekly reminders. If you have any questions about your text plan or data plan, it is best to contact your wireless provider.<\/p>\n<p class=\"css-tcah8o\" data-paste-element=\"PARAGRAPH\" data-paste-core-version=\"21.0.0\">6. If you have any questions regarding privacy, please read our privacy policy: <a href=\"https:\/\/communalfirstsaturdays.org\/es\/privacy-policy\/\">https:\/\/communalfirstsaturdays.org\/privacy-policy\/<\/a><\/p>\n\n\t\t<\/div>\n\t<\/div>\n<\/div><\/div><\/div><\/div>\n<\/div>","protected":false},"excerpt":{"rendered":"Your use of our website Your use of this website expresses your consent to our terms of use and privacy policy. By your use of this website, you are attesting that you are 18 years of age or older. Children may only use this site together with a parent and with the parent\u2019s permission. Trademarks [...]","protected":false},"author":2,"featured_media":0,"parent":0,"menu_order":0,"comment_status":"closed","ping_status":"closed","template":"","meta":{"_acf_changed":false,"om_disable_all_campaigns":false,"_monsterinsights_skip_tracking":false,"_monsterinsights_sitenote_active":false,"_monsterinsights_sitenote_note":"","_monsterinsights_sitenote_category":0,"_uf_show_specific_survey":0,"_uf_disable_surveys":false,"site-sidebar-layout":"no-sidebar","site-content-layout":"plain-container","ast-site-content-layout":"normal-width-container","site-content-style":"unboxed","site-sidebar-style":"unboxed","ast-global-header-display":"","ast-banner-title-visibility":"","ast-main-header-display":"","ast-hfb-above-header-display":"","ast-hfb-below-header-display":"","ast-hfb-mobile-header-display":"","site-post-title":"","ast-breadcrumbs-content":"","ast-featured-img":"disabled","footer-sml-layout":"","ast-disable-related-posts":"","theme-transparent-header-meta":"default","adv-header-id-meta":"","stick-header-meta":"","header-above-stick-meta":"","header-main-stick-meta":"","header-below-stick-meta":"","astra-migrate-meta-layouts":"set","ast-page-background-enabled":"default","ast-page-background-meta":{"desktop":{"background-color":"","background-image":"","background-repeat":"repeat","background-position":"center center","background-size":"auto","background-attachment":"scroll","background-type":"","background-media":"","overlay-type":"","overlay-color":"","overlay-opacity":"","overlay-gradient":""},"tablet":{"background-color":"","background-image":"","background-repeat":"repeat","background-position":"center center","background-size":"auto","background-attachment":"scroll","background-type":"","background-media":"","overlay-type":"","overlay-color":"","overlay-opacity":"","overlay-gradient":""},"mobile":{"background-color":"","background-image":"","background-repeat":"repeat","background-position":"center center","background-size":"auto","background-attachment":"scroll","background-type":"","background-media":"","overlay-type":"","overlay-color":"","overlay-opacity":"","overlay-gradient":""}},"ast-content-background-meta":{"desktop":{"background-color":"var(--ast-global-color-5)","background-image":"","background-repeat":"repeat","background-position":"center center","background-size":"auto","background-attachment":"scroll","background-type":"","background-media":"","overlay-type":"","overlay-color":"","overlay-opacity":"","overlay-gradient":""},"tablet":{"background-color":"var(--ast-global-color-5)","background-image":"","background-repeat":"repeat","background-position":"center center","background-size":"auto","background-attachment":"scroll","background-type":"","background-media":"","overlay-type":"","overlay-color":"","overlay-opacity":"","overlay-gradient":""},"mobile":{"background-color":"var(--ast-global-color-5)","background-image":"","background-repeat":"repeat","background-position":"center center","background-size":"auto","background-attachment":"scroll","background-type":"","background-media":"","overlay-type":"","overlay-color":"","overlay-opacity":"","overlay-gradient":""}},"footnotes":""},"class_list":["post-1652","page","type-page","status-publish","hentry"],"acf":[],"aioseo_notices":[],"yoast_head":"<!-- This site is optimized with the Yoast SEO plugin v27.2 - https:\/\/yoast.com\/product\/yoast-seo-wordpress\/ -->\n<title>Terms of Use - The Communal First Saturdays<\/title>\n<meta name=\"robots\" content=\"noindex, follow\" \/>\n<meta property=\"og:locale\" content=\"es_MX\" \/>\n<meta property=\"og:type\" content=\"article\" \/>\n<meta property=\"og:title\" content=\"Terms of Use - The Communal First Saturdays\" \/>\n<meta property=\"og:url\" content=\"https:\/\/communalfirstsaturdays.org\/es\/terms-of-use\/\" \/>\n<meta property=\"og:site_name\" content=\"The Communal First Saturdays\" \/>\n<meta property=\"article:publisher\" content=\"https:\/\/www.facebook.com\/CommunalFirstSaturdays\/\" \/>\n<meta property=\"article:modified_time\" content=\"2026-03-28T00:05:13+00:00\" \/>\n<meta property=\"og:image\" content=\"https:\/\/communalfirstsaturdays.org\/wp-content\/uploads\/2023\/05\/full-sized-logo-color.jpg\" \/>\n\t<meta property=\"og:image:width\" content=\"1200\" \/>\n\t<meta property=\"og:image:height\" content=\"782\" \/>\n\t<meta property=\"og:image:type\" content=\"image\/jpeg\" \/>\n<meta name=\"twitter:card\" content=\"summary_large_image\" \/>\n<meta name=\"twitter:site\" content=\"@CFSApostolate\" \/>\n<meta name=\"twitter:label1\" content=\"Tiempo de lectura\" \/>\n\t<meta name=\"twitter:data1\" content=\"3 minutos\" \/>\n<script type=\"application\/ld+json\" class=\"yoast-schema-graph\">{\"@context\":\"https:\/\/schema.org\",\"@graph\":[{\"@type\":\"WebPage\",\"@id\":\"https:\/\/communalfirstsaturdays.org\/terms-of-use\/\",\"url\":\"https:\/\/communalfirstsaturdays.org\/terms-of-use\/\",\"name\":\"Terms of Use - The Communal First Saturdays\",\"isPartOf\":{\"@id\":\"https:\/\/communalfirstsaturdays.org\/#website\"},\"datePublished\":\"2017-09-26T03:06:15+00:00\",\"dateModified\":\"2026-03-28T00:05:13+00:00\",\"breadcrumb\":{\"@id\":\"https:\/\/communalfirstsaturdays.org\/terms-of-use\/#breadcrumb\"},\"inLanguage\":\"es\",\"potentialAction\":[{\"@type\":\"ReadAction\",\"target\":[\"https:\/\/communalfirstsaturdays.org\/terms-of-use\/\"]}]},{\"@type\":\"BreadcrumbList\",\"@id\":\"https:\/\/communalfirstsaturdays.org\/terms-of-use\/#breadcrumb\",\"itemListElement\":[{\"@type\":\"ListItem\",\"position\":1,\"name\":\"Home\",\"item\":\"https:\/\/communalfirstsaturdays.org\/\"},{\"@type\":\"ListItem\",\"position\":2,\"name\":\"Terms of Use\"}]},{\"@type\":\"WebSite\",\"@id\":\"https:\/\/communalfirstsaturdays.org\/#website\",\"url\":\"https:\/\/communalfirstsaturdays.org\/\",\"name\":\"The Communal First Saturdays\",\"description\":\"Power in Prayer Together\",\"publisher\":{\"@id\":\"https:\/\/communalfirstsaturdays.org\/#organization\"},\"potentialAction\":[{\"@type\":\"SearchAction\",\"target\":{\"@type\":\"EntryPoint\",\"urlTemplate\":\"https:\/\/communalfirstsaturdays.org\/?s={search_term_string}\"},\"query-input\":{\"@type\":\"PropertyValueSpecification\",\"valueRequired\":true,\"valueName\":\"search_term_string\"}}],\"inLanguage\":\"es\"},{\"@type\":\"Organization\",\"@id\":\"https:\/\/communalfirstsaturdays.org\/#organization\",\"name\":\"Communal First Saturdays\",\"url\":\"https:\/\/communalfirstsaturdays.org\/\",\"logo\":{\"@type\":\"ImageObject\",\"inLanguage\":\"es\",\"@id\":\"https:\/\/communalfirstsaturdays.org\/#\/schema\/logo\/image\/\",\"url\":\"https:\/\/communalfirstsaturdays.org\/wp-content\/uploads\/2019\/08\/cfs-logo-seo.png\",\"contentUrl\":\"https:\/\/communalfirstsaturdays.org\/wp-content\/uploads\/2019\/08\/cfs-logo-seo.png\",\"width\":800,\"height\":462,\"caption\":\"Communal First Saturdays\"},\"image\":{\"@id\":\"https:\/\/communalfirstsaturdays.org\/#\/schema\/logo\/image\/\"},\"sameAs\":[\"https:\/\/www.facebook.com\/CommunalFirstSaturdays\/\",\"https:\/\/x.com\/CFSApostolate\"]}]}<\/script>\n<!-- \/ Yoast SEO plugin. -->","yoast_head_json":{"title":"Terms of Use - The Communal First Saturdays","robots":{"index":"noindex","follow":"follow"},"og_locale":"es_MX","og_type":"article","og_title":"Terms of Use - The Communal First Saturdays","og_url":"https:\/\/communalfirstsaturdays.org\/es\/terms-of-use\/","og_site_name":"The Communal First Saturdays","article_publisher":"https:\/\/www.facebook.com\/CommunalFirstSaturdays\/","article_modified_time":"2026-03-28T00:05:13+00:00","og_image":[{"width":1200,"height":782,"url":"https:\/\/communalfirstsaturdays.org\/wp-content\/uploads\/2023\/05\/full-sized-logo-color.jpg","type":"image\/jpeg"}],"twitter_card":"summary_large_image","twitter_site":"@CFSApostolate","twitter_misc":{"Tiempo de lectura":"3 minutos"},"schema":{"@context":"https:\/\/schema.org","@graph":[{"@type":"WebPage","@id":"https:\/\/communalfirstsaturdays.org\/terms-of-use\/","url":"https:\/\/communalfirstsaturdays.org\/terms-of-use\/","name":"Terms of Use - The Communal First Saturdays","isPartOf":{"@id":"https:\/\/communalfirstsaturdays.org\/#website"},"datePublished":"2017-09-26T03:06:15+00:00","dateModified":"2026-03-28T00:05:13+00:00","breadcrumb":{"@id":"https:\/\/communalfirstsaturdays.org\/terms-of-use\/#breadcrumb"},"inLanguage":"es","potentialAction":[{"@type":"ReadAction","target":["https:\/\/communalfirstsaturdays.org\/terms-of-use\/"]}]},{"@type":"BreadcrumbList","@id":"https:\/\/communalfirstsaturdays.org\/terms-of-use\/#breadcrumb","itemListElement":[{"@type":"ListItem","position":1,"name":"Home","item":"https:\/\/communalfirstsaturdays.org\/"},{"@type":"ListItem","position":2,"name":"Terms of Use"}]},{"@type":"WebSite","@id":"https:\/\/communalfirstsaturdays.org\/#website","url":"https:\/\/communalfirstsaturdays.org\/","name":"The Communal First Saturdays","description":"El poder de rezar juntos","publisher":{"@id":"https:\/\/communalfirstsaturdays.org\/#organization"},"potentialAction":[{"@type":"SearchAction","target":{"@type":"EntryPoint","urlTemplate":"https:\/\/communalfirstsaturdays.org\/?s={search_term_string}"},"query-input":{"@type":"PropertyValueSpecification","valueRequired":true,"valueName":"search_term_string"}}],"inLanguage":"es"},{"@type":"Organization","@id":"https:\/\/communalfirstsaturdays.org\/#organization","name":"Los Primeros S\u00e1bados Comunitarios","url":"https:\/\/communalfirstsaturdays.org\/","logo":{"@type":"ImageObject","inLanguage":"es","@id":"https:\/\/communalfirstsaturdays.org\/#\/schema\/logo\/image\/","url":"https:\/\/communalfirstsaturdays.org\/wp-content\/uploads\/2019\/08\/cfs-logo-seo.png","contentUrl":"https:\/\/communalfirstsaturdays.org\/wp-content\/uploads\/2019\/08\/cfs-logo-seo.png","width":800,"height":462,"caption":"Communal First Saturdays"},"image":{"@id":"https:\/\/communalfirstsaturdays.org\/#\/schema\/logo\/image\/"},"sameAs":["https:\/\/www.facebook.com\/CommunalFirstSaturdays\/","https:\/\/x.com\/CFSApostolate"]}]}},"_links":{"self":[{"href":"https:\/\/communalfirstsaturdays.org\/es\/wp-json\/wp\/v2\/pages\/1652","targetHints":{"allow":["GET"]}}],"collection":[{"href":"https:\/\/communalfirstsaturdays.org\/es\/wp-json\/wp\/v2\/pages"}],"about":[{"href":"https:\/\/communalfirstsaturdays.org\/es\/wp-json\/wp\/v2\/types\/page"}],"author":[{"embeddable":true,"href":"https:\/\/communalfirstsaturdays.org\/es\/wp-json\/wp\/v2\/users\/2"}],"replies":[{"embeddable":true,"href":"https:\/\/communalfirstsaturdays.org\/es\/wp-json\/wp\/v2\/comments?post=1652"}],"version-history":[{"count":8,"href":"https:\/\/communalfirstsaturdays.org\/es\/wp-json\/wp\/v2\/pages\/1652\/revisions"}],"predecessor-version":[{"id":21953,"href":"https:\/\/communalfirstsaturdays.org\/es\/wp-json\/wp\/v2\/pages\/1652\/revisions\/21953"}],"wp:attachment":[{"href":"https:\/\/communalfirstsaturdays.org\/es\/wp-json\/wp\/v2\/media?parent=1652"}],"curies":[{"name":"wp","href":"https:\/\/api.w.org\/{rel}","templated":true}]}}