{"id":1656,"date":"2017-09-26T03:08:48","date_gmt":"2017-09-26T03:08:48","guid":{"rendered":"https:\/\/45d855c02b.nxcli.net\/?page_id=1656"},"modified":"2026-02-23T20:34:28","modified_gmt":"2026-02-23T20:34:28","slug":"privacy-policy","status":"publish","type":"page","link":"https:\/\/communalfirstsaturdays.org\/es\/privacy-policy\/","title":{"rendered":"Pol\u00edtica de privacidad"},"content":{"rendered":"<div data-elementor-type=\"wp-page\" data-elementor-id=\"1656\" class=\"elementor elementor-1656\" data-elementor-post-type=\"page\">\n\t\t\t\t<div class=\"elementor-element elementor-element-170cb798 e-flex e-con-boxed e-con e-parent\" data-id=\"170cb798\" data-element_type=\"container\" data-e-type=\"container\" data-settings=\"{&quot;jet_parallax_layout_list&quot;:[]}\">\n\t\t\t\t\t<div class=\"e-con-inner\">\n\t\t\t\t<div class=\"elementor-element elementor-element-719d8a18 elementor-widget elementor-widget-text-editor\" data-id=\"719d8a18\" data-element_type=\"widget\" data-e-type=\"widget\" data-widget_type=\"text-editor.default\">\n\t\t\t\t<div class=\"elementor-widget-container\">\n\t\t\t\t\t\t\t\t\t<p><strong>Informaci\u00f3n que recogemos:<\/strong><\/p>\n<p>Recogemos sus datos personales cuando hace un pedido, se suscribe a nuestros correos electr\u00f3nicos, rellena formularios en l\u00ednea en nuestro sitio web o se registra en \u00e9l.<\/p>\n<p><strong>Informaci\u00f3n que no recogemos:<\/strong><\/p>\n<p>No recogemos su informaci\u00f3n de cr\u00e9dito. Utilizamos PayPal como procesador de pagos para nuestra tienda en l\u00ednea y los pagos. PayPal utiliza un servidor seguro y no comparte la informaci\u00f3n de las tarjetas de cr\u00e9dito con nosotros. Para m\u00e1s informaci\u00f3n, consulte las condiciones de uso y las pol\u00edticas de privacidad de PayPal.<\/p>\n<p><strong>Utilizamos la informaci\u00f3n para:<\/strong><\/p>\n<p>Cumplir con los pedidos o procesar otras transacciones, comunicarnos con usted peri\u00f3dicamente y hacer un seguimiento de sus solicitudes.<\/p>\n<p><strong>Lo que no hacemos con su informaci\u00f3n:<\/strong><\/p>\n<p>No vendemos ni compartimos ninguna informaci\u00f3n personal identificable con terceros, con la posible excepci\u00f3n de compartirla con aquellas personas o empresas que contratamos para que nos ayuden a llevar a cabo nuestra actividad diaria sin \u00e1nimo de lucro. En todos los casos, hacemos hincapi\u00e9 en el car\u00e1cter confidencial de la informaci\u00f3n.<\/p>\n<p><strong>C\u00f3mo protegemos su informaci\u00f3n:<\/strong><\/p>\n<p>Utilizamos varios m\u00e9todos de seguridad para proteger su informaci\u00f3n. Nunca vemos ni almacenamos los datos de su tarjeta de cr\u00e9dito.<\/p>\n<p><strong>Enlaces de terceros:<\/strong><\/p>\n<p>Es posible que de vez en cuando tengamos enlaces de terceros en nuestro sitio web para su comodidad. Al proporcionar estos enlaces, no asumimos ninguna responsabilidad ni respaldamos necesariamente el sitio web, su contenido o las organizaciones patrocinadoras. Estos sitios tienen sus propias pol\u00edticas de privacidad.<\/p>\n<p><strong>Informaci\u00f3n no identificable recogida:<\/strong><\/p>\n<p>Web service providers such as Google Analytics collect anonymous information from users on our site, such as country and type of electronic device, and present reports to us that help us understand such things as user flow and how the public reaches our website.&nbsp;Please refer to Google Analytics&#8217; privacy policy.<\/p><p style=\"font-size: 18px; font-style: normal; font-weight: 400;\"><span style=\"font-weight: 700;\">Phone numbers:<\/span><\/p><p style=\"font-size: 18px; font-style: normal; font-weight: 400;\">No mobile information will be shared with third parties\/affiliates for marketing\/promotional purposes. All other categories exclude text messaging originator opt-in data and consent; this information will not be shared with any third parties. Message and Data Rates may apply. Message frequency may vary. You can STOP messaging by sending STOP and get more help by sending HELP.<\/p>\n<p><strong>Su uso de nuestro sitio web<\/strong><\/p>\n<p>Su uso de este sitio expresa su consentimiento con nuestra pol\u00edtica de privacidad.<\/p>\n<p><strong>Actualizaciones de la pol\u00edtica de privacidad<\/strong><\/p>\n<p>Cualquier cambio en nuestra pol\u00edtica de privacidad se indicar\u00e1 aqu\u00ed.<\/p>\n<p><\/p>\t\t\t\t\t\t\t\t<\/div>\n\t\t\t\t<\/div>\n\t\t\t\t\t<\/div>\n\t\t\t\t<\/div>\n\t\t\t\t<\/div>","protected":false},"excerpt":{"rendered":"<p>Information we collect: We collect personal information from you when you order, sign up for our emails, fill out online forms on our website, or register at our website. Information we do not collect: We do not collect your credit information. We use PayPal as the payment processor for our online store and payments. PayPal [&hellip;]<\/p>\n","protected":false},"author":2,"featured_media":0,"parent":0,"menu_order":0,"comment_status":"closed","ping_status":"closed","template":"","meta":{"_acf_changed":false,"om_disable_all_campaigns":false,"_monsterinsights_skip_tracking":false,"_monsterinsights_sitenote_active":false,"_monsterinsights_sitenote_note":"","_monsterinsights_sitenote_category":0,"_uf_show_specific_survey":0,"_uf_disable_surveys":false,"site-sidebar-layout":"default","site-content-layout":"default","ast-site-content-layout":"default","site-content-style":"default","site-sidebar-style":"default","ast-global-header-display":"","ast-banner-title-visibility":"","ast-main-header-display":"","ast-hfb-above-header-display":"","ast-hfb-below-header-display":"","ast-hfb-mobile-header-display":"","site-post-title":"","ast-breadcrumbs-content":"","ast-featured-img":"","footer-sml-layout":"","ast-disable-related-posts":"","theme-transparent-header-meta":"default","adv-header-id-meta":"","stick-header-meta":"","header-above-stick-meta":"","header-main-stick-meta":"","header-below-stick-meta":"","astra-migrate-meta-layouts":"default","ast-page-background-enabled":"default","ast-page-background-meta":{"desktop":{"background-color":"","background-image":"","background-repeat":"repeat","background-position":"center center","background-size":"auto","background-attachment":"scroll","background-type":"","background-media":"","overlay-type":"","overlay-color":"","overlay-opacity":"","overlay-gradient":""},"tablet":{"background-color":"","background-image":"","background-repeat":"repeat","background-position":"center center","background-size":"auto","background-attachment":"scroll","background-type":"","background-media":"","overlay-type":"","overlay-color":"","overlay-opacity":"","overlay-gradient":""},"mobile":{"background-color":"","background-image":"","background-repeat":"repeat","background-position":"center center","background-size":"auto","background-attachment":"scroll","background-type":"","background-media":"","overlay-type":"","overlay-color":"","overlay-opacity":"","overlay-gradient":""}},"ast-content-background-meta":{"desktop":{"background-color":"var(--ast-global-color-5)","background-image":"","background-repeat":"repeat","background-position":"center center","background-size":"auto","background-attachment":"scroll","background-type":"","background-media":"","overlay-type":"","overlay-color":"","overlay-opacity":"","overlay-gradient":""},"tablet":{"background-color":"var(--ast-global-color-5)","background-image":"","background-repeat":"repeat","background-position":"center center","background-size":"auto","background-attachment":"scroll","background-type":"","background-media":"","overlay-type":"","overlay-color":"","overlay-opacity":"","overlay-gradient":""},"mobile":{"background-color":"var(--ast-global-color-5)","background-image":"","background-repeat":"repeat","background-position":"center center","background-size":"auto","background-attachment":"scroll","background-type":"","background-media":"","overlay-type":"","overlay-color":"","overlay-opacity":"","overlay-gradient":""}},"footnotes":""},"class_list":["post-1656","page","type-page","status-publish","hentry"],"acf":[],"aioseo_notices":[],"yoast_head":"<!-- This site is optimized with the Yoast SEO plugin v27.2 - https:\/\/yoast.com\/product\/yoast-seo-wordpress\/ -->\n<title>Privacy Policy - The Communal First Saturdays<\/title>\n<meta name=\"description\" content=\"The Communal First Saturdays privacy policy for use of our website. Any changes to our privacy policy will be listed here.\" \/>\n<meta name=\"robots\" content=\"noindex, follow\" \/>\n<meta property=\"og:locale\" content=\"es_MX\" \/>\n<meta property=\"og:type\" content=\"article\" \/>\n<meta property=\"og:title\" content=\"Privacy Policy - The Communal First Saturdays\" \/>\n<meta property=\"og:description\" content=\"The Communal First Saturdays privacy policy for use of our website. Any changes to our privacy policy will be listed here.\" \/>\n<meta property=\"og:url\" content=\"https:\/\/communalfirstsaturdays.org\/es\/privacy-policy\/\" \/>\n<meta property=\"og:site_name\" content=\"The Communal First Saturdays\" \/>\n<meta property=\"article:publisher\" content=\"https:\/\/www.facebook.com\/CommunalFirstSaturdays\/\" \/>\n<meta property=\"article:modified_time\" content=\"2026-02-23T20:34:28+00:00\" \/>\n<meta property=\"og:image\" content=\"https:\/\/communalfirstsaturdays.org\/wp-content\/uploads\/2023\/05\/full-sized-logo-color.jpg\" \/>\n\t<meta property=\"og:image:width\" content=\"1200\" \/>\n\t<meta property=\"og:image:height\" content=\"782\" \/>\n\t<meta property=\"og:image:type\" content=\"image\/jpeg\" \/>\n<meta name=\"twitter:card\" content=\"summary_large_image\" \/>\n<meta name=\"twitter:site\" content=\"@CFSApostolate\" \/>\n<meta name=\"twitter:label1\" content=\"Tiempo de lectura\" \/>\n\t<meta name=\"twitter:data1\" content=\"2 minutos\" \/>\n<script type=\"application\/ld+json\" class=\"yoast-schema-graph\">{\"@context\":\"https:\/\/schema.org\",\"@graph\":[{\"@type\":\"WebPage\",\"@id\":\"https:\/\/communalfirstsaturdays.org\/privacy-policy\/\",\"url\":\"https:\/\/communalfirstsaturdays.org\/privacy-policy\/\",\"name\":\"Privacy Policy - The Communal First Saturdays\",\"isPartOf\":{\"@id\":\"https:\/\/communalfirstsaturdays.org\/#website\"},\"datePublished\":\"2017-09-26T03:08:48+00:00\",\"dateModified\":\"2026-02-23T20:34:28+00:00\",\"description\":\"The Communal First Saturdays privacy policy for use of our website. Any changes to our privacy policy will be listed here.\",\"breadcrumb\":{\"@id\":\"https:\/\/communalfirstsaturdays.org\/privacy-policy\/#breadcrumb\"},\"inLanguage\":\"es\",\"potentialAction\":[{\"@type\":\"ReadAction\",\"target\":[\"https:\/\/communalfirstsaturdays.org\/privacy-policy\/\"]}]},{\"@type\":\"BreadcrumbList\",\"@id\":\"https:\/\/communalfirstsaturdays.org\/privacy-policy\/#breadcrumb\",\"itemListElement\":[{\"@type\":\"ListItem\",\"position\":1,\"name\":\"Home\",\"item\":\"https:\/\/communalfirstsaturdays.org\/\"},{\"@type\":\"ListItem\",\"position\":2,\"name\":\"Privacy Policy\"}]},{\"@type\":\"WebSite\",\"@id\":\"https:\/\/communalfirstsaturdays.org\/#website\",\"url\":\"https:\/\/communalfirstsaturdays.org\/\",\"name\":\"The Communal First Saturdays\",\"description\":\"Power in Prayer Together\",\"publisher\":{\"@id\":\"https:\/\/communalfirstsaturdays.org\/#organization\"},\"potentialAction\":[{\"@type\":\"SearchAction\",\"target\":{\"@type\":\"EntryPoint\",\"urlTemplate\":\"https:\/\/communalfirstsaturdays.org\/?s={search_term_string}\"},\"query-input\":{\"@type\":\"PropertyValueSpecification\",\"valueRequired\":true,\"valueName\":\"search_term_string\"}}],\"inLanguage\":\"es\"},{\"@type\":\"Organization\",\"@id\":\"https:\/\/communalfirstsaturdays.org\/#organization\",\"name\":\"Communal First Saturdays\",\"url\":\"https:\/\/communalfirstsaturdays.org\/\",\"logo\":{\"@type\":\"ImageObject\",\"inLanguage\":\"es\",\"@id\":\"https:\/\/communalfirstsaturdays.org\/#\/schema\/logo\/image\/\",\"url\":\"https:\/\/communalfirstsaturdays.org\/wp-content\/uploads\/2019\/08\/cfs-logo-seo.png\",\"contentUrl\":\"https:\/\/communalfirstsaturdays.org\/wp-content\/uploads\/2019\/08\/cfs-logo-seo.png\",\"width\":800,\"height\":462,\"caption\":\"Communal First Saturdays\"},\"image\":{\"@id\":\"https:\/\/communalfirstsaturdays.org\/#\/schema\/logo\/image\/\"},\"sameAs\":[\"https:\/\/www.facebook.com\/CommunalFirstSaturdays\/\",\"https:\/\/x.com\/CFSApostolate\"]}]}<\/script>\n<!-- \/ Yoast SEO plugin. -->","yoast_head_json":{"title":"Privacy Policy - The Communal First Saturdays","description":"The Communal First Saturdays privacy policy for use of our website. Any changes to our privacy policy will be listed here.","robots":{"index":"noindex","follow":"follow"},"og_locale":"es_MX","og_type":"article","og_title":"Privacy Policy - The Communal First Saturdays","og_description":"The Communal First Saturdays privacy policy for use of our website. Any changes to our privacy policy will be listed here.","og_url":"https:\/\/communalfirstsaturdays.org\/es\/privacy-policy\/","og_site_name":"The Communal First Saturdays","article_publisher":"https:\/\/www.facebook.com\/CommunalFirstSaturdays\/","article_modified_time":"2026-02-23T20:34:28+00:00","og_image":[{"width":1200,"height":782,"url":"https:\/\/communalfirstsaturdays.org\/wp-content\/uploads\/2023\/05\/full-sized-logo-color.jpg","type":"image\/jpeg"}],"twitter_card":"summary_large_image","twitter_site":"@CFSApostolate","twitter_misc":{"Tiempo de lectura":"2 minutos"},"schema":{"@context":"https:\/\/schema.org","@graph":[{"@type":"WebPage","@id":"https:\/\/communalfirstsaturdays.org\/privacy-policy\/","url":"https:\/\/communalfirstsaturdays.org\/privacy-policy\/","name":"Privacy Policy - The Communal First Saturdays","isPartOf":{"@id":"https:\/\/communalfirstsaturdays.org\/#website"},"datePublished":"2017-09-26T03:08:48+00:00","dateModified":"2026-02-23T20:34:28+00:00","description":"The Communal First Saturdays privacy policy for use of our website. Any changes to our privacy policy will be listed here.","breadcrumb":{"@id":"https:\/\/communalfirstsaturdays.org\/privacy-policy\/#breadcrumb"},"inLanguage":"es","potentialAction":[{"@type":"ReadAction","target":["https:\/\/communalfirstsaturdays.org\/privacy-policy\/"]}]},{"@type":"BreadcrumbList","@id":"https:\/\/communalfirstsaturdays.org\/privacy-policy\/#breadcrumb","itemListElement":[{"@type":"ListItem","position":1,"name":"Home","item":"https:\/\/communalfirstsaturdays.org\/"},{"@type":"ListItem","position":2,"name":"Privacy Policy"}]},{"@type":"WebSite","@id":"https:\/\/communalfirstsaturdays.org\/#website","url":"https:\/\/communalfirstsaturdays.org\/","name":"The Communal First Saturdays","description":"El poder de rezar juntos","publisher":{"@id":"https:\/\/communalfirstsaturdays.org\/#organization"},"potentialAction":[{"@type":"SearchAction","target":{"@type":"EntryPoint","urlTemplate":"https:\/\/communalfirstsaturdays.org\/?s={search_term_string}"},"query-input":{"@type":"PropertyValueSpecification","valueRequired":true,"valueName":"search_term_string"}}],"inLanguage":"es"},{"@type":"Organization","@id":"https:\/\/communalfirstsaturdays.org\/#organization","name":"Los Primeros S\u00e1bados Comunitarios","url":"https:\/\/communalfirstsaturdays.org\/","logo":{"@type":"ImageObject","inLanguage":"es","@id":"https:\/\/communalfirstsaturdays.org\/#\/schema\/logo\/image\/","url":"https:\/\/communalfirstsaturdays.org\/wp-content\/uploads\/2019\/08\/cfs-logo-seo.png","contentUrl":"https:\/\/communalfirstsaturdays.org\/wp-content\/uploads\/2019\/08\/cfs-logo-seo.png","width":800,"height":462,"caption":"Communal First Saturdays"},"image":{"@id":"https:\/\/communalfirstsaturdays.org\/#\/schema\/logo\/image\/"},"sameAs":["https:\/\/www.facebook.com\/CommunalFirstSaturdays\/","https:\/\/x.com\/CFSApostolate"]}]}},"_links":{"self":[{"href":"https:\/\/communalfirstsaturdays.org\/es\/wp-json\/wp\/v2\/pages\/1656","targetHints":{"allow":["GET"]}}],"collection":[{"href":"https:\/\/communalfirstsaturdays.org\/es\/wp-json\/wp\/v2\/pages"}],"about":[{"href":"https:\/\/communalfirstsaturdays.org\/es\/wp-json\/wp\/v2\/types\/page"}],"author":[{"embeddable":true,"href":"https:\/\/communalfirstsaturdays.org\/es\/wp-json\/wp\/v2\/users\/2"}],"replies":[{"embeddable":true,"href":"https:\/\/communalfirstsaturdays.org\/es\/wp-json\/wp\/v2\/comments?post=1656"}],"version-history":[{"count":13,"href":"https:\/\/communalfirstsaturdays.org\/es\/wp-json\/wp\/v2\/pages\/1656\/revisions"}],"predecessor-version":[{"id":21409,"href":"https:\/\/communalfirstsaturdays.org\/es\/wp-json\/wp\/v2\/pages\/1656\/revisions\/21409"}],"wp:attachment":[{"href":"https:\/\/communalfirstsaturdays.org\/es\/wp-json\/wp\/v2\/media?parent=1656"}],"curies":[{"name":"wp","href":"https:\/\/api.w.org\/{rel}","templated":true}]}}