{"id":18507,"date":"2024-12-10T19:31:18","date_gmt":"2024-12-10T19:31:18","guid":{"rendered":"https:\/\/communalfirstsaturdays.org\/?page_id=18507"},"modified":"2024-12-12T21:31:13","modified_gmt":"2024-12-12T21:31:13","slug":"gruposdeestudo-livro","status":"publish","type":"page","link":"https:\/\/communalfirstsaturdays.org\/es\/gruposdeestudo-livro\/","title":{"rendered":"Livro F\u00e1tima e os Primeiros S\u00e1bados para Grupos de Estudo"},"content":{"rendered":"<div data-elementor-type=\"wp-page\" data-elementor-id=\"18507\" class=\"elementor elementor-18507\" data-elementor-post-type=\"page\">\n\t\t\t\t\t\t<section class=\"elementor-section elementor-top-section elementor-element elementor-element-f4129da elementor-section-boxed elementor-section-height-default elementor-section-height-default\" data-id=\"f4129da\" data-element_type=\"section\" data-e-type=\"section\" data-settings=\"{&quot;jet_parallax_layout_list&quot;:[]}\">\n\t\t\t\t\t\t<div class=\"elementor-container elementor-column-gap-default\">\n\t\t\t\t\t<div class=\"elementor-column elementor-col-100 elementor-top-column elementor-element elementor-element-a00135e\" data-id=\"a00135e\" data-element_type=\"column\" data-e-type=\"column\">\n\t\t\t<div class=\"elementor-widget-wrap elementor-element-populated\">\n\t\t\t\t\t\t<div class=\"elementor-element elementor-element-435da6f elementor-widget__width-initial elementor-widget elementor-widget-text-editor\" data-id=\"435da6f\" data-element_type=\"widget\" data-e-type=\"widget\" data-widget_type=\"text-editor.default\">\n\t\t\t\t<div class=\"elementor-widget-container\">\n\t\t\t\t\t\t\t\t\t<p><span style=\"background-color: var( --e-global-color-04310f9 ); color: var( --e-global-color-text ); font-family: var( --e-global-typography-text-font-family ), Sans-serif; font-style: inherit; font-weight: inherit;\">\u00a1Hola! Puede comprar el libro en nuestro sitio del Apostolado de los Primeros S\u00e1bados Comunitarios, a trav\u00e9s de Amazon o de cualquier otro sitio indicado m\u00e1s abajo.<\/span><\/p>\n<ul>\n<li><strong><span style=\"font-style: inherit; color: var( --e-global-color-text ); font-family: var( --e-global-typography-text-font-family ), Sans-serif; background-color: var( --e-global-color-04310f9 );\">Adquiera el libro a trav\u00e9s de nuestra p\u00e1gina web (s\u00f3lo para residentes en la UE).<\/span><\/strong><\/li>\n<\/ul>\n<p><span style=\"font-style: inherit; font-weight: inherit; color: var( --e-global-color-text ); font-family: var( --e-global-typography-text-font-family ), Sans-serif; background-color: var( --e-global-color-04310f9 );\">Adquiera el libro a trav\u00e9s de nuestro sitio web haciendo clic en <a href=\"https:\/\/communalfirstsaturdays.org\/es\/shop\/fatima-e-os-primeiros-sabados\/\">aqu\u00ed<\/a>.<\/span><\/p>\n<ul>\n<li><span style=\"font-weight: bold;\"><span style=\"font-style: inherit; color: var( --e-global-color-text ); font-family: var( --e-global-typography-text-font-family ), Sans-serif; background-color: var( --e-global-color-04310f9 );\">Obtenga el libro a trav\u00e9s de Amazon (EUA and fora dos EUA).<\/span><\/span><\/li>\n<\/ul>\n<p><span style=\"font-style: inherit; font-weight: inherit; color: var( --e-global-color-text ); font-family: var( --e-global-typography-text-font-family ), Sans-serif; background-color: var( --e-global-color-04310f9 );\">Puede comprarlo en Amazon o en cualquier otra librer\u00eda indicada m\u00e1s abajo. Certif\u00edquese de que ha obtenido la edici\u00f3n de libro de bolsillo, ya que nos referimos a los n\u00fameros de las p\u00e1ginas en los grupos de estudio. \u00a1Adquiera el suyo a tiempo!<\/span><\/p>\n<p><span style=\"font-style: inherit; font-weight: inherit; color: var( --e-global-color-text ); font-family: var( --e-global-typography-text-font-family ), Sans-serif; background-color: var( --e-global-color-04310f9 );\">Selecciona el mercado Amazon m\u00e1s cercano de si:<\/span><\/p>\n<ol>\n<li>Amazon Estados Unidos: <a href=\"https:\/\/a.co\/d\/h41Cwu3\">Haga clic aqu\u00ed<\/a><\/li>\n<li>Amazon M\u00e9xico: <a href=\"https:\/\/www.amazon.com.mx\/F%C3%A1tima-os-Primeiros-S%C3%A1bados-Portuguese\/dp\/1951233131\/ref=sr_1_1?__mk_es_MX=%C3%85M%C3%85%C5%BD%C3%95%C3%91&amp;crid=20QKUJE8T899A&amp;dib=eyJ2IjoiMSJ9.73ubErPjeq3tDb8DpgwVWfV1efftZLVGf2AjUgAMaUgGsL329GwS6S0oZ27IbvNK7fBxoklpHfkwYfYMfg2iHIoEgvGea8w9MtfY7018j06iw_3ANojHxajY21vcQw11dsl4xeCKtOjdjAucwa7F630rVhPErwFBdSd68zNKTmoORMVkty0mR9rpECoH127_.DbMNe0TYYwxZ3KV4AjhHguWI_ISfe8Gm4i3i2uKzq_0&amp;dib_tag=se&amp;keywords=fatima+e+os+primeiros+sabados&amp;qid=1733859855&amp;sprefix=fatima+e+os+primeiros+sabados%2Caps%2C117&amp;sr=8-1&amp;ufe=app_do%3Aamzn1.fos.de93fa6a-174c-4df7-be7c-5bc8e9c5a71b\">Haga clic aqu\u00ed<\/a><\/li>\n<li>Amazon Espa\u00f1a (tambi\u00e9n para Portugal e Irlanda): <a href=\"https:\/\/amzn.eu\/d\/93chEtZ\">Haga clic aqu\u00ed<\/a><\/li>\n<li>Amazon Francia (tambi\u00e9n para Irlanda): <a href=\"https:\/\/amzn.eu\/d\/dRPhyvl\">Haga clic aqu\u00ed<\/a><\/li><\/ol>\t\t\t\t\t\t\t\t<\/div>\n\t\t\t\t<\/div>\n\t\t\t\t\t<\/div>\n\t\t<\/div>\n\t\t\t\t\t<\/div>\n\t\t<\/section>\n\t\t\t\t<section class=\"elementor-section elementor-top-section elementor-element elementor-element-3351523 elementor-section-boxed elementor-section-height-default elementor-section-height-default\" data-id=\"3351523\" data-element_type=\"section\" data-e-type=\"section\" data-settings=\"{&quot;jet_parallax_layout_list&quot;:[]}\">\n\t\t\t\t\t\t<div class=\"elementor-container elementor-column-gap-default\">\n\t\t\t\t\t<div class=\"elementor-column elementor-col-100 elementor-top-column elementor-element elementor-element-695d6d5\" data-id=\"695d6d5\" data-element_type=\"column\" data-e-type=\"column\">\n\t\t\t<div class=\"elementor-widget-wrap elementor-element-populated\">\n\t\t\t\t\t\t<div class=\"elementor-element elementor-element-b2415fc elementor-widget__width-initial elementor-widget elementor-widget-image\" data-id=\"b2415fc\" data-element_type=\"widget\" data-e-type=\"widget\" data-widget_type=\"image.default\">\n\t\t\t\t<div class=\"elementor-widget-container\">\n\t\t\t\t\t\t\t\t\t\t\t\t\t\t\t<img fetchpriority=\"high\" decoding=\"async\" width=\"768\" height=\"1166\" src=\"https:\/\/communalfirstsaturdays.org\/wp-content\/uploads\/2024\/12\/Screenshot-2024-11-25-at-3.23.18\u202fp.m-768x1166.png\" class=\"attachment-medium_large size-medium_large wp-image-18516\" alt=\"\" srcset=\"https:\/\/communalfirstsaturdays.org\/wp-content\/uploads\/2024\/12\/Screenshot-2024-11-25-at-3.23.18\u202fp.m-768x1166.png 768w, https:\/\/communalfirstsaturdays.org\/wp-content\/uploads\/2024\/12\/Screenshot-2024-11-25-at-3.23.18\u202fp.m-198x300.png 198w, https:\/\/communalfirstsaturdays.org\/wp-content\/uploads\/2024\/12\/Screenshot-2024-11-25-at-3.23.18\u202fp.m-674x1024.png 674w, https:\/\/communalfirstsaturdays.org\/wp-content\/uploads\/2024\/12\/Screenshot-2024-11-25-at-3.23.18\u202fp.m-8x12.png 8w, https:\/\/communalfirstsaturdays.org\/wp-content\/uploads\/2024\/12\/Screenshot-2024-11-25-at-3.23.18\u202fp.m.png 906w\" sizes=\"(max-width: 768px) 100vw, 768px\" \/>\t\t\t\t\t\t\t\t\t\t\t\t\t\t\t<\/div>\n\t\t\t\t<\/div>\n\t\t\t\t\t<\/div>\n\t\t<\/div>\n\t\t\t\t\t<\/div>\n\t\t<\/section>\n\t\t\t\t<\/div>","protected":false},"excerpt":{"rendered":"<p>Ol\u00e1! Pode comprar o livro no nosso site do Apostolado dos Primeiros S\u00e1bados Comunit\u00e1rios, via Amazon ou outro livreiro indicado abaixo. Adquira o livro atrav\u00e9s do nosso site (apenas para quem vive nos EUA). Adquira o livro atrav\u00e9s do nosso site clicando aqui. Obtenha o livro via Amazon (EUA e fora dos EUA). Pode compr\u00e1-lo [&hellip;]<\/p>\n","protected":false},"author":68,"featured_media":0,"parent":0,"menu_order":0,"comment_status":"closed","ping_status":"closed","template":"","meta":{"_acf_changed":false,"om_disable_all_campaigns":false,"_monsterinsights_skip_tracking":false,"_monsterinsights_sitenote_active":false,"_monsterinsights_sitenote_note":"","_monsterinsights_sitenote_category":0,"_uf_show_specific_survey":0,"_uf_disable_surveys":false,"site-sidebar-layout":"no-sidebar","site-content-layout":"page-builder","ast-site-content-layout":"full-width-container","site-content-style":"unboxed","site-sidebar-style":"unboxed","ast-global-header-display":"","ast-banner-title-visibility":"","ast-main-header-display":"","ast-hfb-above-header-display":"","ast-hfb-below-header-display":"","ast-hfb-mobile-header-display":"","site-post-title":"disabled","ast-breadcrumbs-content":"","ast-featured-img":"disabled","footer-sml-layout":"","ast-disable-related-posts":"","theme-transparent-header-meta":"default","adv-header-id-meta":"","stick-header-meta":"","header-above-stick-meta":"","header-main-stick-meta":"","header-below-stick-meta":"","astra-migrate-meta-layouts":"set","ast-page-background-enabled":"default","ast-page-background-meta":{"desktop":{"background-color":"","background-image":"","background-repeat":"repeat","background-position":"center center","background-size":"auto","background-attachment":"scroll","background-type":"","background-media":"","overlay-type":"","overlay-color":"","overlay-opacity":"","overlay-gradient":""},"tablet":{"background-color":"","background-image":"","background-repeat":"repeat","background-position":"center center","background-size":"auto","background-attachment":"scroll","background-type":"","background-media":"","overlay-type":"","overlay-color":"","overlay-opacity":"","overlay-gradient":""},"mobile":{"background-color":"","background-image":"","background-repeat":"repeat","background-position":"center center","background-size":"auto","background-attachment":"scroll","background-type":"","background-media":"","overlay-type":"","overlay-color":"","overlay-opacity":"","overlay-gradient":""}},"ast-content-background-meta":{"desktop":{"background-color":"var(--ast-global-color-5)","background-image":"","background-repeat":"repeat","background-position":"center center","background-size":"auto","background-attachment":"scroll","background-type":"","background-media":"","overlay-type":"","overlay-color":"","overlay-opacity":"","overlay-gradient":""},"tablet":{"background-color":"var(--ast-global-color-5)","background-image":"","background-repeat":"repeat","background-position":"center center","background-size":"auto","background-attachment":"scroll","background-type":"","background-media":"","overlay-type":"","overlay-color":"","overlay-opacity":"","overlay-gradient":""},"mobile":{"background-color":"var(--ast-global-color-5)","background-image":"","background-repeat":"repeat","background-position":"center center","background-size":"auto","background-attachment":"scroll","background-type":"","background-media":"","overlay-type":"","overlay-color":"","overlay-opacity":"","overlay-gradient":""}},"footnotes":""},"class_list":["post-18507","page","type-page","status-publish","hentry"],"acf":[],"aioseo_notices":[],"yoast_head":"<!-- This site is optimized with the Yoast SEO plugin v27.4 - https:\/\/yoast.com\/product\/yoast-seo-wordpress\/ -->\n<title>Livro F\u00e1tima e os Primeiros S\u00e1bados para Grupos de Estudo - The Communal First Saturdays<\/title>\n<meta name=\"robots\" content=\"index, follow, max-snippet:-1, max-image-preview:large, max-video-preview:-1\" \/>\n<link rel=\"canonical\" href=\"https:\/\/communalfirstsaturdays.org\/es\/gruposdeestudo-livro\/\" \/>\n<meta property=\"og:locale\" content=\"es_MX\" \/>\n<meta property=\"og:type\" content=\"article\" \/>\n<meta property=\"og:title\" content=\"Livro F\u00e1tima e os Primeiros S\u00e1bados para Grupos de Estudo - The Communal First Saturdays\" \/>\n<meta property=\"og:description\" content=\"Ol\u00e1! Pode comprar o livro no nosso site do Apostolado dos Primeiros S\u00e1bados Comunit\u00e1rios, via Amazon ou outro livreiro indicado abaixo. Adquira o livro atrav\u00e9s do nosso site (apenas para quem vive nos EUA). Adquira o livro atrav\u00e9s do nosso site clicando aqui. Obtenha o livro via Amazon (EUA e fora dos EUA). Pode compr\u00e1-lo [&hellip;]\" \/>\n<meta property=\"og:url\" content=\"https:\/\/communalfirstsaturdays.org\/es\/gruposdeestudo-livro\/\" \/>\n<meta property=\"og:site_name\" content=\"The Communal First Saturdays\" \/>\n<meta property=\"article:publisher\" content=\"https:\/\/www.facebook.com\/CommunalFirstSaturdays\/\" \/>\n<meta property=\"article:modified_time\" content=\"2024-12-12T21:31:13+00:00\" \/>\n<meta property=\"og:image\" content=\"https:\/\/communalfirstsaturdays.org\/wp-content\/uploads\/2023\/05\/full-sized-logo-color.jpg\" \/>\n\t<meta property=\"og:image:width\" content=\"1200\" \/>\n\t<meta property=\"og:image:height\" content=\"782\" \/>\n\t<meta property=\"og:image:type\" content=\"image\/jpeg\" \/>\n<meta name=\"twitter:card\" content=\"summary_large_image\" \/>\n<meta name=\"twitter:site\" content=\"@CFSApostolate\" \/>\n<meta name=\"twitter:label1\" content=\"Tiempo de lectura\" \/>\n\t<meta name=\"twitter:data1\" content=\"1 minuto\" \/>\n<script type=\"application\/ld+json\" class=\"yoast-schema-graph\">{\"@context\":\"https:\\\/\\\/schema.org\",\"@graph\":[{\"@type\":\"WebPage\",\"@id\":\"https:\\\/\\\/communalfirstsaturdays.org\\\/gruposdeestudo-livro\\\/\",\"url\":\"https:\\\/\\\/communalfirstsaturdays.org\\\/gruposdeestudo-livro\\\/\",\"name\":\"Livro F\u00e1tima e os Primeiros S\u00e1bados para Grupos de Estudo - The Communal First Saturdays\",\"isPartOf\":{\"@id\":\"https:\\\/\\\/communalfirstsaturdays.org\\\/#website\"},\"datePublished\":\"2024-12-10T19:31:18+00:00\",\"dateModified\":\"2024-12-12T21:31:13+00:00\",\"breadcrumb\":{\"@id\":\"https:\\\/\\\/communalfirstsaturdays.org\\\/gruposdeestudo-livro\\\/#breadcrumb\"},\"inLanguage\":\"es\",\"potentialAction\":[{\"@type\":\"ReadAction\",\"target\":[\"https:\\\/\\\/communalfirstsaturdays.org\\\/gruposdeestudo-livro\\\/\"]}]},{\"@type\":\"BreadcrumbList\",\"@id\":\"https:\\\/\\\/communalfirstsaturdays.org\\\/gruposdeestudo-livro\\\/#breadcrumb\",\"itemListElement\":[{\"@type\":\"ListItem\",\"position\":1,\"name\":\"Home\",\"item\":\"https:\\\/\\\/communalfirstsaturdays.org\\\/\"},{\"@type\":\"ListItem\",\"position\":2,\"name\":\"Livro F\u00e1tima e os Primeiros S\u00e1bados para Grupos de Estudo\"}]},{\"@type\":\"WebSite\",\"@id\":\"https:\\\/\\\/communalfirstsaturdays.org\\\/#website\",\"url\":\"https:\\\/\\\/communalfirstsaturdays.org\\\/\",\"name\":\"The Communal First Saturdays\",\"description\":\"Power in Prayer Together\",\"publisher\":{\"@id\":\"https:\\\/\\\/communalfirstsaturdays.org\\\/#organization\"},\"potentialAction\":[{\"@type\":\"SearchAction\",\"target\":{\"@type\":\"EntryPoint\",\"urlTemplate\":\"https:\\\/\\\/communalfirstsaturdays.org\\\/?s={search_term_string}\"},\"query-input\":{\"@type\":\"PropertyValueSpecification\",\"valueRequired\":true,\"valueName\":\"search_term_string\"}}],\"inLanguage\":\"es\"},{\"@type\":\"Organization\",\"@id\":\"https:\\\/\\\/communalfirstsaturdays.org\\\/#organization\",\"name\":\"Communal First Saturdays\",\"url\":\"https:\\\/\\\/communalfirstsaturdays.org\\\/\",\"logo\":{\"@type\":\"ImageObject\",\"inLanguage\":\"es\",\"@id\":\"https:\\\/\\\/communalfirstsaturdays.org\\\/#\\\/schema\\\/logo\\\/image\\\/\",\"url\":\"https:\\\/\\\/communalfirstsaturdays.org\\\/wp-content\\\/uploads\\\/2019\\\/08\\\/cfs-logo-seo.png\",\"contentUrl\":\"https:\\\/\\\/communalfirstsaturdays.org\\\/wp-content\\\/uploads\\\/2019\\\/08\\\/cfs-logo-seo.png\",\"width\":800,\"height\":462,\"caption\":\"Communal First Saturdays\"},\"image\":{\"@id\":\"https:\\\/\\\/communalfirstsaturdays.org\\\/#\\\/schema\\\/logo\\\/image\\\/\"},\"sameAs\":[\"https:\\\/\\\/www.facebook.com\\\/CommunalFirstSaturdays\\\/\",\"https:\\\/\\\/x.com\\\/CFSApostolate\"]}]}<\/script>\n<!-- \/ Yoast SEO plugin. -->","yoast_head_json":{"title":"Livro F\u00e1tima e os Primeiros S\u00e1bados para Grupos de Estudo - The Communal First Saturdays","robots":{"index":"index","follow":"follow","max-snippet":"max-snippet:-1","max-image-preview":"max-image-preview:large","max-video-preview":"max-video-preview:-1"},"canonical":"https:\/\/communalfirstsaturdays.org\/es\/gruposdeestudo-livro\/","og_locale":"es_MX","og_type":"article","og_title":"Livro F\u00e1tima e os Primeiros S\u00e1bados para Grupos de Estudo - The Communal First Saturdays","og_description":"Ol\u00e1! Pode comprar o livro no nosso site do Apostolado dos Primeiros S\u00e1bados Comunit\u00e1rios, via Amazon ou outro livreiro indicado abaixo. Adquira o livro atrav\u00e9s do nosso site (apenas para quem vive nos EUA). Adquira o livro atrav\u00e9s do nosso site clicando aqui. Obtenha o livro via Amazon (EUA e fora dos EUA). Pode compr\u00e1-lo [&hellip;]","og_url":"https:\/\/communalfirstsaturdays.org\/es\/gruposdeestudo-livro\/","og_site_name":"The Communal First Saturdays","article_publisher":"https:\/\/www.facebook.com\/CommunalFirstSaturdays\/","article_modified_time":"2024-12-12T21:31:13+00:00","og_image":[{"width":1200,"height":782,"url":"https:\/\/communalfirstsaturdays.org\/wp-content\/uploads\/2023\/05\/full-sized-logo-color.jpg","type":"image\/jpeg"}],"twitter_card":"summary_large_image","twitter_site":"@CFSApostolate","twitter_misc":{"Tiempo de lectura":"1 minuto"},"schema":{"@context":"https:\/\/schema.org","@graph":[{"@type":"WebPage","@id":"https:\/\/communalfirstsaturdays.org\/gruposdeestudo-livro\/","url":"https:\/\/communalfirstsaturdays.org\/gruposdeestudo-livro\/","name":"Livro F\u00e1tima e os Primeiros S\u00e1bados para Grupos de Estudo - The Communal First Saturdays","isPartOf":{"@id":"https:\/\/communalfirstsaturdays.org\/#website"},"datePublished":"2024-12-10T19:31:18+00:00","dateModified":"2024-12-12T21:31:13+00:00","breadcrumb":{"@id":"https:\/\/communalfirstsaturdays.org\/gruposdeestudo-livro\/#breadcrumb"},"inLanguage":"es","potentialAction":[{"@type":"ReadAction","target":["https:\/\/communalfirstsaturdays.org\/gruposdeestudo-livro\/"]}]},{"@type":"BreadcrumbList","@id":"https:\/\/communalfirstsaturdays.org\/gruposdeestudo-livro\/#breadcrumb","itemListElement":[{"@type":"ListItem","position":1,"name":"Home","item":"https:\/\/communalfirstsaturdays.org\/"},{"@type":"ListItem","position":2,"name":"Livro F\u00e1tima e os Primeiros S\u00e1bados para Grupos de Estudo"}]},{"@type":"WebSite","@id":"https:\/\/communalfirstsaturdays.org\/#website","url":"https:\/\/communalfirstsaturdays.org\/","name":"The Communal First Saturdays","description":"El poder de rezar juntos","publisher":{"@id":"https:\/\/communalfirstsaturdays.org\/#organization"},"potentialAction":[{"@type":"SearchAction","target":{"@type":"EntryPoint","urlTemplate":"https:\/\/communalfirstsaturdays.org\/?s={search_term_string}"},"query-input":{"@type":"PropertyValueSpecification","valueRequired":true,"valueName":"search_term_string"}}],"inLanguage":"es"},{"@type":"Organization","@id":"https:\/\/communalfirstsaturdays.org\/#organization","name":"Los Primeros S\u00e1bados Comunitarios","url":"https:\/\/communalfirstsaturdays.org\/","logo":{"@type":"ImageObject","inLanguage":"es","@id":"https:\/\/communalfirstsaturdays.org\/#\/schema\/logo\/image\/","url":"https:\/\/communalfirstsaturdays.org\/wp-content\/uploads\/2019\/08\/cfs-logo-seo.png","contentUrl":"https:\/\/communalfirstsaturdays.org\/wp-content\/uploads\/2019\/08\/cfs-logo-seo.png","width":800,"height":462,"caption":"Communal First Saturdays"},"image":{"@id":"https:\/\/communalfirstsaturdays.org\/#\/schema\/logo\/image\/"},"sameAs":["https:\/\/www.facebook.com\/CommunalFirstSaturdays\/","https:\/\/x.com\/CFSApostolate"]}]}},"_links":{"self":[{"href":"https:\/\/communalfirstsaturdays.org\/es\/wp-json\/wp\/v2\/pages\/18507","targetHints":{"allow":["GET"]}}],"collection":[{"href":"https:\/\/communalfirstsaturdays.org\/es\/wp-json\/wp\/v2\/pages"}],"about":[{"href":"https:\/\/communalfirstsaturdays.org\/es\/wp-json\/wp\/v2\/types\/page"}],"author":[{"embeddable":true,"href":"https:\/\/communalfirstsaturdays.org\/es\/wp-json\/wp\/v2\/users\/68"}],"replies":[{"embeddable":true,"href":"https:\/\/communalfirstsaturdays.org\/es\/wp-json\/wp\/v2\/comments?post=18507"}],"version-history":[{"count":16,"href":"https:\/\/communalfirstsaturdays.org\/es\/wp-json\/wp\/v2\/pages\/18507\/revisions"}],"predecessor-version":[{"id":18582,"href":"https:\/\/communalfirstsaturdays.org\/es\/wp-json\/wp\/v2\/pages\/18507\/revisions\/18582"}],"wp:attachment":[{"href":"https:\/\/communalfirstsaturdays.org\/es\/wp-json\/wp\/v2\/media?parent=18507"}],"curies":[{"name":"wp","href":"https:\/\/api.w.org\/{rel}","templated":true}]}}