{"id":1879,"date":"2018-04-13T20:07:05","date_gmt":"2018-04-13T20:07:05","guid":{"rendered":"https:\/\/45d855c02b.nxcli.net\/?page_id=1879"},"modified":"2020-03-26T20:38:07","modified_gmt":"2020-03-26T20:38:07","slug":"ewtn","status":"publish","type":"page","link":"https:\/\/communalfirstsaturdays.org\/es\/ewtn\/","title":{"rendered":"El Apostolado de los Primeros S\u00e1bados Comunitarios en EWTN"},"content":{"rendered":"<p>La Dra. Katrina Leyden, presidenta y cofundadora del Apostolado de los Primeros S\u00e1bados Comunitarios (APSC), fue entrevistada por EWTN en el programa <em><span style=\"font-family: Times;\">At Home with Jim and Joy.<\/span><\/em> Las partes 1 y 2 pueden verse a continuaci\u00f3n.<\/p>\n<h2 style=\"text-align: center;\"><strong>Parte 1<\/strong><\/h2>\n<p style=\"text-align: center;\"><figure class=\"wp-block-embed wp-block-embed-youtube is-type-video is-provider-youtube epyt-figure\"><div class=\"wp-block-embed__wrapper\"><iframe  id=\"_ytid_67567\"  width=\"480\" height=\"270\"  data-origwidth=\"480\" data-origheight=\"270\" src=\"https:\/\/www.youtube.com\/embed\/7dh1ftNY1ow?enablejsapi=1&origin=https:\/\/communalfirstsaturdays.org&rel=0&autoplay=0&cc_load_policy=0&cc_lang_pref=&iv_load_policy=1&loop=0&fs=1&playsinline=0&autohide=2&theme=dark&color=red&controls=1&disablekb=0&\" class=\"__youtube_prefs__  no-lazyload\" title=\"Reproductor de YouTube\"  allow=\"fullscreen; accelerometer; autoplay; clipboard-write; encrypted-media; gyroscope; picture-in-picture; web-share\" referrerpolicy=\"strict-origin-when-cross-origin\" allowfullscreen data-no-lazy=\"1\" data-skipgform_ajax_framebjll=\"\"><\/iframe><\/div><\/figure><\/p>\n<h2 style=\"text-align: center;\"><strong>Parte 2<\/strong><\/h2>\n<p style=\"text-align: center;\"><figure class=\"wp-block-embed wp-block-embed-youtube is-type-video is-provider-youtube epyt-figure\"><div class=\"wp-block-embed__wrapper\"><iframe  id=\"_ytid_92128\"  width=\"480\" height=\"270\"  data-origwidth=\"480\" data-origheight=\"270\" src=\"https:\/\/www.youtube.com\/embed\/7zgBihCeBM4?enablejsapi=1&origin=https:\/\/communalfirstsaturdays.org&rel=0&autoplay=0&cc_load_policy=0&cc_lang_pref=&iv_load_policy=1&loop=0&fs=1&playsinline=0&autohide=2&theme=dark&color=red&controls=1&disablekb=0&\" class=\"__youtube_prefs__  no-lazyload\" title=\"Reproductor de YouTube\"  allow=\"fullscreen; accelerometer; autoplay; clipboard-write; encrypted-media; gyroscope; picture-in-picture; web-share\" referrerpolicy=\"strict-origin-when-cross-origin\" allowfullscreen data-no-lazy=\"1\" data-skipgform_ajax_framebjll=\"\"><\/iframe><\/div><\/figure><\/p>\n<h2><strong>Art\u00edculo de EWTN sobre el APSC<\/strong><\/h2>\n<p>Para ver el art\u00edculo presione <a href=\"https:\/\/insideewtn.com\/2018\/05\/01\/you-can-help-save-souls-and-bring-peace-to-the-world-heres-how\/\">aqu\u00ed<\/a>.<\/p>\n<p><a href=\"http:\/\/www.ewtn.com\/everywhere\/\"><img fetchpriority=\"high\" decoding=\"async\" class=\"aligncenter wp-image-1891 size-full\" src=\"https:\/\/communalfirstsaturdays.org\/wp-content\/uploads\/2018\/04\/z720x150EWTN.jpg\" alt=\"\" width=\"720\" height=\"150\" srcset=\"https:\/\/communalfirstsaturdays.org\/wp-content\/uploads\/2018\/04\/z720x150EWTN.jpg 720w, https:\/\/communalfirstsaturdays.org\/wp-content\/uploads\/2018\/04\/z720x150EWTN-300x63.jpg 300w, https:\/\/communalfirstsaturdays.org\/wp-content\/uploads\/2018\/04\/z720x150EWTN-500x104.jpg 500w\" sizes=\"(max-width: 720px) 100vw, 720px\" \/><\/a><\/p>\n<p id=\"iwYOsyT\">","protected":false},"excerpt":{"rendered":"<p>Katrina Leyden, PhD, Presidenta y Cofundadora del Apostolado Comunal de los Primeros S\u00e1bados (CFSA), fue entrevistada en el programa de televisi\u00f3n At Home with Jim and Joy de EWTN. Parte 1 y Parte 2 se pueden ver a continuaci\u00f3n. Parte 1 Parte 2 Art\u00edculo de EWTN sobre el CFSA Por favor vea el art\u00edculo aqu\u00ed.<\/p>","protected":false},"author":2,"featured_media":0,"parent":0,"menu_order":0,"comment_status":"closed","ping_status":"closed","template":"","meta":{"_acf_changed":false,"om_disable_all_campaigns":false,"_monsterinsights_skip_tracking":false,"_monsterinsights_sitenote_active":false,"_monsterinsights_sitenote_note":"","_monsterinsights_sitenote_category":0,"_uf_show_specific_survey":0,"_uf_disable_surveys":false,"site-sidebar-layout":"default","site-content-layout":"","ast-site-content-layout":"default","site-content-style":"default","site-sidebar-style":"default","ast-global-header-display":"","ast-banner-title-visibility":"","ast-main-header-display":"","ast-hfb-above-header-display":"","ast-hfb-below-header-display":"","ast-hfb-mobile-header-display":"","site-post-title":"","ast-breadcrumbs-content":"","ast-featured-img":"","footer-sml-layout":"","ast-disable-related-posts":"","theme-transparent-header-meta":"","adv-header-id-meta":"","stick-header-meta":"","header-above-stick-meta":"","header-main-stick-meta":"","header-below-stick-meta":"","astra-migrate-meta-layouts":"default","ast-page-background-enabled":"default","ast-page-background-meta":{"desktop":{"background-color":"","background-image":"","background-repeat":"repeat","background-position":"center center","background-size":"auto","background-attachment":"scroll","background-type":"","background-media":"","overlay-type":"","overlay-color":"","overlay-opacity":"","overlay-gradient":""},"tablet":{"background-color":"","background-image":"","background-repeat":"repeat","background-position":"center center","background-size":"auto","background-attachment":"scroll","background-type":"","background-media":"","overlay-type":"","overlay-color":"","overlay-opacity":"","overlay-gradient":""},"mobile":{"background-color":"","background-image":"","background-repeat":"repeat","background-position":"center center","background-size":"auto","background-attachment":"scroll","background-type":"","background-media":"","overlay-type":"","overlay-color":"","overlay-opacity":"","overlay-gradient":""}},"ast-content-background-meta":{"desktop":{"background-color":"var(--ast-global-color-5)","background-image":"","background-repeat":"repeat","background-position":"center center","background-size":"auto","background-attachment":"scroll","background-type":"","background-media":"","overlay-type":"","overlay-color":"","overlay-opacity":"","overlay-gradient":""},"tablet":{"background-color":"var(--ast-global-color-5)","background-image":"","background-repeat":"repeat","background-position":"center center","background-size":"auto","background-attachment":"scroll","background-type":"","background-media":"","overlay-type":"","overlay-color":"","overlay-opacity":"","overlay-gradient":""},"mobile":{"background-color":"var(--ast-global-color-5)","background-image":"","background-repeat":"repeat","background-position":"center center","background-size":"auto","background-attachment":"scroll","background-type":"","background-media":"","overlay-type":"","overlay-color":"","overlay-opacity":"","overlay-gradient":""}},"footnotes":""},"class_list":["post-1879","page","type-page","status-publish","hentry"],"acf":[],"aioseo_notices":[],"yoast_head":"<!-- This site is optimized with the Yoast SEO plugin v27.4 - https:\/\/yoast.com\/product\/yoast-seo-wordpress\/ -->\n<title>The Communal First Saturdays Apostolate on EWTN! - The Communal First Saturdays<\/title>\n<meta name=\"description\" content=\"See below for the interview of Dr. Katrina Leyden, the Communal First Saturdays&#039; President and Co-Founder, on EWTN\u2019s, &quot;At Home with Jim and Joy.&quot;\" \/>\n<meta name=\"robots\" content=\"index, follow, max-snippet:-1, max-image-preview:large, max-video-preview:-1\" \/>\n<link rel=\"canonical\" href=\"https:\/\/communalfirstsaturdays.org\/es\/ewtn\/\" \/>\n<meta property=\"og:locale\" content=\"es_MX\" \/>\n<meta property=\"og:type\" content=\"article\" \/>\n<meta property=\"og:title\" content=\"The Communal First Saturdays Apostolate on EWTN! - The Communal First Saturdays\" \/>\n<meta property=\"og:description\" content=\"See below for the interview of Dr. Katrina Leyden, the Communal First Saturdays&#039; President and Co-Founder, on EWTN\u2019s, &quot;At Home with Jim and Joy.&quot;\" \/>\n<meta property=\"og:url\" content=\"https:\/\/communalfirstsaturdays.org\/es\/ewtn\/\" \/>\n<meta property=\"og:site_name\" content=\"The Communal First Saturdays\" \/>\n<meta property=\"article:publisher\" content=\"https:\/\/www.facebook.com\/CommunalFirstSaturdays\/\" \/>\n<meta property=\"article:modified_time\" content=\"2020-03-26T20:38:07+00:00\" \/>\n<meta property=\"og:image\" content=\"https:\/\/communalfirstsaturdays.org\/wp-content\/uploads\/2018\/04\/z720x150EWTN.jpg\" \/>\n<meta name=\"twitter:card\" content=\"summary_large_image\" \/>\n<meta name=\"twitter:site\" content=\"@CFSApostolate\" \/>\n<script type=\"application\/ld+json\" class=\"yoast-schema-graph\">{\"@context\":\"https:\\\/\\\/schema.org\",\"@graph\":[{\"@type\":\"WebPage\",\"@id\":\"https:\\\/\\\/communalfirstsaturdays.org\\\/ewtn\\\/\",\"url\":\"https:\\\/\\\/communalfirstsaturdays.org\\\/ewtn\\\/\",\"name\":\"The Communal First Saturdays Apostolate on EWTN! - The Communal First Saturdays\",\"isPartOf\":{\"@id\":\"https:\\\/\\\/communalfirstsaturdays.org\\\/#website\"},\"primaryImageOfPage\":{\"@id\":\"https:\\\/\\\/communalfirstsaturdays.org\\\/ewtn\\\/#primaryimage\"},\"image\":{\"@id\":\"https:\\\/\\\/communalfirstsaturdays.org\\\/ewtn\\\/#primaryimage\"},\"thumbnailUrl\":\"https:\\\/\\\/communalfirstsaturdays.org\\\/wp-content\\\/uploads\\\/2018\\\/04\\\/z720x150EWTN.jpg\",\"datePublished\":\"2018-04-13T20:07:05+00:00\",\"dateModified\":\"2020-03-26T20:38:07+00:00\",\"description\":\"See below for the interview of Dr. Katrina Leyden, the Communal First Saturdays' President and Co-Founder, on EWTN\u2019s, \\\"At Home with Jim and Joy.\\\"\",\"breadcrumb\":{\"@id\":\"https:\\\/\\\/communalfirstsaturdays.org\\\/ewtn\\\/#breadcrumb\"},\"inLanguage\":\"es\",\"potentialAction\":[{\"@type\":\"ReadAction\",\"target\":[\"https:\\\/\\\/communalfirstsaturdays.org\\\/ewtn\\\/\"]}]},{\"@type\":\"ImageObject\",\"inLanguage\":\"es\",\"@id\":\"https:\\\/\\\/communalfirstsaturdays.org\\\/ewtn\\\/#primaryimage\",\"url\":\"https:\\\/\\\/communalfirstsaturdays.org\\\/wp-content\\\/uploads\\\/2018\\\/04\\\/z720x150EWTN.jpg\",\"contentUrl\":\"https:\\\/\\\/communalfirstsaturdays.org\\\/wp-content\\\/uploads\\\/2018\\\/04\\\/z720x150EWTN.jpg\"},{\"@type\":\"BreadcrumbList\",\"@id\":\"https:\\\/\\\/communalfirstsaturdays.org\\\/ewtn\\\/#breadcrumb\",\"itemListElement\":[{\"@type\":\"ListItem\",\"position\":1,\"name\":\"Home\",\"item\":\"https:\\\/\\\/communalfirstsaturdays.org\\\/\"},{\"@type\":\"ListItem\",\"position\":2,\"name\":\"The Communal First Saturdays Apostolate on EWTN!\"}]},{\"@type\":\"WebSite\",\"@id\":\"https:\\\/\\\/communalfirstsaturdays.org\\\/#website\",\"url\":\"https:\\\/\\\/communalfirstsaturdays.org\\\/\",\"name\":\"The Communal First Saturdays\",\"description\":\"Power in Prayer Together\",\"publisher\":{\"@id\":\"https:\\\/\\\/communalfirstsaturdays.org\\\/#organization\"},\"potentialAction\":[{\"@type\":\"SearchAction\",\"target\":{\"@type\":\"EntryPoint\",\"urlTemplate\":\"https:\\\/\\\/communalfirstsaturdays.org\\\/?s={search_term_string}\"},\"query-input\":{\"@type\":\"PropertyValueSpecification\",\"valueRequired\":true,\"valueName\":\"search_term_string\"}}],\"inLanguage\":\"es\"},{\"@type\":\"Organization\",\"@id\":\"https:\\\/\\\/communalfirstsaturdays.org\\\/#organization\",\"name\":\"Communal First Saturdays\",\"url\":\"https:\\\/\\\/communalfirstsaturdays.org\\\/\",\"logo\":{\"@type\":\"ImageObject\",\"inLanguage\":\"es\",\"@id\":\"https:\\\/\\\/communalfirstsaturdays.org\\\/#\\\/schema\\\/logo\\\/image\\\/\",\"url\":\"https:\\\/\\\/communalfirstsaturdays.org\\\/wp-content\\\/uploads\\\/2019\\\/08\\\/cfs-logo-seo.png\",\"contentUrl\":\"https:\\\/\\\/communalfirstsaturdays.org\\\/wp-content\\\/uploads\\\/2019\\\/08\\\/cfs-logo-seo.png\",\"width\":800,\"height\":462,\"caption\":\"Communal First Saturdays\"},\"image\":{\"@id\":\"https:\\\/\\\/communalfirstsaturdays.org\\\/#\\\/schema\\\/logo\\\/image\\\/\"},\"sameAs\":[\"https:\\\/\\\/www.facebook.com\\\/CommunalFirstSaturdays\\\/\",\"https:\\\/\\\/x.com\\\/CFSApostolate\"]}]}<\/script>\n<!-- \/ Yoast SEO plugin. -->","yoast_head_json":{"title":"The Communal First Saturdays Apostolate on EWTN! - The Communal First Saturdays","description":"See below for the interview of Dr. Katrina Leyden, the Communal First Saturdays' President and Co-Founder, on EWTN\u2019s, \"At Home with Jim and Joy.\"","robots":{"index":"index","follow":"follow","max-snippet":"max-snippet:-1","max-image-preview":"max-image-preview:large","max-video-preview":"max-video-preview:-1"},"canonical":"https:\/\/communalfirstsaturdays.org\/es\/ewtn\/","og_locale":"es_MX","og_type":"article","og_title":"The Communal First Saturdays Apostolate on EWTN! - The Communal First Saturdays","og_description":"See below for the interview of Dr. Katrina Leyden, the Communal First Saturdays' President and Co-Founder, on EWTN\u2019s, \"At Home with Jim and Joy.\"","og_url":"https:\/\/communalfirstsaturdays.org\/es\/ewtn\/","og_site_name":"The Communal First Saturdays","article_publisher":"https:\/\/www.facebook.com\/CommunalFirstSaturdays\/","article_modified_time":"2020-03-26T20:38:07+00:00","og_image":[{"url":"https:\/\/communalfirstsaturdays.org\/wp-content\/uploads\/2018\/04\/z720x150EWTN.jpg","type":"","width":"","height":""}],"twitter_card":"summary_large_image","twitter_site":"@CFSApostolate","schema":{"@context":"https:\/\/schema.org","@graph":[{"@type":"WebPage","@id":"https:\/\/communalfirstsaturdays.org\/ewtn\/","url":"https:\/\/communalfirstsaturdays.org\/ewtn\/","name":"The Communal First Saturdays Apostolate on EWTN! - The Communal First Saturdays","isPartOf":{"@id":"https:\/\/communalfirstsaturdays.org\/#website"},"primaryImageOfPage":{"@id":"https:\/\/communalfirstsaturdays.org\/ewtn\/#primaryimage"},"image":{"@id":"https:\/\/communalfirstsaturdays.org\/ewtn\/#primaryimage"},"thumbnailUrl":"https:\/\/communalfirstsaturdays.org\/wp-content\/uploads\/2018\/04\/z720x150EWTN.jpg","datePublished":"2018-04-13T20:07:05+00:00","dateModified":"2020-03-26T20:38:07+00:00","description":"See below for the interview of Dr. Katrina Leyden, the Communal First Saturdays' President and Co-Founder, on EWTN\u2019s, \"At Home with Jim and Joy.\"","breadcrumb":{"@id":"https:\/\/communalfirstsaturdays.org\/ewtn\/#breadcrumb"},"inLanguage":"es","potentialAction":[{"@type":"ReadAction","target":["https:\/\/communalfirstsaturdays.org\/ewtn\/"]}]},{"@type":"ImageObject","inLanguage":"es","@id":"https:\/\/communalfirstsaturdays.org\/ewtn\/#primaryimage","url":"https:\/\/communalfirstsaturdays.org\/wp-content\/uploads\/2018\/04\/z720x150EWTN.jpg","contentUrl":"https:\/\/communalfirstsaturdays.org\/wp-content\/uploads\/2018\/04\/z720x150EWTN.jpg"},{"@type":"BreadcrumbList","@id":"https:\/\/communalfirstsaturdays.org\/ewtn\/#breadcrumb","itemListElement":[{"@type":"ListItem","position":1,"name":"Home","item":"https:\/\/communalfirstsaturdays.org\/"},{"@type":"ListItem","position":2,"name":"The Communal First Saturdays Apostolate on EWTN!"}]},{"@type":"WebSite","@id":"https:\/\/communalfirstsaturdays.org\/#website","url":"https:\/\/communalfirstsaturdays.org\/","name":"The Communal First Saturdays","description":"El poder de rezar juntos","publisher":{"@id":"https:\/\/communalfirstsaturdays.org\/#organization"},"potentialAction":[{"@type":"SearchAction","target":{"@type":"EntryPoint","urlTemplate":"https:\/\/communalfirstsaturdays.org\/?s={search_term_string}"},"query-input":{"@type":"PropertyValueSpecification","valueRequired":true,"valueName":"search_term_string"}}],"inLanguage":"es"},{"@type":"Organization","@id":"https:\/\/communalfirstsaturdays.org\/#organization","name":"Los Primeros S\u00e1bados Comunitarios","url":"https:\/\/communalfirstsaturdays.org\/","logo":{"@type":"ImageObject","inLanguage":"es","@id":"https:\/\/communalfirstsaturdays.org\/#\/schema\/logo\/image\/","url":"https:\/\/communalfirstsaturdays.org\/wp-content\/uploads\/2019\/08\/cfs-logo-seo.png","contentUrl":"https:\/\/communalfirstsaturdays.org\/wp-content\/uploads\/2019\/08\/cfs-logo-seo.png","width":800,"height":462,"caption":"Communal First Saturdays"},"image":{"@id":"https:\/\/communalfirstsaturdays.org\/#\/schema\/logo\/image\/"},"sameAs":["https:\/\/www.facebook.com\/CommunalFirstSaturdays\/","https:\/\/x.com\/CFSApostolate"]}]}},"_links":{"self":[{"href":"https:\/\/communalfirstsaturdays.org\/es\/wp-json\/wp\/v2\/pages\/1879","targetHints":{"allow":["GET"]}}],"collection":[{"href":"https:\/\/communalfirstsaturdays.org\/es\/wp-json\/wp\/v2\/pages"}],"about":[{"href":"https:\/\/communalfirstsaturdays.org\/es\/wp-json\/wp\/v2\/types\/page"}],"author":[{"embeddable":true,"href":"https:\/\/communalfirstsaturdays.org\/es\/wp-json\/wp\/v2\/users\/2"}],"replies":[{"embeddable":true,"href":"https:\/\/communalfirstsaturdays.org\/es\/wp-json\/wp\/v2\/comments?post=1879"}],"version-history":[{"count":20,"href":"https:\/\/communalfirstsaturdays.org\/es\/wp-json\/wp\/v2\/pages\/1879\/revisions"}],"predecessor-version":[{"id":1944,"href":"https:\/\/communalfirstsaturdays.org\/es\/wp-json\/wp\/v2\/pages\/1879\/revisions\/1944"}],"wp:attachment":[{"href":"https:\/\/communalfirstsaturdays.org\/es\/wp-json\/wp\/v2\/media?parent=1879"}],"curies":[{"name":"wp","href":"https:\/\/api.w.org\/{rel}","templated":true}]}}