{"id":18950,"date":"2025-04-01T01:26:13","date_gmt":"2025-04-01T01:26:13","guid":{"rendered":"https:\/\/communalfirstsaturdays.org\/?page_id=18950"},"modified":"2025-04-01T01:32:38","modified_gmt":"2025-04-01T01:32:38","slug":"lista-de-espera-sfs","status":"publish","type":"page","link":"https:\/\/communalfirstsaturdays.org\/es\/lista-de-espera-sfs\/","title":{"rendered":"Lista de Espera para Difusi\u00f3n de los Primeros S\u00e1bados Comunitarios"},"content":{"rendered":"\t\t<div data-elementor-type=\"wp-page\" data-elementor-id=\"18950\" class=\"elementor elementor-18950\" data-elementor-post-type=\"page\">\n\t\t\t\t<div class=\"elementor-element elementor-element-00d0fcd e-flex e-con-boxed e-con e-parent\" data-id=\"00d0fcd\" data-element_type=\"container\" data-e-type=\"container\" data-settings=\"{&quot;jet_parallax_layout_list&quot;:[]}\">\n\t\t\t\t\t<div class=\"e-con-inner\">\n\t\t\t\t<div class=\"elementor-element elementor-element-525c0a7 elementor-widget elementor-widget-formidable\" data-id=\"525c0a7\" data-element_type=\"widget\" data-e-type=\"widget\" data-widget_type=\"formidable.default\">\n\t\t\t\t<div class=\"elementor-widget-container\">\n\t\t\t\t\t<div class=\"frm_forms  with_frm_style frm_style_formidable-style\" id=\"frm_form_29_container\" >\n<form enctype=\"multipart\/form-data\" method=\"post\" class=\"frm-show-form  frm_pro_form \" id=\"form_zsf88g7d779c01f5242\" >\n<div class=\"frm_form_fields \">\n<fieldset>\n\r\n<div class=\"frm_fields_container\">\n<input type=\"hidden\" name=\"frm_action\" value=\"create\" \/>\n<input type=\"hidden\" name=\"form_id\" value=\"29\" \/>\n<input type=\"hidden\" name=\"frm_hide_fields_29\" id=\"frm_hide_fields_29\" value=\"\" \/>\n<input type=\"hidden\" name=\"form_key\" value=\"zsf88g7d779c01f5242\" \/>\n<input type=\"hidden\" name=\"item_meta[0]\" value=\"\" \/>\n<input type=\"hidden\" id=\"frm_submit_entry_29\" name=\"frm_submit_entry_29\" value=\"96608eac69\" \/><input type=\"hidden\" name=\"_wp_http_referer\" value=\"\/es\/wp-json\/wp\/v2\/pages\/18950\" \/><div id=\"frm_field_360_container\" class=\"frm_form_field form-field  frm_required_field frm_left_container\">\r\n    <label for=\"field_fu8tw72\" id=\"field_fu8tw72_label\" class=\"frm_primary_label\">Nombre\r\n        <span class=\"frm_required\" aria-hidden=\"true\">*<\/span>\r\n    <\/label>\r\n    <input  type=\"text\" id=\"field_fu8tw72\" name=\"item_meta[360]\" value=\"\"  data-reqmsg=\"Nombre cannot be blank.\" aria-required=\"true\" data-invmsg=\"Text is invalid\" aria-invalid=\"false\"   \/>\r\n    \r\n    \r\n<\/div>\n<div id=\"frm_field_361_container\" class=\"frm_form_field form-field  frm_required_field frm_left_container\">\r\n    <label for=\"field_ydfzu72\" class=\"frm_primary_label\">Apellido\r\n        <span class=\"frm_required\">*<\/span>\r\n    <\/label>\r\n    <input  type=\"text\" id=\"field_ydfzu72\" name=\"item_meta[361]\" value=\"\"  data-reqmsg=\"Apellido cannot be blank.\" aria-required=\"true\" data-invmsg=\"Name is invalid\" aria-invalid=\"false\"   \/>\r\n    \r\n    \r\n<\/div>\n<div id=\"frm_field_362_container\" class=\"frm_form_field form-field  frm_required_field frm_left_container\">\r\n    <label for=\"field_fxqev72\" class=\"frm_primary_label\">Ciudad\r\n        <span class=\"frm_required\">*<\/span>\r\n    <\/label>\r\n    <input  type=\"text\" id=\"field_fxqev72\" name=\"item_meta[362]\" value=\"\"  data-reqmsg=\"Ciudad cannot be blank.\" aria-required=\"true\" data-invmsg=\"City is invalid\" aria-invalid=\"false\"   \/>\r\n    \r\n    \r\n<\/div>\n<div id=\"frm_field_364_container\" class=\"frm_form_field form-field  frm_required_field frm_left_container\">\r\n    <label for=\"field_tclib72\" class=\"frm_primary_label\">Pa\u00eds\r\n        <span class=\"frm_required\">*<\/span>\r\n    <\/label>\r\n    <input  type=\"text\" id=\"field_tclib72\" name=\"item_meta[364]\" value=\"\"  data-reqmsg=\"Pa\u00eds cannot be blank.\" aria-required=\"true\" data-invmsg=\"City is invalid\" aria-invalid=\"false\"   \/>\r\n    \r\n    \r\n<\/div>\n<div id=\"frm_field_373_container\" class=\"frm_form_field form-field  frm_required_field frm_left_container\">\r\n    <label for=\"field_8rb43\" class=\"frm_primary_label\">Estado\r\n        <span class=\"frm_required\">*<\/span>\r\n    <\/label>\r\n    <input  type=\"text\" id=\"field_8rb43\" name=\"item_meta[373]\" value=\"\"  data-reqmsg=\"Estado cannot be blank.\" aria-required=\"true\" data-invmsg=\"City is invalid\" aria-invalid=\"false\"   \/>\r\n    \r\n    \r\n<\/div>\n<div id=\"frm_field_374_container\" class=\"frm_form_field form-field  frm_required_field frm_left_container\">\r\n    <label for=\"field_3pi3f\" class=\"frm_primary_label\">Ciudad\r\n        <span class=\"frm_required\">*<\/span>\r\n    <\/label>\r\n    <input  type=\"text\" id=\"field_3pi3f\" name=\"item_meta[374]\" value=\"\"  data-reqmsg=\"Ciudad cannot be blank.\" aria-required=\"true\" data-invmsg=\"City is invalid\" aria-invalid=\"false\"   \/>\r\n    \r\n    \r\n<\/div>\n<div id=\"frm_field_365_container\" class=\"frm_form_field form-field  frm_required_field frm_left_container\">\r\n    <label for=\"field_13kuihdcc9e277b972\" class=\"frm_primary_label\">E-mail\r\n        <span class=\"frm_required\">*<\/span>\r\n    <\/label>\r\n    <input type=\"email\" id=\"field_13kuihdcc9e277b972\" name=\"item_meta[365]\" value=\"\"  data-reqmsg=\"E-mail cannot be blank.\" aria-required=\"true\" data-invmsg=\"Email Address is invalid\" aria-invalid=\"false\"  \/>\r\n    \r\n    \r\n<\/div>\n<div id=\"frm_field_366_container\" class=\"frm_form_field form-field  frm_required_field frm_left_container\">\r\n    <label for=\"field_rj2ksa58a018417b72\" class=\"frm_primary_label\">Celular\r\n        <span class=\"frm_required\">*<\/span>\r\n    <\/label>\r\n    <input type=\"tel\" id=\"field_rj2ksa58a018417b72\" name=\"item_meta[366]\" value=\"\"  style=\"width:135px\" data-reqmsg=\"Celular cannot be blank.\" aria-required=\"true\" data-invmsg=\"Phone Number is invalid\" class=\"auto_width\" aria-invalid=\"false\" pattern=\"((\\+\\d{1,3}(-|.| )?\\(?\\d\\)?(-| |.)?\\d{1,5})|(\\(?\\d{2,6}\\)?))(-|.| )?(\\d{3,4})(-|.| )?(\\d{4})(( x| ext)\\d{1,5}){0,1}$\"  \/>\r\n    \r\n    \r\n<\/div>\n<div id=\"frm_field_368_container\" class=\"frm_form_field form-field  frm_left_container\">\r\n    <label for=\"field_v2av08313f0f8f7b72\" class=\"frm_primary_label\">Parroquia\r\n        <span class=\"frm_required\"><\/span>\r\n    <\/label>\r\n    <input  type=\"text\" id=\"field_v2av08313f0f8f7b72\" name=\"item_meta[368]\" value=\"\"  data-invmsg=\"Name of Your Parish is invalid\" aria-invalid=\"false\"   \/>\r\n    \r\n    \r\n<\/div>\n<div id=\"frm_field_369_container\" class=\"frm_form_field form-field  frm_required_field frm_left_container\">\r\n    <label for=\"field_ze8wy43\" id=\"field_ze8wy43_label\" class=\"frm_primary_label\">El d\u00eda que mejor me funciona es\r\n        <span class=\"frm_required\" aria-hidden=\"true\">*<\/span>\r\n    <\/label>\r\n    \t\t<select name=\"item_meta[369]\" id=\"field_ze8wy43\"  data-reqmsg=\"El d\u00eda que mejor me funciona es cannot be blank.\" aria-required=\"true\" data-invmsg=\"El d\u00eda que mejor me funciona es is invalid\" aria-invalid=\"false\"  >\n\t\t<option  value=\"Lunes\">Lunes<\/option><option  value=\"Martes\">Martes<\/option><option  value=\"Mi\u00e9rcoles\">Mi\u00e9rcoles<\/option><option  value=\"Jueves\">Jueves<\/option><option  value=\"Viernes\">Viernes<\/option><option  value=\"S\u00e1bados\">S\u00e1bados<\/option><option  value=\"Ninguno de estos d\u00edas me funciona. Favor de notificarme cuando se abran de nuevo los registros.\">Ninguno de estos d\u00edas me funciona. Favor de notificarme cuando se abran de nuevo los registros.<\/option>\t<\/select>\n\t\r\n    \r\n    \r\n<\/div>\n<div id=\"frm_field_370_container\" class=\"frm_form_field form-field  frm_required_field frm_left_container\">\r\n    <label for=\"field_pia0b42\" id=\"field_pia0b42_label\" class=\"frm_primary_label\">El horario en que mejor me funciona es:\r\n        <span class=\"frm_required\" aria-hidden=\"true\">*<\/span>\r\n    <\/label>\r\n    \t\t<select name=\"item_meta[370]\" id=\"field_pia0b42\"  data-frmval=\"Ma\u00f1anas\" data-reqmsg=\"El horario en que mejor me funciona es: cannot be blank.\" aria-required=\"true\" data-invmsg=\"El horario en que mejor me funciona es: is invalid\" aria-invalid=\"false\"  >\n\t\t<option  value=\"Ma\u00f1anas\" selected='selected'>Ma\u00f1anas<\/option><option  value=\"Tardes\">Tardes<\/option><option  value=\"Noches\">Noches<\/option>\t<\/select>\n\t\r\n    \r\n    \r\n<\/div>\n<div id=\"frm_field_371_container\" class=\"frm_form_field form-field  frm_required_field frm_left_container\">\r\n    <label for=\"field_ef7sj42\" id=\"field_ef7sj42_label\" class=\"frm_primary_label\">Estaci\u00f3n del a\u00f1o que mejor me funciona:\r\n        <span class=\"frm_required\" aria-hidden=\"true\">*<\/span>\r\n    <\/label>\r\n    \t\t<select name=\"item_meta[371]\" id=\"field_ef7sj42\"  data-frmval=\"Verano\" data-reqmsg=\"Estaci\u00f3n del a\u00f1o que mejor me funciona: cannot be blank.\" aria-required=\"true\" data-invmsg=\"Estaci\u00f3n del a\u00f1o que mejor me funciona: is invalid\" aria-invalid=\"false\"  >\n\t\t<option  value=\"Verano\" selected='selected'>Verano<\/option><option  value=\"Primavera\">Primavera<\/option><option  value=\"Oto\u00f1o\">Oto\u00f1o<\/option><option  value=\"Invierno\">Invierno<\/option>\t<\/select>\n\t\r\n    \r\n    \r\n<\/div>\n<div id=\"frm_field_372_container\" class=\"frm_form_field form-field \">\r\n\t<div class=\"frm_submit\">\r\n\r\n<input type=\"submit\" value=\"Submit\"  class=\"frm_final_submit\" formnovalidate=\"formnovalidate\" \/>\r\n<img decoding=\"async\" class=\"frm_ajax_loading\" src=\"https:\/\/communalfirstsaturdays.org\/wp-content\/plugins\/formidable\/images\/ajax_loader.gif\" alt=\"Sending\" style=\"visibility:hidden;\" \/>\r\n\r\n<\/div>\r\n<\/div>\n\t<input type=\"hidden\" name=\"item_key\" value=\"\" \/>\n\t\t\t<div id=\"frm_field_704_container\">\n\t\t\t<label for=\"field_1dlrl\" >\n\t\t\t\tIf you are human, leave this field blank.\t\t\t<\/label>\n\t\t\t<input  id=\"field_1dlrl\" type=\"text\" class=\"frm_form_field form-field frm_verify\" name=\"item_meta[704]\" value=\"\"  \/>\n\t\t<\/div>\n\t\t<input name=\"frm_state\" type=\"hidden\" value=\"D6l+bkiSc+U9qgh3agmfcofW1mZLNkqUqLxMjr8Hr1masd\/6Z7mNixfGtpI\/IxXC\" \/><\/div>\n<\/fieldset>\n<\/div>\n\n<\/form>\n<\/div>\n\t\t\t\t<\/div>\n\t\t\t\t<\/div>\n\t\t\t\t\t<\/div>\n\t\t\t\t<\/div>\n\t\t\t\t<\/div>\n\t\t","protected":false},"excerpt":{"rendered":"<p>Nombre * Apellido * Ciudad * Pa\u00eds * Estado * Ciudad * E-mail * Celular * Parroquia El d\u00eda que mejor me funciona es * LunesMartesMi\u00e9rcolesJuevesViernesS\u00e1badosNinguno de estos d\u00edas me funciona. Favor de notificarme cuando se abran de nuevo los registros. El horario en que mejor me funciona es: * Ma\u00f1anasTardesNoches Estaci\u00f3n del a\u00f1o que [&hellip;]<\/p>\n","protected":false},"author":68,"featured_media":0,"parent":0,"menu_order":0,"comment_status":"closed","ping_status":"closed","template":"","meta":{"_acf_changed":false,"om_disable_all_campaigns":false,"_monsterinsights_skip_tracking":false,"_monsterinsights_sitenote_active":false,"_monsterinsights_sitenote_note":"","_monsterinsights_sitenote_category":0,"_uf_show_specific_survey":0,"_uf_disable_surveys":false,"site-sidebar-layout":"no-sidebar","site-content-layout":"page-builder","ast-site-content-layout":"full-width-container","site-content-style":"unboxed","site-sidebar-style":"unboxed","ast-global-header-display":"","ast-banner-title-visibility":"","ast-main-header-display":"","ast-hfb-above-header-display":"","ast-hfb-below-header-display":"","ast-hfb-mobile-header-display":"","site-post-title":"disabled","ast-breadcrumbs-content":"","ast-featured-img":"disabled","footer-sml-layout":"","ast-disable-related-posts":"","theme-transparent-header-meta":"default","adv-header-id-meta":"","stick-header-meta":"","header-above-stick-meta":"","header-main-stick-meta":"","header-below-stick-meta":"","astra-migrate-meta-layouts":"set","ast-page-background-enabled":"default","ast-page-background-meta":{"desktop":{"background-color":"","background-image":"","background-repeat":"repeat","background-position":"center center","background-size":"auto","background-attachment":"scroll","background-type":"","background-media":"","overlay-type":"","overlay-color":"","overlay-opacity":"","overlay-gradient":""},"tablet":{"background-color":"","background-image":"","background-repeat":"repeat","background-position":"center center","background-size":"auto","background-attachment":"scroll","background-type":"","background-media":"","overlay-type":"","overlay-color":"","overlay-opacity":"","overlay-gradient":""},"mobile":{"background-color":"","background-image":"","background-repeat":"repeat","background-position":"center center","background-size":"auto","background-attachment":"scroll","background-type":"","background-media":"","overlay-type":"","overlay-color":"","overlay-opacity":"","overlay-gradient":""}},"ast-content-background-meta":{"desktop":{"background-color":"var(--ast-global-color-5)","background-image":"","background-repeat":"repeat","background-position":"center center","background-size":"auto","background-attachment":"scroll","background-type":"","background-media":"","overlay-type":"","overlay-color":"","overlay-opacity":"","overlay-gradient":""},"tablet":{"background-color":"var(--ast-global-color-5)","background-image":"","background-repeat":"repeat","background-position":"center center","background-size":"auto","background-attachment":"scroll","background-type":"","background-media":"","overlay-type":"","overlay-color":"","overlay-opacity":"","overlay-gradient":""},"mobile":{"background-color":"var(--ast-global-color-5)","background-image":"","background-repeat":"repeat","background-position":"center center","background-size":"auto","background-attachment":"scroll","background-type":"","background-media":"","overlay-type":"","overlay-color":"","overlay-opacity":"","overlay-gradient":""}},"footnotes":""},"class_list":["post-18950","page","type-page","status-publish","hentry"],"acf":[],"aioseo_notices":[],"yoast_head":"<!-- This site is optimized with the Yoast SEO plugin v27.4 - https:\/\/yoast.com\/product\/yoast-seo-wordpress\/ -->\n<title>Lista de Espera para Difusi\u00f3n de los Primeros S\u00e1bados Comunitarios - The Communal First Saturdays<\/title>\n<meta name=\"robots\" content=\"index, follow, max-snippet:-1, max-image-preview:large, max-video-preview:-1\" \/>\n<link rel=\"canonical\" href=\"https:\/\/communalfirstsaturdays.org\/es\/lista-de-espera-sfs\/\" \/>\n<meta property=\"og:locale\" content=\"es_MX\" \/>\n<meta property=\"og:type\" content=\"article\" \/>\n<meta property=\"og:title\" content=\"Lista de Espera para Difusi\u00f3n de los Primeros S\u00e1bados Comunitarios - The Communal First Saturdays\" \/>\n<meta property=\"og:description\" content=\"Nombre * Apellido * Ciudad * Pa\u00eds * Estado * Ciudad * E-mail * Celular * Parroquia El d\u00eda que mejor me funciona es * LunesMartesMi\u00e9rcolesJuevesViernesS\u00e1badosNinguno de estos d\u00edas me funciona. Favor de notificarme cuando se abran de nuevo los registros. El horario en que mejor me funciona es: * Ma\u00f1anasTardesNoches Estaci\u00f3n del a\u00f1o que [&hellip;]\" \/>\n<meta property=\"og:url\" content=\"https:\/\/communalfirstsaturdays.org\/es\/lista-de-espera-sfs\/\" \/>\n<meta property=\"og:site_name\" content=\"The Communal First Saturdays\" \/>\n<meta property=\"article:publisher\" content=\"https:\/\/www.facebook.com\/CommunalFirstSaturdays\/\" \/>\n<meta property=\"article:modified_time\" content=\"2025-04-01T01:32:38+00:00\" \/>\n<meta property=\"og:image\" content=\"https:\/\/communalfirstsaturdays.org\/wp-content\/plugins\/formidable\/images\/ajax_loader.gif\" \/>\n<meta name=\"twitter:card\" content=\"summary_large_image\" \/>\n<meta name=\"twitter:site\" content=\"@CFSApostolate\" \/>\n<meta name=\"twitter:label1\" content=\"Tiempo de lectura\" \/>\n\t<meta name=\"twitter:data1\" content=\"1 minuto\" \/>\n<script type=\"application\/ld+json\" class=\"yoast-schema-graph\">{\"@context\":\"https:\\\/\\\/schema.org\",\"@graph\":[{\"@type\":\"WebPage\",\"@id\":\"https:\\\/\\\/communalfirstsaturdays.org\\\/lista-de-espera-sfs\\\/\",\"url\":\"https:\\\/\\\/communalfirstsaturdays.org\\\/lista-de-espera-sfs\\\/\",\"name\":\"Lista de Espera para Difusi\u00f3n de los Primeros S\u00e1bados Comunitarios - The Communal First Saturdays\",\"isPartOf\":{\"@id\":\"https:\\\/\\\/communalfirstsaturdays.org\\\/#website\"},\"primaryImageOfPage\":{\"@id\":\"https:\\\/\\\/communalfirstsaturdays.org\\\/lista-de-espera-sfs\\\/#primaryimage\"},\"image\":{\"@id\":\"https:\\\/\\\/communalfirstsaturdays.org\\\/lista-de-espera-sfs\\\/#primaryimage\"},\"thumbnailUrl\":\"https:\\\/\\\/communalfirstsaturdays.org\\\/wp-content\\\/plugins\\\/formidable\\\/images\\\/ajax_loader.gif\",\"datePublished\":\"2025-04-01T01:26:13+00:00\",\"dateModified\":\"2025-04-01T01:32:38+00:00\",\"breadcrumb\":{\"@id\":\"https:\\\/\\\/communalfirstsaturdays.org\\\/lista-de-espera-sfs\\\/#breadcrumb\"},\"inLanguage\":\"es\",\"potentialAction\":[{\"@type\":\"ReadAction\",\"target\":[\"https:\\\/\\\/communalfirstsaturdays.org\\\/lista-de-espera-sfs\\\/\"]}]},{\"@type\":\"ImageObject\",\"inLanguage\":\"es\",\"@id\":\"https:\\\/\\\/communalfirstsaturdays.org\\\/lista-de-espera-sfs\\\/#primaryimage\",\"url\":\"https:\\\/\\\/communalfirstsaturdays.org\\\/wp-content\\\/plugins\\\/formidable\\\/images\\\/ajax_loader.gif\",\"contentUrl\":\"https:\\\/\\\/communalfirstsaturdays.org\\\/wp-content\\\/plugins\\\/formidable\\\/images\\\/ajax_loader.gif\"},{\"@type\":\"BreadcrumbList\",\"@id\":\"https:\\\/\\\/communalfirstsaturdays.org\\\/lista-de-espera-sfs\\\/#breadcrumb\",\"itemListElement\":[{\"@type\":\"ListItem\",\"position\":1,\"name\":\"Home\",\"item\":\"https:\\\/\\\/communalfirstsaturdays.org\\\/\"},{\"@type\":\"ListItem\",\"position\":2,\"name\":\"Lista de Espera para Difusi\u00f3n de los Primeros S\u00e1bados Comunitarios\"}]},{\"@type\":\"WebSite\",\"@id\":\"https:\\\/\\\/communalfirstsaturdays.org\\\/#website\",\"url\":\"https:\\\/\\\/communalfirstsaturdays.org\\\/\",\"name\":\"The Communal First Saturdays\",\"description\":\"Power in Prayer Together\",\"publisher\":{\"@id\":\"https:\\\/\\\/communalfirstsaturdays.org\\\/#organization\"},\"potentialAction\":[{\"@type\":\"SearchAction\",\"target\":{\"@type\":\"EntryPoint\",\"urlTemplate\":\"https:\\\/\\\/communalfirstsaturdays.org\\\/?s={search_term_string}\"},\"query-input\":{\"@type\":\"PropertyValueSpecification\",\"valueRequired\":true,\"valueName\":\"search_term_string\"}}],\"inLanguage\":\"es\"},{\"@type\":\"Organization\",\"@id\":\"https:\\\/\\\/communalfirstsaturdays.org\\\/#organization\",\"name\":\"Communal First Saturdays\",\"url\":\"https:\\\/\\\/communalfirstsaturdays.org\\\/\",\"logo\":{\"@type\":\"ImageObject\",\"inLanguage\":\"es\",\"@id\":\"https:\\\/\\\/communalfirstsaturdays.org\\\/#\\\/schema\\\/logo\\\/image\\\/\",\"url\":\"https:\\\/\\\/communalfirstsaturdays.org\\\/wp-content\\\/uploads\\\/2019\\\/08\\\/cfs-logo-seo.png\",\"contentUrl\":\"https:\\\/\\\/communalfirstsaturdays.org\\\/wp-content\\\/uploads\\\/2019\\\/08\\\/cfs-logo-seo.png\",\"width\":800,\"height\":462,\"caption\":\"Communal First Saturdays\"},\"image\":{\"@id\":\"https:\\\/\\\/communalfirstsaturdays.org\\\/#\\\/schema\\\/logo\\\/image\\\/\"},\"sameAs\":[\"https:\\\/\\\/www.facebook.com\\\/CommunalFirstSaturdays\\\/\",\"https:\\\/\\\/x.com\\\/CFSApostolate\"]}]}<\/script>\n<!-- \/ Yoast SEO plugin. -->","yoast_head_json":{"title":"Lista de Espera para Difusi\u00f3n de los Primeros S\u00e1bados Comunitarios - The Communal First Saturdays","robots":{"index":"index","follow":"follow","max-snippet":"max-snippet:-1","max-image-preview":"max-image-preview:large","max-video-preview":"max-video-preview:-1"},"canonical":"https:\/\/communalfirstsaturdays.org\/es\/lista-de-espera-sfs\/","og_locale":"es_MX","og_type":"article","og_title":"Lista de Espera para Difusi\u00f3n de los Primeros S\u00e1bados Comunitarios - The Communal First Saturdays","og_description":"Nombre * Apellido * Ciudad * Pa\u00eds * Estado * Ciudad * E-mail * Celular * Parroquia El d\u00eda que mejor me funciona es * LunesMartesMi\u00e9rcolesJuevesViernesS\u00e1badosNinguno de estos d\u00edas me funciona. Favor de notificarme cuando se abran de nuevo los registros. El horario en que mejor me funciona es: * Ma\u00f1anasTardesNoches Estaci\u00f3n del a\u00f1o que [&hellip;]","og_url":"https:\/\/communalfirstsaturdays.org\/es\/lista-de-espera-sfs\/","og_site_name":"The Communal First Saturdays","article_publisher":"https:\/\/www.facebook.com\/CommunalFirstSaturdays\/","article_modified_time":"2025-04-01T01:32:38+00:00","og_image":[{"url":"https:\/\/communalfirstsaturdays.org\/wp-content\/plugins\/formidable\/images\/ajax_loader.gif","type":"","width":"","height":""}],"twitter_card":"summary_large_image","twitter_site":"@CFSApostolate","twitter_misc":{"Tiempo de lectura":"1 minuto"},"schema":{"@context":"https:\/\/schema.org","@graph":[{"@type":"WebPage","@id":"https:\/\/communalfirstsaturdays.org\/lista-de-espera-sfs\/","url":"https:\/\/communalfirstsaturdays.org\/lista-de-espera-sfs\/","name":"Lista de Espera para Difusi\u00f3n de los Primeros S\u00e1bados Comunitarios - The Communal First Saturdays","isPartOf":{"@id":"https:\/\/communalfirstsaturdays.org\/#website"},"primaryImageOfPage":{"@id":"https:\/\/communalfirstsaturdays.org\/lista-de-espera-sfs\/#primaryimage"},"image":{"@id":"https:\/\/communalfirstsaturdays.org\/lista-de-espera-sfs\/#primaryimage"},"thumbnailUrl":"https:\/\/communalfirstsaturdays.org\/wp-content\/plugins\/formidable\/images\/ajax_loader.gif","datePublished":"2025-04-01T01:26:13+00:00","dateModified":"2025-04-01T01:32:38+00:00","breadcrumb":{"@id":"https:\/\/communalfirstsaturdays.org\/lista-de-espera-sfs\/#breadcrumb"},"inLanguage":"es","potentialAction":[{"@type":"ReadAction","target":["https:\/\/communalfirstsaturdays.org\/lista-de-espera-sfs\/"]}]},{"@type":"ImageObject","inLanguage":"es","@id":"https:\/\/communalfirstsaturdays.org\/lista-de-espera-sfs\/#primaryimage","url":"https:\/\/communalfirstsaturdays.org\/wp-content\/plugins\/formidable\/images\/ajax_loader.gif","contentUrl":"https:\/\/communalfirstsaturdays.org\/wp-content\/plugins\/formidable\/images\/ajax_loader.gif"},{"@type":"BreadcrumbList","@id":"https:\/\/communalfirstsaturdays.org\/lista-de-espera-sfs\/#breadcrumb","itemListElement":[{"@type":"ListItem","position":1,"name":"Home","item":"https:\/\/communalfirstsaturdays.org\/"},{"@type":"ListItem","position":2,"name":"Lista de Espera para Difusi\u00f3n de los Primeros S\u00e1bados Comunitarios"}]},{"@type":"WebSite","@id":"https:\/\/communalfirstsaturdays.org\/#website","url":"https:\/\/communalfirstsaturdays.org\/","name":"The Communal First Saturdays","description":"El poder de rezar juntos","publisher":{"@id":"https:\/\/communalfirstsaturdays.org\/#organization"},"potentialAction":[{"@type":"SearchAction","target":{"@type":"EntryPoint","urlTemplate":"https:\/\/communalfirstsaturdays.org\/?s={search_term_string}"},"query-input":{"@type":"PropertyValueSpecification","valueRequired":true,"valueName":"search_term_string"}}],"inLanguage":"es"},{"@type":"Organization","@id":"https:\/\/communalfirstsaturdays.org\/#organization","name":"Los Primeros S\u00e1bados Comunitarios","url":"https:\/\/communalfirstsaturdays.org\/","logo":{"@type":"ImageObject","inLanguage":"es","@id":"https:\/\/communalfirstsaturdays.org\/#\/schema\/logo\/image\/","url":"https:\/\/communalfirstsaturdays.org\/wp-content\/uploads\/2019\/08\/cfs-logo-seo.png","contentUrl":"https:\/\/communalfirstsaturdays.org\/wp-content\/uploads\/2019\/08\/cfs-logo-seo.png","width":800,"height":462,"caption":"Communal First Saturdays"},"image":{"@id":"https:\/\/communalfirstsaturdays.org\/#\/schema\/logo\/image\/"},"sameAs":["https:\/\/www.facebook.com\/CommunalFirstSaturdays\/","https:\/\/x.com\/CFSApostolate"]}]}},"_links":{"self":[{"href":"https:\/\/communalfirstsaturdays.org\/es\/wp-json\/wp\/v2\/pages\/18950","targetHints":{"allow":["GET"]}}],"collection":[{"href":"https:\/\/communalfirstsaturdays.org\/es\/wp-json\/wp\/v2\/pages"}],"about":[{"href":"https:\/\/communalfirstsaturdays.org\/es\/wp-json\/wp\/v2\/types\/page"}],"author":[{"embeddable":true,"href":"https:\/\/communalfirstsaturdays.org\/es\/wp-json\/wp\/v2\/users\/68"}],"replies":[{"embeddable":true,"href":"https:\/\/communalfirstsaturdays.org\/es\/wp-json\/wp\/v2\/comments?post=18950"}],"version-history":[{"count":4,"href":"https:\/\/communalfirstsaturdays.org\/es\/wp-json\/wp\/v2\/pages\/18950\/revisions"}],"predecessor-version":[{"id":18957,"href":"https:\/\/communalfirstsaturdays.org\/es\/wp-json\/wp\/v2\/pages\/18950\/revisions\/18957"}],"wp:attachment":[{"href":"https:\/\/communalfirstsaturdays.org\/es\/wp-json\/wp\/v2\/media?parent=18950"}],"curies":[{"name":"wp","href":"https:\/\/api.w.org\/{rel}","templated":true}]}}