{"id":19572,"date":"2025-06-02T02:33:28","date_gmt":"2025-06-02T02:33:28","guid":{"rendered":"https:\/\/communalfirstsaturdays.org\/?page_id=19572"},"modified":"2026-03-08T04:52:13","modified_gmt":"2026-03-08T04:52:13","slug":"pilgrimage-cc-payment","status":"publish","type":"page","link":"https:\/\/communalfirstsaturdays.org\/es\/pilgrimage-cc-payment\/","title":{"rendered":"Pago con tarjeta de cr\u00e9dito"},"content":{"rendered":"<div data-elementor-type=\"wp-page\" data-elementor-id=\"19572\" class=\"elementor elementor-19572\" data-elementor-post-type=\"page\">\n\t\t\t\t<div class=\"elementor-element elementor-element-684a76c e-flex e-con-boxed e-con e-parent\" data-id=\"684a76c\" data-element_type=\"container\" data-e-type=\"container\" data-settings=\"{&quot;jet_parallax_layout_list&quot;:[]}\">\n\t\t\t\t\t<div class=\"e-con-inner\">\n\t\t\t\t<div class=\"elementor-element elementor-element-f951218 elementor-widget elementor-widget-text-editor\" data-id=\"f951218\" data-element_type=\"widget\" data-e-type=\"widget\" data-widget_type=\"text-editor.default\">\n\t\t\t\t<div class=\"elementor-widget-container\">\n\t\t\t\t\t\t\t\t\t<p>\u00a0Para aquellos que deseen utilizar una tarjeta de cr\u00e9dito para pagar el dep\u00f3sito de la Peregrinaci\u00f3n a F\u00e1tima y los Primeros S\u00e1bados, el pago restante o el pago completo, por favor haga clic en uno de los botones de abajo. <strong>Tenga en cuenta que a los precios indicados a continuaci\u00f3n hay que a\u00f1adir una tasa de procesamiento de tarjetas de cr\u00e9dito de 2.1%. <\/strong>Si desea pagar de otra forma, haga clic en <a href=\"https:\/\/communalfirstsaturdays.org\/es\/pilgrimage-forms-of-payment\/\">aqu\u00ed<\/a>:<\/p><p><strong>Todos los pagos son no reembolsables.<\/strong><\/p><p>Despl\u00e1cese hacia abajo para ver todas las opciones de pago con tarjeta de cr\u00e9dito.<\/p><p>Si tiene alguna pregunta, llame al (713) 997-6371 o env\u00edenos un correo electr\u00f3nico a info@communalfirstsaturdays.org.<\/p>\t\t\t\t\t\t\t\t<\/div>\n\t\t\t\t<\/div>\n\t\t<div class=\"elementor-element elementor-element-dd66b94 e-grid e-con-full e-con e-child\" data-id=\"dd66b94\" data-element_type=\"container\" data-e-type=\"container\" data-settings=\"{&quot;jet_parallax_layout_list&quot;:[]}\">\n\t\t\t\t<div class=\"elementor-element elementor-element-aca67e1 elementor-widget elementor-widget-text-editor\" data-id=\"aca67e1\" data-element_type=\"widget\" data-e-type=\"widget\" data-widget_type=\"text-editor.default\">\n\t\t\t\t<div class=\"elementor-widget-container\">\n\t\t\t\t\t\t\t\t\t<p><strong>$500 Dep\u00f3sito para asegurar su plaza<\/strong><\/p>\t\t\t\t\t\t\t\t<\/div>\n\t\t\t\t<\/div>\n\t\t\t\t<div class=\"elementor-element elementor-element-c3ab0cd elementor-widget elementor-widget-html\" data-id=\"c3ab0cd\" data-element_type=\"widget\" data-e-type=\"widget\" data-widget_type=\"html.default\">\n\t\t\t\t<div class=\"elementor-widget-container\">\n\t\t\t\t\t<form action=\"https:\/\/www.paypal.com\/cgi-bin\/webscr\" method=\"post\" target=\"_blank\">\n  <input type=\"hidden\" name=\"cmd\" value=\"_s-xclick\" \/>\n  <input type=\"hidden\" name=\"hosted_button_id\" value=\"WMJJC6ANHLDEW\" \/>\n  <input type=\"hidden\" name=\"currency_code\" value=\"USD\" \/>\n  <input type=\"image\" src=\"https:\/\/www.paypalobjects.com\/en_US\/i\/btn\/btn_cart_LG.gif\" border=\"0\" name=\"submit\" title=\"PayPal: la forma m\u00e1s segura y sencilla de pagar en Internet\" alt=\"Add to Cart\" \/>\n<\/form>\t\t\t\t<\/div>\n\t\t\t\t<\/div>\n\t\t\t\t<div class=\"elementor-element elementor-element-4f375d1 elementor-widget elementor-widget-text-editor\" data-id=\"4f375d1\" data-element_type=\"widget\" data-e-type=\"widget\" data-widget_type=\"text-editor.default\">\n\t\t\t\t<div class=\"elementor-widget-container\">\n\t\t\t\t\t\t\t\t\t<p><strong>Remaining payment after deposit (for double occupancy) (due by July 9, 2026)<\/strong><\/p>\t\t\t\t\t\t\t\t<\/div>\n\t\t\t\t<\/div>\n\t\t\t\t<div class=\"elementor-element elementor-element-457164b elementor-widget elementor-widget-html\" data-id=\"457164b\" data-element_type=\"widget\" data-e-type=\"widget\" data-widget_type=\"html.default\">\n\t\t\t\t<div class=\"elementor-widget-container\">\n\t\t\t\t\t<form action=\"https:\/\/www.paypal.com\/cgi-bin\/webscr\" method=\"post\" target=\"_blank\">\n  <input type=\"hidden\" name=\"cmd\" value=\"_s-xclick\" \/>\n  <input type=\"hidden\" name=\"hosted_button_id\" value=\"5T2BQYN4JUBBG\" \/>\n  <table>\n    <tr>\n      <td>\n        <input type=\"hidden\" name=\"on0\" value=\"Will you share a room or have your own room? (Please select one)\"\/>\n        \u00bfCompartir\u00e1 habitaci\u00f3n o tendr\u00e1 habitaci\u00f3n propia? (Seleccione una opci\u00f3n)\n      <\/td>\n    <\/tr>\n    <tr>\n      <td>\n        <select name=\"os0\">\n          <option value=\"Double occupancy (Sharing room)\">\n            Double occupancy (Sharing room) $1,937.00\u00a0USD\n          <\/option>\n          <option value=\"Single occupancy (Single room)\">\n            Single occupancy (Single room) $2,752.00\u00a0USD\n          <\/option>\n        <\/select>\n      <\/td>\n    <\/tr>\n  <\/table>\n  <input type=\"hidden\" name=\"currency_code\" value=\"USD\" \/>\n  <input type=\"image\" src=\"https:\/\/www.paypalobjects.com\/en_US\/i\/btn\/btn_cart_LG.gif\" border=\"0\" name=\"submit\" title=\"PayPal: la forma m\u00e1s segura y sencilla de pagar en Internet\" alt=\"Add to Cart\" \/>\n<\/form>\t\t\t\t<\/div>\n\t\t\t\t<\/div>\n\t\t\t\t<div class=\"elementor-element elementor-element-687242f elementor-widget elementor-widget-text-editor\" data-id=\"687242f\" data-element_type=\"widget\" data-e-type=\"widget\" data-widget_type=\"text-editor.default\">\n\t\t\t\t<div class=\"elementor-widget-container\">\n\t\t\t\t\t\t\t\t\t<p><strong>Pago completo (incluye dep\u00f3sito)<\/strong><\/p>\t\t\t\t\t\t\t\t<\/div>\n\t\t\t\t<\/div>\n\t\t\t\t<div class=\"elementor-element elementor-element-6c49b72 elementor-widget elementor-widget-html\" data-id=\"6c49b72\" data-element_type=\"widget\" data-e-type=\"widget\" data-widget_type=\"html.default\">\n\t\t\t\t<div class=\"elementor-widget-container\">\n\t\t\t\t\t<form action=\"https:\/\/www.paypal.com\/cgi-bin\/webscr\" method=\"post\" target=\"_blank\">\n  <input type=\"hidden\" name=\"cmd\" value=\"_s-xclick\" \/>\n  <input type=\"hidden\" name=\"hosted_button_id\" value=\"W4FYPT4867KYG\" \/>\n  <table>\n    <tr>\n      <td>\n        <input type=\"hidden\" name=\"on0\" value=\"Will you share a room or have your own room? (Please select one)\"\/>\n        \u00bfCompartir\u00e1 habitaci\u00f3n o tendr\u00e1 habitaci\u00f3n propia? (Seleccione una opci\u00f3n)\n      <\/td>\n    <\/tr>\n    <tr>\n      <td>\n        <select name=\"os0\">\n          <option value=\"Double occupancy (Sharing room)\">\n            Double occupancy (Sharing room) $2,447.00\u00a0USD\n          <\/option>\n          <option value=\"Single occupancy (Single room)\">\n            Single occupancy (Single room) $3,262.00\u00a0USD\n          <\/option>\n        <\/select>\n      <\/td>\n    <\/tr>\n  <\/table>\n  <input type=\"hidden\" name=\"currency_code\" value=\"USD\" \/>\n  <input type=\"image\" src=\"https:\/\/www.paypalobjects.com\/en_US\/i\/btn\/btn_cart_LG.gif\" border=\"0\" name=\"submit\" title=\"PayPal: la forma m\u00e1s segura y sencilla de pagar en Internet\" alt=\"Add to Cart\" \/>\n<\/form>\t\t\t\t<\/div>\n\t\t\t\t<\/div>\n\t\t\t\t<\/div>\n\t\t\t\t\t<\/div>\n\t\t\t\t<\/div>\n\t\t<div class=\"elementor-element elementor-element-26a8c0a e-flex e-con-boxed e-con e-parent\" data-id=\"26a8c0a\" data-element_type=\"container\" data-e-type=\"container\" data-settings=\"{&quot;jet_parallax_layout_list&quot;:[]}\">\n\t\t\t\t\t<div class=\"e-con-inner\">\n\t\t\t\t\t<\/div>\n\t\t\t\t<\/div>\n\t\t<div class=\"elementor-element elementor-element-a1ab369 e-flex e-con-boxed e-con e-parent\" data-id=\"a1ab369\" data-element_type=\"container\" data-e-type=\"container\" data-settings=\"{&quot;jet_parallax_layout_list&quot;:[]}\">\n\t\t\t\t\t<div class=\"e-con-inner\">\n\t\t\t\t\t<\/div>\n\t\t\t\t<\/div>\n\t\t\t\t<\/div>","protected":false},"excerpt":{"rendered":"<p>\u00a0For those who would like to use a credit card to pay for the Fatima and the First Saturdays Pilgrimage deposit, remaining payment, or full payment, please click on one of the buttons below. Please note there is a 2.1% credit card processing fee added to the \u00a0prices listed below. If you would like to [&hellip;]<\/p>\n","protected":false},"author":2,"featured_media":0,"parent":0,"menu_order":0,"comment_status":"closed","ping_status":"closed","template":"","meta":{"_acf_changed":false,"om_disable_all_campaigns":false,"_monsterinsights_skip_tracking":false,"_monsterinsights_sitenote_active":false,"_monsterinsights_sitenote_note":"","_monsterinsights_sitenote_category":0,"_uf_show_specific_survey":0,"_uf_disable_surveys":false,"site-sidebar-layout":"no-sidebar","site-content-layout":"page-builder","ast-site-content-layout":"full-width-container","site-content-style":"unboxed","site-sidebar-style":"unboxed","ast-global-header-display":"","ast-banner-title-visibility":"","ast-main-header-display":"","ast-hfb-above-header-display":"","ast-hfb-below-header-display":"","ast-hfb-mobile-header-display":"","site-post-title":"disabled","ast-breadcrumbs-content":"","ast-featured-img":"disabled","footer-sml-layout":"","ast-disable-related-posts":"","theme-transparent-header-meta":"default","adv-header-id-meta":"","stick-header-meta":"","header-above-stick-meta":"","header-main-stick-meta":"","header-below-stick-meta":"","astra-migrate-meta-layouts":"set","ast-page-background-enabled":"default","ast-page-background-meta":{"desktop":{"background-color":"","background-image":"","background-repeat":"repeat","background-position":"center center","background-size":"auto","background-attachment":"scroll","background-type":"","background-media":"","overlay-type":"","overlay-color":"","overlay-opacity":"","overlay-gradient":""},"tablet":{"background-color":"","background-image":"","background-repeat":"repeat","background-position":"center center","background-size":"auto","background-attachment":"scroll","background-type":"","background-media":"","overlay-type":"","overlay-color":"","overlay-opacity":"","overlay-gradient":""},"mobile":{"background-color":"","background-image":"","background-repeat":"repeat","background-position":"center center","background-size":"auto","background-attachment":"scroll","background-type":"","background-media":"","overlay-type":"","overlay-color":"","overlay-opacity":"","overlay-gradient":""}},"ast-content-background-meta":{"desktop":{"background-color":"var(--ast-global-color-5)","background-image":"","background-repeat":"repeat","background-position":"center center","background-size":"auto","background-attachment":"scroll","background-type":"","background-media":"","overlay-type":"","overlay-color":"","overlay-opacity":"","overlay-gradient":""},"tablet":{"background-color":"var(--ast-global-color-5)","background-image":"","background-repeat":"repeat","background-position":"center center","background-size":"auto","background-attachment":"scroll","background-type":"","background-media":"","overlay-type":"","overlay-color":"","overlay-opacity":"","overlay-gradient":""},"mobile":{"background-color":"var(--ast-global-color-5)","background-image":"","background-repeat":"repeat","background-position":"center center","background-size":"auto","background-attachment":"scroll","background-type":"","background-media":"","overlay-type":"","overlay-color":"","overlay-opacity":"","overlay-gradient":""}},"footnotes":""},"class_list":["post-19572","page","type-page","status-publish","hentry"],"acf":[],"aioseo_notices":[],"yoast_head":"<!-- This site is optimized with the Yoast SEO plugin v27.2 - https:\/\/yoast.com\/product\/yoast-seo-wordpress\/ -->\n<title>Pilgrimage Credit Card Payment - The Communal First Saturdays<\/title>\n<meta name=\"robots\" content=\"index, follow, max-snippet:-1, max-image-preview:large, max-video-preview:-1\" \/>\n<link rel=\"canonical\" href=\"https:\/\/communalfirstsaturdays.org\/es\/pilgrimage-cc-payment\/\" \/>\n<meta property=\"og:locale\" content=\"es_MX\" \/>\n<meta property=\"og:type\" content=\"article\" \/>\n<meta property=\"og:title\" content=\"Pilgrimage Credit Card Payment - The Communal First Saturdays\" \/>\n<meta property=\"og:description\" content=\"\u00a0For those who would like to use a credit card to pay for the Fatima and the First Saturdays Pilgrimage deposit, remaining payment, or full payment, please click on one of the buttons below. Please note there is a 2.1% credit card processing fee added to the \u00a0prices listed below. If you would like to [&hellip;]\" \/>\n<meta property=\"og:url\" content=\"https:\/\/communalfirstsaturdays.org\/es\/pilgrimage-cc-payment\/\" \/>\n<meta property=\"og:site_name\" content=\"The Communal First Saturdays\" \/>\n<meta property=\"article:publisher\" content=\"https:\/\/www.facebook.com\/CommunalFirstSaturdays\/\" \/>\n<meta property=\"article:modified_time\" content=\"2026-03-08T04:52:13+00:00\" \/>\n<meta property=\"og:image\" content=\"https:\/\/communalfirstsaturdays.org\/wp-content\/uploads\/2023\/05\/full-sized-logo-color.jpg\" \/>\n\t<meta property=\"og:image:width\" content=\"1200\" \/>\n\t<meta property=\"og:image:height\" content=\"782\" \/>\n\t<meta property=\"og:image:type\" content=\"image\/jpeg\" \/>\n<meta name=\"twitter:card\" content=\"summary_large_image\" \/>\n<meta name=\"twitter:site\" content=\"@CFSApostolate\" \/>\n<meta name=\"twitter:label1\" content=\"Tiempo de lectura\" \/>\n\t<meta name=\"twitter:data1\" content=\"1 minuto\" \/>\n<script type=\"application\/ld+json\" class=\"yoast-schema-graph\">{\"@context\":\"https:\/\/schema.org\",\"@graph\":[{\"@type\":\"WebPage\",\"@id\":\"https:\/\/communalfirstsaturdays.org\/pilgrimage-cc-payment\/\",\"url\":\"https:\/\/communalfirstsaturdays.org\/pilgrimage-cc-payment\/\",\"name\":\"Pilgrimage Credit Card Payment - The Communal First Saturdays\",\"isPartOf\":{\"@id\":\"https:\/\/communalfirstsaturdays.org\/#website\"},\"datePublished\":\"2025-06-02T02:33:28+00:00\",\"dateModified\":\"2026-03-08T04:52:13+00:00\",\"breadcrumb\":{\"@id\":\"https:\/\/communalfirstsaturdays.org\/pilgrimage-cc-payment\/#breadcrumb\"},\"inLanguage\":\"es\",\"potentialAction\":[{\"@type\":\"ReadAction\",\"target\":[\"https:\/\/communalfirstsaturdays.org\/pilgrimage-cc-payment\/\"]}]},{\"@type\":\"BreadcrumbList\",\"@id\":\"https:\/\/communalfirstsaturdays.org\/pilgrimage-cc-payment\/#breadcrumb\",\"itemListElement\":[{\"@type\":\"ListItem\",\"position\":1,\"name\":\"Home\",\"item\":\"https:\/\/communalfirstsaturdays.org\/\"},{\"@type\":\"ListItem\",\"position\":2,\"name\":\"Pilgrimage Credit Card Payment\"}]},{\"@type\":\"WebSite\",\"@id\":\"https:\/\/communalfirstsaturdays.org\/#website\",\"url\":\"https:\/\/communalfirstsaturdays.org\/\",\"name\":\"The Communal First Saturdays\",\"description\":\"Power in Prayer Together\",\"publisher\":{\"@id\":\"https:\/\/communalfirstsaturdays.org\/#organization\"},\"potentialAction\":[{\"@type\":\"SearchAction\",\"target\":{\"@type\":\"EntryPoint\",\"urlTemplate\":\"https:\/\/communalfirstsaturdays.org\/?s={search_term_string}\"},\"query-input\":{\"@type\":\"PropertyValueSpecification\",\"valueRequired\":true,\"valueName\":\"search_term_string\"}}],\"inLanguage\":\"es\"},{\"@type\":\"Organization\",\"@id\":\"https:\/\/communalfirstsaturdays.org\/#organization\",\"name\":\"Communal First Saturdays\",\"url\":\"https:\/\/communalfirstsaturdays.org\/\",\"logo\":{\"@type\":\"ImageObject\",\"inLanguage\":\"es\",\"@id\":\"https:\/\/communalfirstsaturdays.org\/#\/schema\/logo\/image\/\",\"url\":\"https:\/\/communalfirstsaturdays.org\/wp-content\/uploads\/2019\/08\/cfs-logo-seo.png\",\"contentUrl\":\"https:\/\/communalfirstsaturdays.org\/wp-content\/uploads\/2019\/08\/cfs-logo-seo.png\",\"width\":800,\"height\":462,\"caption\":\"Communal First Saturdays\"},\"image\":{\"@id\":\"https:\/\/communalfirstsaturdays.org\/#\/schema\/logo\/image\/\"},\"sameAs\":[\"https:\/\/www.facebook.com\/CommunalFirstSaturdays\/\",\"https:\/\/x.com\/CFSApostolate\"]}]}<\/script>\n<!-- \/ Yoast SEO plugin. -->","yoast_head_json":{"title":"Pilgrimage Credit Card Payment - The Communal First Saturdays","robots":{"index":"index","follow":"follow","max-snippet":"max-snippet:-1","max-image-preview":"max-image-preview:large","max-video-preview":"max-video-preview:-1"},"canonical":"https:\/\/communalfirstsaturdays.org\/es\/pilgrimage-cc-payment\/","og_locale":"es_MX","og_type":"article","og_title":"Pilgrimage Credit Card Payment - The Communal First Saturdays","og_description":"\u00a0For those who would like to use a credit card to pay for the Fatima and the First Saturdays Pilgrimage deposit, remaining payment, or full payment, please click on one of the buttons below. Please note there is a 2.1% credit card processing fee added to the \u00a0prices listed below. If you would like to [&hellip;]","og_url":"https:\/\/communalfirstsaturdays.org\/es\/pilgrimage-cc-payment\/","og_site_name":"The Communal First Saturdays","article_publisher":"https:\/\/www.facebook.com\/CommunalFirstSaturdays\/","article_modified_time":"2026-03-08T04:52:13+00:00","og_image":[{"width":1200,"height":782,"url":"https:\/\/communalfirstsaturdays.org\/wp-content\/uploads\/2023\/05\/full-sized-logo-color.jpg","type":"image\/jpeg"}],"twitter_card":"summary_large_image","twitter_site":"@CFSApostolate","twitter_misc":{"Tiempo de lectura":"1 minuto"},"schema":{"@context":"https:\/\/schema.org","@graph":[{"@type":"WebPage","@id":"https:\/\/communalfirstsaturdays.org\/pilgrimage-cc-payment\/","url":"https:\/\/communalfirstsaturdays.org\/pilgrimage-cc-payment\/","name":"Pilgrimage Credit Card Payment - The Communal First Saturdays","isPartOf":{"@id":"https:\/\/communalfirstsaturdays.org\/#website"},"datePublished":"2025-06-02T02:33:28+00:00","dateModified":"2026-03-08T04:52:13+00:00","breadcrumb":{"@id":"https:\/\/communalfirstsaturdays.org\/pilgrimage-cc-payment\/#breadcrumb"},"inLanguage":"es","potentialAction":[{"@type":"ReadAction","target":["https:\/\/communalfirstsaturdays.org\/pilgrimage-cc-payment\/"]}]},{"@type":"BreadcrumbList","@id":"https:\/\/communalfirstsaturdays.org\/pilgrimage-cc-payment\/#breadcrumb","itemListElement":[{"@type":"ListItem","position":1,"name":"Home","item":"https:\/\/communalfirstsaturdays.org\/"},{"@type":"ListItem","position":2,"name":"Pilgrimage Credit Card Payment"}]},{"@type":"WebSite","@id":"https:\/\/communalfirstsaturdays.org\/#website","url":"https:\/\/communalfirstsaturdays.org\/","name":"The Communal First Saturdays","description":"El poder de rezar juntos","publisher":{"@id":"https:\/\/communalfirstsaturdays.org\/#organization"},"potentialAction":[{"@type":"SearchAction","target":{"@type":"EntryPoint","urlTemplate":"https:\/\/communalfirstsaturdays.org\/?s={search_term_string}"},"query-input":{"@type":"PropertyValueSpecification","valueRequired":true,"valueName":"search_term_string"}}],"inLanguage":"es"},{"@type":"Organization","@id":"https:\/\/communalfirstsaturdays.org\/#organization","name":"Los Primeros S\u00e1bados Comunitarios","url":"https:\/\/communalfirstsaturdays.org\/","logo":{"@type":"ImageObject","inLanguage":"es","@id":"https:\/\/communalfirstsaturdays.org\/#\/schema\/logo\/image\/","url":"https:\/\/communalfirstsaturdays.org\/wp-content\/uploads\/2019\/08\/cfs-logo-seo.png","contentUrl":"https:\/\/communalfirstsaturdays.org\/wp-content\/uploads\/2019\/08\/cfs-logo-seo.png","width":800,"height":462,"caption":"Communal First Saturdays"},"image":{"@id":"https:\/\/communalfirstsaturdays.org\/#\/schema\/logo\/image\/"},"sameAs":["https:\/\/www.facebook.com\/CommunalFirstSaturdays\/","https:\/\/x.com\/CFSApostolate"]}]}},"_links":{"self":[{"href":"https:\/\/communalfirstsaturdays.org\/es\/wp-json\/wp\/v2\/pages\/19572","targetHints":{"allow":["GET"]}}],"collection":[{"href":"https:\/\/communalfirstsaturdays.org\/es\/wp-json\/wp\/v2\/pages"}],"about":[{"href":"https:\/\/communalfirstsaturdays.org\/es\/wp-json\/wp\/v2\/types\/page"}],"author":[{"embeddable":true,"href":"https:\/\/communalfirstsaturdays.org\/es\/wp-json\/wp\/v2\/users\/2"}],"replies":[{"embeddable":true,"href":"https:\/\/communalfirstsaturdays.org\/es\/wp-json\/wp\/v2\/comments?post=19572"}],"version-history":[{"count":36,"href":"https:\/\/communalfirstsaturdays.org\/es\/wp-json\/wp\/v2\/pages\/19572\/revisions"}],"predecessor-version":[{"id":21581,"href":"https:\/\/communalfirstsaturdays.org\/es\/wp-json\/wp\/v2\/pages\/19572\/revisions\/21581"}],"wp:attachment":[{"href":"https:\/\/communalfirstsaturdays.org\/es\/wp-json\/wp\/v2\/media?parent=19572"}],"curies":[{"name":"wp","href":"https:\/\/api.w.org\/{rel}","templated":true}]}}