{"id":19855,"date":"2025-07-03T16:38:11","date_gmt":"2025-07-03T16:38:11","guid":{"rendered":"https:\/\/communalfirstsaturdays.org\/?page_id=19855"},"modified":"2025-09-13T23:10:56","modified_gmt":"2025-09-13T23:10:56","slug":"ssj-retreat","status":"publish","type":"page","link":"https:\/\/communalfirstsaturdays.org\/es\/ssj-retreat\/","title":{"rendered":"Retiro de F\u00e1tima y los Primeros S\u00e1bados en la Iglesia Cat\u00f3lica de San Sim\u00f3n y San Judas"},"content":{"rendered":"<div data-elementor-type=\"wp-page\" data-elementor-id=\"19855\" class=\"elementor elementor-19855\" data-elementor-post-type=\"page\">\n\t\t\t\t<div class=\"elementor-element elementor-element-c64d564 e-con-full e-flex e-con e-parent\" data-id=\"c64d564\" data-element_type=\"container\" data-e-type=\"container\" data-settings=\"{&quot;jet_parallax_layout_list&quot;:[]}\">\n\t\t\t\t<div class=\"elementor-element elementor-element-31ac72e elementor-widget elementor-widget-text-editor\" data-id=\"31ac72e\" data-element_type=\"widget\" data-e-type=\"widget\" data-widget_type=\"text-editor.default\">\n\t\t\t\t<div class=\"elementor-widget-container\">\n\t\t\t\t\t\t\t\t\t<h2><strong>Saturday, September 20th, 8:00am &#8211; 4:00pm<\/strong><\/h2>\t\t\t\t\t\t\t\t<\/div>\n\t\t\t\t<\/div>\n\t\t\t\t<div class=\"elementor-element elementor-element-b323923 elementor-widget elementor-widget-text-editor\" data-id=\"b323923\" data-element_type=\"widget\" data-e-type=\"widget\" data-widget_type=\"text-editor.default\">\n\t\t\t\t<div class=\"elementor-widget-container\">\n\t\t\t\t\t\t\t\t\t<h2><strong>Sts. Simon &amp; Jude Catholic Church<\/strong><\/h2><p class=\"font_8 wixui-rich-text__text\"><span class=\"color_11 wixui-rich-text__text\">26777 Glen Loch Drive; <\/span><span class=\"color_11 wixui-rich-text__text\">The Woodlands, TX 77381<\/span><\/p>\t\t\t\t\t\t\t\t<\/div>\n\t\t\t\t<\/div>\n\t\t\t\t<div class=\"elementor-element elementor-element-065fd8d elementor-widget elementor-widget-text-editor\" data-id=\"065fd8d\" data-element_type=\"widget\" data-e-type=\"widget\" data-widget_type=\"text-editor.default\">\n\t\t\t\t<div class=\"elementor-widget-container\">\n\t\t\t\t\t\t\t\t\t<p>Te invitamos a unirte a nosotros en un retiro para reflexionar sobre las apariciones de Nuestra Se\u00f1ora en F\u00e1tima y su llamada a difundir la Palabra de Dios. <em>Primeros S\u00e1bados<\/em> en todo el mundo. Consulte el programa completo m\u00e1s abajo. La cuota de inscripci\u00f3n incluye un desayuno ligero y un almuerzo.<\/p>\t\t\t\t\t\t\t\t<\/div>\n\t\t\t\t<\/div>\n\t\t\t\t<div class=\"elementor-element elementor-element-e49097d elementor-widget elementor-widget-text-editor\" data-id=\"e49097d\" data-element_type=\"widget\" data-e-type=\"widget\" data-widget_type=\"text-editor.default\">\n\t\t\t\t<div class=\"elementor-widget-container\">\n\t\t\t\t\t\t\t\t\t<ul><li><strong>Cuota de inscripci\u00f3n: $25 USD\u00a0<\/strong><\/li><\/ul>\t\t\t\t\t\t\t\t<\/div>\n\t\t\t\t<\/div>\n\t\t\t\t<div class=\"elementor-element elementor-element-f530ba2 elementor-widget elementor-widget-text-editor\" data-id=\"f530ba2\" data-element_type=\"widget\" data-e-type=\"widget\" data-widget_type=\"text-editor.default\">\n\t\t\t\t<div class=\"elementor-widget-container\">\n\t\t\t\t\t\t\t\t\t<p>Si tiene alguna pregunta, env\u00ede un mensaje de texto a Sonya Sullenberger al 281-782-3417.<\/p>\t\t\t\t\t\t\t\t<\/div>\n\t\t\t\t<\/div>\n\t\t\t\t<div class=\"elementor-element elementor-element-85c3071 elementor-widget elementor-widget-text-editor\" data-id=\"85c3071\" data-element_type=\"widget\" data-e-type=\"widget\" data-widget_type=\"text-editor.default\">\n\t\t\t\t<div class=\"elementor-widget-container\">\n\t\t\t\t\t\t\t\t\t<h1><strong>\u00a0 \u00a0 \u00a0 \u00a0INFORMACI\u00d3N SOBRE PONENTES Y PROGRAMA DEL RETIRO<\/strong><\/h1>\t\t\t\t\t\t\t\t<\/div>\n\t\t\t\t<\/div>\n\t\t\t\t<div class=\"elementor-element elementor-element-2bfa2d1 elementor-position-top elementor-widget elementor-widget-image-box\" data-id=\"2bfa2d1\" data-element_type=\"widget\" data-e-type=\"widget\" data-widget_type=\"image-box.default\">\n\t\t\t\t<div class=\"elementor-widget-container\">\n\t\t\t\t\t<div class=\"elementor-image-box-wrapper\"><figure class=\"elementor-image-box-img\"><img fetchpriority=\"high\" decoding=\"async\" width=\"301\" height=\"301\" src=\"https:\/\/communalfirstsaturdays.org\/wp-content\/uploads\/2024\/07\/dr-katrina-leyden.webp\" class=\"attachment-full size-full wp-image-15903\" alt=\"\" srcset=\"https:\/\/communalfirstsaturdays.org\/wp-content\/uploads\/2024\/07\/dr-katrina-leyden.webp 301w, https:\/\/communalfirstsaturdays.org\/wp-content\/uploads\/2024\/07\/dr-katrina-leyden-150x150.webp 150w, https:\/\/communalfirstsaturdays.org\/wp-content\/uploads\/2024\/07\/dr-katrina-leyden-12x12.webp 12w\" sizes=\"(max-width: 301px) 100vw, 301px\" \/><\/figure><div class=\"elementor-image-box-content\"><p class=\"elementor-image-box-description\">Orador:&nbsp;<br>Dra. Katrina Leyden<br>Cofundador y Presidente del Apostolado Comunal de los Primeros S\u00e1bados<br>Presentador del programa semanal de Radio Mar\u00eda, \"F\u00e1tima y los Primeros S\u00e1bados\"<\/p><\/div><\/div>\t\t\t\t<\/div>\n\t\t\t\t<\/div>\n\t\t\t\t<div class=\"elementor-element elementor-element-1720ed7 elementor-widget elementor-widget-text-editor\" data-id=\"1720ed7\" data-element_type=\"widget\" data-e-type=\"widget\" data-widget_type=\"text-editor.default\">\n\t\t\t\t<div class=\"elementor-widget-container\">\n\t\t\t\t\t\t\t\t\t<p style=\"font-weight: 400;\">La Dra. Katrina Leyden es la Presidenta y Cofundadora del Apostolado Comunal de los Primeros S\u00e1bados, una Asociaci\u00f3n Privada de Fieles Cristianos dentro de la Archidi\u00f3cesis de Galveston-Houston. La Dra. Leyden es coautora del libro <em>F\u00e1tima y los Primeros S\u00e1bados.<\/em> libro (con <em>imprimatur<\/em> del cardenal DiNardo) y <em>The Communal First Saturdays<\/em> libro (con <em>imprimatur <\/em>del cardenal DiNardo). El Dr. Leyden es tambi\u00e9n el presentador del programa semanal de Radio Mar\u00eda titulado <em>F\u00e1tima y los Primeros S\u00e1bados.<\/em>.<\/p>\t\t\t\t\t\t\t\t<\/div>\n\t\t\t\t<\/div>\n\t\t\t\t<div class=\"elementor-element elementor-element-b8a0c9c elementor-widget elementor-widget-text-editor\" data-id=\"b8a0c9c\" data-element_type=\"widget\" data-e-type=\"widget\" data-widget_type=\"text-editor.default\">\n\t\t\t\t<div class=\"elementor-widget-container\">\n\t\t\t\t\t\t\t\t\t<p><strong>AGENDA DEL S\u00c1BADO<br \/>8:00 AM - Rosario<\/strong><br \/><strong>8:30 - Misa<\/strong><\/p><p><strong>Despu\u00e9s de la misa: 15 min. Meditaci\u00f3n (Lectio Divina) sobre los Misterios del Rosario<\/strong><\/p><p>\u00a0<\/p><p><strong>Salas 1 y 2 Check-In (Caf\u00e9 y Dan\u00e9s)<\/strong><\/p><p>\u00a0<\/p><p><strong>Dir\u00edjase a la Sala Domec<\/strong><\/p><p>\u00a0<\/p><p><strong>9:45 -<\/strong> <strong>Presentaci\u00f3n de Katrina Leyden<\/strong><\/p><p><strong>Apariciones del \u00c1ngel en F\u00e1tima<\/strong><\/p><p><strong>Apariciones de Nuestra Se\u00f1ora en F\u00e1tima, 1\u00aa parte<\/strong><\/p><p>\u00a0<\/p><p>11:15 - Pausa 1<\/p><p>\u00a0<\/p><p><strong>11:30 - Apariciones de Nuestra Se\u00f1ora en F\u00e1tima, 2\u00aa parte<\/strong><\/p><p>\u00a0<\/p><p>12:15 - Comida\u00a0<\/p><p>\u00a0<\/p><p><strong>12:45 PM - Mensajes Post-F\u00e1tima, Parte 1<\/strong><\/p><p><strong>13:30- Mensajes posteriores a F\u00e1tima, 2\u00aa parte<\/strong><\/p><p>\u00a0<\/p><p>14:15 - Pausa<\/p><p>\u00a0<\/p><p><strong>14:30 - Respondiendo a la pregunta de Jes\u00fas<\/strong><br \/><strong>15:15 - Preguntas y respuestas<\/strong><\/p><p><strong>16:00 H<\/strong> - Se cierra el retiro<\/p>\t\t\t\t\t\t\t\t<\/div>\n\t\t\t\t<\/div>\n\t\t\t\t<div class=\"elementor-element elementor-element-b36b353 elementor-widget elementor-widget-text-editor\" data-id=\"b36b353\" data-element_type=\"widget\" data-e-type=\"widget\" data-widget_type=\"text-editor.default\">\n\t\t\t\t<div class=\"elementor-widget-container\">\n\t\t\t\t\t\t\t\t\t<p><em>Mapa del campus: C\u00f3digo QR<\/em><\/p>\t\t\t\t\t\t\t\t<\/div>\n\t\t\t\t<\/div>\n\t\t\t\t<div class=\"elementor-element elementor-element-f446642 elementor-widget elementor-widget-image\" data-id=\"f446642\" data-element_type=\"widget\" data-e-type=\"widget\" data-widget_type=\"image.default\">\n\t\t\t\t<div class=\"elementor-widget-container\">\n\t\t\t\t\t\t\t\t\t\t\t\t\t\t\t\t<a href=\"https:\/\/www.ssjwoodlands.com\/_files\/ugd\/e041d1_34b895556f7b41978f2ba781dfb0a7cc.pdf\">\n\t\t\t\t\t\t\t<img decoding=\"async\" src=\"https:\/\/communalfirstsaturdays.org\/wp-content\/uploads\/elementor\/thumbs\/qr-code-campus-map-retreat-ssj-r884q4p1519bprclkzx77sptwvebuhmlurmhb60ki8.png\" title=\"c\u00f3digo qr mapa del campus retirada ssj\" alt=\"qr code campus map retreat ssj\" loading=\"lazy\" \/>\t\t\t\t\t\t\t\t<\/a>\n\t\t\t\t\t\t\t\t\t\t\t\t\t\t\t<\/div>\n\t\t\t\t<\/div>\n\t\t\t\t<div class=\"elementor-element elementor-element-3030276 elementor-align-center elementor-widget elementor-widget-button\" data-id=\"3030276\" data-element_type=\"widget\" data-e-type=\"widget\" data-widget_type=\"button.default\">\n\t\t\t\t<div class=\"elementor-widget-container\">\n\t\t\t\t\t\t\t\t\t<div class=\"elementor-button-wrapper\">\n\t\t\t\t\t<a class=\"elementor-button elementor-button-link elementor-size-sm\" href=\"https:\/\/giving.parishsoft.com\/App\/Form\/323d3650-8d69-4b24-934c-57d390b38f59\">\n\t\t\t\t\t\t<span class=\"elementor-button-content-wrapper\">\n\t\t\t\t\t\t\t\t\t<span class=\"elementor-button-text\">PULSE AQU\u00cd PARA INSCRIBIRSE<\/span>\n\t\t\t\t\t<\/span>\n\t\t\t\t\t<\/a>\n\t\t\t\t<\/div>\n\t\t\t\t\t\t\t\t<\/div>\n\t\t\t\t<\/div>\n\t\t\t\t<\/div>\n\t\t\t\t<\/div>","protected":false},"excerpt":{"rendered":"<p>Saturday, September 20th, 8:00am &#8211; 4:00pm Sts. Simon &amp; Jude Catholic Church 26777 Glen Loch Drive; The Woodlands, TX 77381 You are invited to join us in a retreat to reflect on Our Lady\u2019s apparitions at Fatima and her call to spread the First Saturdays throughout the world. See full schedule below. Registration fee includes [&hellip;]<\/p>\n","protected":false},"author":68,"featured_media":0,"parent":0,"menu_order":0,"comment_status":"closed","ping_status":"closed","template":"","meta":{"_acf_changed":false,"om_disable_all_campaigns":false,"_monsterinsights_skip_tracking":false,"_monsterinsights_sitenote_active":false,"_monsterinsights_sitenote_note":"","_monsterinsights_sitenote_category":0,"_uf_show_specific_survey":0,"_uf_disable_surveys":false,"site-sidebar-layout":"no-sidebar","site-content-layout":"page-builder","ast-site-content-layout":"full-width-container","site-content-style":"default","site-sidebar-style":"default","ast-global-header-display":"","ast-banner-title-visibility":"","ast-main-header-display":"","ast-hfb-above-header-display":"","ast-hfb-below-header-display":"","ast-hfb-mobile-header-display":"","site-post-title":"disabled","ast-breadcrumbs-content":"","ast-featured-img":"disabled","footer-sml-layout":"","ast-disable-related-posts":"","theme-transparent-header-meta":"default","adv-header-id-meta":"","stick-header-meta":"","header-above-stick-meta":"","header-main-stick-meta":"","header-below-stick-meta":"","astra-migrate-meta-layouts":"set","ast-page-background-enabled":"default","ast-page-background-meta":{"desktop":{"background-color":"","background-image":"","background-repeat":"repeat","background-position":"center center","background-size":"auto","background-attachment":"scroll","background-type":"","background-media":"","overlay-type":"","overlay-color":"","overlay-opacity":"","overlay-gradient":""},"tablet":{"background-color":"","background-image":"","background-repeat":"repeat","background-position":"center center","background-size":"auto","background-attachment":"scroll","background-type":"","background-media":"","overlay-type":"","overlay-color":"","overlay-opacity":"","overlay-gradient":""},"mobile":{"background-color":"","background-image":"","background-repeat":"repeat","background-position":"center center","background-size":"auto","background-attachment":"scroll","background-type":"","background-media":"","overlay-type":"","overlay-color":"","overlay-opacity":"","overlay-gradient":""}},"ast-content-background-meta":{"desktop":{"background-color":"var(--ast-global-color-5)","background-image":"","background-repeat":"repeat","background-position":"center center","background-size":"auto","background-attachment":"scroll","background-type":"","background-media":"","overlay-type":"","overlay-color":"","overlay-opacity":"","overlay-gradient":""},"tablet":{"background-color":"var(--ast-global-color-5)","background-image":"","background-repeat":"repeat","background-position":"center center","background-size":"auto","background-attachment":"scroll","background-type":"","background-media":"","overlay-type":"","overlay-color":"","overlay-opacity":"","overlay-gradient":""},"mobile":{"background-color":"var(--ast-global-color-5)","background-image":"","background-repeat":"repeat","background-position":"center center","background-size":"auto","background-attachment":"scroll","background-type":"","background-media":"","overlay-type":"","overlay-color":"","overlay-opacity":"","overlay-gradient":""}},"footnotes":""},"class_list":["post-19855","page","type-page","status-publish","hentry"],"acf":[],"aioseo_notices":[],"yoast_head":"<!-- This site is optimized with the Yoast SEO plugin v27.4 - https:\/\/yoast.com\/product\/yoast-seo-wordpress\/ -->\n<title>Fatima and the First Saturdays Retreat at Sts. Simon and Jude Catholic Church - The Communal First Saturdays<\/title>\n<meta name=\"robots\" content=\"index, follow, max-snippet:-1, max-image-preview:large, max-video-preview:-1\" \/>\n<link rel=\"canonical\" href=\"https:\/\/communalfirstsaturdays.org\/es\/ssj-retreat\/\" \/>\n<meta property=\"og:locale\" content=\"es_MX\" \/>\n<meta property=\"og:type\" content=\"article\" \/>\n<meta property=\"og:title\" content=\"Fatima and the First Saturdays Retreat at Sts. Simon and Jude Catholic Church - The Communal First Saturdays\" \/>\n<meta property=\"og:description\" content=\"Saturday, September 20th, 8:00am &#8211; 4:00pm Sts. Simon &amp; Jude Catholic Church 26777 Glen Loch Drive; The Woodlands, TX 77381 You are invited to join us in a retreat to reflect on Our Lady\u2019s apparitions at Fatima and her call to spread the First Saturdays throughout the world. See full schedule below. Registration fee includes [&hellip;]\" \/>\n<meta property=\"og:url\" content=\"https:\/\/communalfirstsaturdays.org\/es\/ssj-retreat\/\" \/>\n<meta property=\"og:site_name\" content=\"The Communal First Saturdays\" \/>\n<meta property=\"article:publisher\" content=\"https:\/\/www.facebook.com\/CommunalFirstSaturdays\/\" \/>\n<meta property=\"article:modified_time\" content=\"2025-09-13T23:10:56+00:00\" \/>\n<meta property=\"og:image\" content=\"https:\/\/communalfirstsaturdays.org\/wp-content\/uploads\/2024\/07\/dr-katrina-leyden.webp\" \/>\n\t<meta property=\"og:image:width\" content=\"301\" \/>\n\t<meta property=\"og:image:height\" content=\"301\" \/>\n\t<meta property=\"og:image:type\" content=\"image\/webp\" \/>\n<meta name=\"twitter:card\" content=\"summary_large_image\" \/>\n<meta name=\"twitter:site\" content=\"@CFSApostolate\" \/>\n<meta name=\"twitter:label1\" content=\"Tiempo de lectura\" \/>\n\t<meta name=\"twitter:data1\" content=\"2 minutos\" \/>\n<script type=\"application\/ld+json\" class=\"yoast-schema-graph\">{\"@context\":\"https:\\\/\\\/schema.org\",\"@graph\":[{\"@type\":\"WebPage\",\"@id\":\"https:\\\/\\\/communalfirstsaturdays.org\\\/ssj-retreat\\\/\",\"url\":\"https:\\\/\\\/communalfirstsaturdays.org\\\/ssj-retreat\\\/\",\"name\":\"Fatima and the First Saturdays Retreat at Sts. Simon and Jude Catholic Church - The Communal First Saturdays\",\"isPartOf\":{\"@id\":\"https:\\\/\\\/communalfirstsaturdays.org\\\/#website\"},\"primaryImageOfPage\":{\"@id\":\"https:\\\/\\\/communalfirstsaturdays.org\\\/ssj-retreat\\\/#primaryimage\"},\"image\":{\"@id\":\"https:\\\/\\\/communalfirstsaturdays.org\\\/ssj-retreat\\\/#primaryimage\"},\"thumbnailUrl\":\"https:\\\/\\\/communalfirstsaturdays.org\\\/wp-content\\\/uploads\\\/2024\\\/07\\\/dr-katrina-leyden.webp\",\"datePublished\":\"2025-07-03T16:38:11+00:00\",\"dateModified\":\"2025-09-13T23:10:56+00:00\",\"breadcrumb\":{\"@id\":\"https:\\\/\\\/communalfirstsaturdays.org\\\/ssj-retreat\\\/#breadcrumb\"},\"inLanguage\":\"es\",\"potentialAction\":[{\"@type\":\"ReadAction\",\"target\":[\"https:\\\/\\\/communalfirstsaturdays.org\\\/ssj-retreat\\\/\"]}]},{\"@type\":\"ImageObject\",\"inLanguage\":\"es\",\"@id\":\"https:\\\/\\\/communalfirstsaturdays.org\\\/ssj-retreat\\\/#primaryimage\",\"url\":\"https:\\\/\\\/communalfirstsaturdays.org\\\/wp-content\\\/uploads\\\/2024\\\/07\\\/dr-katrina-leyden.webp\",\"contentUrl\":\"https:\\\/\\\/communalfirstsaturdays.org\\\/wp-content\\\/uploads\\\/2024\\\/07\\\/dr-katrina-leyden.webp\"},{\"@type\":\"BreadcrumbList\",\"@id\":\"https:\\\/\\\/communalfirstsaturdays.org\\\/ssj-retreat\\\/#breadcrumb\",\"itemListElement\":[{\"@type\":\"ListItem\",\"position\":1,\"name\":\"Home\",\"item\":\"https:\\\/\\\/communalfirstsaturdays.org\\\/\"},{\"@type\":\"ListItem\",\"position\":2,\"name\":\"Fatima and the First Saturdays Retreat at Sts. Simon and Jude Catholic Church\"}]},{\"@type\":\"WebSite\",\"@id\":\"https:\\\/\\\/communalfirstsaturdays.org\\\/#website\",\"url\":\"https:\\\/\\\/communalfirstsaturdays.org\\\/\",\"name\":\"The Communal First Saturdays\",\"description\":\"Power in Prayer Together\",\"publisher\":{\"@id\":\"https:\\\/\\\/communalfirstsaturdays.org\\\/#organization\"},\"potentialAction\":[{\"@type\":\"SearchAction\",\"target\":{\"@type\":\"EntryPoint\",\"urlTemplate\":\"https:\\\/\\\/communalfirstsaturdays.org\\\/?s={search_term_string}\"},\"query-input\":{\"@type\":\"PropertyValueSpecification\",\"valueRequired\":true,\"valueName\":\"search_term_string\"}}],\"inLanguage\":\"es\"},{\"@type\":\"Organization\",\"@id\":\"https:\\\/\\\/communalfirstsaturdays.org\\\/#organization\",\"name\":\"Communal First Saturdays\",\"url\":\"https:\\\/\\\/communalfirstsaturdays.org\\\/\",\"logo\":{\"@type\":\"ImageObject\",\"inLanguage\":\"es\",\"@id\":\"https:\\\/\\\/communalfirstsaturdays.org\\\/#\\\/schema\\\/logo\\\/image\\\/\",\"url\":\"https:\\\/\\\/communalfirstsaturdays.org\\\/wp-content\\\/uploads\\\/2019\\\/08\\\/cfs-logo-seo.png\",\"contentUrl\":\"https:\\\/\\\/communalfirstsaturdays.org\\\/wp-content\\\/uploads\\\/2019\\\/08\\\/cfs-logo-seo.png\",\"width\":800,\"height\":462,\"caption\":\"Communal First Saturdays\"},\"image\":{\"@id\":\"https:\\\/\\\/communalfirstsaturdays.org\\\/#\\\/schema\\\/logo\\\/image\\\/\"},\"sameAs\":[\"https:\\\/\\\/www.facebook.com\\\/CommunalFirstSaturdays\\\/\",\"https:\\\/\\\/x.com\\\/CFSApostolate\"]}]}<\/script>\n<!-- \/ Yoast SEO plugin. -->","yoast_head_json":{"title":"Fatima and the First Saturdays Retreat at Sts. Simon and Jude Catholic Church - The Communal First Saturdays","robots":{"index":"index","follow":"follow","max-snippet":"max-snippet:-1","max-image-preview":"max-image-preview:large","max-video-preview":"max-video-preview:-1"},"canonical":"https:\/\/communalfirstsaturdays.org\/es\/ssj-retreat\/","og_locale":"es_MX","og_type":"article","og_title":"Fatima and the First Saturdays Retreat at Sts. Simon and Jude Catholic Church - The Communal First Saturdays","og_description":"Saturday, September 20th, 8:00am &#8211; 4:00pm Sts. Simon &amp; Jude Catholic Church 26777 Glen Loch Drive; The Woodlands, TX 77381 You are invited to join us in a retreat to reflect on Our Lady\u2019s apparitions at Fatima and her call to spread the First Saturdays throughout the world. See full schedule below. Registration fee includes [&hellip;]","og_url":"https:\/\/communalfirstsaturdays.org\/es\/ssj-retreat\/","og_site_name":"The Communal First Saturdays","article_publisher":"https:\/\/www.facebook.com\/CommunalFirstSaturdays\/","article_modified_time":"2025-09-13T23:10:56+00:00","og_image":[{"width":301,"height":301,"url":"https:\/\/communalfirstsaturdays.org\/wp-content\/uploads\/2024\/07\/dr-katrina-leyden.webp","type":"image\/webp"}],"twitter_card":"summary_large_image","twitter_site":"@CFSApostolate","twitter_misc":{"Tiempo de lectura":"2 minutos"},"schema":{"@context":"https:\/\/schema.org","@graph":[{"@type":"WebPage","@id":"https:\/\/communalfirstsaturdays.org\/ssj-retreat\/","url":"https:\/\/communalfirstsaturdays.org\/ssj-retreat\/","name":"Fatima and the First Saturdays Retreat at Sts. Simon and Jude Catholic Church - The Communal First Saturdays","isPartOf":{"@id":"https:\/\/communalfirstsaturdays.org\/#website"},"primaryImageOfPage":{"@id":"https:\/\/communalfirstsaturdays.org\/ssj-retreat\/#primaryimage"},"image":{"@id":"https:\/\/communalfirstsaturdays.org\/ssj-retreat\/#primaryimage"},"thumbnailUrl":"https:\/\/communalfirstsaturdays.org\/wp-content\/uploads\/2024\/07\/dr-katrina-leyden.webp","datePublished":"2025-07-03T16:38:11+00:00","dateModified":"2025-09-13T23:10:56+00:00","breadcrumb":{"@id":"https:\/\/communalfirstsaturdays.org\/ssj-retreat\/#breadcrumb"},"inLanguage":"es","potentialAction":[{"@type":"ReadAction","target":["https:\/\/communalfirstsaturdays.org\/ssj-retreat\/"]}]},{"@type":"ImageObject","inLanguage":"es","@id":"https:\/\/communalfirstsaturdays.org\/ssj-retreat\/#primaryimage","url":"https:\/\/communalfirstsaturdays.org\/wp-content\/uploads\/2024\/07\/dr-katrina-leyden.webp","contentUrl":"https:\/\/communalfirstsaturdays.org\/wp-content\/uploads\/2024\/07\/dr-katrina-leyden.webp"},{"@type":"BreadcrumbList","@id":"https:\/\/communalfirstsaturdays.org\/ssj-retreat\/#breadcrumb","itemListElement":[{"@type":"ListItem","position":1,"name":"Home","item":"https:\/\/communalfirstsaturdays.org\/"},{"@type":"ListItem","position":2,"name":"Fatima and the First Saturdays Retreat at Sts. Simon and Jude Catholic Church"}]},{"@type":"WebSite","@id":"https:\/\/communalfirstsaturdays.org\/#website","url":"https:\/\/communalfirstsaturdays.org\/","name":"The Communal First Saturdays","description":"El poder de rezar juntos","publisher":{"@id":"https:\/\/communalfirstsaturdays.org\/#organization"},"potentialAction":[{"@type":"SearchAction","target":{"@type":"EntryPoint","urlTemplate":"https:\/\/communalfirstsaturdays.org\/?s={search_term_string}"},"query-input":{"@type":"PropertyValueSpecification","valueRequired":true,"valueName":"search_term_string"}}],"inLanguage":"es"},{"@type":"Organization","@id":"https:\/\/communalfirstsaturdays.org\/#organization","name":"Los Primeros S\u00e1bados Comunitarios","url":"https:\/\/communalfirstsaturdays.org\/","logo":{"@type":"ImageObject","inLanguage":"es","@id":"https:\/\/communalfirstsaturdays.org\/#\/schema\/logo\/image\/","url":"https:\/\/communalfirstsaturdays.org\/wp-content\/uploads\/2019\/08\/cfs-logo-seo.png","contentUrl":"https:\/\/communalfirstsaturdays.org\/wp-content\/uploads\/2019\/08\/cfs-logo-seo.png","width":800,"height":462,"caption":"Communal First Saturdays"},"image":{"@id":"https:\/\/communalfirstsaturdays.org\/#\/schema\/logo\/image\/"},"sameAs":["https:\/\/www.facebook.com\/CommunalFirstSaturdays\/","https:\/\/x.com\/CFSApostolate"]}]}},"_links":{"self":[{"href":"https:\/\/communalfirstsaturdays.org\/es\/wp-json\/wp\/v2\/pages\/19855","targetHints":{"allow":["GET"]}}],"collection":[{"href":"https:\/\/communalfirstsaturdays.org\/es\/wp-json\/wp\/v2\/pages"}],"about":[{"href":"https:\/\/communalfirstsaturdays.org\/es\/wp-json\/wp\/v2\/types\/page"}],"author":[{"embeddable":true,"href":"https:\/\/communalfirstsaturdays.org\/es\/wp-json\/wp\/v2\/users\/68"}],"replies":[{"embeddable":true,"href":"https:\/\/communalfirstsaturdays.org\/es\/wp-json\/wp\/v2\/comments?post=19855"}],"version-history":[{"count":33,"href":"https:\/\/communalfirstsaturdays.org\/es\/wp-json\/wp\/v2\/pages\/19855\/revisions"}],"predecessor-version":[{"id":20806,"href":"https:\/\/communalfirstsaturdays.org\/es\/wp-json\/wp\/v2\/pages\/19855\/revisions\/20806"}],"wp:attachment":[{"href":"https:\/\/communalfirstsaturdays.org\/es\/wp-json\/wp\/v2\/media?parent=19855"}],"curies":[{"name":"wp","href":"https:\/\/api.w.org\/{rel}","templated":true}]}}