{"id":2153,"date":"2019-05-07T17:03:25","date_gmt":"2019-05-07T17:03:25","guid":{"rendered":"https:\/\/45d855c02b.nxcli.net\/?page_id=2153"},"modified":"2025-02-21T20:08:34","modified_gmt":"2025-02-21T20:08:34","slug":"invite-us-to-speak","status":"publish","type":"page","link":"https:\/\/communalfirstsaturdays.org\/es\/invite-us-to-speak\/","title":{"rendered":"Conferencistas"},"content":{"rendered":"<p>Inv\u00edtenos a hablar en su pr\u00f3ximo evento. Ofrecemos charlas de distinta duraci\u00f3n tanto en ingl\u00e9s como en espa\u00f1ol. Tambi\u00e9n ofrecemos charlas de 1 o 2 d\u00edas\u00a0<em>F\u00e1tima y los Primeros S\u00e1bados.<\/em> retiros. Para m\u00e1s detalles e informaci\u00f3n, p\u00f3ngase en contacto con nosotros en info@communalfirstsaturdays.org. Tel\u00e9fono: (832) 839-1019<\/p>\r\n\r\n\r\n\r\n\r\n\r\n<h2 class=\"wp-block-heading\">Los oradores:<\/h2>\r\n\r\n\r\n\r\n<p>&nbsp;<\/p>\r\n\r\n\r\n\r\n<h3 class=\"wp-block-heading\"><strong>Katrina Leyden, PhD<\/strong><\/h3>\r\n\r\n\r\n\r\n<h3 class=\"wp-block-heading\"><strong>Presidenta, cofundadora y coautora<\/strong><\/h3>\r\n\r\n\r\n\r\n<div class=\"wp-block-image\">\r\n<figure class=\"alignleft\"><img decoding=\"async\" width=\"169\" height=\"211\" class=\"wp-image-2164\" src=\"https:\/\/communalfirstsaturdays.org\/wp-content\/uploads\/2019\/05\/IMG_9159-1-e1557252758943.jpg\" alt=\"\" \/><\/figure>\r\n<\/div>\r\n\r\n\r\n\r\n<p>La Dra. Katrina Leyden, presidenta y cofundadora del Apostolado de los Primeros S\u00e1bados Comunitarios (APSC), es la coautora del libro m\u00e1s completo disponible entre la literatura sobre los Primeros S\u00e1bados, <em><a href=\"https:\/\/communalfirstsaturdays.org\/es\/store\/\">The Communal First Saturdays <\/a><\/em><a href=\"https:\/\/communalfirstsaturdays.org\/es\/store\/\">.<\/a>Su contenido incluye el orden de la devoci\u00f3n de Los\u00a0<em>Los Primeros S\u00e1bados Comunitarios<\/em>, y un enfoque espec\u00edfico en los Primeros S\u00e1bados, <em>Los Primeros S\u00e1bados Comunitarios<\/em> y mucho m\u00e1s. Este libro ha estado en proceso de desarrollo desde los inicios del apostolado hace 15 a\u00f1os. La versi\u00f3n final de este libro recibi\u00f3 el <em>imprimatur<\/em> en 2017. Lo m\u00e1s importante es que <em>Los Primeros S\u00e1bados Comunitarios<\/em> es la primera devoci\u00f3n p\u00fablica de los Primeros S\u00e1bados can\u00f3nicamente aprobada que acompa\u00f1a a la Liturgia en una forma escrita estandarizada que puede establecerse en cualquier parroquia. La Dra. Leyden es coautora de todos los libros y folletos sobre los Primeros S\u00e1bados que est\u00e1n disponibles <a href=\"https:\/\/communalfirstsaturdays.org\/es\/store\/\">aqu\u00ed<\/a>. <em>Los Primeros S\u00e1bados Comunitarios<\/em> se ha extendido ahora a diferentes estados de EE.UU., as\u00ed como a distintos pa\u00edses, entre ellos M\u00e9xico, Canad\u00e1, Irlanda, Portugal, Filipinas y el Reino Unido. El Dr. Leyden es el presentador del programa de radio, <em>F\u00e1tima y los Primeros S\u00e1bados.<\/em> en Radio Mar\u00eda que se emite todos los viernes a las 12pm ET\/5 pm hora del Reino Unido. La Dra. Leyden tambi\u00e9n ha sido entrevistada en EWTN y en Guadalupe Radio Network. Para saber m\u00e1s sobre la Dra. Leyden y el APSC haga clic <a href=\"https:\/\/communalfirstsaturdays.org\/es\/katrina-n-leyden-phd\/\">aqu\u00ed<\/a>.<\/p>\r\n\r\n\r\n\r\n<p>&nbsp;<\/p>\r\n\r\n\r\n\r\n\r\n\r\n<p>&nbsp;<\/p>\r\n\r\n\r\n\r\n\r\n\r\n<h3 class=\"wp-block-heading\"><strong>Timothy F. McTigue, MD, MSPH, Vicepresidente<\/strong><\/h3>\r\n\r\n\r\n\r\n<p>El Dr. Timothy McTigue es uno de los fundadores del apostolado en 2008 y ha continuado con esta importante labor con el paso del tiempo. El Dr. McTigue ayuda a la difusi\u00f3n los Primeros S\u00e1bados en todo el mundo, y busca ayudar a otros a entender c\u00f3mo con <em>Los Primeros S\u00e1bados Comunitarios<\/em> es la forma m\u00e1s eficaz de hacerlo.<\/p>\r\n\r\n\r\n\r\n<p>&nbsp;<\/p>","protected":false},"excerpt":{"rendered":"<p>Invite us to speak at your next event! We offer talks of varying lengths in both English and Spanish. We also offer 1 or 2 day\u00a0Fatima and the First Saturdays retreats. For more more details and information, please contact us at info@communalfirstsaturdays.org. Phone: (832) 839-1019 Speakers: &nbsp; Katrina Leyden, PhD President, Co-Founder, and Co-Author Dr. [&hellip;]<\/p>\n","protected":false},"author":2,"featured_media":1613,"parent":0,"menu_order":0,"comment_status":"closed","ping_status":"closed","template":"","meta":{"_acf_changed":false,"om_disable_all_campaigns":false,"_monsterinsights_skip_tracking":false,"_monsterinsights_sitenote_active":false,"_monsterinsights_sitenote_note":"","_monsterinsights_sitenote_category":0,"_uf_show_specific_survey":0,"_uf_disable_surveys":false,"site-sidebar-layout":"default","site-content-layout":"default","ast-site-content-layout":"default","site-content-style":"default","site-sidebar-style":"default","ast-global-header-display":"","ast-banner-title-visibility":"","ast-main-header-display":"","ast-hfb-above-header-display":"","ast-hfb-below-header-display":"","ast-hfb-mobile-header-display":"","site-post-title":"","ast-breadcrumbs-content":"","ast-featured-img":"","footer-sml-layout":"","ast-disable-related-posts":"","theme-transparent-header-meta":"default","adv-header-id-meta":"","stick-header-meta":"","header-above-stick-meta":"","header-main-stick-meta":"","header-below-stick-meta":"","astra-migrate-meta-layouts":"set","ast-page-background-enabled":"default","ast-page-background-meta":{"desktop":{"background-color":"","background-image":"","background-repeat":"repeat","background-position":"center center","background-size":"auto","background-attachment":"scroll","background-type":"","background-media":"","overlay-type":"","overlay-color":"","overlay-opacity":"","overlay-gradient":""},"tablet":{"background-color":"","background-image":"","background-repeat":"repeat","background-position":"center center","background-size":"auto","background-attachment":"scroll","background-type":"","background-media":"","overlay-type":"","overlay-color":"","overlay-opacity":"","overlay-gradient":""},"mobile":{"background-color":"","background-image":"","background-repeat":"repeat","background-position":"center center","background-size":"auto","background-attachment":"scroll","background-type":"","background-media":"","overlay-type":"","overlay-color":"","overlay-opacity":"","overlay-gradient":""}},"ast-content-background-meta":{"desktop":{"background-color":"var(--ast-global-color-5)","background-image":"","background-repeat":"repeat","background-position":"center center","background-size":"auto","background-attachment":"scroll","background-type":"","background-media":"","overlay-type":"","overlay-color":"","overlay-opacity":"","overlay-gradient":""},"tablet":{"background-color":"var(--ast-global-color-5)","background-image":"","background-repeat":"repeat","background-position":"center center","background-size":"auto","background-attachment":"scroll","background-type":"","background-media":"","overlay-type":"","overlay-color":"","overlay-opacity":"","overlay-gradient":""},"mobile":{"background-color":"var(--ast-global-color-5)","background-image":"","background-repeat":"repeat","background-position":"center center","background-size":"auto","background-attachment":"scroll","background-type":"","background-media":"","overlay-type":"","overlay-color":"","overlay-opacity":"","overlay-gradient":""}},"footnotes":""},"class_list":["post-2153","page","type-page","status-publish","has-post-thumbnail","hentry"],"acf":[],"aioseo_notices":[],"yoast_head":"<!-- This site is optimized with the Yoast SEO plugin v27.2 - https:\/\/yoast.com\/product\/yoast-seo-wordpress\/ -->\n<title>Invite Us to Speak - The Communal First Saturdays<\/title>\n<meta name=\"description\" content=\"Invite the foremost authorities on the First Saturdays Devotion and the Communal First Saturdays to speak. Email: info@communalfirstsaturdays.org\" \/>\n<meta name=\"robots\" content=\"index, follow, max-snippet:-1, max-image-preview:large, max-video-preview:-1\" \/>\n<link rel=\"canonical\" href=\"https:\/\/communalfirstsaturdays.org\/es\/invite-us-to-speak\/\" \/>\n<meta property=\"og:locale\" content=\"es_MX\" \/>\n<meta property=\"og:type\" content=\"article\" \/>\n<meta property=\"og:title\" content=\"Invite Us to Speak - The Communal First Saturdays\" \/>\n<meta property=\"og:description\" content=\"Invite the foremost authorities on the First Saturdays Devotion and the Communal First Saturdays to speak. Email: info@communalfirstsaturdays.org\" \/>\n<meta property=\"og:url\" content=\"https:\/\/communalfirstsaturdays.org\/es\/invite-us-to-speak\/\" \/>\n<meta property=\"og:site_name\" content=\"The Communal First Saturdays\" \/>\n<meta property=\"article:publisher\" content=\"https:\/\/www.facebook.com\/CommunalFirstSaturdays\/\" \/>\n<meta property=\"article:modified_time\" content=\"2025-02-21T20:08:34+00:00\" \/>\n<meta property=\"og:image\" content=\"https:\/\/communalfirstsaturdays.org\/wp-content\/uploads\/2017\/09\/March_4_2017_100th_CFS_Group.png\" \/>\n\t<meta property=\"og:image:width\" content=\"1216\" \/>\n\t<meta property=\"og:image:height\" content=\"585\" \/>\n\t<meta property=\"og:image:type\" content=\"image\/png\" \/>\n<meta name=\"twitter:card\" content=\"summary_large_image\" \/>\n<meta name=\"twitter:site\" content=\"@CFSApostolate\" \/>\n<meta name=\"twitter:label1\" content=\"Tiempo de lectura\" \/>\n\t<meta name=\"twitter:data1\" content=\"2 minutos\" \/>\n<script type=\"application\/ld+json\" class=\"yoast-schema-graph\">{\"@context\":\"https:\/\/schema.org\",\"@graph\":[{\"@type\":\"WebPage\",\"@id\":\"https:\/\/communalfirstsaturdays.org\/invite-us-to-speak\/\",\"url\":\"https:\/\/communalfirstsaturdays.org\/invite-us-to-speak\/\",\"name\":\"Invite Us to Speak - The Communal First Saturdays\",\"isPartOf\":{\"@id\":\"https:\/\/communalfirstsaturdays.org\/#website\"},\"primaryImageOfPage\":{\"@id\":\"https:\/\/communalfirstsaturdays.org\/invite-us-to-speak\/#primaryimage\"},\"image\":{\"@id\":\"https:\/\/communalfirstsaturdays.org\/invite-us-to-speak\/#primaryimage\"},\"thumbnailUrl\":\"https:\/\/communalfirstsaturdays.org\/wp-content\/uploads\/2017\/09\/March_4_2017_100th_CFS_Group.png\",\"datePublished\":\"2019-05-07T17:03:25+00:00\",\"dateModified\":\"2025-02-21T20:08:34+00:00\",\"description\":\"Invite the foremost authorities on the First Saturdays Devotion and the Communal First Saturdays to speak. Email: info@communalfirstsaturdays.org\",\"breadcrumb\":{\"@id\":\"https:\/\/communalfirstsaturdays.org\/invite-us-to-speak\/#breadcrumb\"},\"inLanguage\":\"es\",\"potentialAction\":[{\"@type\":\"ReadAction\",\"target\":[\"https:\/\/communalfirstsaturdays.org\/invite-us-to-speak\/\"]}]},{\"@type\":\"ImageObject\",\"inLanguage\":\"es\",\"@id\":\"https:\/\/communalfirstsaturdays.org\/invite-us-to-speak\/#primaryimage\",\"url\":\"https:\/\/communalfirstsaturdays.org\/wp-content\/uploads\/2017\/09\/March_4_2017_100th_CFS_Group.png\",\"contentUrl\":\"https:\/\/communalfirstsaturdays.org\/wp-content\/uploads\/2017\/09\/March_4_2017_100th_CFS_Group.png\",\"width\":1216,\"height\":585,\"caption\":\"CFSA Central Council Members pictured unless otherwise noted. Back row, from left to right: Tim McTigue, Peg Kelly, Susan Pinardo, Jim Leyden; Front row, from left to right: Marianna Culbertson, Ford Culbertson, Frances Ros, Darlene Vasko (CFSA Parish Chapter Member), Katrina Leyden; Center: Tom Kelly (CFSA Parish Chapter volunteer). In observance of Lent, flowers were not used on the litter carrying Our Lady.\"},{\"@type\":\"BreadcrumbList\",\"@id\":\"https:\/\/communalfirstsaturdays.org\/invite-us-to-speak\/#breadcrumb\",\"itemListElement\":[{\"@type\":\"ListItem\",\"position\":1,\"name\":\"Home\",\"item\":\"https:\/\/communalfirstsaturdays.org\/\"},{\"@type\":\"ListItem\",\"position\":2,\"name\":\"Invite Us to Speak\"}]},{\"@type\":\"WebSite\",\"@id\":\"https:\/\/communalfirstsaturdays.org\/#website\",\"url\":\"https:\/\/communalfirstsaturdays.org\/\",\"name\":\"The Communal First Saturdays\",\"description\":\"Power in Prayer Together\",\"publisher\":{\"@id\":\"https:\/\/communalfirstsaturdays.org\/#organization\"},\"potentialAction\":[{\"@type\":\"SearchAction\",\"target\":{\"@type\":\"EntryPoint\",\"urlTemplate\":\"https:\/\/communalfirstsaturdays.org\/?s={search_term_string}\"},\"query-input\":{\"@type\":\"PropertyValueSpecification\",\"valueRequired\":true,\"valueName\":\"search_term_string\"}}],\"inLanguage\":\"es\"},{\"@type\":\"Organization\",\"@id\":\"https:\/\/communalfirstsaturdays.org\/#organization\",\"name\":\"Communal First Saturdays\",\"url\":\"https:\/\/communalfirstsaturdays.org\/\",\"logo\":{\"@type\":\"ImageObject\",\"inLanguage\":\"es\",\"@id\":\"https:\/\/communalfirstsaturdays.org\/#\/schema\/logo\/image\/\",\"url\":\"https:\/\/communalfirstsaturdays.org\/wp-content\/uploads\/2019\/08\/cfs-logo-seo.png\",\"contentUrl\":\"https:\/\/communalfirstsaturdays.org\/wp-content\/uploads\/2019\/08\/cfs-logo-seo.png\",\"width\":800,\"height\":462,\"caption\":\"Communal First Saturdays\"},\"image\":{\"@id\":\"https:\/\/communalfirstsaturdays.org\/#\/schema\/logo\/image\/\"},\"sameAs\":[\"https:\/\/www.facebook.com\/CommunalFirstSaturdays\/\",\"https:\/\/x.com\/CFSApostolate\"]}]}<\/script>\n<!-- \/ Yoast SEO plugin. -->","yoast_head_json":{"title":"Invite Us to Speak - The Communal First Saturdays","description":"Invite the foremost authorities on the First Saturdays Devotion and the Communal First Saturdays to speak. Email: info@communalfirstsaturdays.org","robots":{"index":"index","follow":"follow","max-snippet":"max-snippet:-1","max-image-preview":"max-image-preview:large","max-video-preview":"max-video-preview:-1"},"canonical":"https:\/\/communalfirstsaturdays.org\/es\/invite-us-to-speak\/","og_locale":"es_MX","og_type":"article","og_title":"Invite Us to Speak - The Communal First Saturdays","og_description":"Invite the foremost authorities on the First Saturdays Devotion and the Communal First Saturdays to speak. Email: info@communalfirstsaturdays.org","og_url":"https:\/\/communalfirstsaturdays.org\/es\/invite-us-to-speak\/","og_site_name":"The Communal First Saturdays","article_publisher":"https:\/\/www.facebook.com\/CommunalFirstSaturdays\/","article_modified_time":"2025-02-21T20:08:34+00:00","og_image":[{"width":1216,"height":585,"url":"https:\/\/communalfirstsaturdays.org\/wp-content\/uploads\/2017\/09\/March_4_2017_100th_CFS_Group.png","type":"image\/png"}],"twitter_card":"summary_large_image","twitter_site":"@CFSApostolate","twitter_misc":{"Tiempo de lectura":"2 minutos"},"schema":{"@context":"https:\/\/schema.org","@graph":[{"@type":"WebPage","@id":"https:\/\/communalfirstsaturdays.org\/invite-us-to-speak\/","url":"https:\/\/communalfirstsaturdays.org\/invite-us-to-speak\/","name":"Invite Us to Speak - The Communal First Saturdays","isPartOf":{"@id":"https:\/\/communalfirstsaturdays.org\/#website"},"primaryImageOfPage":{"@id":"https:\/\/communalfirstsaturdays.org\/invite-us-to-speak\/#primaryimage"},"image":{"@id":"https:\/\/communalfirstsaturdays.org\/invite-us-to-speak\/#primaryimage"},"thumbnailUrl":"https:\/\/communalfirstsaturdays.org\/wp-content\/uploads\/2017\/09\/March_4_2017_100th_CFS_Group.png","datePublished":"2019-05-07T17:03:25+00:00","dateModified":"2025-02-21T20:08:34+00:00","description":"Invite the foremost authorities on the First Saturdays Devotion and the Communal First Saturdays to speak. Email: info@communalfirstsaturdays.org","breadcrumb":{"@id":"https:\/\/communalfirstsaturdays.org\/invite-us-to-speak\/#breadcrumb"},"inLanguage":"es","potentialAction":[{"@type":"ReadAction","target":["https:\/\/communalfirstsaturdays.org\/invite-us-to-speak\/"]}]},{"@type":"ImageObject","inLanguage":"es","@id":"https:\/\/communalfirstsaturdays.org\/invite-us-to-speak\/#primaryimage","url":"https:\/\/communalfirstsaturdays.org\/wp-content\/uploads\/2017\/09\/March_4_2017_100th_CFS_Group.png","contentUrl":"https:\/\/communalfirstsaturdays.org\/wp-content\/uploads\/2017\/09\/March_4_2017_100th_CFS_Group.png","width":1216,"height":585,"caption":"CFSA Central Council Members pictured unless otherwise noted. Back row, from left to right: Tim McTigue, Peg Kelly, Susan Pinardo, Jim Leyden; Front row, from left to right: Marianna Culbertson, Ford Culbertson, Frances Ros, Darlene Vasko (CFSA Parish Chapter Member), Katrina Leyden; Center: Tom Kelly (CFSA Parish Chapter volunteer). In observance of Lent, flowers were not used on the litter carrying Our Lady."},{"@type":"BreadcrumbList","@id":"https:\/\/communalfirstsaturdays.org\/invite-us-to-speak\/#breadcrumb","itemListElement":[{"@type":"ListItem","position":1,"name":"Home","item":"https:\/\/communalfirstsaturdays.org\/"},{"@type":"ListItem","position":2,"name":"Invite Us to Speak"}]},{"@type":"WebSite","@id":"https:\/\/communalfirstsaturdays.org\/#website","url":"https:\/\/communalfirstsaturdays.org\/","name":"The Communal First Saturdays","description":"El poder de rezar juntos","publisher":{"@id":"https:\/\/communalfirstsaturdays.org\/#organization"},"potentialAction":[{"@type":"SearchAction","target":{"@type":"EntryPoint","urlTemplate":"https:\/\/communalfirstsaturdays.org\/?s={search_term_string}"},"query-input":{"@type":"PropertyValueSpecification","valueRequired":true,"valueName":"search_term_string"}}],"inLanguage":"es"},{"@type":"Organization","@id":"https:\/\/communalfirstsaturdays.org\/#organization","name":"Los Primeros S\u00e1bados Comunitarios","url":"https:\/\/communalfirstsaturdays.org\/","logo":{"@type":"ImageObject","inLanguage":"es","@id":"https:\/\/communalfirstsaturdays.org\/#\/schema\/logo\/image\/","url":"https:\/\/communalfirstsaturdays.org\/wp-content\/uploads\/2019\/08\/cfs-logo-seo.png","contentUrl":"https:\/\/communalfirstsaturdays.org\/wp-content\/uploads\/2019\/08\/cfs-logo-seo.png","width":800,"height":462,"caption":"Communal First Saturdays"},"image":{"@id":"https:\/\/communalfirstsaturdays.org\/#\/schema\/logo\/image\/"},"sameAs":["https:\/\/www.facebook.com\/CommunalFirstSaturdays\/","https:\/\/x.com\/CFSApostolate"]}]}},"_links":{"self":[{"href":"https:\/\/communalfirstsaturdays.org\/es\/wp-json\/wp\/v2\/pages\/2153","targetHints":{"allow":["GET"]}}],"collection":[{"href":"https:\/\/communalfirstsaturdays.org\/es\/wp-json\/wp\/v2\/pages"}],"about":[{"href":"https:\/\/communalfirstsaturdays.org\/es\/wp-json\/wp\/v2\/types\/page"}],"author":[{"embeddable":true,"href":"https:\/\/communalfirstsaturdays.org\/es\/wp-json\/wp\/v2\/users\/2"}],"replies":[{"embeddable":true,"href":"https:\/\/communalfirstsaturdays.org\/es\/wp-json\/wp\/v2\/comments?post=2153"}],"version-history":[{"count":26,"href":"https:\/\/communalfirstsaturdays.org\/es\/wp-json\/wp\/v2\/pages\/2153\/revisions"}],"predecessor-version":[{"id":18845,"href":"https:\/\/communalfirstsaturdays.org\/es\/wp-json\/wp\/v2\/pages\/2153\/revisions\/18845"}],"wp:featuredmedia":[{"embeddable":true,"href":"https:\/\/communalfirstsaturdays.org\/es\/wp-json\/wp\/v2\/media\/1613"}],"wp:attachment":[{"href":"https:\/\/communalfirstsaturdays.org\/es\/wp-json\/wp\/v2\/media?parent=2153"}],"curies":[{"name":"wp","href":"https:\/\/api.w.org\/{rel}","templated":true}]}}