{"id":2161,"date":"2019-05-07T18:03:56","date_gmt":"2019-05-07T18:03:56","guid":{"rendered":"https:\/\/45d855c02b.nxcli.net\/?page_id=2161"},"modified":"2026-01-18T01:27:46","modified_gmt":"2026-01-18T01:27:46","slug":"katrina-n-leyden-phd","status":"publish","type":"page","link":"https:\/\/communalfirstsaturdays.org\/es\/katrina-n-leyden-phd\/","title":{"rendered":"Katrina N. Leyden, PhD"},"content":{"rendered":"<h2 class=\"wp-block-heading\">Presidente, cofundador y coautor<\/h2>\r\n\r\n\r\n\r\n<div class=\"wp-block-image\">\r\n<figure class=\"alignleft\"><img decoding=\"async\" class=\"wp-image-2164\" src=\"https:\/\/communalfirstsaturdays.org\/wp-content\/uploads\/2019\/05\/IMG_9159-1-e1557252488258.jpg\" alt=\"\" \/><\/figure>\r\n<\/div>\r\n\r\n\r\n\r\n<p>&nbsp;<\/p>\r\n<p>Dr. Katrina Leyden, one of the founders of the Communal First Saturdays Apostolate (CFSA), was blessed to go to Fatima in 2008. She knew something about Fatima before she went but learned significantly more after she returned.<\/p>\r\n<p>Al volver de F\u00e1tima, alguien le habl\u00f3 de difundir la devoci\u00f3n de los Primeros S\u00e1bados. Entonces comenz\u00f3 a estudiar la devoci\u00f3n m\u00e1s intensamente. Descubri\u00f3 que la aparici\u00f3n de la Virgen del 13 de julio de 1917 era una aparici\u00f3n especialmente importante para entender, sobre todo la 2<sup>da<\/sup>\u00a0parte del secreto. En esta aparici\u00f3n, la Virgen nos dijo que para salvar a las almas de ir al infierno,\u00a0<strong>Dios quiere establecer en el mundo la devoci\u00f3n a su Inmaculado Coraz\u00f3n<\/strong>. La Virgen habl\u00f3 entonces de\u00a0<strong>dos<\/strong>\u00a0<strong>peticiones especiales<\/strong> para hacer esto. La Virgen dijo que si hacemos lo que nos dice, se salvar\u00e1n muchas almas y habr\u00e1 paz. La primera petici\u00f3n fue la consagraci\u00f3n de Rusia a su Coraz\u00f3n Inmaculado. Seg\u00fan San Juan Pablo II, \u00e9l y los obispos del mundo la cumplieron en 1984. Seg\u00fan la declaraci\u00f3n oficial del Vaticano, \"Sor Luc\u00eda confirm\u00f3 personalmente que este acto solemne y universal de consagraci\u00f3n correspond\u00eda a lo que Nuestra Se\u00f1ora deseaba (<em>\"Sim, est\u00e0 feita, tal como Nossa Senhora a pediu, desde o dia 25 de Mar\u00e7o de 1984\"<\/em>: \"S\u00ed se ha hecho tal y como pidi\u00f3 la Virgen, el 25 de marzo de 1984\": Carta del 8 de noviembre de 1989). Por tanto, toda discusi\u00f3n, as\u00ed como cualquier otra petici\u00f3n ulterior, carecen de fundamento\u201d<em>. Mensaje de F\u00e1tima<\/em>, Vatican.va).<\/p>\r\n<p>Tras la consagraci\u00f3n, se produjo el fin de la persecuci\u00f3n de los cristianos y el retorno de la libertad religiosa en Rusia y tambi\u00e9n en otros pa\u00edses. La Uni\u00f3n Sovi\u00e9tica se derrumb\u00f3 y el comunismo termin\u00f3 en Rusia. Es importante se\u00f1alar que, en una locuci\u00f3n a Sor Luc\u00eda, Nuestro Se\u00f1or hab\u00eda prometido que, en respuesta a la consagraci\u00f3n, cesar\u00eda la persecuci\u00f3n religiosa en Rusia (29 de mayo de 1930). Jes\u00fas no dijo que Rusia se convertir\u00eda s\u00f3lo por la consagraci\u00f3n. Como hemos visto, Nuestro Se\u00f1or cumpli\u00f3 con creces lo que prometi\u00f3.  Sin embargo, el per\u00edodo de paz que Nuestra Se\u00f1ora prometi\u00f3 requiere el cumplimiento de las dos peticiones especiales de Nuestra Se\u00f1ora.<\/p>\r\n<p>En F\u00e1tima, el 13 de julio de 1917, la Virgen dijo: \"Vendr\u00e9 a pedir la consagraci\u00f3n de Rusia a mi Coraz\u00f3n Inmaculado, y la comuni\u00f3n reparadora de los primeros s\u00e1bados. Si se cumplen mis deseos, Rusia se convertir\u00e1 y habr\u00e1 paz\". La Virgen dijo\u00a0<strong>\"deseos,\"<\/strong>\u00a0no deseo. Se pueden traducir como\u00a0\u201cpeticiones\u201d. Algunos est\u00e1n desepcionados porque Rusia no fue expl\u00edcitamente mencionada en la consagraci\u00f3n. Sin embargo, en los a\u00f1os 30, los errores de Rusia ya se hab\u00edan extendido por el mundo. El mundo entero necesita consagrarse al Inmaculado Coraz\u00f3n de Mar\u00eda. En las locuciones que recibi\u00f3 la Beata Alejandrina en 1935, Nuestro Se\u00f1or Jes\u00fas pidi\u00f3 que el mundo fuera consagrado al Inmaculado Coraz\u00f3n de Mar\u00eda. La Hermana Luc\u00eda tambi\u00e9n comenz\u00f3 a hablar acerca de la consagraci\u00f3n del mundo. El mundo incluye a todas las naciones. Si Rusia no se hubiera consagrado, entonces ning\u00fan otro pa\u00eds se hubiera consagrado tampoco, por lo que, Rusia fue consagrada impl\u00edcitamente. Nuestra Se\u00f1ora nunca especific\u00f3 si deb\u00eda ser expl\u00edcito o impl\u00edcito. Incluso la Hermana Luc\u00eda siempre hab\u00eda dicho que era la Iglesia la que deb\u00eda interpretar el mensaje y nadie m\u00e1s. Es desconcertante que quienes afirman que Rusia debi\u00f3 ser mencionada expl\u00edcitamente, tambi\u00e9n concuerdan con la idea de que solo la consagraci\u00f3n de Rusia es necesaria para su conversi\u00f3n. Por alguna raz\u00f3n las palabras de Nuestra Se\u00f1ora han pasado por alto. En cualquier caso, la consagraci\u00f3n es responsabilidad del Papa. Los Primeros S\u00e1bados son nuestra responsabilidad, tenemos que poner de nuestra parte. La acci\u00f3n del Papa no es suficiente para santificar al pueblo. Sin esta santificaci\u00f3n no hay paz. Los Primeros S\u00e1bados pueden ser la base de esta santificaci\u00f3n.<\/p>\r\n<p><span style=\"font-style: inherit;\">.\u00a0<strong style=\"font-style: inherit;\">2\u00aa petici\u00f3n especial<\/strong>\u00a0fue la\u00a0<strong style=\"font-style: inherit;\">Comuni\u00f3n de reparaci\u00f3n en los Primeros S\u00e1bados.<\/strong><\/span><\/p>\r\n<p>Katrina Leyden se dio cuenta de que es el Pueblo de Dios el que tiene que hacer su parte por la paz y la salvaci\u00f3n de las almas cumpliendo la segunda petici\u00f3n especial de la Virgen, los primeros s\u00e1bados.<\/p>\r\n<p>Despu\u00e9s de que la Virgen viniera de nuevo a pedir los Primeros S\u00e1bados el 10 de diciembre de 1925, el Ni\u00f1o Jes\u00fas se apareci\u00f3 el 15 de febrero de 1926 para preguntar si los Primeros S\u00e1bados se hab\u00edan extendido por todo el mundo.<\/p>\r\n<p>Katrina Leyden y otros miembros de nuestro apostolado quer\u00edan ayudar a responder a esa pregunta.<\/p>\r\n<p>As\u00ed pues, se plante\u00f3 la cuesti\u00f3n de qu\u00e9 se podr\u00eda hacer para facilitar a cada persona y a un mayor n\u00famero de fieles la realizaci\u00f3n de los primeros s\u00e1bados.<\/p>\r\n<p>La respuesta fue clara desde el inicio, era necesaria una celebraci\u00f3n comunitaria de los Primeros S\u00e1bados. En ese tiempo ya exist\u00edan intentos dispersos para hacer la reparaci\u00f3n al Inmaculado Coraz\u00f3n de Mar\u00eda, pero ninguno de ellos inclu\u00eda las cuatro pr\u00e1cticas que se realizan en los Primeros S\u00e1bados Comunitarios.\u00a0<em>Los Primeros S\u00e1bados Comunitarios<\/em>\u00a0hace esto y mucho m\u00e1s. \u00a0<\/p>\r\n<p>En el proceso, Katrina Leyden encontr\u00f3 esta cita del Beato Pablo VI:<\/p>\r\n<p>\"la meditaci\u00f3n de los misterios del Rosario... puede ser una excelente preparaci\u00f3n para la celebraci\u00f3n de esos mismos misterios en la acci\u00f3n lit\u00fargica y tambi\u00e9n puede convertirse en un eco continuo de la misma\" (<em>(Marialis Cultus<\/em>, n. 48).<\/p>\r\n<p>Al analizar lo anterior, result\u00f3 evidente la necesidad de crear un\u00a0<strong>programa ordenado que estuviera de acuerdo con la Liturgia.<\/strong>\u00a0Se vio la necesidad de rezar un Rosario\u00a0<strong>antes de<\/strong>\u00a0la Santa Misa y de hacer una meditaci\u00f3n\u00a0<strong>despu\u00e9s de<\/strong>\u00a0la Misa.<\/p>\r\n<p>La CFSA inici\u00f3 entonces el <em>Los Primeros S\u00e1bados Comunitarios<\/em>\u00a0en 2008 en la parroquia de San Antonio de Padua en The Woodlands, TX.<\/p>\r\n<p>El 4 de marzo de 2017, el\u00a0<strong>centenario de<\/strong>\u00a0<strong><em>Los Primeros S\u00e1bados Comunitarios<\/em><\/strong>\u00a0se celebr\u00f3 desde el principio. El momento fue muy oportuno, ya que tuvo lugar durante el a\u00f1o del centenario de la aparici\u00f3n de la Virgen en F\u00e1tima.<\/p>\r\n<p>El APSC recibi\u00f3 muchas m\u00e1s bendiciones en este a\u00f1o especial de 2017: El\u00a0<em>imprimatur<\/em>\u00a0se le concedi\u00f3 al libro\u00a0<em>The Communal First Saturdays<\/em>\u00a0libro y la CFSA public\u00f3 este libro as\u00ed como el\u00a0<em>F\u00e1tima y los Primeros S\u00e1bados.<\/em>\u00a0y\u00a0<em>Devocionario de Los Primeros S\u00e1bados Comunitarios<\/em>\u00a0.<\/p>\r\n<p>Since 2017, the CFSA has seen tremendous growth in establishing the canonically and liturgically approved Communal First Saturdays\u00ae, with its inseparable devotional book, in parishes throughout the world.<\/p>\r\n<p>The CFSA has received<em> imprimaturs<\/em> on many additional books as well:\u00a0 <em>F\u00e1tima y los Primeros S\u00e1bados.<\/em> book and\u00a0 translations of <em>Devocionario de Los Primeros S\u00e1bados Comunitarios<\/em> (disponible en espa\u00f1ol).<\/p>\r\n<p>As of 2026, the <em>Los Primeros S\u00e1bados Comunitarios <\/em>has now spread to different states in the USA as well as different countries, including Mexico, Canada, Ireland, United Kingdom, Fatima, Portugal, Philippines, Australia, South Africa, Lesotho, Dominican Republic, and Taiwan.<\/p>\r\n<p>The CFSA also implemented the successful, international online <em>F\u00e1tima y los Primeros S\u00e1bados.<\/em> study groups and the Spreading the Communal First Saturdays Courses.<\/p>\r\n<p>In 2025, Dr. Katrina Leyden together with vice president Dr. Timothy McTigue led the CFSA&#8217;s efforts to help design and make a statue depicting Jesus and Mary\u2019s request for the spread of the First Saturdays devotion. In this apparition, Jesus asks us to look at Our Lady\u2019s Immaculate Heart, which she holds in her hand. 20 different artists worked on the hand-carved and hand-painted statue. The statue was blessed on the first day of the new Vatican-Declared Jubilee, on the 100th Anniversary of the apparition, on December 10, 2025, by His Excellency Archbishop Jude Thaddeus Okolo, Apostolic Nuncio to the Czech Republic. The statue was blessed for evangelical and catechetical purposes.The blessing took place on the grounds of the apparition site but also on the specific area where the Child Jesus came back 2 months later, on <strong>February 15, 1926<\/strong>, to ask all of us through the person of Lucia if the First Saturdays have been spread throughout the world. Dr. Katrina Leyden&#8217;s and the CFSA\u2019s mission is to answer this question with a resounding yes!<\/p>\r\n<p>On January 7, 2026, this historic statue arrived at the CFSA headquarters in Texas. The statue will visit the first US parish, St. Anthony of Padua, in the Woodlands, TX, on February 15, 2026 to commemorate the 100th Anniversary of the February 15, 1926 apparition.<\/p>\r\n<p>&nbsp;<\/p>","protected":false},"excerpt":{"rendered":"<p>President, Co-Founder, &amp; Co-Author &nbsp; Dr. Katrina Leyden, one of the founders of the Communal First Saturdays Apostolate (CFSA), was blessed to go to Fatima in 2008. She knew something about Fatima before she went but learned significantly more after she returned. After returning from Fatima, somebody spoke to her about spreading the First Saturdays [&hellip;]<\/p>\n","protected":false},"author":2,"featured_media":0,"parent":0,"menu_order":0,"comment_status":"closed","ping_status":"closed","template":"","meta":{"_acf_changed":false,"om_disable_all_campaigns":false,"_monsterinsights_skip_tracking":false,"_monsterinsights_sitenote_active":false,"_monsterinsights_sitenote_note":"","_monsterinsights_sitenote_category":0,"_uf_show_specific_survey":0,"_uf_disable_surveys":false,"site-sidebar-layout":"default","site-content-layout":"default","ast-site-content-layout":"default","site-content-style":"default","site-sidebar-style":"default","ast-global-header-display":"","ast-banner-title-visibility":"","ast-main-header-display":"","ast-hfb-above-header-display":"","ast-hfb-below-header-display":"","ast-hfb-mobile-header-display":"","site-post-title":"","ast-breadcrumbs-content":"","ast-featured-img":"","footer-sml-layout":"","ast-disable-related-posts":"","theme-transparent-header-meta":"default","adv-header-id-meta":"","stick-header-meta":"","header-above-stick-meta":"","header-main-stick-meta":"","header-below-stick-meta":"","astra-migrate-meta-layouts":"set","ast-page-background-enabled":"default","ast-page-background-meta":{"desktop":{"background-color":"","background-image":"","background-repeat":"repeat","background-position":"center center","background-size":"auto","background-attachment":"scroll","background-type":"","background-media":"","overlay-type":"","overlay-color":"","overlay-opacity":"","overlay-gradient":""},"tablet":{"background-color":"","background-image":"","background-repeat":"repeat","background-position":"center center","background-size":"auto","background-attachment":"scroll","background-type":"","background-media":"","overlay-type":"","overlay-color":"","overlay-opacity":"","overlay-gradient":""},"mobile":{"background-color":"","background-image":"","background-repeat":"repeat","background-position":"center center","background-size":"auto","background-attachment":"scroll","background-type":"","background-media":"","overlay-type":"","overlay-color":"","overlay-opacity":"","overlay-gradient":""}},"ast-content-background-meta":{"desktop":{"background-color":"var(--ast-global-color-5)","background-image":"","background-repeat":"repeat","background-position":"center center","background-size":"auto","background-attachment":"scroll","background-type":"","background-media":"","overlay-type":"","overlay-color":"","overlay-opacity":"","overlay-gradient":""},"tablet":{"background-color":"var(--ast-global-color-5)","background-image":"","background-repeat":"repeat","background-position":"center center","background-size":"auto","background-attachment":"scroll","background-type":"","background-media":"","overlay-type":"","overlay-color":"","overlay-opacity":"","overlay-gradient":""},"mobile":{"background-color":"var(--ast-global-color-5)","background-image":"","background-repeat":"repeat","background-position":"center center","background-size":"auto","background-attachment":"scroll","background-type":"","background-media":"","overlay-type":"","overlay-color":"","overlay-opacity":"","overlay-gradient":""}},"footnotes":""},"class_list":["post-2161","page","type-page","status-publish","hentry"],"acf":[],"aioseo_notices":[],"yoast_head":"<!-- This site is optimized with the Yoast SEO plugin v27.2 - https:\/\/yoast.com\/product\/yoast-seo-wordpress\/ -->\n<title>Katrina N. Leyden, PhD - The Communal First Saturdays<\/title>\n<meta name=\"description\" content=\"Dr. Katrina Leyden is a founding member of the Communal First Saturdays Apostolate. Dr. Leyden felt called to spread the First Saturday devotion after returning from a pilgrimage to Fatima in 2008.\" \/>\n<meta name=\"robots\" content=\"index, follow, max-snippet:-1, max-image-preview:large, max-video-preview:-1\" \/>\n<link rel=\"canonical\" href=\"https:\/\/communalfirstsaturdays.org\/es\/katrina-n-leyden-phd\/\" \/>\n<meta property=\"og:locale\" content=\"es_MX\" \/>\n<meta property=\"og:type\" content=\"article\" \/>\n<meta property=\"og:title\" content=\"Katrina N. Leyden, PhD - The Communal First Saturdays\" \/>\n<meta property=\"og:description\" content=\"Dr. Katrina Leyden is a founding member of the Communal First Saturdays Apostolate. Dr. Leyden felt called to spread the First Saturday devotion after returning from a pilgrimage to Fatima in 2008.\" \/>\n<meta property=\"og:url\" content=\"https:\/\/communalfirstsaturdays.org\/es\/katrina-n-leyden-phd\/\" \/>\n<meta property=\"og:site_name\" content=\"The Communal First Saturdays\" \/>\n<meta property=\"article:publisher\" content=\"https:\/\/www.facebook.com\/CommunalFirstSaturdays\/\" \/>\n<meta property=\"article:modified_time\" content=\"2026-01-18T01:27:46+00:00\" \/>\n<meta property=\"og:image\" content=\"https:\/\/communalfirstsaturdays.org\/wp-content\/uploads\/2019\/05\/IMG_9159-1-e1557252758943.jpg\" \/>\n\t<meta property=\"og:image:width\" content=\"169\" \/>\n\t<meta property=\"og:image:height\" content=\"211\" \/>\n\t<meta property=\"og:image:type\" content=\"image\/jpeg\" \/>\n<meta name=\"twitter:card\" content=\"summary_large_image\" \/>\n<meta name=\"twitter:site\" content=\"@CFSApostolate\" \/>\n<meta name=\"twitter:label1\" content=\"Tiempo de lectura\" \/>\n\t<meta name=\"twitter:data1\" content=\"6 minutos\" \/>\n<script type=\"application\/ld+json\" class=\"yoast-schema-graph\">{\"@context\":\"https:\/\/schema.org\",\"@graph\":[{\"@type\":\"WebPage\",\"@id\":\"https:\/\/communalfirstsaturdays.org\/katrina-n-leyden-phd\/\",\"url\":\"https:\/\/communalfirstsaturdays.org\/katrina-n-leyden-phd\/\",\"name\":\"Katrina N. Leyden, PhD - The Communal First Saturdays\",\"isPartOf\":{\"@id\":\"https:\/\/communalfirstsaturdays.org\/#website\"},\"primaryImageOfPage\":{\"@id\":\"https:\/\/communalfirstsaturdays.org\/katrina-n-leyden-phd\/#primaryimage\"},\"image\":{\"@id\":\"https:\/\/communalfirstsaturdays.org\/katrina-n-leyden-phd\/#primaryimage\"},\"thumbnailUrl\":\"https:\/\/communalfirstsaturdays.org\/wp-content\/uploads\/2019\/05\/IMG_9159-1-e1557252488258.jpg\",\"datePublished\":\"2019-05-07T18:03:56+00:00\",\"dateModified\":\"2026-01-18T01:27:46+00:00\",\"description\":\"Dr. Katrina Leyden is a founding member of the Communal First Saturdays Apostolate. Dr. Leyden felt called to spread the First Saturday devotion after returning from a pilgrimage to Fatima in 2008.\",\"breadcrumb\":{\"@id\":\"https:\/\/communalfirstsaturdays.org\/katrina-n-leyden-phd\/#breadcrumb\"},\"inLanguage\":\"es\",\"potentialAction\":[{\"@type\":\"ReadAction\",\"target\":[\"https:\/\/communalfirstsaturdays.org\/katrina-n-leyden-phd\/\"]}]},{\"@type\":\"ImageObject\",\"inLanguage\":\"es\",\"@id\":\"https:\/\/communalfirstsaturdays.org\/katrina-n-leyden-phd\/#primaryimage\",\"url\":\"https:\/\/communalfirstsaturdays.org\/wp-content\/uploads\/2019\/05\/IMG_9159-1-e1557252488258.jpg\",\"contentUrl\":\"https:\/\/communalfirstsaturdays.org\/wp-content\/uploads\/2019\/05\/IMG_9159-1-e1557252488258.jpg\"},{\"@type\":\"BreadcrumbList\",\"@id\":\"https:\/\/communalfirstsaturdays.org\/katrina-n-leyden-phd\/#breadcrumb\",\"itemListElement\":[{\"@type\":\"ListItem\",\"position\":1,\"name\":\"Home\",\"item\":\"https:\/\/communalfirstsaturdays.org\/\"},{\"@type\":\"ListItem\",\"position\":2,\"name\":\"Katrina N. Leyden, PhD\"}]},{\"@type\":\"WebSite\",\"@id\":\"https:\/\/communalfirstsaturdays.org\/#website\",\"url\":\"https:\/\/communalfirstsaturdays.org\/\",\"name\":\"The Communal First Saturdays\",\"description\":\"Power in Prayer Together\",\"publisher\":{\"@id\":\"https:\/\/communalfirstsaturdays.org\/#organization\"},\"potentialAction\":[{\"@type\":\"SearchAction\",\"target\":{\"@type\":\"EntryPoint\",\"urlTemplate\":\"https:\/\/communalfirstsaturdays.org\/?s={search_term_string}\"},\"query-input\":{\"@type\":\"PropertyValueSpecification\",\"valueRequired\":true,\"valueName\":\"search_term_string\"}}],\"inLanguage\":\"es\"},{\"@type\":\"Organization\",\"@id\":\"https:\/\/communalfirstsaturdays.org\/#organization\",\"name\":\"Communal First Saturdays\",\"url\":\"https:\/\/communalfirstsaturdays.org\/\",\"logo\":{\"@type\":\"ImageObject\",\"inLanguage\":\"es\",\"@id\":\"https:\/\/communalfirstsaturdays.org\/#\/schema\/logo\/image\/\",\"url\":\"https:\/\/communalfirstsaturdays.org\/wp-content\/uploads\/2019\/08\/cfs-logo-seo.png\",\"contentUrl\":\"https:\/\/communalfirstsaturdays.org\/wp-content\/uploads\/2019\/08\/cfs-logo-seo.png\",\"width\":800,\"height\":462,\"caption\":\"Communal First Saturdays\"},\"image\":{\"@id\":\"https:\/\/communalfirstsaturdays.org\/#\/schema\/logo\/image\/\"},\"sameAs\":[\"https:\/\/www.facebook.com\/CommunalFirstSaturdays\/\",\"https:\/\/x.com\/CFSApostolate\"]}]}<\/script>\n<!-- \/ Yoast SEO plugin. -->","yoast_head_json":{"title":"Katrina N. Leyden, PhD - The Communal First Saturdays","description":"Dr. Katrina Leyden is a founding member of the Communal First Saturdays Apostolate. Dr. Leyden felt called to spread the First Saturday devotion after returning from a pilgrimage to Fatima in 2008.","robots":{"index":"index","follow":"follow","max-snippet":"max-snippet:-1","max-image-preview":"max-image-preview:large","max-video-preview":"max-video-preview:-1"},"canonical":"https:\/\/communalfirstsaturdays.org\/es\/katrina-n-leyden-phd\/","og_locale":"es_MX","og_type":"article","og_title":"Katrina N. Leyden, PhD - The Communal First Saturdays","og_description":"Dr. Katrina Leyden is a founding member of the Communal First Saturdays Apostolate. Dr. Leyden felt called to spread the First Saturday devotion after returning from a pilgrimage to Fatima in 2008.","og_url":"https:\/\/communalfirstsaturdays.org\/es\/katrina-n-leyden-phd\/","og_site_name":"The Communal First Saturdays","article_publisher":"https:\/\/www.facebook.com\/CommunalFirstSaturdays\/","article_modified_time":"2026-01-18T01:27:46+00:00","og_image":[{"width":169,"height":211,"url":"https:\/\/communalfirstsaturdays.org\/wp-content\/uploads\/2019\/05\/IMG_9159-1-e1557252758943.jpg","type":"image\/jpeg"}],"twitter_card":"summary_large_image","twitter_site":"@CFSApostolate","twitter_misc":{"Tiempo de lectura":"6 minutos"},"schema":{"@context":"https:\/\/schema.org","@graph":[{"@type":"WebPage","@id":"https:\/\/communalfirstsaturdays.org\/katrina-n-leyden-phd\/","url":"https:\/\/communalfirstsaturdays.org\/katrina-n-leyden-phd\/","name":"Katrina N. Leyden, PhD - The Communal First Saturdays","isPartOf":{"@id":"https:\/\/communalfirstsaturdays.org\/#website"},"primaryImageOfPage":{"@id":"https:\/\/communalfirstsaturdays.org\/katrina-n-leyden-phd\/#primaryimage"},"image":{"@id":"https:\/\/communalfirstsaturdays.org\/katrina-n-leyden-phd\/#primaryimage"},"thumbnailUrl":"https:\/\/communalfirstsaturdays.org\/wp-content\/uploads\/2019\/05\/IMG_9159-1-e1557252488258.jpg","datePublished":"2019-05-07T18:03:56+00:00","dateModified":"2026-01-18T01:27:46+00:00","description":"Dr. Katrina Leyden is a founding member of the Communal First Saturdays Apostolate. Dr. Leyden felt called to spread the First Saturday devotion after returning from a pilgrimage to Fatima in 2008.","breadcrumb":{"@id":"https:\/\/communalfirstsaturdays.org\/katrina-n-leyden-phd\/#breadcrumb"},"inLanguage":"es","potentialAction":[{"@type":"ReadAction","target":["https:\/\/communalfirstsaturdays.org\/katrina-n-leyden-phd\/"]}]},{"@type":"ImageObject","inLanguage":"es","@id":"https:\/\/communalfirstsaturdays.org\/katrina-n-leyden-phd\/#primaryimage","url":"https:\/\/communalfirstsaturdays.org\/wp-content\/uploads\/2019\/05\/IMG_9159-1-e1557252488258.jpg","contentUrl":"https:\/\/communalfirstsaturdays.org\/wp-content\/uploads\/2019\/05\/IMG_9159-1-e1557252488258.jpg"},{"@type":"BreadcrumbList","@id":"https:\/\/communalfirstsaturdays.org\/katrina-n-leyden-phd\/#breadcrumb","itemListElement":[{"@type":"ListItem","position":1,"name":"Home","item":"https:\/\/communalfirstsaturdays.org\/"},{"@type":"ListItem","position":2,"name":"Katrina N. Leyden, PhD"}]},{"@type":"WebSite","@id":"https:\/\/communalfirstsaturdays.org\/#website","url":"https:\/\/communalfirstsaturdays.org\/","name":"The Communal First Saturdays","description":"El poder de rezar juntos","publisher":{"@id":"https:\/\/communalfirstsaturdays.org\/#organization"},"potentialAction":[{"@type":"SearchAction","target":{"@type":"EntryPoint","urlTemplate":"https:\/\/communalfirstsaturdays.org\/?s={search_term_string}"},"query-input":{"@type":"PropertyValueSpecification","valueRequired":true,"valueName":"search_term_string"}}],"inLanguage":"es"},{"@type":"Organization","@id":"https:\/\/communalfirstsaturdays.org\/#organization","name":"Los Primeros S\u00e1bados Comunitarios","url":"https:\/\/communalfirstsaturdays.org\/","logo":{"@type":"ImageObject","inLanguage":"es","@id":"https:\/\/communalfirstsaturdays.org\/#\/schema\/logo\/image\/","url":"https:\/\/communalfirstsaturdays.org\/wp-content\/uploads\/2019\/08\/cfs-logo-seo.png","contentUrl":"https:\/\/communalfirstsaturdays.org\/wp-content\/uploads\/2019\/08\/cfs-logo-seo.png","width":800,"height":462,"caption":"Communal First Saturdays"},"image":{"@id":"https:\/\/communalfirstsaturdays.org\/#\/schema\/logo\/image\/"},"sameAs":["https:\/\/www.facebook.com\/CommunalFirstSaturdays\/","https:\/\/x.com\/CFSApostolate"]}]}},"_links":{"self":[{"href":"https:\/\/communalfirstsaturdays.org\/es\/wp-json\/wp\/v2\/pages\/2161","targetHints":{"allow":["GET"]}}],"collection":[{"href":"https:\/\/communalfirstsaturdays.org\/es\/wp-json\/wp\/v2\/pages"}],"about":[{"href":"https:\/\/communalfirstsaturdays.org\/es\/wp-json\/wp\/v2\/types\/page"}],"author":[{"embeddable":true,"href":"https:\/\/communalfirstsaturdays.org\/es\/wp-json\/wp\/v2\/users\/2"}],"replies":[{"embeddable":true,"href":"https:\/\/communalfirstsaturdays.org\/es\/wp-json\/wp\/v2\/comments?post=2161"}],"version-history":[{"count":10,"href":"https:\/\/communalfirstsaturdays.org\/es\/wp-json\/wp\/v2\/pages\/2161\/revisions"}],"predecessor-version":[{"id":21015,"href":"https:\/\/communalfirstsaturdays.org\/es\/wp-json\/wp\/v2\/pages\/2161\/revisions\/21015"}],"wp:attachment":[{"href":"https:\/\/communalfirstsaturdays.org\/es\/wp-json\/wp\/v2\/media?parent=2161"}],"curies":[{"name":"wp","href":"https:\/\/api.w.org\/{rel}","templated":true}]}}