{"id":2533,"date":"2020-04-04T00:29:07","date_gmt":"2020-04-04T00:29:07","guid":{"rendered":"https:\/\/45d855c02b.nxcli.net\/?page_id=2533"},"modified":"2025-07-25T23:39:10","modified_gmt":"2025-07-25T23:39:10","slug":"examination-of-conscience","status":"publish","type":"page","link":"https:\/\/communalfirstsaturdays.org\/es\/examination-of-conscience\/","title":{"rendered":"Examen de conciencia"},"content":{"rendered":"<p class=\"p1\">Sugerimos reflexionar sobre lo siguiente:<\/p>\n<h2><strong>Los Diez Mandamientos<\/strong><\/h2>\n<ol>\n<li>\u00a0Yo soy el Se\u00f1or, tu Dios: No tendr\u00e1s dioses extra\u00f1os delante de m\u00ed.<\/li>\n<li>No pronunciar\u00e1s en vano el nombre del Se\u00f1or, tu Dios.<\/li>\n<li>Santificar\u00e1s las fiestas.<\/li>\n<li>Honra a tu padre y a tu madre.<\/li>\n<li>No matar\u00e1s.<\/li>\n<li>No cometer\u00e1s adulterio.<\/li>\n<li>No robar\u00e1s.<\/li>\n<li>No dar\u00e1s falso testimonio contra tu pr\u00f3jimo<\/li>\n<li>No codiciar\u00e1s la mujer de tu pr\u00f3jimo.<\/li>\n<li>No codiciar\u00e1s la casa de tu pr\u00f3jimo.<\/li>\n<\/ol>\n<p>(v\u00e9ase.\u00a0<em>Catecismo de la Iglesia Cat\u00f3lica, <\/em>2<sup>da<\/sup> edici\u00f3n, pp. 496-7, cf. <em>Ex<\/em>. 20:2-17, cf. <em>Dt<\/em>. 5, 6-21).<\/p>\n<h2><strong>Las Bienaventuranzas<\/strong><\/h2>\n<ol>\n<li>Felices los que tienen alma de pobres, porque a ellos les pertenece el Reino de los Cielos.<\/li>\n<li>Felices los afligidos, porque ser\u00e1n consolados.<\/li>\n<li>Felices los pacientes, porque recibir\u00e1n la tierra en herencia.<\/li>\n<li>Felices los que tienen hambre y sed de justicia, porque ser\u00e1n saciados.<\/li>\n<li>Felices los misericordiosos, porque obtendr\u00e1n misericordia.<\/li>\n<li>Felices los que tienen el coraz\u00f3n puro, porque ver\u00e1n a Dios.<\/li>\n<li>Felices los que trabajan por la paz, porque ser\u00e1n llamados hijos de Dios.<\/li>\n<li>Felices los que son perseguidos por practicar la justicia, porque a ellos les pertenece el Reino de los Cielos.<\/li>\n<li>Felices ustedes, cuando sean insultados y perseguidos, y cuando se los calumnie en toda forma a causa de m\u00ed.  Al\u00e9grense y regoc\u00edjense entonces, porque ustedes tendr\u00e1n una gran recompensa en el cielo; de la misma manera persiguieron a los profetas que los precedieron (<em>Mt.<\/em> 5:3-12).<\/li>\n<\/ol>\n<h2><strong>Los Siete Pecados Capitales<\/strong><\/h2>\n<p style=\"padding-left: 40px;\"><strong>\u00a0<\/strong>Los siete pecados capitales o ra\u00edces: la soberbia, la avaricia, la envidia, la ira, la lujuria, la gula y la pereza. \"Son llamados 'capitales' porque generan otros pecados, otros vicios\" (<em>Catecismo de la Iglesia Cat\u00f3lica<\/em>, n. 1866). \"Dios resiste a los soberbios, y da su gracia a los humildes\" (<em>Stg<\/em>. 4:6).<\/p>\n<p><strong>Encontrar\u00e1 m\u00e1s informaci\u00f3n sobre c\u00f3mo examinarse en<\/strong><a href=\"https:\/\/communalfirstsaturdays.org\/es\/shop\/the-communal-first-saturdays-devotional-book\/\"><em> Devocionario de Los Primeros S\u00e1bados Comunitarios<\/em> <\/a>libro. Para m\u00e1s informaci\u00f3n, pulse <a href=\"https:\/\/communalfirstsaturdays.org\/es\/shop\/the-communal-first-saturdays-devotional-book\/\">aqu\u00ed<\/a>.<\/p>","protected":false},"excerpt":{"rendered":"<p>We suggest reflecting on the following: The Ten Commandments \u00a0I am the Lord your God: You shall not have strange gods before me. You shall not take the name of the Lord your God in vain. Remember to keep holy the Lord\u2019s day. Honor your father and your mother. You shall not kill. You shall [&hellip;]<\/p>\n","protected":false},"author":2,"featured_media":0,"parent":0,"menu_order":0,"comment_status":"closed","ping_status":"closed","template":"","meta":{"_acf_changed":false,"om_disable_all_campaigns":false,"_monsterinsights_skip_tracking":false,"_monsterinsights_sitenote_active":false,"_monsterinsights_sitenote_note":"","_monsterinsights_sitenote_category":0,"_uf_show_specific_survey":0,"_uf_disable_surveys":false,"site-sidebar-layout":"default","site-content-layout":"default","ast-site-content-layout":"default","site-content-style":"default","site-sidebar-style":"default","ast-global-header-display":"","ast-banner-title-visibility":"","ast-main-header-display":"","ast-hfb-above-header-display":"","ast-hfb-below-header-display":"","ast-hfb-mobile-header-display":"","site-post-title":"","ast-breadcrumbs-content":"","ast-featured-img":"","footer-sml-layout":"","ast-disable-related-posts":"","theme-transparent-header-meta":"default","adv-header-id-meta":"","stick-header-meta":"","header-above-stick-meta":"","header-main-stick-meta":"","header-below-stick-meta":"","astra-migrate-meta-layouts":"set","ast-page-background-enabled":"default","ast-page-background-meta":{"desktop":{"background-color":"","background-image":"","background-repeat":"repeat","background-position":"center center","background-size":"auto","background-attachment":"scroll","background-type":"","background-media":"","overlay-type":"","overlay-color":"","overlay-opacity":"","overlay-gradient":""},"tablet":{"background-color":"","background-image":"","background-repeat":"repeat","background-position":"center center","background-size":"auto","background-attachment":"scroll","background-type":"","background-media":"","overlay-type":"","overlay-color":"","overlay-opacity":"","overlay-gradient":""},"mobile":{"background-color":"","background-image":"","background-repeat":"repeat","background-position":"center center","background-size":"auto","background-attachment":"scroll","background-type":"","background-media":"","overlay-type":"","overlay-color":"","overlay-opacity":"","overlay-gradient":""}},"ast-content-background-meta":{"desktop":{"background-color":"var(--ast-global-color-5)","background-image":"","background-repeat":"repeat","background-position":"center center","background-size":"auto","background-attachment":"scroll","background-type":"","background-media":"","overlay-type":"","overlay-color":"","overlay-opacity":"","overlay-gradient":""},"tablet":{"background-color":"var(--ast-global-color-5)","background-image":"","background-repeat":"repeat","background-position":"center center","background-size":"auto","background-attachment":"scroll","background-type":"","background-media":"","overlay-type":"","overlay-color":"","overlay-opacity":"","overlay-gradient":""},"mobile":{"background-color":"var(--ast-global-color-5)","background-image":"","background-repeat":"repeat","background-position":"center center","background-size":"auto","background-attachment":"scroll","background-type":"","background-media":"","overlay-type":"","overlay-color":"","overlay-opacity":"","overlay-gradient":""}},"footnotes":""},"class_list":["post-2533","page","type-page","status-publish","hentry"],"acf":[],"aioseo_notices":[],"yoast_head":"<!-- This site is optimized with the Yoast SEO plugin v27.2 - https:\/\/yoast.com\/product\/yoast-seo-wordpress\/ -->\n<title>Examination of Conscience - The Communal First Saturdays<\/title>\n<meta name=\"robots\" content=\"index, follow, max-snippet:-1, max-image-preview:large, max-video-preview:-1\" \/>\n<link rel=\"canonical\" href=\"https:\/\/communalfirstsaturdays.org\/es\/examination-of-conscience\/\" \/>\n<meta property=\"og:locale\" content=\"es_MX\" \/>\n<meta property=\"og:type\" content=\"article\" \/>\n<meta property=\"og:title\" content=\"Examination of Conscience - The Communal First Saturdays\" \/>\n<meta property=\"og:description\" content=\"We suggest reflecting on the following: The Ten Commandments \u00a0I am the Lord your God: You shall not have strange gods before me. You shall not take the name of the Lord your God in vain. Remember to keep holy the Lord\u2019s day. Honor your father and your mother. You shall not kill. You shall [&hellip;]\" \/>\n<meta property=\"og:url\" content=\"https:\/\/communalfirstsaturdays.org\/es\/examination-of-conscience\/\" \/>\n<meta property=\"og:site_name\" content=\"The Communal First Saturdays\" \/>\n<meta property=\"article:publisher\" content=\"https:\/\/www.facebook.com\/CommunalFirstSaturdays\/\" \/>\n<meta property=\"article:modified_time\" content=\"2025-07-25T23:39:10+00:00\" \/>\n<meta property=\"og:image\" content=\"https:\/\/communalfirstsaturdays.org\/wp-content\/uploads\/2023\/05\/full-sized-logo-color.jpg\" \/>\n\t<meta property=\"og:image:width\" content=\"1200\" \/>\n\t<meta property=\"og:image:height\" content=\"782\" \/>\n\t<meta property=\"og:image:type\" content=\"image\/jpeg\" \/>\n<meta name=\"twitter:card\" content=\"summary_large_image\" \/>\n<meta name=\"twitter:site\" content=\"@CFSApostolate\" \/>\n<meta name=\"twitter:label1\" content=\"Tiempo de lectura\" \/>\n\t<meta name=\"twitter:data1\" content=\"2 minutos\" \/>\n<script type=\"application\/ld+json\" class=\"yoast-schema-graph\">{\"@context\":\"https:\/\/schema.org\",\"@graph\":[{\"@type\":\"WebPage\",\"@id\":\"https:\/\/communalfirstsaturdays.org\/examination-of-conscience\/\",\"url\":\"https:\/\/communalfirstsaturdays.org\/examination-of-conscience\/\",\"name\":\"Examination of Conscience - The Communal First Saturdays\",\"isPartOf\":{\"@id\":\"https:\/\/communalfirstsaturdays.org\/#website\"},\"datePublished\":\"2020-04-04T00:29:07+00:00\",\"dateModified\":\"2025-07-25T23:39:10+00:00\",\"breadcrumb\":{\"@id\":\"https:\/\/communalfirstsaturdays.org\/examination-of-conscience\/#breadcrumb\"},\"inLanguage\":\"es\",\"potentialAction\":[{\"@type\":\"ReadAction\",\"target\":[\"https:\/\/communalfirstsaturdays.org\/examination-of-conscience\/\"]}]},{\"@type\":\"BreadcrumbList\",\"@id\":\"https:\/\/communalfirstsaturdays.org\/examination-of-conscience\/#breadcrumb\",\"itemListElement\":[{\"@type\":\"ListItem\",\"position\":1,\"name\":\"Home\",\"item\":\"https:\/\/communalfirstsaturdays.org\/\"},{\"@type\":\"ListItem\",\"position\":2,\"name\":\"Examination of Conscience\"}]},{\"@type\":\"WebSite\",\"@id\":\"https:\/\/communalfirstsaturdays.org\/#website\",\"url\":\"https:\/\/communalfirstsaturdays.org\/\",\"name\":\"The Communal First Saturdays\",\"description\":\"Power in Prayer Together\",\"publisher\":{\"@id\":\"https:\/\/communalfirstsaturdays.org\/#organization\"},\"potentialAction\":[{\"@type\":\"SearchAction\",\"target\":{\"@type\":\"EntryPoint\",\"urlTemplate\":\"https:\/\/communalfirstsaturdays.org\/?s={search_term_string}\"},\"query-input\":{\"@type\":\"PropertyValueSpecification\",\"valueRequired\":true,\"valueName\":\"search_term_string\"}}],\"inLanguage\":\"es\"},{\"@type\":\"Organization\",\"@id\":\"https:\/\/communalfirstsaturdays.org\/#organization\",\"name\":\"Communal First Saturdays\",\"url\":\"https:\/\/communalfirstsaturdays.org\/\",\"logo\":{\"@type\":\"ImageObject\",\"inLanguage\":\"es\",\"@id\":\"https:\/\/communalfirstsaturdays.org\/#\/schema\/logo\/image\/\",\"url\":\"https:\/\/communalfirstsaturdays.org\/wp-content\/uploads\/2019\/08\/cfs-logo-seo.png\",\"contentUrl\":\"https:\/\/communalfirstsaturdays.org\/wp-content\/uploads\/2019\/08\/cfs-logo-seo.png\",\"width\":800,\"height\":462,\"caption\":\"Communal First Saturdays\"},\"image\":{\"@id\":\"https:\/\/communalfirstsaturdays.org\/#\/schema\/logo\/image\/\"},\"sameAs\":[\"https:\/\/www.facebook.com\/CommunalFirstSaturdays\/\",\"https:\/\/x.com\/CFSApostolate\"]}]}<\/script>\n<!-- \/ Yoast SEO plugin. -->","yoast_head_json":{"title":"Examination of Conscience - The Communal First Saturdays","robots":{"index":"index","follow":"follow","max-snippet":"max-snippet:-1","max-image-preview":"max-image-preview:large","max-video-preview":"max-video-preview:-1"},"canonical":"https:\/\/communalfirstsaturdays.org\/es\/examination-of-conscience\/","og_locale":"es_MX","og_type":"article","og_title":"Examination of Conscience - The Communal First Saturdays","og_description":"We suggest reflecting on the following: The Ten Commandments \u00a0I am the Lord your God: You shall not have strange gods before me. You shall not take the name of the Lord your God in vain. Remember to keep holy the Lord\u2019s day. Honor your father and your mother. You shall not kill. You shall [&hellip;]","og_url":"https:\/\/communalfirstsaturdays.org\/es\/examination-of-conscience\/","og_site_name":"The Communal First Saturdays","article_publisher":"https:\/\/www.facebook.com\/CommunalFirstSaturdays\/","article_modified_time":"2025-07-25T23:39:10+00:00","og_image":[{"width":1200,"height":782,"url":"https:\/\/communalfirstsaturdays.org\/wp-content\/uploads\/2023\/05\/full-sized-logo-color.jpg","type":"image\/jpeg"}],"twitter_card":"summary_large_image","twitter_site":"@CFSApostolate","twitter_misc":{"Tiempo de lectura":"2 minutos"},"schema":{"@context":"https:\/\/schema.org","@graph":[{"@type":"WebPage","@id":"https:\/\/communalfirstsaturdays.org\/examination-of-conscience\/","url":"https:\/\/communalfirstsaturdays.org\/examination-of-conscience\/","name":"Examination of Conscience - The Communal First Saturdays","isPartOf":{"@id":"https:\/\/communalfirstsaturdays.org\/#website"},"datePublished":"2020-04-04T00:29:07+00:00","dateModified":"2025-07-25T23:39:10+00:00","breadcrumb":{"@id":"https:\/\/communalfirstsaturdays.org\/examination-of-conscience\/#breadcrumb"},"inLanguage":"es","potentialAction":[{"@type":"ReadAction","target":["https:\/\/communalfirstsaturdays.org\/examination-of-conscience\/"]}]},{"@type":"BreadcrumbList","@id":"https:\/\/communalfirstsaturdays.org\/examination-of-conscience\/#breadcrumb","itemListElement":[{"@type":"ListItem","position":1,"name":"Home","item":"https:\/\/communalfirstsaturdays.org\/"},{"@type":"ListItem","position":2,"name":"Examination of Conscience"}]},{"@type":"WebSite","@id":"https:\/\/communalfirstsaturdays.org\/#website","url":"https:\/\/communalfirstsaturdays.org\/","name":"The Communal First Saturdays","description":"El poder de rezar juntos","publisher":{"@id":"https:\/\/communalfirstsaturdays.org\/#organization"},"potentialAction":[{"@type":"SearchAction","target":{"@type":"EntryPoint","urlTemplate":"https:\/\/communalfirstsaturdays.org\/?s={search_term_string}"},"query-input":{"@type":"PropertyValueSpecification","valueRequired":true,"valueName":"search_term_string"}}],"inLanguage":"es"},{"@type":"Organization","@id":"https:\/\/communalfirstsaturdays.org\/#organization","name":"Los Primeros S\u00e1bados Comunitarios","url":"https:\/\/communalfirstsaturdays.org\/","logo":{"@type":"ImageObject","inLanguage":"es","@id":"https:\/\/communalfirstsaturdays.org\/#\/schema\/logo\/image\/","url":"https:\/\/communalfirstsaturdays.org\/wp-content\/uploads\/2019\/08\/cfs-logo-seo.png","contentUrl":"https:\/\/communalfirstsaturdays.org\/wp-content\/uploads\/2019\/08\/cfs-logo-seo.png","width":800,"height":462,"caption":"Communal First Saturdays"},"image":{"@id":"https:\/\/communalfirstsaturdays.org\/#\/schema\/logo\/image\/"},"sameAs":["https:\/\/www.facebook.com\/CommunalFirstSaturdays\/","https:\/\/x.com\/CFSApostolate"]}]}},"_links":{"self":[{"href":"https:\/\/communalfirstsaturdays.org\/es\/wp-json\/wp\/v2\/pages\/2533","targetHints":{"allow":["GET"]}}],"collection":[{"href":"https:\/\/communalfirstsaturdays.org\/es\/wp-json\/wp\/v2\/pages"}],"about":[{"href":"https:\/\/communalfirstsaturdays.org\/es\/wp-json\/wp\/v2\/types\/page"}],"author":[{"embeddable":true,"href":"https:\/\/communalfirstsaturdays.org\/es\/wp-json\/wp\/v2\/users\/2"}],"replies":[{"embeddable":true,"href":"https:\/\/communalfirstsaturdays.org\/es\/wp-json\/wp\/v2\/comments?post=2533"}],"version-history":[{"count":11,"href":"https:\/\/communalfirstsaturdays.org\/es\/wp-json\/wp\/v2\/pages\/2533\/revisions"}],"predecessor-version":[{"id":20058,"href":"https:\/\/communalfirstsaturdays.org\/es\/wp-json\/wp\/v2\/pages\/2533\/revisions\/20058"}],"wp:attachment":[{"href":"https:\/\/communalfirstsaturdays.org\/es\/wp-json\/wp\/v2\/media?parent=2533"}],"curies":[{"name":"wp","href":"https:\/\/api.w.org\/{rel}","templated":true}]}}