{"id":2991,"date":"2021-01-26T21:48:02","date_gmt":"2021-01-26T21:48:02","guid":{"rendered":"https:\/\/45d855c02b.nxcli.net\/?page_id=2991"},"modified":"2021-04-15T03:44:16","modified_gmt":"2021-04-15T03:44:16","slug":"what-is-the-heart-of-the-fatima-message","status":"publish","type":"page","link":"https:\/\/communalfirstsaturdays.org\/es\/what-is-the-heart-of-the-fatima-message\/","title":{"rendered":"\u00bfCu\u00e1l es el coraz\u00f3n del mensaje de F\u00e1tima?"},"content":{"rendered":"<div data-elementor-type=\"wp-page\" data-elementor-id=\"2991\" class=\"elementor elementor-2991\" data-elementor-post-type=\"page\">\n\t\t\t\t\t\t<section class=\"elementor-section elementor-top-section elementor-element elementor-element-4e9189c8 elementor-section-boxed elementor-section-height-default elementor-section-height-default\" data-id=\"4e9189c8\" data-element_type=\"section\" data-e-type=\"section\" data-settings=\"{&quot;jet_parallax_layout_list&quot;:[]}\">\n\t\t\t\t\t\t<div class=\"elementor-container elementor-column-gap-default\">\n\t\t\t\t\t<div class=\"elementor-column elementor-col-100 elementor-top-column elementor-element elementor-element-18e033d\" data-id=\"18e033d\" data-element_type=\"column\" data-e-type=\"column\">\n\t\t\t<div class=\"elementor-widget-wrap elementor-element-populated\">\n\t\t\t\t\t\t<div class=\"elementor-element elementor-element-e3da967 elementor-widget elementor-widget-image\" data-id=\"e3da967\" data-element_type=\"widget\" data-e-type=\"widget\" data-widget_type=\"image.default\">\n\t\t\t\t<div class=\"elementor-widget-container\">\n\t\t\t\t\t\t\t\t\t\t\t\t\t\t\t<img fetchpriority=\"high\" decoding=\"async\" width=\"301\" height=\"260\" src=\"https:\/\/communalfirstsaturdays.org\/wp-content\/uploads\/2021\/04\/CFSHeart-copy-1-e1618271429318.jpg\" class=\"attachment-full size-full wp-image-4565\" alt=\"\" \/>\t\t\t\t\t\t\t\t\t\t\t\t\t\t\t<\/div>\n\t\t\t\t<\/div>\n\t\t\t\t<div class=\"elementor-element elementor-element-25ffcdee elementor-widget elementor-widget-text-editor\" data-id=\"25ffcdee\" data-element_type=\"widget\" data-e-type=\"widget\" data-widget_type=\"text-editor.default\">\n\t\t\t\t<div class=\"elementor-widget-container\">\n\t\t\t\t\t\t\t\t\t<div>\u00a0<\/div><div><ul style=\"font-size: 15px; font-style: normal;\"><li style=\"font-size: 15px;\">Tanto el 13 de junio como el 13 de julio de 1917, en F\u00e1tima, Nuestra Se\u00f1ora dijo que <b>Dios quiere establecer en el mundo la devoci\u00f3n al Inmaculado Coraz\u00f3n de Mar\u00eda.<\/b><\/li><li>\u00bfQu\u00e9 llev\u00f3 a la Virgen a decir estas palabras el 13 de julio de 1917?<\/li><li>La Virgen acababa de mostrar a los ni\u00f1os una visi\u00f3n del infierno y c\u00f3mo muchas almas se pierden.<\/li><li>\u00bfPor qu\u00e9 la Virgen les mostr\u00f3 esta visi\u00f3n?<\/li><li>La Virgen quiso encender en sus corazones el deseo de salvar almas.<\/li><li>La Virgen dijo c\u00f3mo la devoci\u00f3n al Inmaculado Coraz\u00f3n de Mar\u00eda pod\u00eda hacerse para salvar almas, cumpliendo 2 peticiones especiales: \"Vendr\u00e9 a pedir la consagraci\u00f3n de Rusia a mi Inmaculado Coraz\u00f3n, y la comuni\u00f3n reparadora de los primeros s\u00e1bados\" (13 de julio de 1917).<\/li><li style=\"font-size: 15px;\">La primera petici\u00f3n especial se refer\u00eda a lo que deb\u00eda hacer el Santo Padre. Sin embargo, el cumplimiento de esto no es suficiente, porque la Virgen dijo <b><u>ambas<\/u><\/b> peticiones se tienen que cumplir para que llegue el periodo de paz y se salven muchas almas.<\/li><li style=\"font-size: 15px;\">La segunda petici\u00f3n especial es para los <b>Primeros s\u00e1bados de reparaci\u00f3n al Inmaculado Coraz\u00f3n de Mar\u00eda<\/b>\u00a0(13 de julio de 1917; 10 de diciembre de 1925).\u00a0<b><u>Esta petici\u00f3n queda pendiente por cumplirse por todos nosotros<\/u><\/b>. \u00a1Tenemos que poner de <b><u>nuestra<\/u><\/b> parte!<\/li><li style=\"font-size: 15px;\">\u00bfA cu\u00e1l de las 2 peticiones especiales dio la Virgen mayor \u00e9nfasis? A <a href=\"https:\/\/communalfirstsaturdays.org\/es\/first-saturdays-devotion-information\/\">Primeros S\u00e1bados<\/a> en reparaci\u00f3n al Inmaculado Coraz\u00f3n de Mar\u00eda.<\/li><li style=\"font-size: 15px;\">\u00bfQu\u00e9 prometi\u00f3 la Virgen si se cumplen las dos peticiones? La Virgen dijo: \"Se salvar\u00e1n muchas almas, habr\u00e1 paz\".<\/li><\/ul><\/div>\t\t\t\t\t\t\t\t<\/div>\n\t\t\t\t<\/div>\n\t\t\t\t\t<\/div>\n\t\t<\/div>\n\t\t\t\t\t<\/div>\n\t\t<\/section>\n\t\t\t\t<\/div>","protected":false},"excerpt":{"rendered":"<p>\u00a0 On both June 13 and July 13, 1917, at Fatima, Our Lady said that God wishes to establish in the world devotion to the Immaculate Heart of Mary. What led Our Lady to say the above words on July 13, 1917? Our Lady had just shown the children a vision of Hell and many [&hellip;]<\/p>\n","protected":false},"author":3,"featured_media":0,"parent":0,"menu_order":0,"comment_status":"closed","ping_status":"closed","template":"","meta":{"_acf_changed":false,"om_disable_all_campaigns":false,"_monsterinsights_skip_tracking":false,"_monsterinsights_sitenote_active":false,"_monsterinsights_sitenote_note":"","_monsterinsights_sitenote_category":0,"_uf_show_specific_survey":0,"_uf_disable_surveys":false,"site-sidebar-layout":"default","site-content-layout":"default","ast-site-content-layout":"default","site-content-style":"default","site-sidebar-style":"default","ast-global-header-display":"","ast-banner-title-visibility":"","ast-main-header-display":"","ast-hfb-above-header-display":"","ast-hfb-below-header-display":"","ast-hfb-mobile-header-display":"","site-post-title":"","ast-breadcrumbs-content":"","ast-featured-img":"","footer-sml-layout":"","ast-disable-related-posts":"","theme-transparent-header-meta":"default","adv-header-id-meta":"","stick-header-meta":"","header-above-stick-meta":"","header-main-stick-meta":"","header-below-stick-meta":"","astra-migrate-meta-layouts":"default","ast-page-background-enabled":"default","ast-page-background-meta":{"desktop":{"background-color":"","background-image":"","background-repeat":"repeat","background-position":"center center","background-size":"auto","background-attachment":"scroll","background-type":"","background-media":"","overlay-type":"","overlay-color":"","overlay-opacity":"","overlay-gradient":""},"tablet":{"background-color":"","background-image":"","background-repeat":"repeat","background-position":"center center","background-size":"auto","background-attachment":"scroll","background-type":"","background-media":"","overlay-type":"","overlay-color":"","overlay-opacity":"","overlay-gradient":""},"mobile":{"background-color":"","background-image":"","background-repeat":"repeat","background-position":"center center","background-size":"auto","background-attachment":"scroll","background-type":"","background-media":"","overlay-type":"","overlay-color":"","overlay-opacity":"","overlay-gradient":""}},"ast-content-background-meta":{"desktop":{"background-color":"var(--ast-global-color-5)","background-image":"","background-repeat":"repeat","background-position":"center center","background-size":"auto","background-attachment":"scroll","background-type":"","background-media":"","overlay-type":"","overlay-color":"","overlay-opacity":"","overlay-gradient":""},"tablet":{"background-color":"var(--ast-global-color-5)","background-image":"","background-repeat":"repeat","background-position":"center center","background-size":"auto","background-attachment":"scroll","background-type":"","background-media":"","overlay-type":"","overlay-color":"","overlay-opacity":"","overlay-gradient":""},"mobile":{"background-color":"var(--ast-global-color-5)","background-image":"","background-repeat":"repeat","background-position":"center center","background-size":"auto","background-attachment":"scroll","background-type":"","background-media":"","overlay-type":"","overlay-color":"","overlay-opacity":"","overlay-gradient":""}},"footnotes":""},"class_list":["post-2991","page","type-page","status-publish","hentry"],"acf":[],"aioseo_notices":[],"yoast_head":"<!-- This site is optimized with the Yoast SEO plugin v27.4 - https:\/\/yoast.com\/product\/yoast-seo-wordpress\/ -->\n<title>What is the Heart of the Fatima Message? - The Communal First Saturdays<\/title>\n<meta name=\"robots\" content=\"index, follow, max-snippet:-1, max-image-preview:large, max-video-preview:-1\" \/>\n<link rel=\"canonical\" href=\"https:\/\/communalfirstsaturdays.org\/es\/what-is-the-heart-of-the-fatima-message\/\" \/>\n<meta property=\"og:locale\" content=\"es_MX\" \/>\n<meta property=\"og:type\" content=\"article\" \/>\n<meta property=\"og:title\" content=\"What is the Heart of the Fatima Message? - The Communal First Saturdays\" \/>\n<meta property=\"og:description\" content=\"\u00a0 On both June 13 and July 13, 1917, at Fatima, Our Lady said that God wishes to establish in the world devotion to the Immaculate Heart of Mary. What led Our Lady to say the above words on July 13, 1917? Our Lady had just shown the children a vision of Hell and many [&hellip;]\" \/>\n<meta property=\"og:url\" content=\"https:\/\/communalfirstsaturdays.org\/es\/what-is-the-heart-of-the-fatima-message\/\" \/>\n<meta property=\"og:site_name\" content=\"The Communal First Saturdays\" \/>\n<meta property=\"article:publisher\" content=\"https:\/\/www.facebook.com\/CommunalFirstSaturdays\/\" \/>\n<meta property=\"article:modified_time\" content=\"2021-04-15T03:44:16+00:00\" \/>\n<meta property=\"og:image\" content=\"https:\/\/communalfirstsaturdays.org\/wp-content\/uploads\/2021\/04\/CFSHeart-copy-1-e1618271429318.jpg\" \/>\n<meta name=\"twitter:card\" content=\"summary_large_image\" \/>\n<meta name=\"twitter:site\" content=\"@CFSApostolate\" \/>\n<meta name=\"twitter:label1\" content=\"Tiempo de lectura\" \/>\n\t<meta name=\"twitter:data1\" content=\"2 minutos\" \/>\n<script type=\"application\/ld+json\" class=\"yoast-schema-graph\">{\"@context\":\"https:\\\/\\\/schema.org\",\"@graph\":[{\"@type\":\"WebPage\",\"@id\":\"https:\\\/\\\/communalfirstsaturdays.org\\\/what-is-the-heart-of-the-fatima-message\\\/\",\"url\":\"https:\\\/\\\/communalfirstsaturdays.org\\\/what-is-the-heart-of-the-fatima-message\\\/\",\"name\":\"What is the Heart of the Fatima Message? - The Communal First Saturdays\",\"isPartOf\":{\"@id\":\"https:\\\/\\\/communalfirstsaturdays.org\\\/#website\"},\"primaryImageOfPage\":{\"@id\":\"https:\\\/\\\/communalfirstsaturdays.org\\\/what-is-the-heart-of-the-fatima-message\\\/#primaryimage\"},\"image\":{\"@id\":\"https:\\\/\\\/communalfirstsaturdays.org\\\/what-is-the-heart-of-the-fatima-message\\\/#primaryimage\"},\"thumbnailUrl\":\"https:\\\/\\\/communalfirstsaturdays.org\\\/wp-content\\\/uploads\\\/2021\\\/04\\\/CFSHeart-copy-1-e1618271429318.jpg\",\"datePublished\":\"2021-01-26T21:48:02+00:00\",\"dateModified\":\"2021-04-15T03:44:16+00:00\",\"breadcrumb\":{\"@id\":\"https:\\\/\\\/communalfirstsaturdays.org\\\/what-is-the-heart-of-the-fatima-message\\\/#breadcrumb\"},\"inLanguage\":\"es\",\"potentialAction\":[{\"@type\":\"ReadAction\",\"target\":[\"https:\\\/\\\/communalfirstsaturdays.org\\\/what-is-the-heart-of-the-fatima-message\\\/\"]}]},{\"@type\":\"ImageObject\",\"inLanguage\":\"es\",\"@id\":\"https:\\\/\\\/communalfirstsaturdays.org\\\/what-is-the-heart-of-the-fatima-message\\\/#primaryimage\",\"url\":\"https:\\\/\\\/communalfirstsaturdays.org\\\/wp-content\\\/uploads\\\/2021\\\/04\\\/CFSHeart-copy-1-e1618271429318.jpg\",\"contentUrl\":\"https:\\\/\\\/communalfirstsaturdays.org\\\/wp-content\\\/uploads\\\/2021\\\/04\\\/CFSHeart-copy-1-e1618271429318.jpg\"},{\"@type\":\"BreadcrumbList\",\"@id\":\"https:\\\/\\\/communalfirstsaturdays.org\\\/what-is-the-heart-of-the-fatima-message\\\/#breadcrumb\",\"itemListElement\":[{\"@type\":\"ListItem\",\"position\":1,\"name\":\"Home\",\"item\":\"https:\\\/\\\/communalfirstsaturdays.org\\\/\"},{\"@type\":\"ListItem\",\"position\":2,\"name\":\"What is the Heart of the Fatima Message?\"}]},{\"@type\":\"WebSite\",\"@id\":\"https:\\\/\\\/communalfirstsaturdays.org\\\/#website\",\"url\":\"https:\\\/\\\/communalfirstsaturdays.org\\\/\",\"name\":\"The Communal First Saturdays\",\"description\":\"Power in Prayer Together\",\"publisher\":{\"@id\":\"https:\\\/\\\/communalfirstsaturdays.org\\\/#organization\"},\"potentialAction\":[{\"@type\":\"SearchAction\",\"target\":{\"@type\":\"EntryPoint\",\"urlTemplate\":\"https:\\\/\\\/communalfirstsaturdays.org\\\/?s={search_term_string}\"},\"query-input\":{\"@type\":\"PropertyValueSpecification\",\"valueRequired\":true,\"valueName\":\"search_term_string\"}}],\"inLanguage\":\"es\"},{\"@type\":\"Organization\",\"@id\":\"https:\\\/\\\/communalfirstsaturdays.org\\\/#organization\",\"name\":\"Communal First Saturdays\",\"url\":\"https:\\\/\\\/communalfirstsaturdays.org\\\/\",\"logo\":{\"@type\":\"ImageObject\",\"inLanguage\":\"es\",\"@id\":\"https:\\\/\\\/communalfirstsaturdays.org\\\/#\\\/schema\\\/logo\\\/image\\\/\",\"url\":\"https:\\\/\\\/communalfirstsaturdays.org\\\/wp-content\\\/uploads\\\/2019\\\/08\\\/cfs-logo-seo.png\",\"contentUrl\":\"https:\\\/\\\/communalfirstsaturdays.org\\\/wp-content\\\/uploads\\\/2019\\\/08\\\/cfs-logo-seo.png\",\"width\":800,\"height\":462,\"caption\":\"Communal First Saturdays\"},\"image\":{\"@id\":\"https:\\\/\\\/communalfirstsaturdays.org\\\/#\\\/schema\\\/logo\\\/image\\\/\"},\"sameAs\":[\"https:\\\/\\\/www.facebook.com\\\/CommunalFirstSaturdays\\\/\",\"https:\\\/\\\/x.com\\\/CFSApostolate\"]}]}<\/script>\n<!-- \/ Yoast SEO plugin. -->","yoast_head_json":{"title":"What is the Heart of the Fatima Message? - The Communal First Saturdays","robots":{"index":"index","follow":"follow","max-snippet":"max-snippet:-1","max-image-preview":"max-image-preview:large","max-video-preview":"max-video-preview:-1"},"canonical":"https:\/\/communalfirstsaturdays.org\/es\/what-is-the-heart-of-the-fatima-message\/","og_locale":"es_MX","og_type":"article","og_title":"What is the Heart of the Fatima Message? - The Communal First Saturdays","og_description":"\u00a0 On both June 13 and July 13, 1917, at Fatima, Our Lady said that God wishes to establish in the world devotion to the Immaculate Heart of Mary. What led Our Lady to say the above words on July 13, 1917? Our Lady had just shown the children a vision of Hell and many [&hellip;]","og_url":"https:\/\/communalfirstsaturdays.org\/es\/what-is-the-heart-of-the-fatima-message\/","og_site_name":"The Communal First Saturdays","article_publisher":"https:\/\/www.facebook.com\/CommunalFirstSaturdays\/","article_modified_time":"2021-04-15T03:44:16+00:00","og_image":[{"url":"https:\/\/communalfirstsaturdays.org\/wp-content\/uploads\/2021\/04\/CFSHeart-copy-1-e1618271429318.jpg","type":"","width":"","height":""}],"twitter_card":"summary_large_image","twitter_site":"@CFSApostolate","twitter_misc":{"Tiempo de lectura":"2 minutos"},"schema":{"@context":"https:\/\/schema.org","@graph":[{"@type":"WebPage","@id":"https:\/\/communalfirstsaturdays.org\/what-is-the-heart-of-the-fatima-message\/","url":"https:\/\/communalfirstsaturdays.org\/what-is-the-heart-of-the-fatima-message\/","name":"What is the Heart of the Fatima Message? - The Communal First Saturdays","isPartOf":{"@id":"https:\/\/communalfirstsaturdays.org\/#website"},"primaryImageOfPage":{"@id":"https:\/\/communalfirstsaturdays.org\/what-is-the-heart-of-the-fatima-message\/#primaryimage"},"image":{"@id":"https:\/\/communalfirstsaturdays.org\/what-is-the-heart-of-the-fatima-message\/#primaryimage"},"thumbnailUrl":"https:\/\/communalfirstsaturdays.org\/wp-content\/uploads\/2021\/04\/CFSHeart-copy-1-e1618271429318.jpg","datePublished":"2021-01-26T21:48:02+00:00","dateModified":"2021-04-15T03:44:16+00:00","breadcrumb":{"@id":"https:\/\/communalfirstsaturdays.org\/what-is-the-heart-of-the-fatima-message\/#breadcrumb"},"inLanguage":"es","potentialAction":[{"@type":"ReadAction","target":["https:\/\/communalfirstsaturdays.org\/what-is-the-heart-of-the-fatima-message\/"]}]},{"@type":"ImageObject","inLanguage":"es","@id":"https:\/\/communalfirstsaturdays.org\/what-is-the-heart-of-the-fatima-message\/#primaryimage","url":"https:\/\/communalfirstsaturdays.org\/wp-content\/uploads\/2021\/04\/CFSHeart-copy-1-e1618271429318.jpg","contentUrl":"https:\/\/communalfirstsaturdays.org\/wp-content\/uploads\/2021\/04\/CFSHeart-copy-1-e1618271429318.jpg"},{"@type":"BreadcrumbList","@id":"https:\/\/communalfirstsaturdays.org\/what-is-the-heart-of-the-fatima-message\/#breadcrumb","itemListElement":[{"@type":"ListItem","position":1,"name":"Home","item":"https:\/\/communalfirstsaturdays.org\/"},{"@type":"ListItem","position":2,"name":"What is the Heart of the Fatima Message?"}]},{"@type":"WebSite","@id":"https:\/\/communalfirstsaturdays.org\/#website","url":"https:\/\/communalfirstsaturdays.org\/","name":"The Communal First Saturdays","description":"El poder de rezar juntos","publisher":{"@id":"https:\/\/communalfirstsaturdays.org\/#organization"},"potentialAction":[{"@type":"SearchAction","target":{"@type":"EntryPoint","urlTemplate":"https:\/\/communalfirstsaturdays.org\/?s={search_term_string}"},"query-input":{"@type":"PropertyValueSpecification","valueRequired":true,"valueName":"search_term_string"}}],"inLanguage":"es"},{"@type":"Organization","@id":"https:\/\/communalfirstsaturdays.org\/#organization","name":"Los Primeros S\u00e1bados Comunitarios","url":"https:\/\/communalfirstsaturdays.org\/","logo":{"@type":"ImageObject","inLanguage":"es","@id":"https:\/\/communalfirstsaturdays.org\/#\/schema\/logo\/image\/","url":"https:\/\/communalfirstsaturdays.org\/wp-content\/uploads\/2019\/08\/cfs-logo-seo.png","contentUrl":"https:\/\/communalfirstsaturdays.org\/wp-content\/uploads\/2019\/08\/cfs-logo-seo.png","width":800,"height":462,"caption":"Communal First Saturdays"},"image":{"@id":"https:\/\/communalfirstsaturdays.org\/#\/schema\/logo\/image\/"},"sameAs":["https:\/\/www.facebook.com\/CommunalFirstSaturdays\/","https:\/\/x.com\/CFSApostolate"]}]}},"_links":{"self":[{"href":"https:\/\/communalfirstsaturdays.org\/es\/wp-json\/wp\/v2\/pages\/2991","targetHints":{"allow":["GET"]}}],"collection":[{"href":"https:\/\/communalfirstsaturdays.org\/es\/wp-json\/wp\/v2\/pages"}],"about":[{"href":"https:\/\/communalfirstsaturdays.org\/es\/wp-json\/wp\/v2\/types\/page"}],"author":[{"embeddable":true,"href":"https:\/\/communalfirstsaturdays.org\/es\/wp-json\/wp\/v2\/users\/3"}],"replies":[{"embeddable":true,"href":"https:\/\/communalfirstsaturdays.org\/es\/wp-json\/wp\/v2\/comments?post=2991"}],"version-history":[{"count":51,"href":"https:\/\/communalfirstsaturdays.org\/es\/wp-json\/wp\/v2\/pages\/2991\/revisions"}],"predecessor-version":[{"id":4749,"href":"https:\/\/communalfirstsaturdays.org\/es\/wp-json\/wp\/v2\/pages\/2991\/revisions\/4749"}],"wp:attachment":[{"href":"https:\/\/communalfirstsaturdays.org\/es\/wp-json\/wp\/v2\/media?parent=2991"}],"curies":[{"name":"wp","href":"https:\/\/api.w.org\/{rel}","templated":true}]}}