{"id":3005,"date":"2021-01-26T12:54:48","date_gmt":"2021-01-26T12:54:48","guid":{"rendered":"https:\/\/45d855c02b.nxcli.net\/?page_id=3005"},"modified":"2024-11-23T03:20:10","modified_gmt":"2024-11-23T03:20:10","slug":"why-is-it-urgent-that-the-first-saturdays-be-done-publicly","status":"publish","type":"page","link":"https:\/\/communalfirstsaturdays.org\/es\/why-is-it-urgent-that-the-first-saturdays-be-done-publicly\/","title":{"rendered":"\u00bfPor qu\u00e9 es urgente que los Primeros S\u00e1bados se hagan p\u00fablicos?"},"content":{"rendered":"<div data-elementor-type=\"wp-page\" data-elementor-id=\"3005\" class=\"elementor elementor-3005\" data-elementor-post-type=\"page\">\n\t\t\t\t\t\t<section class=\"elementor-section elementor-top-section elementor-element elementor-element-49fcfb3b elementor-section-boxed elementor-section-height-default elementor-section-height-default\" data-id=\"49fcfb3b\" data-element_type=\"section\" data-e-type=\"section\" data-settings=\"{&quot;jet_parallax_layout_list&quot;:[]}\">\n\t\t\t\t\t\t<div class=\"elementor-container elementor-column-gap-default\">\n\t\t\t\t\t<div class=\"elementor-column elementor-col-100 elementor-top-column elementor-element elementor-element-d8be6e5\" data-id=\"d8be6e5\" data-element_type=\"column\" data-e-type=\"column\">\n\t\t\t<div class=\"elementor-widget-wrap elementor-element-populated\">\n\t\t\t\t\t\t<div class=\"elementor-element elementor-element-ab30be9 elementor-widget elementor-widget-text-editor\" data-id=\"ab30be9\" data-element_type=\"widget\" data-e-type=\"widget\" data-widget_type=\"text-editor.default\">\n\t\t\t\t<div class=\"elementor-widget-container\">\n\t\t\t\t\t\t\t\t\t<p>La oraci\u00f3n p\u00fablica y comunitaria:<\/p><ul><li>Es poderosa.<\/li><li>Como analog\u00eda, un manojo de palos es m\u00e1s dif\u00edcil de romper que un solo palo.<sup>1<\/sup><\/li><li>Es necesario establecer la devoci\u00f3n al Inmaculado Coraz\u00f3n de Mar\u00eda como Dios quiere. Para establecer una devoci\u00f3n en la Iglesia, debe contar con la aprobaci\u00f3n can\u00f3nica y lit\u00fargica de la Iglesia. El <em>Los Primeros S\u00e1bados Comunitarios<\/em>\u00ae, con su inseparable <em>Devocionario de los Primeros S\u00e1bados Comunitarios<\/em> libro, cuenta con esta aprobaci\u00f3n. La pr\u00e1ctica privada de los Primeros S\u00e1bados no establece esta devoci\u00f3n.<\/li><li>\u00a0<span style=\"font-style: inherit; color: var( --e-global-color-text ); font-family: var( --e-global-typography-text-font-family ), Sans-serif; background-color: var( --e-global-color-04310f9 );\">Da testimonio visible de que se practica la devoci\u00f3n de los Primeros S\u00e1bados.<\/span><\/li><li><span style=\"font-size: 10pt; font-style: inherit; text-indent: -0.25in; color: var( --e-global-color-text ); font-family: Symbol;\"><span style=\"font-stretch: normal; font-size: 7pt; line-height: normal; font-family: 'Times New Roman'; font-size-adjust: none; font-kerning: auto; font-variant-alternates: normal; font-variant-ligatures: normal; font-variant-numeric: normal; font-variant-east-asian: normal; font-variant-position: normal; font-feature-settings: normal; font-optical-sizing: auto; font-variation-settings: normal;\">\u00a0<\/span><\/span><span style=\"font-style: inherit; text-indent: -0.25in; font-family: var( --e-global-typography-text-font-family ), Sans-serif; color: #222222;\">Es necesario hacer posible que la gente sepa, cuando lleguen los tiempos, que Nuestra Se\u00f1ora, a trav\u00e9s de los Primeros S\u00e1bados, trajo la paz al mundo. Si no fuera p\u00fablico y comunitario, a Nuestra Se\u00f1ora no se le reconocer\u00eda el m\u00e9rito del triunfo. Esto ser\u00eda una injusticia contra su Coraz\u00f3n, un obst\u00e1culo para la paz.\u00a0<\/span><\/li><li><span style=\"font-style: inherit; color: var( --e-global-color-text ); font-family: var( --e-global-typography-text-font-family ), Sans-serif; background-color: var( --e-global-color-04310f9 );\">\"Es el medio m\u00e1s eficaz para obtener las gracias divinas...\"<\/span><sup style=\"font-style: inherit; color: var( --e-global-color-text ); font-family: var( --e-global-typography-text-font-family ), Sans-serif;\">2<\/sup><\/li><li>Puede tener un mayor poder para obtener una respuesta de Dios.<\/li><li>Puede tener un mayor valor de reparaci\u00f3n.<\/li><li>Dijo la Hermana. Luc\u00eda:\u00a0<span style=\"font-size: 18px;\"><strong>\"Esta es la penitencia y la oraci\u00f3n que el Se\u00f1or pide y exige ahora: la oraci\u00f3n y la penitencia, p\u00fablicas y colectivas, junto con la abstenci\u00f3n de pecados\".<\/strong>\u00a0<\/span><sup>3<\/sup><\/li><li>La Hna. Luc\u00eda tambi\u00e9n dijo que la oraci\u00f3n p\u00fablica y comunitaria trae la paz.<sup>3<\/sup><\/li><li>Los Primeros S\u00e1bados es la cumbre de la oraci\u00f3n y penitencia del Mensaje de F\u00e1tima y deben hacerse p\u00fablica y colectivamente (comunitariamente).<\/li><\/ul><p>.\u00a0<i>Los Primeros S\u00e1bados Comunitarios\u00a0<\/i>es la primera devoci\u00f3n p\u00fablica de los Primeros S\u00e1bados can\u00f3nicamente aprobada que acompa\u00f1a a la Liturgia con un texto estandarizado en varias lenguas. Puede establecerse en cualquier parroquia. Los materiales devocionales est\u00e1n aprobados por la Iglesia.<\/p><p class=\"translation-block\">Los <em>Primeros S\u00e1bados Comunitarios<\/em> es la primera devoci\u00f3n p\u00fablica de los Primeros S\u00e1bados can\u00f3nicamente aprobada que acompa\u00f1a a la Liturgia. Para saber m\u00e1s, pulse <a href=\"https:\/\/communalfirstsaturdays.org\/es\/what-is-the-communal-first-saturdays\/\" target=\"_self\">aqu\u00ed<\/a>.<\/p><h2 style=\"font-style: normal; color: var( --e-global-color-primary ); font-family: var( --e-global-typography-primary-font-family ), Sans-serif; text-align: center;\" data-elementor-setting-key=\"title\" data-pen-placeholder=\"Type Here...\">Depende de ti.<\/h2><div>\u00a0<\/div><p style=\"text-align: center;\"><span style=\"font-style: inherit; color: var( --e-global-color-text ); font-family: var( --e-global-typography-text-font-family ), Sans-serif; background-color: var( --e-global-color-04310f9 );\">Haga clic <a href=\"https:\/\/communalfirstsaturdays.org\/es\/start\/\">aqu\u00ed<\/a> para iniciar <em>Los Primeros S\u00e1bados Comunitarios<\/em>.<\/span><\/p><p><style>\n<!-- \/* Style Definitions *\/ p.MsoNormal, li.MsoNormal, div.MsoNormal {mso-style-unhide:no; mso-style-qformat:yes; mso-style-parent:\"\"; margin:0in; mso-pagination:widow-orphan; font-size:12.0pt; font-family:\"Times New Roman\",serif; mso-fareast-font-family:\"Times New Roman\";} .MsoChpDefault {mso-style-type:export-only; mso-default-props:yes; font-family:\"Calibri\",sans-serif; mso-ascii-font-family:Calibri; mso-ascii-theme-font:minor-latin; mso-fareast-font-family:Calibri; mso-fareast-theme-font:minor-latin; mso-hansi-font-family:Calibri; mso-hansi-theme-font:minor-latin; mso-bidi-font-family:\"Times New Roman\"; mso-bidi-theme-font:minor-bidi; mso-font-kerning:0pt; mso-ligatures:none;} @page WordSection1 {size:8.5in 11.0in; margin:1.0in 1.0in 1.0in 1.0in; mso-header-margin:.5in; mso-footer-margin:.5in; mso-paper-source:0;} div.WordSection1 {page:WordSection1;} \/* List Definitions *\/ @list l0 {mso-list-id:745687867; mso-list-template-ids:-1243846558;} @list l0:level1 {mso-level-number-format:bullet; mso-level-text:\uf0b7; mso-level-tab-stop:.5in; mso-level-number-position:left; text-indent:-.25in; mso-ansi-font-size:10.0pt; font-family:Symbol;} @list l0:level2 {mso-level-start-at:14; mso-level-tab-stop:none; mso-level-number-position:left; text-indent:-.25in;} @list l0:level3 {mso-level-number-format:bullet; mso-level-text:\uf0b7; mso-level-tab-stop:1.5in; mso-level-number-position:left; text-indent:-.25in; mso-ansi-font-size:10.0pt; font-family:Symbol;} @list l0:level4 {mso-level-number-format:bullet; mso-level-text:\uf0b7; mso-level-tab-stop:2.0in; mso-level-number-position:left; text-indent:-.25in; mso-ansi-font-size:10.0pt; font-family:Symbol;} @list l0:level5 {mso-level-number-format:bullet; mso-level-text:\uf0b7; mso-level-tab-stop:2.5in; mso-level-number-position:left; text-indent:-.25in; mso-ansi-font-size:10.0pt; font-family:Symbol;} @list l0:level6 {mso-level-number-format:bullet; mso-level-text:\uf0b7; mso-level-tab-stop:3.0in; mso-level-number-position:left; text-indent:-.25in; mso-ansi-font-size:10.0pt; font-family:Symbol;} @list l0:level7 {mso-level-number-format:bullet; mso-level-text:\uf0b7; mso-level-tab-stop:3.5in; mso-level-number-position:left; text-indent:-.25in; mso-ansi-font-size:10.0pt; font-family:Symbol;} @list l0:level8 {mso-level-number-format:bullet; mso-level-text:\uf0b7; mso-level-tab-stop:4.0in; mso-level-number-position:left; text-indent:-.25in; mso-ansi-font-size:10.0pt; font-family:Symbol;} @list l0:level9 {mso-level-number-format:bullet; mso-level-text:\uf0b7; mso-level-tab-stop:4.5in; mso-level-number-position:left; text-indent:-.25in; mso-ansi-font-size:10.0pt; font-family:Symbol;} --><br \/><\/style><\/p>\t\t\t\t\t\t\t\t<\/div>\n\t\t\t\t<\/div>\n\t\t\t\t<div class=\"elementor-element elementor-element-e0b10bf elementor-widget-divider--view-line elementor-widget elementor-widget-divider\" data-id=\"e0b10bf\" data-element_type=\"widget\" data-e-type=\"widget\" data-widget_type=\"divider.default\">\n\t\t\t\t<div class=\"elementor-widget-container\">\n\t\t\t\t\t\t\t<div class=\"elementor-divider\">\n\t\t\t<span class=\"elementor-divider-separator\">\n\t\t\t\t\t\t<\/span>\n\t\t<\/div>\n\t\t\t\t\t\t<\/div>\n\t\t\t\t<\/div>\n\t\t\t\t<section class=\"elementor-section elementor-inner-section elementor-element elementor-element-84246dc elementor-section-boxed elementor-section-height-default elementor-section-height-default\" data-id=\"84246dc\" data-element_type=\"section\" data-e-type=\"section\" data-settings=\"{&quot;jet_parallax_layout_list&quot;:[]}\">\n\t\t\t\t\t\t<div class=\"elementor-container elementor-column-gap-default\">\n\t\t\t\t\t<div class=\"elementor-column elementor-col-100 elementor-inner-column elementor-element elementor-element-3fb4bcf\" data-id=\"3fb4bcf\" data-element_type=\"column\" data-e-type=\"column\">\n\t\t\t<div class=\"elementor-widget-wrap elementor-element-populated\">\n\t\t\t\t\t\t<div class=\"elementor-element elementor-element-42fe0e0 elementor-widget elementor-widget-text-editor\" data-id=\"42fe0e0\" data-element_type=\"widget\" data-e-type=\"widget\" data-widget_type=\"text-editor.default\">\n\t\t\t\t<div class=\"elementor-widget-container\">\n\t\t\t\t\t\t\t\t\t<ol><li>cf. San Luis de Montfort.<\/li><li>cf. Papa San Juan XXXIII<\/li><li>Sor Luc\u00eda en \"Un camino bajo la mirada de Mar\u00eda\", p. 247).<\/li><\/ol>\t\t\t\t\t\t\t\t<\/div>\n\t\t\t\t<\/div>\n\t\t\t\t\t<\/div>\n\t\t<\/div>\n\t\t\t\t\t<\/div>\n\t\t<\/section>\n\t\t\t\t\t<\/div>\n\t\t<\/div>\n\t\t\t\t\t<\/div>\n\t\t<\/section>\n\t\t\t\t<\/div>","protected":false},"excerpt":{"rendered":"<p>Public and communal prayer: Is powerful. As an analogy, a bundle of sticks is harder to break than one stick.1 Is necessary to establish devotion to the Immaculate Heart of Mary as God wants. To establish a devotion in the Church, it must have canonical and liturgical Church approval. The Communal First Saturdays\u00ae, with its [&hellip;]<\/p>\n","protected":false},"author":3,"featured_media":0,"parent":0,"menu_order":0,"comment_status":"closed","ping_status":"closed","template":"","meta":{"_acf_changed":false,"om_disable_all_campaigns":false,"_monsterinsights_skip_tracking":false,"_monsterinsights_sitenote_active":false,"_monsterinsights_sitenote_note":"","_monsterinsights_sitenote_category":0,"_uf_show_specific_survey":0,"_uf_disable_surveys":false,"site-sidebar-layout":"no-sidebar","site-content-layout":"plain-container","ast-site-content-layout":"default","site-content-style":"default","site-sidebar-style":"default","ast-global-header-display":"","ast-banner-title-visibility":"","ast-main-header-display":"","ast-hfb-above-header-display":"","ast-hfb-below-header-display":"","ast-hfb-mobile-header-display":"","site-post-title":"disabled","ast-breadcrumbs-content":"","ast-featured-img":"disabled","footer-sml-layout":"","ast-disable-related-posts":"","theme-transparent-header-meta":"default","adv-header-id-meta":"","stick-header-meta":"","header-above-stick-meta":"","header-main-stick-meta":"","header-below-stick-meta":"","astra-migrate-meta-layouts":"default","ast-page-background-enabled":"default","ast-page-background-meta":{"desktop":{"background-color":"","background-image":"","background-repeat":"repeat","background-position":"center center","background-size":"auto","background-attachment":"scroll","background-type":"","background-media":"","overlay-type":"","overlay-color":"","overlay-opacity":"","overlay-gradient":""},"tablet":{"background-color":"","background-image":"","background-repeat":"repeat","background-position":"center center","background-size":"auto","background-attachment":"scroll","background-type":"","background-media":"","overlay-type":"","overlay-color":"","overlay-opacity":"","overlay-gradient":""},"mobile":{"background-color":"","background-image":"","background-repeat":"repeat","background-position":"center center","background-size":"auto","background-attachment":"scroll","background-type":"","background-media":"","overlay-type":"","overlay-color":"","overlay-opacity":"","overlay-gradient":""}},"ast-content-background-meta":{"desktop":{"background-color":"var(--ast-global-color-5)","background-image":"","background-repeat":"repeat","background-position":"center center","background-size":"auto","background-attachment":"scroll","background-type":"","background-media":"","overlay-type":"","overlay-color":"","overlay-opacity":"","overlay-gradient":""},"tablet":{"background-color":"var(--ast-global-color-5)","background-image":"","background-repeat":"repeat","background-position":"center center","background-size":"auto","background-attachment":"scroll","background-type":"","background-media":"","overlay-type":"","overlay-color":"","overlay-opacity":"","overlay-gradient":""},"mobile":{"background-color":"var(--ast-global-color-5)","background-image":"","background-repeat":"repeat","background-position":"center center","background-size":"auto","background-attachment":"scroll","background-type":"","background-media":"","overlay-type":"","overlay-color":"","overlay-opacity":"","overlay-gradient":""}},"footnotes":""},"class_list":["post-3005","page","type-page","status-publish","hentry"],"acf":[],"aioseo_notices":[],"yoast_head":"<!-- This site is optimized with the Yoast SEO plugin v27.2 - https:\/\/yoast.com\/product\/yoast-seo-wordpress\/ -->\n<title>Why is it urgent that the First Saturdays be done publicly? - The Communal First Saturdays<\/title>\n<meta name=\"robots\" content=\"index, follow, max-snippet:-1, max-image-preview:large, max-video-preview:-1\" \/>\n<link rel=\"canonical\" href=\"https:\/\/communalfirstsaturdays.org\/es\/why-is-it-urgent-that-the-first-saturdays-be-done-publicly\/\" \/>\n<meta property=\"og:locale\" content=\"es_MX\" \/>\n<meta property=\"og:type\" content=\"article\" \/>\n<meta property=\"og:title\" content=\"Why is it urgent that the First Saturdays be done publicly? - The Communal First Saturdays\" \/>\n<meta property=\"og:description\" content=\"Public and communal prayer: Is powerful. As an analogy, a bundle of sticks is harder to break than one stick.1 Is necessary to establish devotion to the Immaculate Heart of Mary as God wants. To establish a devotion in the Church, it must have canonical and liturgical Church approval. The Communal First Saturdays\u00ae, with its [&hellip;]\" \/>\n<meta property=\"og:url\" content=\"https:\/\/communalfirstsaturdays.org\/es\/why-is-it-urgent-that-the-first-saturdays-be-done-publicly\/\" \/>\n<meta property=\"og:site_name\" content=\"The Communal First Saturdays\" \/>\n<meta property=\"article:publisher\" content=\"https:\/\/www.facebook.com\/CommunalFirstSaturdays\/\" \/>\n<meta property=\"article:modified_time\" content=\"2024-11-23T03:20:10+00:00\" \/>\n<meta property=\"og:image\" content=\"https:\/\/communalfirstsaturdays.org\/wp-content\/uploads\/2023\/05\/full-sized-logo-color.jpg\" \/>\n\t<meta property=\"og:image:width\" content=\"1200\" \/>\n\t<meta property=\"og:image:height\" content=\"782\" \/>\n\t<meta property=\"og:image:type\" content=\"image\/jpeg\" \/>\n<meta name=\"twitter:card\" content=\"summary_large_image\" \/>\n<meta name=\"twitter:site\" content=\"@CFSApostolate\" \/>\n<meta name=\"twitter:label1\" content=\"Tiempo de lectura\" \/>\n\t<meta name=\"twitter:data1\" content=\"2 minutos\" \/>\n<script type=\"application\/ld+json\" class=\"yoast-schema-graph\">{\"@context\":\"https:\/\/schema.org\",\"@graph\":[{\"@type\":\"WebPage\",\"@id\":\"https:\/\/communalfirstsaturdays.org\/why-is-it-urgent-that-the-first-saturdays-be-done-publicly\/\",\"url\":\"https:\/\/communalfirstsaturdays.org\/why-is-it-urgent-that-the-first-saturdays-be-done-publicly\/\",\"name\":\"Why is it urgent that the First Saturdays be done publicly? - The Communal First Saturdays\",\"isPartOf\":{\"@id\":\"https:\/\/communalfirstsaturdays.org\/#website\"},\"datePublished\":\"2021-01-26T12:54:48+00:00\",\"dateModified\":\"2024-11-23T03:20:10+00:00\",\"breadcrumb\":{\"@id\":\"https:\/\/communalfirstsaturdays.org\/why-is-it-urgent-that-the-first-saturdays-be-done-publicly\/#breadcrumb\"},\"inLanguage\":\"es\",\"potentialAction\":[{\"@type\":\"ReadAction\",\"target\":[\"https:\/\/communalfirstsaturdays.org\/why-is-it-urgent-that-the-first-saturdays-be-done-publicly\/\"]}]},{\"@type\":\"BreadcrumbList\",\"@id\":\"https:\/\/communalfirstsaturdays.org\/why-is-it-urgent-that-the-first-saturdays-be-done-publicly\/#breadcrumb\",\"itemListElement\":[{\"@type\":\"ListItem\",\"position\":1,\"name\":\"Home\",\"item\":\"https:\/\/communalfirstsaturdays.org\/\"},{\"@type\":\"ListItem\",\"position\":2,\"name\":\"Why is it urgent that the First Saturdays be done publicly?\"}]},{\"@type\":\"WebSite\",\"@id\":\"https:\/\/communalfirstsaturdays.org\/#website\",\"url\":\"https:\/\/communalfirstsaturdays.org\/\",\"name\":\"The Communal First Saturdays\",\"description\":\"Power in Prayer Together\",\"publisher\":{\"@id\":\"https:\/\/communalfirstsaturdays.org\/#organization\"},\"potentialAction\":[{\"@type\":\"SearchAction\",\"target\":{\"@type\":\"EntryPoint\",\"urlTemplate\":\"https:\/\/communalfirstsaturdays.org\/?s={search_term_string}\"},\"query-input\":{\"@type\":\"PropertyValueSpecification\",\"valueRequired\":true,\"valueName\":\"search_term_string\"}}],\"inLanguage\":\"es\"},{\"@type\":\"Organization\",\"@id\":\"https:\/\/communalfirstsaturdays.org\/#organization\",\"name\":\"Communal First Saturdays\",\"url\":\"https:\/\/communalfirstsaturdays.org\/\",\"logo\":{\"@type\":\"ImageObject\",\"inLanguage\":\"es\",\"@id\":\"https:\/\/communalfirstsaturdays.org\/#\/schema\/logo\/image\/\",\"url\":\"https:\/\/communalfirstsaturdays.org\/wp-content\/uploads\/2019\/08\/cfs-logo-seo.png\",\"contentUrl\":\"https:\/\/communalfirstsaturdays.org\/wp-content\/uploads\/2019\/08\/cfs-logo-seo.png\",\"width\":800,\"height\":462,\"caption\":\"Communal First Saturdays\"},\"image\":{\"@id\":\"https:\/\/communalfirstsaturdays.org\/#\/schema\/logo\/image\/\"},\"sameAs\":[\"https:\/\/www.facebook.com\/CommunalFirstSaturdays\/\",\"https:\/\/x.com\/CFSApostolate\"]}]}<\/script>\n<!-- \/ Yoast SEO plugin. -->","yoast_head_json":{"title":"Why is it urgent that the First Saturdays be done publicly? - The Communal First Saturdays","robots":{"index":"index","follow":"follow","max-snippet":"max-snippet:-1","max-image-preview":"max-image-preview:large","max-video-preview":"max-video-preview:-1"},"canonical":"https:\/\/communalfirstsaturdays.org\/es\/why-is-it-urgent-that-the-first-saturdays-be-done-publicly\/","og_locale":"es_MX","og_type":"article","og_title":"Why is it urgent that the First Saturdays be done publicly? - The Communal First Saturdays","og_description":"Public and communal prayer: Is powerful. As an analogy, a bundle of sticks is harder to break than one stick.1 Is necessary to establish devotion to the Immaculate Heart of Mary as God wants. To establish a devotion in the Church, it must have canonical and liturgical Church approval. The Communal First Saturdays\u00ae, with its [&hellip;]","og_url":"https:\/\/communalfirstsaturdays.org\/es\/why-is-it-urgent-that-the-first-saturdays-be-done-publicly\/","og_site_name":"The Communal First Saturdays","article_publisher":"https:\/\/www.facebook.com\/CommunalFirstSaturdays\/","article_modified_time":"2024-11-23T03:20:10+00:00","og_image":[{"width":1200,"height":782,"url":"https:\/\/communalfirstsaturdays.org\/wp-content\/uploads\/2023\/05\/full-sized-logo-color.jpg","type":"image\/jpeg"}],"twitter_card":"summary_large_image","twitter_site":"@CFSApostolate","twitter_misc":{"Tiempo de lectura":"2 minutos"},"schema":{"@context":"https:\/\/schema.org","@graph":[{"@type":"WebPage","@id":"https:\/\/communalfirstsaturdays.org\/why-is-it-urgent-that-the-first-saturdays-be-done-publicly\/","url":"https:\/\/communalfirstsaturdays.org\/why-is-it-urgent-that-the-first-saturdays-be-done-publicly\/","name":"Why is it urgent that the First Saturdays be done publicly? - The Communal First Saturdays","isPartOf":{"@id":"https:\/\/communalfirstsaturdays.org\/#website"},"datePublished":"2021-01-26T12:54:48+00:00","dateModified":"2024-11-23T03:20:10+00:00","breadcrumb":{"@id":"https:\/\/communalfirstsaturdays.org\/why-is-it-urgent-that-the-first-saturdays-be-done-publicly\/#breadcrumb"},"inLanguage":"es","potentialAction":[{"@type":"ReadAction","target":["https:\/\/communalfirstsaturdays.org\/why-is-it-urgent-that-the-first-saturdays-be-done-publicly\/"]}]},{"@type":"BreadcrumbList","@id":"https:\/\/communalfirstsaturdays.org\/why-is-it-urgent-that-the-first-saturdays-be-done-publicly\/#breadcrumb","itemListElement":[{"@type":"ListItem","position":1,"name":"Home","item":"https:\/\/communalfirstsaturdays.org\/"},{"@type":"ListItem","position":2,"name":"Why is it urgent that the First Saturdays be done publicly?"}]},{"@type":"WebSite","@id":"https:\/\/communalfirstsaturdays.org\/#website","url":"https:\/\/communalfirstsaturdays.org\/","name":"The Communal First Saturdays","description":"El poder de rezar juntos","publisher":{"@id":"https:\/\/communalfirstsaturdays.org\/#organization"},"potentialAction":[{"@type":"SearchAction","target":{"@type":"EntryPoint","urlTemplate":"https:\/\/communalfirstsaturdays.org\/?s={search_term_string}"},"query-input":{"@type":"PropertyValueSpecification","valueRequired":true,"valueName":"search_term_string"}}],"inLanguage":"es"},{"@type":"Organization","@id":"https:\/\/communalfirstsaturdays.org\/#organization","name":"Los Primeros S\u00e1bados Comunitarios","url":"https:\/\/communalfirstsaturdays.org\/","logo":{"@type":"ImageObject","inLanguage":"es","@id":"https:\/\/communalfirstsaturdays.org\/#\/schema\/logo\/image\/","url":"https:\/\/communalfirstsaturdays.org\/wp-content\/uploads\/2019\/08\/cfs-logo-seo.png","contentUrl":"https:\/\/communalfirstsaturdays.org\/wp-content\/uploads\/2019\/08\/cfs-logo-seo.png","width":800,"height":462,"caption":"Communal First Saturdays"},"image":{"@id":"https:\/\/communalfirstsaturdays.org\/#\/schema\/logo\/image\/"},"sameAs":["https:\/\/www.facebook.com\/CommunalFirstSaturdays\/","https:\/\/x.com\/CFSApostolate"]}]}},"_links":{"self":[{"href":"https:\/\/communalfirstsaturdays.org\/es\/wp-json\/wp\/v2\/pages\/3005","targetHints":{"allow":["GET"]}}],"collection":[{"href":"https:\/\/communalfirstsaturdays.org\/es\/wp-json\/wp\/v2\/pages"}],"about":[{"href":"https:\/\/communalfirstsaturdays.org\/es\/wp-json\/wp\/v2\/types\/page"}],"author":[{"embeddable":true,"href":"https:\/\/communalfirstsaturdays.org\/es\/wp-json\/wp\/v2\/users\/3"}],"replies":[{"embeddable":true,"href":"https:\/\/communalfirstsaturdays.org\/es\/wp-json\/wp\/v2\/comments?post=3005"}],"version-history":[{"count":33,"href":"https:\/\/communalfirstsaturdays.org\/es\/wp-json\/wp\/v2\/pages\/3005\/revisions"}],"predecessor-version":[{"id":18262,"href":"https:\/\/communalfirstsaturdays.org\/es\/wp-json\/wp\/v2\/pages\/3005\/revisions\/18262"}],"wp:attachment":[{"href":"https:\/\/communalfirstsaturdays.org\/es\/wp-json\/wp\/v2\/media?parent=3005"}],"curies":[{"name":"wp","href":"https:\/\/api.w.org\/{rel}","templated":true}]}}