{"id":3021,"date":"2021-01-28T22:05:44","date_gmt":"2021-01-28T22:05:44","guid":{"rendered":"https:\/\/45d855c02b.nxcli.net\/?page_id=3021"},"modified":"2024-07-17T04:25:28","modified_gmt":"2024-07-17T04:25:28","slug":"what-things-can-we-do-to-spread-the-first-saturdays","status":"publish","type":"page","link":"https:\/\/communalfirstsaturdays.org\/es\/what-things-can-we-do-to-spread-the-first-saturdays\/","title":{"rendered":"\u00bfQu\u00e9 cosas podemos hacer para difundir los Primeros S\u00e1bados?"},"content":{"rendered":"<div data-elementor-type=\"wp-page\" data-elementor-id=\"3021\" class=\"elementor elementor-3021\" data-elementor-post-type=\"page\">\n\t\t\t\t<div class=\"elementor-element elementor-element-51b3bedf e-flex e-con-boxed e-con e-parent\" data-id=\"51b3bedf\" data-element_type=\"container\" data-e-type=\"container\" data-settings=\"{&quot;jet_parallax_layout_list&quot;:[]}\">\n\t\t\t\t\t<div class=\"e-con-inner\">\n\t\t\t\t<div class=\"elementor-element elementor-element-5e4687a elementor-widget elementor-widget-text-editor\" data-id=\"5e4687a\" data-element_type=\"widget\" data-e-type=\"widget\" data-widget_type=\"text-editor.default\">\n\t\t\t\t<div class=\"elementor-widget-container\">\n\t\t\t\t\t\t\t\t\t<ul><li><b>Rezar<\/b> por la difusi\u00f3n de la\u00a0<i>Primeros S\u00e1bados\u00a0<\/i>y particularmente\u00a0<i>Los Primeros S\u00e1bados Comunitarios <\/i><i>S\u00e1bados (CFS). <\/i>Considere decir estas <a href=\"https:\/\/communalfirstsaturdays.org\/es\/prayers-for-spread\/\">oraciones<\/a> diariamente o con la mayor frecuencia posible. <i><\/i>Considere la posibilidad de convertirse en\u00a0<a href=\"https:\/\/communalfirstsaturdays.org\/es\/membership\/#prayer-member\">un Miembro Orante<\/a>.<\/li><li><b>Leer<\/b> m\u00e1s sobre los Primeros S\u00e1bados y los Primeros S\u00e1bados Comunitarios (PCS) para que pueda entender y explicar adecuadamente a los dem\u00e1s.<ul><li>Folletos disponibles <a href=\"https:\/\/communalfirstsaturdays.org\/es\/free-pamphlet-download\/\">aqu\u00ed<\/a><span style=\"font-size: 16px;\">.<\/span><\/li><li>Libros disponibles <a href=\"https:\/\/communalfirstsaturdays.org\/es\/store\/\">aqu\u00ed<\/a>.<\/li><li>Registrarse a un grupo de estudio <a href=\"https:\/\/studygroups.communalfirstsaturdays.org\/courses\/studygroups\">aqu\u00ed<\/a>.<\/li><\/ul><\/li><li><b>Informar<\/b> a otros sobre los Primeros S\u00e1bados y c\u00f3mo pueden cumplirlos. Por favor, si\u00e9ntase libre de compartir los recursos gratuitos disponibles aqu\u00ed: <a href=\"https:\/\/communalfirstsaturdays.org\/es\/free-pamphlet-download\/\">folletos<\/a>, <a href=\"https:\/\/communalfirstsaturdays.org\/es\/prayer-card\/\">tarjetas de oraci\u00f3n<\/a>, v\u00eddeos.  (Para ver los v\u00eddeos, dir\u00edjase al men\u00fa principal del sitio web, seleccione Medios, luego V\u00eddeos y por \u00faltimo el v\u00eddeo que desea ver).<\/li><li>Para ayudar a salvar m\u00e1s almas y traer la paz al mundo, <b>inicie <\/b>-\u00a0<i>Los Primeros S\u00e1bados Comunitarios <\/i><i>S\u00e1bados (CFS)<\/i>.<\/li><li><b>Para iniciar Los <\/b><strong>PSC <\/strong><b>en la parroquia, haga clic<\/b> <a href=\"https:\/\/communalfirstsaturdays.org\/es\/start-devotion\/\">aqu\u00ed<\/a><b>.<br \/><\/b><i style=\"font-weight: inherit;\">De ser <\/i><i style=\"font-weight: inherit;\">posible, busque hacer los PSC; esta es la mejor manera porque ser\u00eda tanto p\u00fablico como colectivo (comunitario)<\/i><i style=\"font-weight: inherit;\">).<\/i><\/li><li>Si no puede iniciar un PSC en la parroquia, considere formar un grupo comunitario privado dando clic <a href=\"https:\/\/communalfirstsaturdays.org\/es\/how-to-form-a-private-cfs-group\/\">aqu\u00ed<\/a>.<\/li><\/ul>\t\t\t\t\t\t\t\t<\/div>\n\t\t\t\t<\/div>\n\t\t\t\t\t<\/div>\n\t\t\t\t<\/div>\n\t\t\t\t<\/div>","protected":false},"excerpt":{"rendered":"<p>Pray for the spread of the\u00a0First Saturdays\u00a0and in particular the\u00a0Communal First Saturdays (CFS). Consider saying these prayers daily or as often as possible. Consider becoming a\u00a0Prayer Member. Read more about the First Saturdays and the Communal First Saturdays (CFS) so that you can understand and properly explain to others. Pamphlets: available here. Books: available here. [&hellip;]<\/p>\n","protected":false},"author":3,"featured_media":0,"parent":0,"menu_order":0,"comment_status":"closed","ping_status":"closed","template":"","meta":{"_acf_changed":false,"om_disable_all_campaigns":false,"_monsterinsights_skip_tracking":false,"_monsterinsights_sitenote_active":false,"_monsterinsights_sitenote_note":"","_monsterinsights_sitenote_category":0,"_uf_show_specific_survey":0,"_uf_disable_surveys":false,"site-sidebar-layout":"default","site-content-layout":"default","ast-site-content-layout":"default","site-content-style":"default","site-sidebar-style":"default","ast-global-header-display":"","ast-banner-title-visibility":"","ast-main-header-display":"","ast-hfb-above-header-display":"","ast-hfb-below-header-display":"","ast-hfb-mobile-header-display":"","site-post-title":"","ast-breadcrumbs-content":"","ast-featured-img":"","footer-sml-layout":"","ast-disable-related-posts":"","theme-transparent-header-meta":"default","adv-header-id-meta":"","stick-header-meta":"","header-above-stick-meta":"","header-main-stick-meta":"","header-below-stick-meta":"","astra-migrate-meta-layouts":"default","ast-page-background-enabled":"default","ast-page-background-meta":{"desktop":{"background-color":"","background-image":"","background-repeat":"repeat","background-position":"center center","background-size":"auto","background-attachment":"scroll","background-type":"","background-media":"","overlay-type":"","overlay-color":"","overlay-opacity":"","overlay-gradient":""},"tablet":{"background-color":"","background-image":"","background-repeat":"repeat","background-position":"center center","background-size":"auto","background-attachment":"scroll","background-type":"","background-media":"","overlay-type":"","overlay-color":"","overlay-opacity":"","overlay-gradient":""},"mobile":{"background-color":"","background-image":"","background-repeat":"repeat","background-position":"center center","background-size":"auto","background-attachment":"scroll","background-type":"","background-media":"","overlay-type":"","overlay-color":"","overlay-opacity":"","overlay-gradient":""}},"ast-content-background-meta":{"desktop":{"background-color":"var(--ast-global-color-5)","background-image":"","background-repeat":"repeat","background-position":"center center","background-size":"auto","background-attachment":"scroll","background-type":"","background-media":"","overlay-type":"","overlay-color":"","overlay-opacity":"","overlay-gradient":""},"tablet":{"background-color":"var(--ast-global-color-5)","background-image":"","background-repeat":"repeat","background-position":"center center","background-size":"auto","background-attachment":"scroll","background-type":"","background-media":"","overlay-type":"","overlay-color":"","overlay-opacity":"","overlay-gradient":""},"mobile":{"background-color":"var(--ast-global-color-5)","background-image":"","background-repeat":"repeat","background-position":"center center","background-size":"auto","background-attachment":"scroll","background-type":"","background-media":"","overlay-type":"","overlay-color":"","overlay-opacity":"","overlay-gradient":""}},"footnotes":""},"class_list":["post-3021","page","type-page","status-publish","hentry"],"acf":[],"aioseo_notices":[],"yoast_head":"<!-- This site is optimized with the Yoast SEO plugin v27.2 - https:\/\/yoast.com\/product\/yoast-seo-wordpress\/ -->\n<title>What things can we do to spread the First Saturdays? - The Communal First Saturdays<\/title>\n<meta name=\"robots\" content=\"index, follow, max-snippet:-1, max-image-preview:large, max-video-preview:-1\" \/>\n<link rel=\"canonical\" href=\"https:\/\/communalfirstsaturdays.org\/es\/what-things-can-we-do-to-spread-the-first-saturdays\/\" \/>\n<meta property=\"og:locale\" content=\"es_MX\" \/>\n<meta property=\"og:type\" content=\"article\" \/>\n<meta property=\"og:title\" content=\"What things can we do to spread the First Saturdays? - The Communal First Saturdays\" \/>\n<meta property=\"og:description\" content=\"Pray for the spread of the\u00a0First Saturdays\u00a0and in particular the\u00a0Communal First Saturdays (CFS). Consider saying these prayers daily or as often as possible. Consider becoming a\u00a0Prayer Member. Read more about the First Saturdays and the Communal First Saturdays (CFS) so that you can understand and properly explain to others. Pamphlets: available here. Books: available here. [&hellip;]\" \/>\n<meta property=\"og:url\" content=\"https:\/\/communalfirstsaturdays.org\/es\/what-things-can-we-do-to-spread-the-first-saturdays\/\" \/>\n<meta property=\"og:site_name\" content=\"The Communal First Saturdays\" \/>\n<meta property=\"article:publisher\" content=\"https:\/\/www.facebook.com\/CommunalFirstSaturdays\/\" \/>\n<meta property=\"article:modified_time\" content=\"2024-07-17T04:25:28+00:00\" \/>\n<meta property=\"og:image\" content=\"https:\/\/communalfirstsaturdays.org\/wp-content\/uploads\/2023\/05\/full-sized-logo-color.jpg\" \/>\n\t<meta property=\"og:image:width\" content=\"1200\" \/>\n\t<meta property=\"og:image:height\" content=\"782\" \/>\n\t<meta property=\"og:image:type\" content=\"image\/jpeg\" \/>\n<meta name=\"twitter:card\" content=\"summary_large_image\" \/>\n<meta name=\"twitter:site\" content=\"@CFSApostolate\" \/>\n<meta name=\"twitter:label1\" content=\"Tiempo de lectura\" \/>\n\t<meta name=\"twitter:data1\" content=\"1 minuto\" \/>\n<script type=\"application\/ld+json\" class=\"yoast-schema-graph\">{\"@context\":\"https:\/\/schema.org\",\"@graph\":[{\"@type\":\"WebPage\",\"@id\":\"https:\/\/communalfirstsaturdays.org\/what-things-can-we-do-to-spread-the-first-saturdays\/\",\"url\":\"https:\/\/communalfirstsaturdays.org\/what-things-can-we-do-to-spread-the-first-saturdays\/\",\"name\":\"What things can we do to spread the First Saturdays? - The Communal First Saturdays\",\"isPartOf\":{\"@id\":\"https:\/\/communalfirstsaturdays.org\/#website\"},\"datePublished\":\"2021-01-28T22:05:44+00:00\",\"dateModified\":\"2024-07-17T04:25:28+00:00\",\"breadcrumb\":{\"@id\":\"https:\/\/communalfirstsaturdays.org\/what-things-can-we-do-to-spread-the-first-saturdays\/#breadcrumb\"},\"inLanguage\":\"es\",\"potentialAction\":[{\"@type\":\"ReadAction\",\"target\":[\"https:\/\/communalfirstsaturdays.org\/what-things-can-we-do-to-spread-the-first-saturdays\/\"]}]},{\"@type\":\"BreadcrumbList\",\"@id\":\"https:\/\/communalfirstsaturdays.org\/what-things-can-we-do-to-spread-the-first-saturdays\/#breadcrumb\",\"itemListElement\":[{\"@type\":\"ListItem\",\"position\":1,\"name\":\"Home\",\"item\":\"https:\/\/communalfirstsaturdays.org\/\"},{\"@type\":\"ListItem\",\"position\":2,\"name\":\"What things can we do to spread the First Saturdays?\"}]},{\"@type\":\"WebSite\",\"@id\":\"https:\/\/communalfirstsaturdays.org\/#website\",\"url\":\"https:\/\/communalfirstsaturdays.org\/\",\"name\":\"The Communal First Saturdays\",\"description\":\"Power in Prayer Together\",\"publisher\":{\"@id\":\"https:\/\/communalfirstsaturdays.org\/#organization\"},\"potentialAction\":[{\"@type\":\"SearchAction\",\"target\":{\"@type\":\"EntryPoint\",\"urlTemplate\":\"https:\/\/communalfirstsaturdays.org\/?s={search_term_string}\"},\"query-input\":{\"@type\":\"PropertyValueSpecification\",\"valueRequired\":true,\"valueName\":\"search_term_string\"}}],\"inLanguage\":\"es\"},{\"@type\":\"Organization\",\"@id\":\"https:\/\/communalfirstsaturdays.org\/#organization\",\"name\":\"Communal First Saturdays\",\"url\":\"https:\/\/communalfirstsaturdays.org\/\",\"logo\":{\"@type\":\"ImageObject\",\"inLanguage\":\"es\",\"@id\":\"https:\/\/communalfirstsaturdays.org\/#\/schema\/logo\/image\/\",\"url\":\"https:\/\/communalfirstsaturdays.org\/wp-content\/uploads\/2019\/08\/cfs-logo-seo.png\",\"contentUrl\":\"https:\/\/communalfirstsaturdays.org\/wp-content\/uploads\/2019\/08\/cfs-logo-seo.png\",\"width\":800,\"height\":462,\"caption\":\"Communal First Saturdays\"},\"image\":{\"@id\":\"https:\/\/communalfirstsaturdays.org\/#\/schema\/logo\/image\/\"},\"sameAs\":[\"https:\/\/www.facebook.com\/CommunalFirstSaturdays\/\",\"https:\/\/x.com\/CFSApostolate\"]}]}<\/script>\n<!-- \/ Yoast SEO plugin. -->","yoast_head_json":{"title":"What things can we do to spread the First Saturdays? - The Communal First Saturdays","robots":{"index":"index","follow":"follow","max-snippet":"max-snippet:-1","max-image-preview":"max-image-preview:large","max-video-preview":"max-video-preview:-1"},"canonical":"https:\/\/communalfirstsaturdays.org\/es\/what-things-can-we-do-to-spread-the-first-saturdays\/","og_locale":"es_MX","og_type":"article","og_title":"What things can we do to spread the First Saturdays? - The Communal First Saturdays","og_description":"Pray for the spread of the\u00a0First Saturdays\u00a0and in particular the\u00a0Communal First Saturdays (CFS). Consider saying these prayers daily or as often as possible. Consider becoming a\u00a0Prayer Member. Read more about the First Saturdays and the Communal First Saturdays (CFS) so that you can understand and properly explain to others. Pamphlets: available here. Books: available here. [&hellip;]","og_url":"https:\/\/communalfirstsaturdays.org\/es\/what-things-can-we-do-to-spread-the-first-saturdays\/","og_site_name":"The Communal First Saturdays","article_publisher":"https:\/\/www.facebook.com\/CommunalFirstSaturdays\/","article_modified_time":"2024-07-17T04:25:28+00:00","og_image":[{"width":1200,"height":782,"url":"https:\/\/communalfirstsaturdays.org\/wp-content\/uploads\/2023\/05\/full-sized-logo-color.jpg","type":"image\/jpeg"}],"twitter_card":"summary_large_image","twitter_site":"@CFSApostolate","twitter_misc":{"Tiempo de lectura":"1 minuto"},"schema":{"@context":"https:\/\/schema.org","@graph":[{"@type":"WebPage","@id":"https:\/\/communalfirstsaturdays.org\/what-things-can-we-do-to-spread-the-first-saturdays\/","url":"https:\/\/communalfirstsaturdays.org\/what-things-can-we-do-to-spread-the-first-saturdays\/","name":"What things can we do to spread the First Saturdays? - The Communal First Saturdays","isPartOf":{"@id":"https:\/\/communalfirstsaturdays.org\/#website"},"datePublished":"2021-01-28T22:05:44+00:00","dateModified":"2024-07-17T04:25:28+00:00","breadcrumb":{"@id":"https:\/\/communalfirstsaturdays.org\/what-things-can-we-do-to-spread-the-first-saturdays\/#breadcrumb"},"inLanguage":"es","potentialAction":[{"@type":"ReadAction","target":["https:\/\/communalfirstsaturdays.org\/what-things-can-we-do-to-spread-the-first-saturdays\/"]}]},{"@type":"BreadcrumbList","@id":"https:\/\/communalfirstsaturdays.org\/what-things-can-we-do-to-spread-the-first-saturdays\/#breadcrumb","itemListElement":[{"@type":"ListItem","position":1,"name":"Home","item":"https:\/\/communalfirstsaturdays.org\/"},{"@type":"ListItem","position":2,"name":"What things can we do to spread the First Saturdays?"}]},{"@type":"WebSite","@id":"https:\/\/communalfirstsaturdays.org\/#website","url":"https:\/\/communalfirstsaturdays.org\/","name":"The Communal First Saturdays","description":"El poder de rezar juntos","publisher":{"@id":"https:\/\/communalfirstsaturdays.org\/#organization"},"potentialAction":[{"@type":"SearchAction","target":{"@type":"EntryPoint","urlTemplate":"https:\/\/communalfirstsaturdays.org\/?s={search_term_string}"},"query-input":{"@type":"PropertyValueSpecification","valueRequired":true,"valueName":"search_term_string"}}],"inLanguage":"es"},{"@type":"Organization","@id":"https:\/\/communalfirstsaturdays.org\/#organization","name":"Los Primeros S\u00e1bados Comunitarios","url":"https:\/\/communalfirstsaturdays.org\/","logo":{"@type":"ImageObject","inLanguage":"es","@id":"https:\/\/communalfirstsaturdays.org\/#\/schema\/logo\/image\/","url":"https:\/\/communalfirstsaturdays.org\/wp-content\/uploads\/2019\/08\/cfs-logo-seo.png","contentUrl":"https:\/\/communalfirstsaturdays.org\/wp-content\/uploads\/2019\/08\/cfs-logo-seo.png","width":800,"height":462,"caption":"Communal First Saturdays"},"image":{"@id":"https:\/\/communalfirstsaturdays.org\/#\/schema\/logo\/image\/"},"sameAs":["https:\/\/www.facebook.com\/CommunalFirstSaturdays\/","https:\/\/x.com\/CFSApostolate"]}]}},"_links":{"self":[{"href":"https:\/\/communalfirstsaturdays.org\/es\/wp-json\/wp\/v2\/pages\/3021","targetHints":{"allow":["GET"]}}],"collection":[{"href":"https:\/\/communalfirstsaturdays.org\/es\/wp-json\/wp\/v2\/pages"}],"about":[{"href":"https:\/\/communalfirstsaturdays.org\/es\/wp-json\/wp\/v2\/types\/page"}],"author":[{"embeddable":true,"href":"https:\/\/communalfirstsaturdays.org\/es\/wp-json\/wp\/v2\/users\/3"}],"replies":[{"embeddable":true,"href":"https:\/\/communalfirstsaturdays.org\/es\/wp-json\/wp\/v2\/comments?post=3021"}],"version-history":[{"count":12,"href":"https:\/\/communalfirstsaturdays.org\/es\/wp-json\/wp\/v2\/pages\/3021\/revisions"}],"predecessor-version":[{"id":16589,"href":"https:\/\/communalfirstsaturdays.org\/es\/wp-json\/wp\/v2\/pages\/3021\/revisions\/16589"}],"wp:attachment":[{"href":"https:\/\/communalfirstsaturdays.org\/es\/wp-json\/wp\/v2\/media?parent=3021"}],"curies":[{"name":"wp","href":"https:\/\/api.w.org\/{rel}","templated":true}]}}