{"id":3046,"date":"2021-01-27T17:13:26","date_gmt":"2021-01-27T17:13:26","guid":{"rendered":"https:\/\/45d855c02b.nxcli.net\/?page_id=3046"},"modified":"2024-02-07T15:51:42","modified_gmt":"2024-02-07T15:51:42","slug":"how-to-form-a-private-cfs-group","status":"publish","type":"page","link":"https:\/\/communalfirstsaturdays.org\/es\/how-to-form-a-private-cfs-group\/","title":{"rendered":"C\u00f3mo formar un Grupo Comunitario Privado"},"content":{"rendered":"<div data-elementor-type=\"wp-page\" data-elementor-id=\"3046\" class=\"elementor elementor-3046\" data-elementor-post-type=\"page\">\n\t\t\t\t\t\t<section class=\"elementor-section elementor-top-section elementor-element elementor-element-bc03371 elementor-hidden-phone elementor-section-boxed elementor-section-height-default elementor-section-height-default\" data-id=\"bc03371\" data-element_type=\"section\" data-e-type=\"section\" data-settings=\"{&quot;jet_parallax_layout_list&quot;:[]}\">\n\t\t\t\t\t\t<div class=\"elementor-container elementor-column-gap-default\">\n\t\t\t\t\t<div class=\"elementor-column elementor-col-100 elementor-top-column elementor-element elementor-element-5c628bd\" data-id=\"5c628bd\" data-element_type=\"column\" data-e-type=\"column\">\n\t\t\t<div class=\"elementor-widget-wrap elementor-element-populated\">\n\t\t\t\t\t\t<div class=\"elementor-element elementor-element-48281c9 elementor-widget elementor-widget-image\" data-id=\"48281c9\" data-element_type=\"widget\" data-e-type=\"widget\" data-widget_type=\"image.default\">\n\t\t\t\t<div class=\"elementor-widget-container\">\n\t\t\t\t\t\t\t\t\t\t\t\t\t\t\t<img fetchpriority=\"high\" decoding=\"async\" width=\"984\" height=\"446\" src=\"https:\/\/communalfirstsaturdays.org\/wp-content\/uploads\/2021\/07\/Grupo-Comunitario-Privado.png\" class=\"attachment-full size-full wp-image-4328\" alt=\"Individual First Saturdays reparation\" srcset=\"https:\/\/communalfirstsaturdays.org\/wp-content\/uploads\/2021\/07\/Grupo-Comunitario-Privado.png 1981w, https:\/\/communalfirstsaturdays.org\/wp-content\/uploads\/2021\/07\/Grupo-Comunitario-Privado-300x164.png 300w, https:\/\/communalfirstsaturdays.org\/wp-content\/uploads\/2021\/07\/Grupo-Comunitario-Privado-1024x559.png 1024w, https:\/\/communalfirstsaturdays.org\/wp-content\/uploads\/2021\/07\/Grupo-Comunitario-Privado-768x419.png 768w, https:\/\/communalfirstsaturdays.org\/wp-content\/uploads\/2021\/07\/Grupo-Comunitario-Privado-1536x838.png 1536w, https:\/\/communalfirstsaturdays.org\/wp-content\/uploads\/2021\/07\/Grupo-Comunitario-Privado-16x9.png 16w\" sizes=\"(max-width: 984px) 100vw, 984px\" \/>\t\t\t\t\t\t\t\t\t\t\t\t\t\t\t<\/div>\n\t\t\t\t<\/div>\n\t\t\t\t\t<\/div>\n\t\t<\/div>\n\t\t\t\t\t<\/div>\n\t\t<\/section>\n\t\t\t\t<section class=\"elementor-section elementor-top-section elementor-element elementor-element-037e4b0 elementor-hidden-desktop elementor-hidden-tablet elementor-section-boxed elementor-section-height-default elementor-section-height-default\" data-id=\"037e4b0\" data-element_type=\"section\" data-e-type=\"section\" data-settings=\"{&quot;jet_parallax_layout_list&quot;:[]}\">\n\t\t\t\t\t\t<div class=\"elementor-container elementor-column-gap-default\">\n\t\t\t\t\t<div class=\"elementor-column elementor-col-100 elementor-top-column elementor-element elementor-element-010e93b\" data-id=\"010e93b\" data-element_type=\"column\" data-e-type=\"column\">\n\t\t\t<div class=\"elementor-widget-wrap elementor-element-populated\">\n\t\t\t\t\t\t<div class=\"elementor-element elementor-element-cff20d2 elementor-widget elementor-widget-image\" data-id=\"cff20d2\" data-element_type=\"widget\" data-e-type=\"widget\" data-widget_type=\"image.default\">\n\t\t\t\t<div class=\"elementor-widget-container\">\n\t\t\t\t\t\t\t\t\t\t\t\t\t\t\t<img decoding=\"async\" width=\"274\" height=\"1262\" src=\"https:\/\/communalfirstsaturdays.org\/wp-content\/uploads\/2021\/08\/Privado-PSC-Vertical-1.png\" class=\"attachment-full size-full wp-image-4329\" alt=\"Individual First Saturdays reparation 2\" srcset=\"https:\/\/communalfirstsaturdays.org\/wp-content\/uploads\/2021\/08\/Privado-PSC-Vertical-1.png 297w, https:\/\/communalfirstsaturdays.org\/wp-content\/uploads\/2021\/08\/Privado-PSC-Vertical-1-81x300.png 81w, https:\/\/communalfirstsaturdays.org\/wp-content\/uploads\/2021\/08\/Privado-PSC-Vertical-1-3x12.png 3w\" sizes=\"(max-width: 274px) 100vw, 274px\" \/>\t\t\t\t\t\t\t\t\t\t\t\t\t\t\t<\/div>\n\t\t\t\t<\/div>\n\t\t\t\t\t<\/div>\n\t\t<\/div>\n\t\t\t\t\t<\/div>\n\t\t<\/section>\n\t\t\t\t<section class=\"elementor-section elementor-top-section elementor-element elementor-element-dfdaf7c elementor-section-boxed elementor-section-height-default elementor-section-height-default\" data-id=\"dfdaf7c\" data-element_type=\"section\" data-e-type=\"section\" data-settings=\"{&quot;jet_parallax_layout_list&quot;:[]}\">\n\t\t\t\t\t\t<div class=\"elementor-container elementor-column-gap-default\">\n\t\t\t\t\t<div class=\"elementor-column elementor-col-100 elementor-top-column elementor-element elementor-element-53a3b5a\" data-id=\"53a3b5a\" data-element_type=\"column\" data-e-type=\"column\">\n\t\t\t<div class=\"elementor-widget-wrap elementor-element-populated\">\n\t\t\t\t\t\t<div class=\"elementor-element elementor-element-32496a1 elementor-widget elementor-widget-spacer\" data-id=\"32496a1\" data-element_type=\"widget\" data-e-type=\"widget\" data-widget_type=\"spacer.default\">\n\t\t\t\t<div class=\"elementor-widget-container\">\n\t\t\t\t\t\t\t<div class=\"elementor-spacer\">\n\t\t\t<div class=\"elementor-spacer-inner\"><\/div>\n\t\t<\/div>\n\t\t\t\t\t\t<\/div>\n\t\t\t\t<\/div>\n\t\t\t\t<div class=\"elementor-element elementor-element-f9ff72d elementor-widget elementor-widget-text-editor\" data-id=\"f9ff72d\" data-element_type=\"widget\" data-e-type=\"widget\" data-widget_type=\"text-editor.default\">\n\t\t\t\t<div class=\"elementor-widget-container\">\n\t\t\t\t\t\t\t\t\t<p><b>C\u00f3mo formar un Grupo Comunitario Privado<\/b><\/p>\n<ol>\n<li><strong>Encuentre al menos una o m\u00e1s personas<\/strong> que quieran cumplir los Primeros S\u00e1bados en un grupo comunitario privado. Es recomendable que todos lean los siguientes folletos:<em> Los Primeros S\u00e1bados Comunitarios<\/em> y <em>El Orden del Los PSC<\/em> disponibles&nbsp;<a href=\"https:\/\/communalfirstsaturdays.org\/es\/free-pamphlet-download\/\" target=\"_blank\" rel=\"noopener\">aqu\u00ed<\/a>:<\/li>\n<li><strong>Obtenga el Devocionario de Los PSC<\/strong><span>&nbsp;(3 formas) <\/span><strong>y reg\u00edstrese<\/strong><span>:<\/span>\n<ul>\n<li><strong>Obtenga un libro para cada participante<\/strong>: El Devocionario de Los PSC est\u00e1 disponible en nuestra <a href=\"https:\/\/communalfirstsaturdays.org\/es\/shop\/the-communal-first-saturdays-devotional-book\/\">tienda<\/a>&nbsp;y en&nbsp;<a href=\"https:\/\/www.amazon.com\/Communal-First-Saturdays-Devotional\/dp\/1951233026\/ref=pd_rhf_se_p_img_2?_encoding=UTF8&amp;psc=1&amp;refRID=V114T8QVBHTMNQ4XVYQX\" target=\"_blank\" rel=\"noopener\">Amazon<\/a>. El libro tambi\u00e9n est\u00e1 disponible en <a href=\"https:\/\/www.amazon.com\/Communal-First-Saturdays-Devotional-ebook\/dp\/B08X6XZC97\/ref=tmm_kin_swatch_0?_encoding=UTF8&amp;qid=&amp;sr=\">eBook<\/a> y por <a href=\"https:\/\/communalfirstsaturdays.org\/es\/app-for-the-communal-first-saturdays\/\">app<\/a>.<\/li>\n<li><strong>Registre<\/strong><span>&nbsp;<\/span><span>a su grupo para unir todas tus oraciones a las oraciones de otros miembros del Apostolado de Los Primeros S\u00e1bados Comunitarios (APSC), para aumentar la reparaci\u00f3n ofrecida. Para registrarse, haga clic<\/span><span>&nbsp;<\/span><span><a href=\"https:\/\/communalfirstsaturdays.org\/es\/membership-join\/membership-registration\/\" target=\"_blank\" rel=\"noopener\">aqu\u00ed<\/a>.<\/span><\/li>\n<\/ul>\n<\/li>\n<li><strong>Re\u00fananse para hacer los Primeros S\u00e1bados<\/strong>&nbsp;<strong>antes y despu\u00e9s de la Misa en silencio.<\/strong> (Si la parroquia no permite a los fieles quedarse en el templo despu\u00e9s de la misa, una opci\u00f3n ser\u00eda conectarse en videollamada o por tel\u00e9fono y utilizar el libro\/app como gu\u00eda antes y despu\u00e9s de la Santa Misa.<\/li>\n<\/ol>\n<p>(Para ayudar a todos a entender los Primeros S\u00e1bados, se recomienda la lectura del libro &nbsp;<em>F\u00e1tima y los Primeros S\u00e1bados.<\/em> (Disponible en versi\u00f3n impresa&nbsp;<a href=\"https:\/\/communalfirstsaturdays.org\/es\/shop\/fatima-and-the-first-saturdays-book\/\">aqu\u00ed<\/a>&nbsp;o eBook&nbsp;<a href=\"https:\/\/www.amazon.com\/-\/es\/First-Saturdays-Peace-ebook\/dp\/B09JZPH831\/ref=tmm_kin_swatch_0?_encoding=UTF8&amp;qid=&amp;sr=\">aqu\u00ed<\/a>).<\/p>\t\t\t\t\t\t\t\t<\/div>\n\t\t\t\t<\/div>\n\t\t\t\t\t<\/div>\n\t\t<\/div>\n\t\t\t\t\t<\/div>\n\t\t<\/section>\n\t\t\t\t<\/div>","protected":false},"excerpt":{"rendered":"<p>How to Form a Private Communal Group Find at least 1 or more who would like to fulfill the First Saturdays with you as a private communal group. Send them the links to the following pamphlets: First Saturdays Devotion and The Order of the CFS available&nbsp;here: Get CFS Devotional Book&nbsp;(3 ways) &amp; Register: Get book [&hellip;]<\/p>\n","protected":false},"author":3,"featured_media":0,"parent":0,"menu_order":0,"comment_status":"closed","ping_status":"closed","template":"","meta":{"_acf_changed":false,"om_disable_all_campaigns":false,"_monsterinsights_skip_tracking":false,"_monsterinsights_sitenote_active":false,"_monsterinsights_sitenote_note":"","_monsterinsights_sitenote_category":0,"_uf_show_specific_survey":0,"_uf_disable_surveys":false,"site-sidebar-layout":"no-sidebar","site-content-layout":"page-builder","ast-site-content-layout":"default","site-content-style":"default","site-sidebar-style":"default","ast-global-header-display":"","ast-banner-title-visibility":"","ast-main-header-display":"","ast-hfb-above-header-display":"","ast-hfb-below-header-display":"","ast-hfb-mobile-header-display":"","site-post-title":"disabled","ast-breadcrumbs-content":"","ast-featured-img":"disabled","footer-sml-layout":"","ast-disable-related-posts":"","theme-transparent-header-meta":"default","adv-header-id-meta":"","stick-header-meta":"","header-above-stick-meta":"","header-main-stick-meta":"","header-below-stick-meta":"","astra-migrate-meta-layouts":"default","ast-page-background-enabled":"default","ast-page-background-meta":{"desktop":{"background-color":"","background-image":"","background-repeat":"repeat","background-position":"center center","background-size":"auto","background-attachment":"scroll","background-type":"","background-media":"","overlay-type":"","overlay-color":"","overlay-opacity":"","overlay-gradient":""},"tablet":{"background-color":"","background-image":"","background-repeat":"repeat","background-position":"center center","background-size":"auto","background-attachment":"scroll","background-type":"","background-media":"","overlay-type":"","overlay-color":"","overlay-opacity":"","overlay-gradient":""},"mobile":{"background-color":"","background-image":"","background-repeat":"repeat","background-position":"center center","background-size":"auto","background-attachment":"scroll","background-type":"","background-media":"","overlay-type":"","overlay-color":"","overlay-opacity":"","overlay-gradient":""}},"ast-content-background-meta":{"desktop":{"background-color":"var(--ast-global-color-5)","background-image":"","background-repeat":"repeat","background-position":"center center","background-size":"auto","background-attachment":"scroll","background-type":"","background-media":"","overlay-type":"","overlay-color":"","overlay-opacity":"","overlay-gradient":""},"tablet":{"background-color":"var(--ast-global-color-5)","background-image":"","background-repeat":"repeat","background-position":"center center","background-size":"auto","background-attachment":"scroll","background-type":"","background-media":"","overlay-type":"","overlay-color":"","overlay-opacity":"","overlay-gradient":""},"mobile":{"background-color":"var(--ast-global-color-5)","background-image":"","background-repeat":"repeat","background-position":"center center","background-size":"auto","background-attachment":"scroll","background-type":"","background-media":"","overlay-type":"","overlay-color":"","overlay-opacity":"","overlay-gradient":""}},"footnotes":""},"class_list":["post-3046","page","type-page","status-publish","hentry"],"acf":[],"aioseo_notices":[],"yoast_head":"<!-- This site is optimized with the Yoast SEO plugin v27.2 - https:\/\/yoast.com\/product\/yoast-seo-wordpress\/ -->\n<title>How to Form a Private Communal Group - The Communal First Saturdays<\/title>\n<meta name=\"robots\" content=\"index, follow, max-snippet:-1, max-image-preview:large, max-video-preview:-1\" \/>\n<link rel=\"canonical\" href=\"https:\/\/communalfirstsaturdays.org\/es\/how-to-form-a-private-cfs-group\/\" \/>\n<meta property=\"og:locale\" content=\"es_MX\" \/>\n<meta property=\"og:type\" content=\"article\" \/>\n<meta property=\"og:title\" content=\"How to Form a Private Communal Group - The Communal First Saturdays\" \/>\n<meta property=\"og:description\" content=\"How to Form a Private Communal Group Find at least 1 or more who would like to fulfill the First Saturdays with you as a private communal group. Send them the links to the following pamphlets: First Saturdays Devotion and The Order of the CFS available&nbsp;here: Get CFS Devotional Book&nbsp;(3 ways) &amp; Register: Get book [&hellip;]\" \/>\n<meta property=\"og:url\" content=\"https:\/\/communalfirstsaturdays.org\/es\/how-to-form-a-private-cfs-group\/\" \/>\n<meta property=\"og:site_name\" content=\"The Communal First Saturdays\" \/>\n<meta property=\"article:publisher\" content=\"https:\/\/www.facebook.com\/CommunalFirstSaturdays\/\" \/>\n<meta property=\"article:modified_time\" content=\"2024-02-07T15:51:42+00:00\" \/>\n<meta property=\"og:image\" content=\"https:\/\/communalfirstsaturdays.org\/wp-content\/uploads\/2021\/03\/Horizontal-desktop.png\" \/>\n<meta name=\"twitter:card\" content=\"summary_large_image\" \/>\n<meta name=\"twitter:site\" content=\"@CFSApostolate\" \/>\n<meta name=\"twitter:label1\" content=\"Tiempo de lectura\" \/>\n\t<meta name=\"twitter:data1\" content=\"2 minutos\" \/>\n<script type=\"application\/ld+json\" class=\"yoast-schema-graph\">{\"@context\":\"https:\/\/schema.org\",\"@graph\":[{\"@type\":\"WebPage\",\"@id\":\"https:\/\/communalfirstsaturdays.org\/how-to-form-a-private-cfs-group\/\",\"url\":\"https:\/\/communalfirstsaturdays.org\/how-to-form-a-private-cfs-group\/\",\"name\":\"How to Form a Private Communal Group - The Communal First Saturdays\",\"isPartOf\":{\"@id\":\"https:\/\/communalfirstsaturdays.org\/#website\"},\"primaryImageOfPage\":{\"@id\":\"https:\/\/communalfirstsaturdays.org\/how-to-form-a-private-cfs-group\/#primaryimage\"},\"image\":{\"@id\":\"https:\/\/communalfirstsaturdays.org\/how-to-form-a-private-cfs-group\/#primaryimage\"},\"thumbnailUrl\":\"https:\/\/communalfirstsaturdays.org\/wp-content\/uploads\/2021\/03\/Horizontal-desktop.png\",\"datePublished\":\"2021-01-27T17:13:26+00:00\",\"dateModified\":\"2024-02-07T15:51:42+00:00\",\"breadcrumb\":{\"@id\":\"https:\/\/communalfirstsaturdays.org\/how-to-form-a-private-cfs-group\/#breadcrumb\"},\"inLanguage\":\"es\",\"potentialAction\":[{\"@type\":\"ReadAction\",\"target\":[\"https:\/\/communalfirstsaturdays.org\/how-to-form-a-private-cfs-group\/\"]}]},{\"@type\":\"ImageObject\",\"inLanguage\":\"es\",\"@id\":\"https:\/\/communalfirstsaturdays.org\/how-to-form-a-private-cfs-group\/#primaryimage\",\"url\":\"https:\/\/communalfirstsaturdays.org\/wp-content\/uploads\/2021\/03\/Horizontal-desktop.png\",\"contentUrl\":\"https:\/\/communalfirstsaturdays.org\/wp-content\/uploads\/2021\/03\/Horizontal-desktop.png\"},{\"@type\":\"BreadcrumbList\",\"@id\":\"https:\/\/communalfirstsaturdays.org\/how-to-form-a-private-cfs-group\/#breadcrumb\",\"itemListElement\":[{\"@type\":\"ListItem\",\"position\":1,\"name\":\"Home\",\"item\":\"https:\/\/communalfirstsaturdays.org\/\"},{\"@type\":\"ListItem\",\"position\":2,\"name\":\"How to Form a Private Communal Group\"}]},{\"@type\":\"WebSite\",\"@id\":\"https:\/\/communalfirstsaturdays.org\/#website\",\"url\":\"https:\/\/communalfirstsaturdays.org\/\",\"name\":\"The Communal First Saturdays\",\"description\":\"Power in Prayer Together\",\"publisher\":{\"@id\":\"https:\/\/communalfirstsaturdays.org\/#organization\"},\"potentialAction\":[{\"@type\":\"SearchAction\",\"target\":{\"@type\":\"EntryPoint\",\"urlTemplate\":\"https:\/\/communalfirstsaturdays.org\/?s={search_term_string}\"},\"query-input\":{\"@type\":\"PropertyValueSpecification\",\"valueRequired\":true,\"valueName\":\"search_term_string\"}}],\"inLanguage\":\"es\"},{\"@type\":\"Organization\",\"@id\":\"https:\/\/communalfirstsaturdays.org\/#organization\",\"name\":\"Communal First Saturdays\",\"url\":\"https:\/\/communalfirstsaturdays.org\/\",\"logo\":{\"@type\":\"ImageObject\",\"inLanguage\":\"es\",\"@id\":\"https:\/\/communalfirstsaturdays.org\/#\/schema\/logo\/image\/\",\"url\":\"https:\/\/communalfirstsaturdays.org\/wp-content\/uploads\/2019\/08\/cfs-logo-seo.png\",\"contentUrl\":\"https:\/\/communalfirstsaturdays.org\/wp-content\/uploads\/2019\/08\/cfs-logo-seo.png\",\"width\":800,\"height\":462,\"caption\":\"Communal First Saturdays\"},\"image\":{\"@id\":\"https:\/\/communalfirstsaturdays.org\/#\/schema\/logo\/image\/\"},\"sameAs\":[\"https:\/\/www.facebook.com\/CommunalFirstSaturdays\/\",\"https:\/\/x.com\/CFSApostolate\"]}]}<\/script>\n<!-- \/ Yoast SEO plugin. -->","yoast_head_json":{"title":"How to Form a Private Communal Group - The Communal First Saturdays","robots":{"index":"index","follow":"follow","max-snippet":"max-snippet:-1","max-image-preview":"max-image-preview:large","max-video-preview":"max-video-preview:-1"},"canonical":"https:\/\/communalfirstsaturdays.org\/es\/how-to-form-a-private-cfs-group\/","og_locale":"es_MX","og_type":"article","og_title":"How to Form a Private Communal Group - The Communal First Saturdays","og_description":"How to Form a Private Communal Group Find at least 1 or more who would like to fulfill the First Saturdays with you as a private communal group. Send them the links to the following pamphlets: First Saturdays Devotion and The Order of the CFS available&nbsp;here: Get CFS Devotional Book&nbsp;(3 ways) &amp; Register: Get book [&hellip;]","og_url":"https:\/\/communalfirstsaturdays.org\/es\/how-to-form-a-private-cfs-group\/","og_site_name":"The Communal First Saturdays","article_publisher":"https:\/\/www.facebook.com\/CommunalFirstSaturdays\/","article_modified_time":"2024-02-07T15:51:42+00:00","og_image":[{"url":"https:\/\/communalfirstsaturdays.org\/wp-content\/uploads\/2021\/03\/Horizontal-desktop.png","type":"","width":"","height":""}],"twitter_card":"summary_large_image","twitter_site":"@CFSApostolate","twitter_misc":{"Tiempo de lectura":"2 minutos"},"schema":{"@context":"https:\/\/schema.org","@graph":[{"@type":"WebPage","@id":"https:\/\/communalfirstsaturdays.org\/how-to-form-a-private-cfs-group\/","url":"https:\/\/communalfirstsaturdays.org\/how-to-form-a-private-cfs-group\/","name":"How to Form a Private Communal Group - The Communal First Saturdays","isPartOf":{"@id":"https:\/\/communalfirstsaturdays.org\/#website"},"primaryImageOfPage":{"@id":"https:\/\/communalfirstsaturdays.org\/how-to-form-a-private-cfs-group\/#primaryimage"},"image":{"@id":"https:\/\/communalfirstsaturdays.org\/how-to-form-a-private-cfs-group\/#primaryimage"},"thumbnailUrl":"https:\/\/communalfirstsaturdays.org\/wp-content\/uploads\/2021\/03\/Horizontal-desktop.png","datePublished":"2021-01-27T17:13:26+00:00","dateModified":"2024-02-07T15:51:42+00:00","breadcrumb":{"@id":"https:\/\/communalfirstsaturdays.org\/how-to-form-a-private-cfs-group\/#breadcrumb"},"inLanguage":"es","potentialAction":[{"@type":"ReadAction","target":["https:\/\/communalfirstsaturdays.org\/how-to-form-a-private-cfs-group\/"]}]},{"@type":"ImageObject","inLanguage":"es","@id":"https:\/\/communalfirstsaturdays.org\/how-to-form-a-private-cfs-group\/#primaryimage","url":"https:\/\/communalfirstsaturdays.org\/wp-content\/uploads\/2021\/03\/Horizontal-desktop.png","contentUrl":"https:\/\/communalfirstsaturdays.org\/wp-content\/uploads\/2021\/03\/Horizontal-desktop.png"},{"@type":"BreadcrumbList","@id":"https:\/\/communalfirstsaturdays.org\/how-to-form-a-private-cfs-group\/#breadcrumb","itemListElement":[{"@type":"ListItem","position":1,"name":"Home","item":"https:\/\/communalfirstsaturdays.org\/"},{"@type":"ListItem","position":2,"name":"How to Form a Private Communal Group"}]},{"@type":"WebSite","@id":"https:\/\/communalfirstsaturdays.org\/#website","url":"https:\/\/communalfirstsaturdays.org\/","name":"The Communal First Saturdays","description":"El poder de rezar juntos","publisher":{"@id":"https:\/\/communalfirstsaturdays.org\/#organization"},"potentialAction":[{"@type":"SearchAction","target":{"@type":"EntryPoint","urlTemplate":"https:\/\/communalfirstsaturdays.org\/?s={search_term_string}"},"query-input":{"@type":"PropertyValueSpecification","valueRequired":true,"valueName":"search_term_string"}}],"inLanguage":"es"},{"@type":"Organization","@id":"https:\/\/communalfirstsaturdays.org\/#organization","name":"Los Primeros S\u00e1bados Comunitarios","url":"https:\/\/communalfirstsaturdays.org\/","logo":{"@type":"ImageObject","inLanguage":"es","@id":"https:\/\/communalfirstsaturdays.org\/#\/schema\/logo\/image\/","url":"https:\/\/communalfirstsaturdays.org\/wp-content\/uploads\/2019\/08\/cfs-logo-seo.png","contentUrl":"https:\/\/communalfirstsaturdays.org\/wp-content\/uploads\/2019\/08\/cfs-logo-seo.png","width":800,"height":462,"caption":"Communal First Saturdays"},"image":{"@id":"https:\/\/communalfirstsaturdays.org\/#\/schema\/logo\/image\/"},"sameAs":["https:\/\/www.facebook.com\/CommunalFirstSaturdays\/","https:\/\/x.com\/CFSApostolate"]}]}},"_links":{"self":[{"href":"https:\/\/communalfirstsaturdays.org\/es\/wp-json\/wp\/v2\/pages\/3046","targetHints":{"allow":["GET"]}}],"collection":[{"href":"https:\/\/communalfirstsaturdays.org\/es\/wp-json\/wp\/v2\/pages"}],"about":[{"href":"https:\/\/communalfirstsaturdays.org\/es\/wp-json\/wp\/v2\/types\/page"}],"author":[{"embeddable":true,"href":"https:\/\/communalfirstsaturdays.org\/es\/wp-json\/wp\/v2\/users\/3"}],"replies":[{"embeddable":true,"href":"https:\/\/communalfirstsaturdays.org\/es\/wp-json\/wp\/v2\/comments?post=3046"}],"version-history":[{"count":83,"href":"https:\/\/communalfirstsaturdays.org\/es\/wp-json\/wp\/v2\/pages\/3046\/revisions"}],"predecessor-version":[{"id":14046,"href":"https:\/\/communalfirstsaturdays.org\/es\/wp-json\/wp\/v2\/pages\/3046\/revisions\/14046"}],"wp:attachment":[{"href":"https:\/\/communalfirstsaturdays.org\/es\/wp-json\/wp\/v2\/media?parent=3046"}],"curies":[{"name":"wp","href":"https:\/\/api.w.org\/{rel}","templated":true}]}}