{"id":3051,"date":"2021-01-27T19:18:52","date_gmt":"2021-01-27T19:18:52","guid":{"rendered":"https:\/\/45d855c02b.nxcli.net\/?page_id=3051"},"modified":"2024-02-07T16:02:12","modified_gmt":"2024-02-07T16:02:12","slug":"how-to-practice-the-first-saturdays-individually","status":"publish","type":"page","link":"https:\/\/communalfirstsaturdays.org\/es\/how-to-practice-the-first-saturdays-individually\/","title":{"rendered":"C\u00f3mo practicar los Primeros S\u00e1bados individualmente"},"content":{"rendered":"<div data-elementor-type=\"wp-page\" data-elementor-id=\"3051\" class=\"elementor elementor-3051\" data-elementor-post-type=\"page\">\n\t\t\t\t\t\t<section class=\"elementor-section elementor-top-section elementor-element elementor-element-fc400cf elementor-hidden-phone elementor-section-boxed elementor-section-height-default elementor-section-height-default\" data-id=\"fc400cf\" data-element_type=\"section\" data-e-type=\"section\" data-settings=\"{&quot;jet_parallax_layout_list&quot;:[]}\">\n\t\t\t\t\t\t<div class=\"elementor-container elementor-column-gap-default\">\n\t\t\t\t\t<div class=\"elementor-column elementor-col-100 elementor-top-column elementor-element elementor-element-5af28c4\" data-id=\"5af28c4\" data-element_type=\"column\" data-e-type=\"column\">\n\t\t\t<div class=\"elementor-widget-wrap elementor-element-populated\">\n\t\t\t\t\t\t<div class=\"elementor-element elementor-element-b7110e2 elementor-widget elementor-widget-image\" data-id=\"b7110e2\" data-element_type=\"widget\" data-e-type=\"widget\" data-widget_type=\"image.default\">\n\t\t\t\t<div class=\"elementor-widget-container\">\n\t\t\t\t\t\t\t\t\t\t\t\t\t\t\t<img fetchpriority=\"high\" decoding=\"async\" width=\"984\" height=\"446\" src=\"https:\/\/communalfirstsaturdays.org\/wp-content\/uploads\/2021\/07\/Individual-H-PS.png\" class=\"attachment-full size-full wp-image-3598\" alt=\"Individual First Saturdays reparation 1\" srcset=\"https:\/\/communalfirstsaturdays.org\/wp-content\/uploads\/2021\/07\/Individual-H-PS.png 1820w, https:\/\/communalfirstsaturdays.org\/wp-content\/uploads\/2021\/07\/Individual-H-PS-300x157.png 300w, https:\/\/communalfirstsaturdays.org\/wp-content\/uploads\/2021\/07\/Individual-H-PS-1024x537.png 1024w, https:\/\/communalfirstsaturdays.org\/wp-content\/uploads\/2021\/07\/Individual-H-PS-768x403.png 768w, https:\/\/communalfirstsaturdays.org\/wp-content\/uploads\/2021\/07\/Individual-H-PS-1536x805.png 1536w, https:\/\/communalfirstsaturdays.org\/wp-content\/uploads\/2021\/07\/Individual-H-PS-16x8.png 16w\" sizes=\"(max-width: 984px) 100vw, 984px\" \/>\t\t\t\t\t\t\t\t\t\t\t\t\t\t\t<\/div>\n\t\t\t\t<\/div>\n\t\t\t\t\t<\/div>\n\t\t<\/div>\n\t\t\t\t\t<\/div>\n\t\t<\/section>\n\t\t\t\t<section class=\"elementor-section elementor-top-section elementor-element elementor-element-028d40a elementor-hidden-desktop elementor-hidden-tablet elementor-section-boxed elementor-section-height-default elementor-section-height-default\" data-id=\"028d40a\" data-element_type=\"section\" data-e-type=\"section\" data-settings=\"{&quot;jet_parallax_layout_list&quot;:[]}\">\n\t\t\t\t\t\t<div class=\"elementor-container elementor-column-gap-default\">\n\t\t\t\t\t<div class=\"elementor-column elementor-col-100 elementor-top-column elementor-element elementor-element-811061b\" data-id=\"811061b\" data-element_type=\"column\" data-e-type=\"column\">\n\t\t\t<div class=\"elementor-widget-wrap elementor-element-populated\">\n\t\t\t\t\t\t<div class=\"elementor-element elementor-element-3ddd915 elementor-widget elementor-widget-image\" data-id=\"3ddd915\" data-element_type=\"widget\" data-e-type=\"widget\" data-widget_type=\"image.default\">\n\t\t\t\t<div class=\"elementor-widget-container\">\n\t\t\t\t\t\t\t\t\t\t\t\t\t\t\t<img decoding=\"async\" width=\"274\" height=\"1262\" src=\"https:\/\/communalfirstsaturdays.org\/wp-content\/uploads\/2021\/08\/Individual-PSC-Vertical-1.png\" class=\"attachment-full size-full wp-image-3599\" alt=\"Individual First Saturdays reparation 1\" srcset=\"https:\/\/communalfirstsaturdays.org\/wp-content\/uploads\/2021\/08\/Individual-PSC-Vertical-1.png 258w, https:\/\/communalfirstsaturdays.org\/wp-content\/uploads\/2021\/08\/Individual-PSC-Vertical-1-69x300.png 69w, https:\/\/communalfirstsaturdays.org\/wp-content\/uploads\/2021\/08\/Individual-PSC-Vertical-1-3x12.png 3w\" sizes=\"(max-width: 274px) 100vw, 274px\" \/>\t\t\t\t\t\t\t\t\t\t\t\t\t\t\t<\/div>\n\t\t\t\t<\/div>\n\t\t\t\t\t<\/div>\n\t\t<\/div>\n\t\t\t\t\t<\/div>\n\t\t<\/section>\n\t\t\t\t<section class=\"elementor-section elementor-top-section elementor-element elementor-element-fb006fe elementor-section-boxed elementor-section-height-default elementor-section-height-default\" data-id=\"fb006fe\" data-element_type=\"section\" data-e-type=\"section\" data-settings=\"{&quot;jet_parallax_layout_list&quot;:[]}\">\n\t\t\t\t\t\t<div class=\"elementor-container elementor-column-gap-default\">\n\t\t\t\t\t<div class=\"elementor-column elementor-col-100 elementor-top-column elementor-element elementor-element-7731e88\" data-id=\"7731e88\" data-element_type=\"column\" data-e-type=\"column\">\n\t\t\t<div class=\"elementor-widget-wrap elementor-element-populated\">\n\t\t\t\t\t\t<div class=\"elementor-element elementor-element-3499e57 elementor-widget elementor-widget-spacer\" data-id=\"3499e57\" data-element_type=\"widget\" data-e-type=\"widget\" data-widget_type=\"spacer.default\">\n\t\t\t\t<div class=\"elementor-widget-container\">\n\t\t\t\t\t\t\t<div class=\"elementor-spacer\">\n\t\t\t<div class=\"elementor-spacer-inner\"><\/div>\n\t\t<\/div>\n\t\t\t\t\t\t<\/div>\n\t\t\t\t<\/div>\n\t\t\t\t<div class=\"elementor-element elementor-element-f3361f6 elementor-widget elementor-widget-text-editor\" data-id=\"f3361f6\" data-element_type=\"widget\" data-e-type=\"widget\" data-widget_type=\"text-editor.default\">\n\t\t\t\t<div class=\"elementor-widget-container\">\n\t\t\t\t\t\t\t\t\t<ol>\n<li><b>Lea<\/b> los siguientes 2 folletos: <i>La devoci\u00f3n de los Primeros S\u00e1bados <\/i>y<i> El remedio del cielo para el mundo <\/i>disponibles&nbsp;<a href=\"https:\/\/communalfirstsaturdays.org\/es\/free-pamphlet-download\/#download-individuals-leaders\">aqu\u00ed<\/a>.<\/li>\n<li><b>Realice la devoci\u00f3n de los Primeros S\u00e1bados<\/b> en cada primer s\u00e1bado de al menos 5 meses consecutivos cumpliendo con las siguientes 4 pr\u00e1cticas, cada una de ellas con la intenci\u00f3n de hacer reparaci\u00f3n al Coraz\u00f3n Inmaculado de Mar\u00eda:\n<ol>\n<li style=\"list-style-type: none;\">\n<ol>\n<li>Confesi\u00f3n<\/li>\n<li>Rosario (5 decenas)<\/li>\n<li>Recepci\u00f3n de la Sagrada Comuni\u00f3n<\/li>\n<li>Meditaci\u00f3n durante 15 minutos sobre los misterios del Rosario en compa\u00f1\u00eda de Nuestra Madre.<\/li>\n<\/ol>\n<\/li>\n<\/ol>\n<\/li>\n<\/ol>\n<p style=\"padding-left: 80px;\">Puede descargar la tarjeta de oraci\u00f3n de los Primeros S\u00e1bados que incluye las oraciones de F\u00e1tima y la lista de las cuatro pr\u00e1cticas&nbsp;<a href=\"https:\/\/communalfirstsaturdays.org\/es\/prayer-card\/\" target=\"_blank\" rel=\"noopener\">aqu\u00ed<\/a>.<\/p>\n<ol start=\"3\">\n<li><b>Recomendado<\/b>:<\/li>\n<\/ol>\n<ul>\n<li style=\"list-style-type: none;\">\n<ul>\n<li style=\"list-style-type: none;\">\n<ul>\n<li><b style=\"font-style: inherit; color: var( --e-global-color-text ); font-family: var( --e-global-typography-text-font-family ), Sans-serif;\">Obtener el <\/b><b style=\"font-style: inherit; color: var( --e-global-color-text ); font-family: var( --e-global-typography-text-font-family ), Sans-serif;\"><i>Devocionario de los Primeros S\u00e1bados Comunitarios <\/i><\/b><b style=\"font-style: inherit; color: var( --e-global-color-text ); font-family: var( --e-global-typography-text-font-family ), Sans-serif;\">.<\/b><span style=\"font-style: inherit; color: var( --e-global-color-text ); font-family: var( --e-global-typography-text-font-family ), Sans-serif; background-color: var( --e-global-color-04310f9 );\">El beneficio de usar este libro es que, al seguir el orden de las pr\u00e1cticas del devocionario, es posible recibir las gracias de la Eucarist\u00eda m\u00e1s abundantemente. Adem\u00e1s, el libro asegura que se haga la intenci\u00f3n de reparar el Inmaculado Coraz\u00f3n de Mar\u00eda con cada pr\u00e1ctica. Asimismo, podr\u00edamos decir que al usar este libro nos unimos en oraci\u00f3n con los fieles en diferentes partes del mundo que practican <em>Los Primeros S\u00e1bados Comunitarios<\/em> El libro est\u00e1 disponible de tres maneras: en formato impreso, en libro electr\u00f3nico (ebook) o a trav\u00e9s de una app. Se puede pedir directamente en nuestra<\/span><span style=\"font-style: inherit; color: var( --e-global-color-text ); font-family: var( --e-global-typography-text-font-family ), Sans-serif;\"> tienda (<a href=\"https:\/\/communalfirstsaturdays.org\/es\/shop\/devocionario-de-los-primeros-sabados-comunitarios\/\">imprimir<\/a>) <\/span><span style=\"font-style: inherit; color: var( --e-global-color-text ); font-family: var( --e-global-typography-text-font-family ), Sans-serif; background-color: var( --e-global-color-04310f9 );\">o en Amazon<\/span><span style=\"font-style: inherit; color: var( --e-global-color-text ); font-family: var( --e-global-typography-text-font-family ), Sans-serif; background-color: var( --e-global-color-04310f9 );\"> (<a href=\"https:\/\/www.amazon.com\/Communal-First-Saturdays-Devotional\/dp\/1951233026\/ref=tmm_pap_swatch_0?_encoding=UTF8&amp;qid=&amp;sr=\">imprimir<\/a> y <a href=\"https:\/\/www.amazon.com\/Communal-First-Saturdays-Devotional-ebook\/dp\/B08X6XZC97\/ref=tmm_kin_swatch_0?_encoding=UTF8&amp;qid=&amp;sr=\">eBook<\/a>).  Para saber c\u00f3mo puede descargarse la aplicaci\u00f3n, pulse <\/span><span style=\"font-style: inherit; color: var( --e-global-color-text ); font-family: var( --e-global-typography-text-font-family ), Sans-serif; background-color: var( --e-global-color-04310f9 );\"><a href=\"https:\/\/communalfirstsaturdays.org\/es\/app-for-the-communal-first-saturdays\/\" target=\"_blank\" rel=\"noopener\">aqu\u00ed<\/a>.<\/span><\/li>\n<li><span style=\"font-size: 18px;\">.&nbsp;<\/span><strong style=\"font-size: 18px;\">Registrarse<\/strong><span style=\"font-size: 18px;\">&nbsp;en nuestro portal para convertirse en miembro y unir todas sus oraciones a las oraciones de otros miembros del Apostolado de los Primeros S\u00e1bados Comunitarios (APSC) para aumentar la reparaci\u00f3n ofrecida. Para registrarte, haz clic&nbsp;<\/span><span style=\"font-size: 18px;\"><a href=\"https:\/\/communalfirstsaturdays.org\/es\/membership-join\/membership-registration\/\" target=\"_blank\" rel=\"noopener\">aqu\u00ed<\/a>.<\/span><\/li>\n<\/ul>\n<\/li>\n<\/ul>\n<\/li>\n<\/ul>\n<p>(Para ayudar a todos a entender los Primeros S\u00e1bados, se recomienda leer tambi\u00e9n el libro <i>F\u00e1tima y los Primeros S\u00e1bados. <\/i>(Disponible en versi\u00f3n impresa <a href=\"https:\/\/communalfirstsaturdays.org\/es\/shop\/fatima-and-the-first-saturdays-book\/\">aqu\u00ed<\/a> o eBook <a href=\"https:\/\/www.amazon.com\/-\/es\/First-Saturdays-Peace-ebook\/dp\/B09JZPH831\/ref=tmm_kin_swatch_0?_encoding=UTF8&amp;qid=&amp;sr=\">aqu\u00ed<\/a>).<\/p>\t\t\t\t\t\t\t\t<\/div>\n\t\t\t\t<\/div>\n\t\t\t\t\t<\/div>\n\t\t<\/div>\n\t\t\t\t\t<\/div>\n\t\t<\/section>\n\t\t\t\t<\/div>","protected":false},"excerpt":{"rendered":"<p>Please read the following 2 pamphlets: The First Saturdays Devotion and Heaven\u2019s Remedy for the World available&nbsp;here. Practice the First Saturdays Devotion: On the 1st Saturday of at least 5 consecutive months, fulfill the following 4 practices, each with the intention of making reparation to the Immaculate Heart of Mary: Confession Rosary (5 decades) Reception [&hellip;]<\/p>\n","protected":false},"author":3,"featured_media":0,"parent":0,"menu_order":0,"comment_status":"closed","ping_status":"closed","template":"","meta":{"_acf_changed":false,"om_disable_all_campaigns":false,"_monsterinsights_skip_tracking":false,"_monsterinsights_sitenote_active":false,"_monsterinsights_sitenote_note":"","_monsterinsights_sitenote_category":0,"_uf_show_specific_survey":0,"_uf_disable_surveys":false,"site-sidebar-layout":"no-sidebar","site-content-layout":"page-builder","ast-site-content-layout":"default","site-content-style":"default","site-sidebar-style":"default","ast-global-header-display":"","ast-banner-title-visibility":"","ast-main-header-display":"","ast-hfb-above-header-display":"","ast-hfb-below-header-display":"","ast-hfb-mobile-header-display":"","site-post-title":"disabled","ast-breadcrumbs-content":"","ast-featured-img":"disabled","footer-sml-layout":"","ast-disable-related-posts":"","theme-transparent-header-meta":"default","adv-header-id-meta":"","stick-header-meta":"","header-above-stick-meta":"","header-main-stick-meta":"","header-below-stick-meta":"","astra-migrate-meta-layouts":"default","ast-page-background-enabled":"default","ast-page-background-meta":{"desktop":{"background-color":"","background-image":"","background-repeat":"repeat","background-position":"center center","background-size":"auto","background-attachment":"scroll","background-type":"","background-media":"","overlay-type":"","overlay-color":"","overlay-opacity":"","overlay-gradient":""},"tablet":{"background-color":"","background-image":"","background-repeat":"repeat","background-position":"center center","background-size":"auto","background-attachment":"scroll","background-type":"","background-media":"","overlay-type":"","overlay-color":"","overlay-opacity":"","overlay-gradient":""},"mobile":{"background-color":"","background-image":"","background-repeat":"repeat","background-position":"center center","background-size":"auto","background-attachment":"scroll","background-type":"","background-media":"","overlay-type":"","overlay-color":"","overlay-opacity":"","overlay-gradient":""}},"ast-content-background-meta":{"desktop":{"background-color":"var(--ast-global-color-5)","background-image":"","background-repeat":"repeat","background-position":"center center","background-size":"auto","background-attachment":"scroll","background-type":"","background-media":"","overlay-type":"","overlay-color":"","overlay-opacity":"","overlay-gradient":""},"tablet":{"background-color":"var(--ast-global-color-5)","background-image":"","background-repeat":"repeat","background-position":"center center","background-size":"auto","background-attachment":"scroll","background-type":"","background-media":"","overlay-type":"","overlay-color":"","overlay-opacity":"","overlay-gradient":""},"mobile":{"background-color":"var(--ast-global-color-5)","background-image":"","background-repeat":"repeat","background-position":"center center","background-size":"auto","background-attachment":"scroll","background-type":"","background-media":"","overlay-type":"","overlay-color":"","overlay-opacity":"","overlay-gradient":""}},"footnotes":""},"class_list":["post-3051","page","type-page","status-publish","hentry"],"acf":[],"aioseo_notices":[],"yoast_head":"<!-- This site is optimized with the Yoast SEO plugin v27.2 - https:\/\/yoast.com\/product\/yoast-seo-wordpress\/ -->\n<title>How to Practice the First Saturdays Individually - The Communal First Saturdays<\/title>\n<meta name=\"robots\" content=\"index, follow, max-snippet:-1, max-image-preview:large, max-video-preview:-1\" \/>\n<link rel=\"canonical\" href=\"https:\/\/communalfirstsaturdays.org\/es\/how-to-practice-the-first-saturdays-individually\/\" \/>\n<meta property=\"og:locale\" content=\"es_MX\" \/>\n<meta property=\"og:type\" content=\"article\" \/>\n<meta property=\"og:title\" content=\"How to Practice the First Saturdays Individually - The Communal First Saturdays\" \/>\n<meta property=\"og:description\" content=\"Please read the following 2 pamphlets: The First Saturdays Devotion and Heaven\u2019s Remedy for the World available&nbsp;here. Practice the First Saturdays Devotion: On the 1st Saturday of at least 5 consecutive months, fulfill the following 4 practices, each with the intention of making reparation to the Immaculate Heart of Mary: Confession Rosary (5 decades) Reception [&hellip;]\" \/>\n<meta property=\"og:url\" content=\"https:\/\/communalfirstsaturdays.org\/es\/how-to-practice-the-first-saturdays-individually\/\" \/>\n<meta property=\"og:site_name\" content=\"The Communal First Saturdays\" \/>\n<meta property=\"article:publisher\" content=\"https:\/\/www.facebook.com\/CommunalFirstSaturdays\/\" \/>\n<meta property=\"article:modified_time\" content=\"2024-02-07T16:02:12+00:00\" \/>\n<meta property=\"og:image\" content=\"https:\/\/communalfirstsaturdays.org\/wp-content\/uploads\/2021\/03\/individual-Horizontal-desktop.png\" \/>\n<meta name=\"twitter:card\" content=\"summary_large_image\" \/>\n<meta name=\"twitter:site\" content=\"@CFSApostolate\" \/>\n<meta name=\"twitter:label1\" content=\"Tiempo de lectura\" \/>\n\t<meta name=\"twitter:data1\" content=\"2 minutos\" \/>\n<script type=\"application\/ld+json\" class=\"yoast-schema-graph\">{\"@context\":\"https:\/\/schema.org\",\"@graph\":[{\"@type\":\"WebPage\",\"@id\":\"https:\/\/communalfirstsaturdays.org\/how-to-practice-the-first-saturdays-individually\/\",\"url\":\"https:\/\/communalfirstsaturdays.org\/how-to-practice-the-first-saturdays-individually\/\",\"name\":\"How to Practice the First Saturdays Individually - The Communal First Saturdays\",\"isPartOf\":{\"@id\":\"https:\/\/communalfirstsaturdays.org\/#website\"},\"primaryImageOfPage\":{\"@id\":\"https:\/\/communalfirstsaturdays.org\/how-to-practice-the-first-saturdays-individually\/#primaryimage\"},\"image\":{\"@id\":\"https:\/\/communalfirstsaturdays.org\/how-to-practice-the-first-saturdays-individually\/#primaryimage\"},\"thumbnailUrl\":\"https:\/\/communalfirstsaturdays.org\/wp-content\/uploads\/2021\/03\/individual-Horizontal-desktop.png\",\"datePublished\":\"2021-01-27T19:18:52+00:00\",\"dateModified\":\"2024-02-07T16:02:12+00:00\",\"breadcrumb\":{\"@id\":\"https:\/\/communalfirstsaturdays.org\/how-to-practice-the-first-saturdays-individually\/#breadcrumb\"},\"inLanguage\":\"es\",\"potentialAction\":[{\"@type\":\"ReadAction\",\"target\":[\"https:\/\/communalfirstsaturdays.org\/how-to-practice-the-first-saturdays-individually\/\"]}]},{\"@type\":\"ImageObject\",\"inLanguage\":\"es\",\"@id\":\"https:\/\/communalfirstsaturdays.org\/how-to-practice-the-first-saturdays-individually\/#primaryimage\",\"url\":\"https:\/\/communalfirstsaturdays.org\/wp-content\/uploads\/2021\/03\/individual-Horizontal-desktop.png\",\"contentUrl\":\"https:\/\/communalfirstsaturdays.org\/wp-content\/uploads\/2021\/03\/individual-Horizontal-desktop.png\"},{\"@type\":\"BreadcrumbList\",\"@id\":\"https:\/\/communalfirstsaturdays.org\/how-to-practice-the-first-saturdays-individually\/#breadcrumb\",\"itemListElement\":[{\"@type\":\"ListItem\",\"position\":1,\"name\":\"Home\",\"item\":\"https:\/\/communalfirstsaturdays.org\/\"},{\"@type\":\"ListItem\",\"position\":2,\"name\":\"How to Practice the First Saturdays Individually\"}]},{\"@type\":\"WebSite\",\"@id\":\"https:\/\/communalfirstsaturdays.org\/#website\",\"url\":\"https:\/\/communalfirstsaturdays.org\/\",\"name\":\"The Communal First Saturdays\",\"description\":\"Power in Prayer Together\",\"publisher\":{\"@id\":\"https:\/\/communalfirstsaturdays.org\/#organization\"},\"potentialAction\":[{\"@type\":\"SearchAction\",\"target\":{\"@type\":\"EntryPoint\",\"urlTemplate\":\"https:\/\/communalfirstsaturdays.org\/?s={search_term_string}\"},\"query-input\":{\"@type\":\"PropertyValueSpecification\",\"valueRequired\":true,\"valueName\":\"search_term_string\"}}],\"inLanguage\":\"es\"},{\"@type\":\"Organization\",\"@id\":\"https:\/\/communalfirstsaturdays.org\/#organization\",\"name\":\"Communal First Saturdays\",\"url\":\"https:\/\/communalfirstsaturdays.org\/\",\"logo\":{\"@type\":\"ImageObject\",\"inLanguage\":\"es\",\"@id\":\"https:\/\/communalfirstsaturdays.org\/#\/schema\/logo\/image\/\",\"url\":\"https:\/\/communalfirstsaturdays.org\/wp-content\/uploads\/2019\/08\/cfs-logo-seo.png\",\"contentUrl\":\"https:\/\/communalfirstsaturdays.org\/wp-content\/uploads\/2019\/08\/cfs-logo-seo.png\",\"width\":800,\"height\":462,\"caption\":\"Communal First Saturdays\"},\"image\":{\"@id\":\"https:\/\/communalfirstsaturdays.org\/#\/schema\/logo\/image\/\"},\"sameAs\":[\"https:\/\/www.facebook.com\/CommunalFirstSaturdays\/\",\"https:\/\/x.com\/CFSApostolate\"]}]}<\/script>\n<!-- \/ Yoast SEO plugin. -->","yoast_head_json":{"title":"How to Practice the First Saturdays Individually - The Communal First Saturdays","robots":{"index":"index","follow":"follow","max-snippet":"max-snippet:-1","max-image-preview":"max-image-preview:large","max-video-preview":"max-video-preview:-1"},"canonical":"https:\/\/communalfirstsaturdays.org\/es\/how-to-practice-the-first-saturdays-individually\/","og_locale":"es_MX","og_type":"article","og_title":"How to Practice the First Saturdays Individually - The Communal First Saturdays","og_description":"Please read the following 2 pamphlets: The First Saturdays Devotion and Heaven\u2019s Remedy for the World available&nbsp;here. Practice the First Saturdays Devotion: On the 1st Saturday of at least 5 consecutive months, fulfill the following 4 practices, each with the intention of making reparation to the Immaculate Heart of Mary: Confession Rosary (5 decades) Reception [&hellip;]","og_url":"https:\/\/communalfirstsaturdays.org\/es\/how-to-practice-the-first-saturdays-individually\/","og_site_name":"The Communal First Saturdays","article_publisher":"https:\/\/www.facebook.com\/CommunalFirstSaturdays\/","article_modified_time":"2024-02-07T16:02:12+00:00","og_image":[{"url":"https:\/\/communalfirstsaturdays.org\/wp-content\/uploads\/2021\/03\/individual-Horizontal-desktop.png","type":"","width":"","height":""}],"twitter_card":"summary_large_image","twitter_site":"@CFSApostolate","twitter_misc":{"Tiempo de lectura":"2 minutos"},"schema":{"@context":"https:\/\/schema.org","@graph":[{"@type":"WebPage","@id":"https:\/\/communalfirstsaturdays.org\/how-to-practice-the-first-saturdays-individually\/","url":"https:\/\/communalfirstsaturdays.org\/how-to-practice-the-first-saturdays-individually\/","name":"How to Practice the First Saturdays Individually - The Communal First Saturdays","isPartOf":{"@id":"https:\/\/communalfirstsaturdays.org\/#website"},"primaryImageOfPage":{"@id":"https:\/\/communalfirstsaturdays.org\/how-to-practice-the-first-saturdays-individually\/#primaryimage"},"image":{"@id":"https:\/\/communalfirstsaturdays.org\/how-to-practice-the-first-saturdays-individually\/#primaryimage"},"thumbnailUrl":"https:\/\/communalfirstsaturdays.org\/wp-content\/uploads\/2021\/03\/individual-Horizontal-desktop.png","datePublished":"2021-01-27T19:18:52+00:00","dateModified":"2024-02-07T16:02:12+00:00","breadcrumb":{"@id":"https:\/\/communalfirstsaturdays.org\/how-to-practice-the-first-saturdays-individually\/#breadcrumb"},"inLanguage":"es","potentialAction":[{"@type":"ReadAction","target":["https:\/\/communalfirstsaturdays.org\/how-to-practice-the-first-saturdays-individually\/"]}]},{"@type":"ImageObject","inLanguage":"es","@id":"https:\/\/communalfirstsaturdays.org\/how-to-practice-the-first-saturdays-individually\/#primaryimage","url":"https:\/\/communalfirstsaturdays.org\/wp-content\/uploads\/2021\/03\/individual-Horizontal-desktop.png","contentUrl":"https:\/\/communalfirstsaturdays.org\/wp-content\/uploads\/2021\/03\/individual-Horizontal-desktop.png"},{"@type":"BreadcrumbList","@id":"https:\/\/communalfirstsaturdays.org\/how-to-practice-the-first-saturdays-individually\/#breadcrumb","itemListElement":[{"@type":"ListItem","position":1,"name":"Home","item":"https:\/\/communalfirstsaturdays.org\/"},{"@type":"ListItem","position":2,"name":"How to Practice the First Saturdays Individually"}]},{"@type":"WebSite","@id":"https:\/\/communalfirstsaturdays.org\/#website","url":"https:\/\/communalfirstsaturdays.org\/","name":"The Communal First Saturdays","description":"El poder de rezar juntos","publisher":{"@id":"https:\/\/communalfirstsaturdays.org\/#organization"},"potentialAction":[{"@type":"SearchAction","target":{"@type":"EntryPoint","urlTemplate":"https:\/\/communalfirstsaturdays.org\/?s={search_term_string}"},"query-input":{"@type":"PropertyValueSpecification","valueRequired":true,"valueName":"search_term_string"}}],"inLanguage":"es"},{"@type":"Organization","@id":"https:\/\/communalfirstsaturdays.org\/#organization","name":"Los Primeros S\u00e1bados Comunitarios","url":"https:\/\/communalfirstsaturdays.org\/","logo":{"@type":"ImageObject","inLanguage":"es","@id":"https:\/\/communalfirstsaturdays.org\/#\/schema\/logo\/image\/","url":"https:\/\/communalfirstsaturdays.org\/wp-content\/uploads\/2019\/08\/cfs-logo-seo.png","contentUrl":"https:\/\/communalfirstsaturdays.org\/wp-content\/uploads\/2019\/08\/cfs-logo-seo.png","width":800,"height":462,"caption":"Communal First Saturdays"},"image":{"@id":"https:\/\/communalfirstsaturdays.org\/#\/schema\/logo\/image\/"},"sameAs":["https:\/\/www.facebook.com\/CommunalFirstSaturdays\/","https:\/\/x.com\/CFSApostolate"]}]}},"_links":{"self":[{"href":"https:\/\/communalfirstsaturdays.org\/es\/wp-json\/wp\/v2\/pages\/3051","targetHints":{"allow":["GET"]}}],"collection":[{"href":"https:\/\/communalfirstsaturdays.org\/es\/wp-json\/wp\/v2\/pages"}],"about":[{"href":"https:\/\/communalfirstsaturdays.org\/es\/wp-json\/wp\/v2\/types\/page"}],"author":[{"embeddable":true,"href":"https:\/\/communalfirstsaturdays.org\/es\/wp-json\/wp\/v2\/users\/3"}],"replies":[{"embeddable":true,"href":"https:\/\/communalfirstsaturdays.org\/es\/wp-json\/wp\/v2\/comments?post=3051"}],"version-history":[{"count":61,"href":"https:\/\/communalfirstsaturdays.org\/es\/wp-json\/wp\/v2\/pages\/3051\/revisions"}],"predecessor-version":[{"id":14049,"href":"https:\/\/communalfirstsaturdays.org\/es\/wp-json\/wp\/v2\/pages\/3051\/revisions\/14049"}],"wp:attachment":[{"href":"https:\/\/communalfirstsaturdays.org\/es\/wp-json\/wp\/v2\/media?parent=3051"}],"curies":[{"name":"wp","href":"https:\/\/api.w.org\/{rel}","templated":true}]}}