{"id":3060,"date":"2021-01-27T17:30:23","date_gmt":"2021-01-27T17:30:23","guid":{"rendered":"https:\/\/45d855c02b.nxcli.net\/?page_id=3060"},"modified":"2025-12-30T23:32:11","modified_gmt":"2025-12-30T23:32:11","slug":"free-pamphlet-download","status":"publish","type":"page","link":"https:\/\/communalfirstsaturdays.org\/es\/free-pamphlet-download\/","title":{"rendered":"Folletos para descargar"},"content":{"rendered":"<div data-elementor-type=\"wp-page\" data-elementor-id=\"3060\" class=\"elementor elementor-3060\" data-elementor-post-type=\"page\">\n\t\t\t\t\t\t<section class=\"elementor-section elementor-top-section elementor-element elementor-element-58a5bb82 elementor-section-boxed elementor-section-height-default elementor-section-height-default\" data-id=\"58a5bb82\" data-element_type=\"section\" data-e-type=\"section\" data-settings=\"{&quot;jet_parallax_layout_list&quot;:[]}\">\n\t\t\t\t\t\t<div class=\"elementor-container elementor-column-gap-default\">\n\t\t\t\t\t<div class=\"elementor-column elementor-col-100 elementor-top-column elementor-element elementor-element-a6e676b\" data-id=\"a6e676b\" data-element_type=\"column\" data-e-type=\"column\">\n\t\t\t<div class=\"elementor-widget-wrap elementor-element-populated\">\n\t\t\t\t\t\t<div class=\"elementor-element elementor-element-3a2445b elementor-widget elementor-widget-text-editor\" data-id=\"3a2445b\" data-element_type=\"widget\" data-e-type=\"widget\" data-widget_type=\"text-editor.default\">\n\t\t\t\t<div class=\"elementor-widget-container\">\n\t\t\t\t\t\t\t\t\t<p>\u00a0<\/p><p>Los siguientes folletos pueden distribuirse a otras personas, sin cambios, mediante impresi\u00f3n, correo electr\u00f3nico u otros medios electr\u00f3nicos. Los folletos descargables est\u00e1n disponibles en <b>webinar informativo<\/b> y <b>.<\/b>.\u00a0<\/p><h3><strong>FOLLETOS EN INGL\u00c9S<\/strong><\/h3><p>Pueden solicitarse copias impresas en nuestra<b>\u00a0<\/b><b><a href=\"https:\/\/communalfirstsaturdays.org\/es\/store\/\">tienda<\/a><\/b>.<\/p><p><u><strong>Para todos los fieles y los gu\u00edas (en ingl\u00e9s):<\/strong><\/u><\/p><ul><li><a href=\"https:\/\/drive.google.com\/file\/d\/1zkbQapOEvWle0FH39lfRxcSQNNJGlH6h\/view?usp=sharing\"><em>The Eucharistic Revival from Heaven<\/em><\/a><\/li><li><i><a href=\"https:\/\/drive.google.com\/file\/d\/1Xurz_9bVe_1s0a9JEwgMkuz5tuSSAr3w\/view?usp=sharing\" target=\"_blank\" rel=\"noopener\">Basic Information about the Communal First Saturdays<\/a><br \/><\/i><\/li><li><a href=\"https:\/\/drive.google.com\/file\/d\/1S95zqKVIloYKVF04H9TX1LLufl3stYp5\/view?usp=sharing\" target=\"_blank\" rel=\"noopener\"><i>Inicio de Los Primeros S\u00e1bados Comunitarios<\/i><\/a><\/li><li><i><a href=\"https:\/\/communalfirstsaturdays.org\/wp-content\/uploads\/2019\/11\/First_Saturdays_Devotion_pdf_s2.pdf\">First <\/a><\/i><i><a href=\"https:\/\/communalfirstsaturdays.org\/wp-content\/uploads\/2019\/11\/First_Saturdays_Devotion_pdf_s2.pdf\">Saturdays Devotion<\/a><\/i><\/li><li><i><a href=\"https:\/\/drive.google.com\/file\/d\/1czLHdlZChd9j95Cx5lde7pMqZYAp1oC0\/view?usp=sharing\">El Orden de Los Primeros S\u00e1bados Comunitarios<\/a><\/i><\/li><li><a href=\"https:\/\/drive.google.com\/file\/d\/1GYdMIUW5b6Y-BgaMiB_u0dGs3FrQIw9-\/view?usp=sharing\"><i>The Communal First Saturdays and the Parish: Information for Pastors\/ Parish Priests<\/i><\/a><\/li><li><a href=\"https:\/\/drive.google.com\/file\/d\/1D4_bADhGAxwcLX_bIfFrS-VxdceTvGS4\/view?usp=sharing\"><i>Why the CFSA Chapter? 29 <\/i><i>Reasons<\/i><\/a><\/li><li><i><a href=\"https:\/\/communalfirstsaturdays.org\/wp-content\/uploads\/2019\/11\/Heavens_Remedy_jcs.pdf\">Heaven\u2019s Remedy for the <\/a><\/i><i><a href=\"https:\/\/communalfirstsaturdays.org\/wp-content\/uploads\/2019\/11\/Heavens_Remedy_jcs.pdf\">World<\/a><\/i><\/li><li><i><a href=\"https:\/\/drive.google.com\/file\/d\/1GMPpoindkoepo5qThw1vFzW-dE1V_bFj\/view\">Leader Instructions for the Communal First Saturdays<\/a><\/i><\/li><li><em><a href=\"https:\/\/drive.google.com\/file\/d\/1ROqppItLC_PGQUfMAEZfJT-lavOw53w_\/view?usp=sharing\">Tarjeta de Primeros S\u00e1bados y Oraciones\nde F\u00e1tima.<\/a><\/em><\/li><li><a href=\"https:\/\/drive.google.com\/file\/d\/1aEfIVgC85iyciS2eAzPLkHpUsjf_99ou\/view?usp=sharing\"><em>100th Anniversary of the First Saturdays Devotion card<\/em><\/a><\/li><\/ul><p><u><strong>Para los p\u00e1rrocos\/sacerdotes <\/strong><\/u><u><b>de las parroquias (en ingl\u00e9s)<\/b><\/u><\/p><ul><li><em><a href=\"https:\/\/communalfirstsaturdays.org\/wp-content\/uploads\/2019\/11\/First_Saturdays_Devotion_pdf_s2.pdf\">Los Primeros S\u00e1bados Comunitarios<\/a><\/em><\/li><li><em><a href=\"https:\/\/communalfirstsaturdays.org\/wp-content\/uploads\/2019\/11\/Order_of_CFS_pdf_s2.pdf\">. <\/a><a href=\"https:\/\/communalfirstsaturdays.org\/wp-content\/uploads\/2019\/11\/Order_of_CFS_pdf_s2.pdf\">Order of the Communal First Saturdays<\/a><\/em><\/li><li><em><a href=\"https:\/\/drive.google.com\/file\/d\/1GYdMIUW5b6Y-BgaMiB_u0dGs3FrQIw9-\/view\">The Communal First Saturdays and the Parish: Information for Pastors\/ Parish Priests<\/a><\/em><\/li><li><em><a href=\"https:\/\/docs.google.com\/document\/d\/1vf2OQWSPynml1mGojr3moXyJ7KQwxBa9\/edit?usp=sharing&amp;ouid=105518886022263019495&amp;rtpof=true&amp;sd=true\">Letter for leaders to give pastor\/parish priests before meeting<\/a> (Carta)<\/em><\/li><\/ul><p><u><strong>Folletos adicionales para m\u00e1s informaci\u00f3n<\/strong><\/u><\/p><ul><li><a href=\"https:\/\/drive.google.com\/file\/d\/1vZTCLX0tFJFVXLu1nbV90HZsP6njSvQI\/view?usp=sharing\"><i>Consecration Requires Reparation<\/i><\/a><\/li><li><a href=\"https:\/\/drive.google.com\/file\/d\/1O9JcRI9LceqyHsD347Xy_Fxx6VGc1C_A\/view?usp=sharing\"><i>Why <\/i><i>Make the First <\/i><i>Saturdays? 22 Reasons<\/i><\/a><\/li><li><a href=\"https:\/\/drive.google.com\/file\/d\/1b2KFJVC6UCnWg95_JdSRxGEPYYV-iyix\/view?usp=sharing\"><i>Why the Communal First Saturdays? 29 <\/i><i>Reasons<\/i><\/a><\/li><li><i><a href=\"https:\/\/drive.google.com\/file\/d\/1F1M7e6TXP8N_o-n-5bABcM6lxbfAZCLR\/view\">Promoting <\/a><\/i><i><a href=\"https:\/\/drive.google.com\/file\/d\/1F1M7e6TXP8N_o-n-5bABcM6lxbfAZCLR\/view?usp=sharing\">the Rosary through the Communal First Saturdays<\/a><\/i><\/li><li><i><a href=\"https:\/\/communalfirstsaturdays.org\/wp-content\/uploads\/2019\/11\/Fulfilling-4th-Practice_pdf_s2.pdf\">Fulfilling the Fourth Practice of the First <\/a><\/i><i><a href=\"https:\/\/communalfirstsaturdays.org\/wp-content\/uploads\/2019\/11\/Fulfilling-4th-Practice_pdf_s2.pdf\">Saturdays<\/a><\/i><\/li><li><a href=\"https:\/\/drive.google.com\/file\/d\/1OfyVoveYl4Jc3yPCu__6fz5_GCnlm7M6\/view?usp=sharing\"><i>Brown Scapular<\/i><\/a><\/li><li><a href=\"https:\/\/drive.google.com\/file\/d\/1nBul24Auh948fj7hLnOM1dUDuEbfbBbU\/view?usp=sharing\"><i>Visitaci\u00f3n de la Imagen de la Virgen Peregrina<\/i><\/a><\/li><li><a href=\"https:\/\/drive.google.com\/file\/d\/1eAMYAaEPEvEjrHD9RBYsLSoZw23fTYbG\/view\" target=\"_blank\" rel=\"noopener\"><i>Prayer Membership<\/i><\/a><\/li><li><a href=\"https:\/\/drive.google.com\/file\/d\/1GMPpoindkoepo5qThw1vFzW-dE1V_bFj\/view\" target=\"_blank\" rel=\"noopener\"><i>Leader Instructions for the Communal First Saturdays <\/i><\/a>(to be used with <em>Devocionario de Los Primeros S\u00e1bados Comunitarios<\/em> book).<\/li><\/ul><p><strong>\u00a0<\/strong><\/p><h3><strong>FOLLETOS EN ESPA\u00d1OL<\/strong><\/h3><p><u><strong>Para todos los fieles y los gu\u00edas (en ingl\u00e9s):\u00a0<\/strong><\/u><\/p><ul><li><a href=\"https:\/\/drive.google.com\/file\/d\/1b6rvdpATO7_KvP42zVNdH1fzrapHZzRy\/view?usp=sharing\" target=\"_blank\" rel=\"noopener\"><i>Informaci\u00f3n B\u00e1sica de Los Primeros S\u00e1bados Comunitarios<\/i><\/a><\/li><li><a href=\"https:\/\/drive.google.com\/file\/d\/1oEIqFbb5aSLzxJx64iH1K_oVdiLJxPoG\/view?usp=sharing\" target=\"_blank\" rel=\"noopener\"><i>Iniciando Los Primeros S\u00e1bados Comunitarios<\/i><\/a><\/li><li><em><a href=\"https:\/\/drive.google.com\/file\/d\/1Dv1fjVNIhpaeeDRwaEosEKi-ogI31g-R\/view?usp=sharing\" target=\"_blank\" rel=\"noopener\">Los Primeros S\u00e1bados Comunitarios<\/a><\/em><\/li><li><a href=\"https:\/\/drive.google.com\/file\/d\/1FgZf-KWTIbKJkfS8X7Sg0HRZ3H1pk_bQ\/view?usp=sharing\" target=\"_blank\" rel=\"noopener\"><i>El Orden de los Primeros S\u00e1bados Comunitarios<\/i><\/a><\/li><li><a href=\"https:\/\/drive.google.com\/file\/d\/1lIFBqRrKkE6jcyXJMUvukgZS4qMAMAwW\/view?usp=sharing\" target=\"_blank\" rel=\"noopener\"><i>Los Primeros S\u00e1bados Comunitarios y la Parroquia: Informaci\u00f3n para el Parroco<\/i><\/a><\/li><li><a href=\"https:\/\/drive.google.com\/file\/d\/1AG_bjwyUCL3nh6TTe3DnanmgMdWylGPf\/view?usp=sharing\" target=\"_blank\" rel=\"noopener\"><i>Tarjeta de los Primeros S\u00e1bados y F\u00e1tima<\/i><\/a><\/li><\/ul><p><u><strong>Folletos adicionales para m\u00e1s informaci\u00f3n<\/strong><\/u><\/p><ul><li><em><a href=\"https:\/\/drive.google.com\/file\/d\/1vxvfCEITBvBBPhNuQ1aev7GlQNtXgmeh\/view?usp=sharing\">\u00bfPor qu\u00e9 hacer los Primeros S\u00e1bados? 22 razones<\/a><\/em><\/li><li><em><a href=\"https:\/\/drive.google.com\/file\/d\/1CqzIdHVaU118AUErftk7KkYg8F5VRXC5\/view?usp=sharing\">\u00bfPor qu\u00e9 establecer Los Primeros S\u00e1bados Comunitarios? 29 razones<\/a><\/em><\/li><li><em><a href=\"https:\/\/drive.google.com\/file\/d\/10aMveYNyJIiyDP_83bgJbF2UVF9TDfvW\/view?usp=sharing\">La Visitaci\u00f3n de la Imagen de la Virgen Peregrina de la Iglesia al Hogar<\/a><\/em><\/li><li><a href=\"https:\/\/drive.google.com\/file\/d\/1YtFy7hrRlaayI74H4yAinBR-9y0j88Fu\/view?usp=sharing\" target=\"_blank\" rel=\"noopener\"><i>Instrucciones para el Gu\u00eda de Los Primeros S\u00e1bados Comunitarios<\/i><\/a><\/li><li><em><a href=\"https:\/\/drive.google.com\/file\/d\/1m_O6xirSNVKh45nPIjjm92lDjkLEpnzf\/view?usp=drive_link\">\u00bfPor qu\u00e9 establecer un Comit\u00e9 del APSC? 29 razones<\/a><\/em><\/li><li><em><a href=\"https:\/\/drive.google.com\/file\/d\/1XMULS3NL5OBd8UMNxoOt0i1H0UoOMgXa\/view?usp=drive_link\">Escapulario de la Virgen del Carmen<\/a><\/em><\/li><\/ul>\t\t\t\t\t\t\t\t<\/div>\n\t\t\t\t<\/div>\n\t\t\t\t\t<\/div>\n\t\t<\/div>\n\t\t\t\t\t<\/div>\n\t\t<\/section>\n\t\t<div class=\"elementor-element elementor-element-abbea3e e-flex e-con-boxed e-con e-parent\" data-id=\"abbea3e\" data-element_type=\"container\" data-e-type=\"container\" data-settings=\"{&quot;jet_parallax_layout_list&quot;:[]}\">\n\t\t\t\t\t<div class=\"e-con-inner\">\n\t\t\t\t<div class=\"elementor-element elementor-element-bfda028 elementor-widget-divider--view-line elementor-widget elementor-widget-divider\" data-id=\"bfda028\" data-element_type=\"widget\" data-e-type=\"widget\" data-widget_type=\"divider.default\">\n\t\t\t\t<div class=\"elementor-widget-container\">\n\t\t\t\t\t\t\t<div class=\"elementor-divider\">\n\t\t\t<span class=\"elementor-divider-separator\">\n\t\t\t\t\t\t<\/span>\n\t\t<\/div>\n\t\t\t\t\t\t<\/div>\n\t\t\t\t<\/div>\n\t\t\t\t<div class=\"elementor-element elementor-element-10e88ab elementor-widget elementor-widget-text-editor\" data-id=\"10e88ab\" data-element_type=\"widget\" data-e-type=\"widget\" data-widget_type=\"text-editor.default\">\n\t\t\t\t<div class=\"elementor-widget-container\">\n\t\t\t\t\t\t\t\t\t<p><strong>No se deben dejar folletos en los templos sin permiso. Considere la posibilidad de hacer una\u00a0<a href=\"https:\/\/communalfirstsaturdays.org\/es\/donate\/\">donaci\u00f3n<\/a>\u00a0para ayudar a difundir los Primeros S\u00e1bados.<\/strong><\/p>\t\t\t\t\t\t\t\t<\/div>\n\t\t\t\t<\/div>\n\t\t\t\t\t<\/div>\n\t\t\t\t<\/div>\n\t\t\t\t<\/div>","protected":false},"excerpt":{"rendered":"<p>\u00a0 The following pamphlets can be distributed to others, without changes, via print, email, or other electronic ways. Downloadable pamphlets are available in English and Spanish.\u00a0 ENGLISH PAMPHLETS Printed copies of these can be ordered in the\u00a0store. For Individuals and leaders: The Eucharistic Revival from Heaven Basic Information about the Communal First Saturdays Starting the [&hellip;]<\/p>\n","protected":false},"author":3,"featured_media":0,"parent":0,"menu_order":0,"comment_status":"closed","ping_status":"closed","template":"","meta":{"_acf_changed":false,"om_disable_all_campaigns":false,"_monsterinsights_skip_tracking":false,"_monsterinsights_sitenote_active":false,"_monsterinsights_sitenote_note":"","_monsterinsights_sitenote_category":0,"_uf_show_specific_survey":0,"_uf_disable_surveys":false,"site-sidebar-layout":"default","site-content-layout":"default","ast-site-content-layout":"default","site-content-style":"default","site-sidebar-style":"default","ast-global-header-display":"","ast-banner-title-visibility":"","ast-main-header-display":"","ast-hfb-above-header-display":"","ast-hfb-below-header-display":"","ast-hfb-mobile-header-display":"","site-post-title":"","ast-breadcrumbs-content":"","ast-featured-img":"","footer-sml-layout":"","ast-disable-related-posts":"","theme-transparent-header-meta":"default","adv-header-id-meta":"","stick-header-meta":"","header-above-stick-meta":"","header-main-stick-meta":"","header-below-stick-meta":"","astra-migrate-meta-layouts":"default","ast-page-background-enabled":"default","ast-page-background-meta":{"desktop":{"background-color":"","background-image":"","background-repeat":"repeat","background-position":"center center","background-size":"auto","background-attachment":"scroll","background-type":"","background-media":"","overlay-type":"","overlay-color":"","overlay-opacity":"","overlay-gradient":""},"tablet":{"background-color":"","background-image":"","background-repeat":"repeat","background-position":"center center","background-size":"auto","background-attachment":"scroll","background-type":"","background-media":"","overlay-type":"","overlay-color":"","overlay-opacity":"","overlay-gradient":""},"mobile":{"background-color":"","background-image":"","background-repeat":"repeat","background-position":"center center","background-size":"auto","background-attachment":"scroll","background-type":"","background-media":"","overlay-type":"","overlay-color":"","overlay-opacity":"","overlay-gradient":""}},"ast-content-background-meta":{"desktop":{"background-color":"var(--ast-global-color-5)","background-image":"","background-repeat":"repeat","background-position":"center center","background-size":"auto","background-attachment":"scroll","background-type":"","background-media":"","overlay-type":"","overlay-color":"","overlay-opacity":"","overlay-gradient":""},"tablet":{"background-color":"var(--ast-global-color-5)","background-image":"","background-repeat":"repeat","background-position":"center center","background-size":"auto","background-attachment":"scroll","background-type":"","background-media":"","overlay-type":"","overlay-color":"","overlay-opacity":"","overlay-gradient":""},"mobile":{"background-color":"var(--ast-global-color-5)","background-image":"","background-repeat":"repeat","background-position":"center center","background-size":"auto","background-attachment":"scroll","background-type":"","background-media":"","overlay-type":"","overlay-color":"","overlay-opacity":"","overlay-gradient":""}},"footnotes":""},"class_list":["post-3060","page","type-page","status-publish","hentry"],"acf":[],"aioseo_notices":[],"yoast_head":"<!-- This site is optimized with the Yoast SEO plugin v27.2 - https:\/\/yoast.com\/product\/yoast-seo-wordpress\/ -->\n<title>Free Pamphlet Download - The Communal First Saturdays<\/title>\n<meta name=\"robots\" content=\"index, nofollow, max-snippet:-1, max-image-preview:large, max-video-preview:-1\" \/>\n<link rel=\"canonical\" href=\"https:\/\/communalfirstsaturdays.org\/es\/free-pamphlet-download\/\" \/>\n<meta property=\"og:locale\" content=\"es_MX\" \/>\n<meta property=\"og:type\" content=\"article\" \/>\n<meta property=\"og:title\" content=\"Free Pamphlet Download - The Communal First Saturdays\" \/>\n<meta property=\"og:description\" content=\"\u00a0 The following pamphlets can be distributed to others, without changes, via print, email, or other electronic ways. Downloadable pamphlets are available in English and Spanish.\u00a0 ENGLISH PAMPHLETS Printed copies of these can be ordered in the\u00a0store. For Individuals and leaders: The Eucharistic Revival from Heaven Basic Information about the Communal First Saturdays Starting the [&hellip;]\" \/>\n<meta property=\"og:url\" content=\"https:\/\/communalfirstsaturdays.org\/es\/free-pamphlet-download\/\" \/>\n<meta property=\"og:site_name\" content=\"The Communal First Saturdays\" \/>\n<meta property=\"article:publisher\" content=\"https:\/\/www.facebook.com\/CommunalFirstSaturdays\/\" \/>\n<meta property=\"article:modified_time\" content=\"2025-12-30T23:32:11+00:00\" \/>\n<meta property=\"og:image\" content=\"https:\/\/communalfirstsaturdays.org\/wp-content\/uploads\/2023\/05\/full-sized-logo-color.jpg\" \/>\n\t<meta property=\"og:image:width\" content=\"1200\" \/>\n\t<meta property=\"og:image:height\" content=\"782\" \/>\n\t<meta property=\"og:image:type\" content=\"image\/jpeg\" \/>\n<meta name=\"twitter:card\" content=\"summary_large_image\" \/>\n<meta name=\"twitter:site\" content=\"@CFSApostolate\" \/>\n<meta name=\"twitter:label1\" content=\"Tiempo de lectura\" \/>\n\t<meta name=\"twitter:data1\" content=\"2 minutos\" \/>\n<script type=\"application\/ld+json\" class=\"yoast-schema-graph\">{\"@context\":\"https:\/\/schema.org\",\"@graph\":[{\"@type\":\"WebPage\",\"@id\":\"https:\/\/communalfirstsaturdays.org\/free-pamphlet-download\/\",\"url\":\"https:\/\/communalfirstsaturdays.org\/free-pamphlet-download\/\",\"name\":\"Free Pamphlet Download - The Communal First Saturdays\",\"isPartOf\":{\"@id\":\"https:\/\/communalfirstsaturdays.org\/#website\"},\"datePublished\":\"2021-01-27T17:30:23+00:00\",\"dateModified\":\"2025-12-30T23:32:11+00:00\",\"breadcrumb\":{\"@id\":\"https:\/\/communalfirstsaturdays.org\/free-pamphlet-download\/#breadcrumb\"},\"inLanguage\":\"es\",\"potentialAction\":[{\"@type\":\"ReadAction\",\"target\":[\"https:\/\/communalfirstsaturdays.org\/free-pamphlet-download\/\"]}]},{\"@type\":\"BreadcrumbList\",\"@id\":\"https:\/\/communalfirstsaturdays.org\/free-pamphlet-download\/#breadcrumb\",\"itemListElement\":[{\"@type\":\"ListItem\",\"position\":1,\"name\":\"Home\",\"item\":\"https:\/\/communalfirstsaturdays.org\/\"},{\"@type\":\"ListItem\",\"position\":2,\"name\":\"Free Pamphlet Download\"}]},{\"@type\":\"WebSite\",\"@id\":\"https:\/\/communalfirstsaturdays.org\/#website\",\"url\":\"https:\/\/communalfirstsaturdays.org\/\",\"name\":\"The Communal First Saturdays\",\"description\":\"Power in Prayer Together\",\"publisher\":{\"@id\":\"https:\/\/communalfirstsaturdays.org\/#organization\"},\"potentialAction\":[{\"@type\":\"SearchAction\",\"target\":{\"@type\":\"EntryPoint\",\"urlTemplate\":\"https:\/\/communalfirstsaturdays.org\/?s={search_term_string}\"},\"query-input\":{\"@type\":\"PropertyValueSpecification\",\"valueRequired\":true,\"valueName\":\"search_term_string\"}}],\"inLanguage\":\"es\"},{\"@type\":\"Organization\",\"@id\":\"https:\/\/communalfirstsaturdays.org\/#organization\",\"name\":\"Communal First Saturdays\",\"url\":\"https:\/\/communalfirstsaturdays.org\/\",\"logo\":{\"@type\":\"ImageObject\",\"inLanguage\":\"es\",\"@id\":\"https:\/\/communalfirstsaturdays.org\/#\/schema\/logo\/image\/\",\"url\":\"https:\/\/communalfirstsaturdays.org\/wp-content\/uploads\/2019\/08\/cfs-logo-seo.png\",\"contentUrl\":\"https:\/\/communalfirstsaturdays.org\/wp-content\/uploads\/2019\/08\/cfs-logo-seo.png\",\"width\":800,\"height\":462,\"caption\":\"Communal First Saturdays\"},\"image\":{\"@id\":\"https:\/\/communalfirstsaturdays.org\/#\/schema\/logo\/image\/\"},\"sameAs\":[\"https:\/\/www.facebook.com\/CommunalFirstSaturdays\/\",\"https:\/\/x.com\/CFSApostolate\"]}]}<\/script>\n<!-- \/ Yoast SEO plugin. -->","yoast_head_json":{"title":"Free Pamphlet Download - The Communal First Saturdays","robots":{"index":"index","follow":"nofollow","max-snippet":"max-snippet:-1","max-image-preview":"max-image-preview:large","max-video-preview":"max-video-preview:-1"},"canonical":"https:\/\/communalfirstsaturdays.org\/es\/free-pamphlet-download\/","og_locale":"es_MX","og_type":"article","og_title":"Free Pamphlet Download - The Communal First Saturdays","og_description":"\u00a0 The following pamphlets can be distributed to others, without changes, via print, email, or other electronic ways. Downloadable pamphlets are available in English and Spanish.\u00a0 ENGLISH PAMPHLETS Printed copies of these can be ordered in the\u00a0store. For Individuals and leaders: The Eucharistic Revival from Heaven Basic Information about the Communal First Saturdays Starting the [&hellip;]","og_url":"https:\/\/communalfirstsaturdays.org\/es\/free-pamphlet-download\/","og_site_name":"The Communal First Saturdays","article_publisher":"https:\/\/www.facebook.com\/CommunalFirstSaturdays\/","article_modified_time":"2025-12-30T23:32:11+00:00","og_image":[{"width":1200,"height":782,"url":"https:\/\/communalfirstsaturdays.org\/wp-content\/uploads\/2023\/05\/full-sized-logo-color.jpg","type":"image\/jpeg"}],"twitter_card":"summary_large_image","twitter_site":"@CFSApostolate","twitter_misc":{"Tiempo de lectura":"2 minutos"},"schema":{"@context":"https:\/\/schema.org","@graph":[{"@type":"WebPage","@id":"https:\/\/communalfirstsaturdays.org\/free-pamphlet-download\/","url":"https:\/\/communalfirstsaturdays.org\/free-pamphlet-download\/","name":"Free Pamphlet Download - The Communal First Saturdays","isPartOf":{"@id":"https:\/\/communalfirstsaturdays.org\/#website"},"datePublished":"2021-01-27T17:30:23+00:00","dateModified":"2025-12-30T23:32:11+00:00","breadcrumb":{"@id":"https:\/\/communalfirstsaturdays.org\/free-pamphlet-download\/#breadcrumb"},"inLanguage":"es","potentialAction":[{"@type":"ReadAction","target":["https:\/\/communalfirstsaturdays.org\/free-pamphlet-download\/"]}]},{"@type":"BreadcrumbList","@id":"https:\/\/communalfirstsaturdays.org\/free-pamphlet-download\/#breadcrumb","itemListElement":[{"@type":"ListItem","position":1,"name":"Home","item":"https:\/\/communalfirstsaturdays.org\/"},{"@type":"ListItem","position":2,"name":"Free Pamphlet Download"}]},{"@type":"WebSite","@id":"https:\/\/communalfirstsaturdays.org\/#website","url":"https:\/\/communalfirstsaturdays.org\/","name":"The Communal First Saturdays","description":"El poder de rezar juntos","publisher":{"@id":"https:\/\/communalfirstsaturdays.org\/#organization"},"potentialAction":[{"@type":"SearchAction","target":{"@type":"EntryPoint","urlTemplate":"https:\/\/communalfirstsaturdays.org\/?s={search_term_string}"},"query-input":{"@type":"PropertyValueSpecification","valueRequired":true,"valueName":"search_term_string"}}],"inLanguage":"es"},{"@type":"Organization","@id":"https:\/\/communalfirstsaturdays.org\/#organization","name":"Los Primeros S\u00e1bados Comunitarios","url":"https:\/\/communalfirstsaturdays.org\/","logo":{"@type":"ImageObject","inLanguage":"es","@id":"https:\/\/communalfirstsaturdays.org\/#\/schema\/logo\/image\/","url":"https:\/\/communalfirstsaturdays.org\/wp-content\/uploads\/2019\/08\/cfs-logo-seo.png","contentUrl":"https:\/\/communalfirstsaturdays.org\/wp-content\/uploads\/2019\/08\/cfs-logo-seo.png","width":800,"height":462,"caption":"Communal First Saturdays"},"image":{"@id":"https:\/\/communalfirstsaturdays.org\/#\/schema\/logo\/image\/"},"sameAs":["https:\/\/www.facebook.com\/CommunalFirstSaturdays\/","https:\/\/x.com\/CFSApostolate"]}]}},"_links":{"self":[{"href":"https:\/\/communalfirstsaturdays.org\/es\/wp-json\/wp\/v2\/pages\/3060","targetHints":{"allow":["GET"]}}],"collection":[{"href":"https:\/\/communalfirstsaturdays.org\/es\/wp-json\/wp\/v2\/pages"}],"about":[{"href":"https:\/\/communalfirstsaturdays.org\/es\/wp-json\/wp\/v2\/types\/page"}],"author":[{"embeddable":true,"href":"https:\/\/communalfirstsaturdays.org\/es\/wp-json\/wp\/v2\/users\/3"}],"replies":[{"embeddable":true,"href":"https:\/\/communalfirstsaturdays.org\/es\/wp-json\/wp\/v2\/comments?post=3060"}],"version-history":[{"count":166,"href":"https:\/\/communalfirstsaturdays.org\/es\/wp-json\/wp\/v2\/pages\/3060\/revisions"}],"predecessor-version":[{"id":20903,"href":"https:\/\/communalfirstsaturdays.org\/es\/wp-json\/wp\/v2\/pages\/3060\/revisions\/20903"}],"wp:attachment":[{"href":"https:\/\/communalfirstsaturdays.org\/es\/wp-json\/wp\/v2\/media?parent=3060"}],"curies":[{"name":"wp","href":"https:\/\/api.w.org\/{rel}","templated":true}]}}