{"id":3062,"date":"2021-01-27T13:31:15","date_gmt":"2021-01-27T13:31:15","guid":{"rendered":"https:\/\/45d855c02b.nxcli.net\/?page_id=3062"},"modified":"2025-07-20T17:10:19","modified_gmt":"2025-07-20T17:10:19","slug":"special-status-of-the-communal-first-saturdays","status":"publish","type":"page","link":"https:\/\/communalfirstsaturdays.org\/es\/special-status-of-the-communal-first-saturdays\/","title":{"rendered":"Estatus Especial de los Primeros S\u00e1bados Comunitarios"},"content":{"rendered":"<div data-elementor-type=\"wp-page\" data-elementor-id=\"3062\" class=\"elementor elementor-3062\" data-elementor-post-type=\"page\">\n\t\t\t\t\t\t<section class=\"elementor-section elementor-top-section elementor-element elementor-element-4a882349 elementor-section-boxed elementor-section-height-default elementor-section-height-default\" data-id=\"4a882349\" data-element_type=\"section\" data-e-type=\"section\" data-settings=\"{&quot;jet_parallax_layout_list&quot;:[]}\">\n\t\t\t\t\t\t<div class=\"elementor-container elementor-column-gap-default\">\n\t\t\t\t\t<div class=\"elementor-column elementor-col-100 elementor-top-column elementor-element elementor-element-4d7ae477\" data-id=\"4d7ae477\" data-element_type=\"column\" data-e-type=\"column\">\n\t\t\t<div class=\"elementor-widget-wrap elementor-element-populated\">\n\t\t\t\t\t\t<div class=\"elementor-element elementor-element-b40eac8 elementor-widget elementor-widget-text-editor\" data-id=\"b40eac8\" data-element_type=\"widget\" data-e-type=\"widget\" data-widget_type=\"text-editor.default\">\n\t\t\t\t<div class=\"elementor-widget-container\">\n\t\t\t\t\t\t\t\t\t<p><b>Estatus <\/b><b>Especial de los Primeros S\u00e1bados Comunitarios<\/b><\/p><ul style=\"margin-bottom: 0;\"><li>Es importante comprender que el <i>imprimatur<\/i> de un libro y la aprobaci\u00f3n de una devoci\u00f3n que acompa\u00f1a la Liturgia seg\u00fan el Derecho Can\u00f3nico son dos cuestiones distintas. El libro de <i>The Communal First Saturdays<\/i> no solo tiene el <i>imprimatur<\/i>, sino que el orden en la devoci\u00f3n que acompa\u00f1a a la Misa tiene la aprobaci\u00f3n de la Iglesia.<\/li><li>. <i>Los Primeros S\u00e1bados Comunitarios <\/i>es la primera devoci\u00f3n p\u00fablica de los Primeros S\u00e1bados can\u00f3nicamente aprobada que acompa\u00f1a a la Liturgia con un texto estandarizado en varias lenguas. Puede establecerse en cualquier parroquia. Los materiales devocionales est\u00e1n aprobados por la Iglesia.<br \/><ul style=\"margin-bottom: 0;\"><li>Esta devoci\u00f3n tiene aprobaci\u00f3n oficial para realizar la pr\u00e1ctica p\u00fablica de los 4 requisitos de la Devoci\u00f3n de los Primeros S\u00e1bados con la intenci\u00f3n de hacer reparaci\u00f3n al Inmaculado Coraz\u00f3n de Mar\u00eda.<\/li><li>Se trata tambi\u00e9n de la aprobaci\u00f3n oficial de la disposici\u00f3n de los requisitos de manera que nos preparen para la misa y nos ayuden a obtener el mayor efecto de la Eucarist\u00eda despu\u00e9s de la misa. Para una informaci\u00f3n m\u00e1s detallada, v\u00e9ase<a href=\"https:\/\/drive.google.com\/file\/d\/1czLHdlZChd9j95Cx5lde7pMqZYAp1oC0\/view\"> <em>El Orden de Los Primeros S\u00e1bados Comunitarios<\/em> .<\/a>.<\/li><\/ul><\/li><\/ul><ul style=\"margin-bottom: 0;\"><li>. <em>Los Primeros S\u00e1bados Comunitarios<\/em> tambi\u00e9n se cumple lo que la Hermana Luc\u00eda dio a conocer despu\u00e9s de 1944 de que la oraci\u00f3n y la penitencia deben ser p\u00fablicas y colectivas<sup>1<\/sup> (comunitario).<ul><li>Debe entenderse que esta oraci\u00f3n y penitencia se suma al cumplimiento de nuestras obligaciones dominicales y de d\u00edas festivos.<\/li><li>As\u00ed que, aparte de estas obligaciones, la mayor oraci\u00f3n y penitencia p\u00fablica del Mensaje de F\u00e1tima son los Primeros S\u00e1bados realizados de forma p\u00fablica y comunitaria.<\/li><\/ul><\/li><\/ul><ul><li>. <em>Los Primeros S\u00e1bados Comunitarios<\/em> se reflejan las palabras del Papa San Juan XXIII: \"Evidentemente, el tipo de oraci\u00f3n m\u00e1s eficaz para obtener la protecci\u00f3n divina es la que se ofrece p\u00fablicamente por toda la comunidad; pues Nuestro Redentor dijo: \"Donde est\u00e1n dos o tres reunidos...\"\"<\/li><li class=\"O0\">Los Primeros S\u00e1bados Comunitarios son el ant\u00eddoto al problema que la Hna. Luc\u00eda identific\u00f3: \"A la gente le falta la paz porque le falta... la oraci\u00f3n p\u00fablica y colectiva\".<sup>1<\/sup> . <em>Los Primeros S\u00e1bados Comunitarios<\/em> ayudan a llevar la paz al pueblo.<\/li><\/ul><hr \/><p><sup>1<\/sup> (cf. \"Un camino bajo la mirada de Mar\u00eda\", p. 247).<\/p>\t\t\t\t\t\t\t\t<\/div>\n\t\t\t\t<\/div>\n\t\t\t\t\t<\/div>\n\t\t<\/div>\n\t\t\t\t\t<\/div>\n\t\t<\/section>\n\t\t\t\t<\/div>","protected":false},"excerpt":{"rendered":"<p>Special Status of the Communal First Saturdays We must understand that an imprimatur of a book and the approval of a devotion accompanying the Liturgy according to Church Law are two separate matters. Not only does The Communal First Saturdays book have an imprimatur, but its order of devotion accompanying the Mass has a separate [&hellip;]<\/p>\n","protected":false},"author":3,"featured_media":0,"parent":0,"menu_order":0,"comment_status":"closed","ping_status":"closed","template":"","meta":{"_acf_changed":false,"om_disable_all_campaigns":false,"_monsterinsights_skip_tracking":false,"_monsterinsights_sitenote_active":false,"_monsterinsights_sitenote_note":"","_monsterinsights_sitenote_category":0,"_uf_show_specific_survey":0,"_uf_disable_surveys":false,"site-sidebar-layout":"no-sidebar","site-content-layout":"plain-container","ast-site-content-layout":"default","site-content-style":"default","site-sidebar-style":"default","ast-global-header-display":"","ast-banner-title-visibility":"","ast-main-header-display":"","ast-hfb-above-header-display":"","ast-hfb-below-header-display":"","ast-hfb-mobile-header-display":"","site-post-title":"disabled","ast-breadcrumbs-content":"","ast-featured-img":"disabled","footer-sml-layout":"","ast-disable-related-posts":"","theme-transparent-header-meta":"default","adv-header-id-meta":"","stick-header-meta":"","header-above-stick-meta":"","header-main-stick-meta":"","header-below-stick-meta":"","astra-migrate-meta-layouts":"default","ast-page-background-enabled":"default","ast-page-background-meta":{"desktop":{"background-color":"","background-image":"","background-repeat":"repeat","background-position":"center center","background-size":"auto","background-attachment":"scroll","background-type":"","background-media":"","overlay-type":"","overlay-color":"","overlay-opacity":"","overlay-gradient":""},"tablet":{"background-color":"","background-image":"","background-repeat":"repeat","background-position":"center center","background-size":"auto","background-attachment":"scroll","background-type":"","background-media":"","overlay-type":"","overlay-color":"","overlay-opacity":"","overlay-gradient":""},"mobile":{"background-color":"","background-image":"","background-repeat":"repeat","background-position":"center center","background-size":"auto","background-attachment":"scroll","background-type":"","background-media":"","overlay-type":"","overlay-color":"","overlay-opacity":"","overlay-gradient":""}},"ast-content-background-meta":{"desktop":{"background-color":"var(--ast-global-color-5)","background-image":"","background-repeat":"repeat","background-position":"center center","background-size":"auto","background-attachment":"scroll","background-type":"","background-media":"","overlay-type":"","overlay-color":"","overlay-opacity":"","overlay-gradient":""},"tablet":{"background-color":"var(--ast-global-color-5)","background-image":"","background-repeat":"repeat","background-position":"center center","background-size":"auto","background-attachment":"scroll","background-type":"","background-media":"","overlay-type":"","overlay-color":"","overlay-opacity":"","overlay-gradient":""},"mobile":{"background-color":"var(--ast-global-color-5)","background-image":"","background-repeat":"repeat","background-position":"center center","background-size":"auto","background-attachment":"scroll","background-type":"","background-media":"","overlay-type":"","overlay-color":"","overlay-opacity":"","overlay-gradient":""}},"footnotes":""},"class_list":["post-3062","page","type-page","status-publish","hentry"],"acf":[],"aioseo_notices":[],"yoast_head":"<!-- This site is optimized with the Yoast SEO plugin v27.2 - https:\/\/yoast.com\/product\/yoast-seo-wordpress\/ -->\n<title>Special Status of the Communal First Saturdays - The Communal First Saturdays<\/title>\n<meta name=\"robots\" content=\"index, follow, max-snippet:-1, max-image-preview:large, max-video-preview:-1\" \/>\n<link rel=\"canonical\" href=\"https:\/\/communalfirstsaturdays.org\/es\/special-status-of-the-communal-first-saturdays\/\" \/>\n<meta property=\"og:locale\" content=\"es_MX\" \/>\n<meta property=\"og:type\" content=\"article\" \/>\n<meta property=\"og:title\" content=\"Special Status of the Communal First Saturdays - The Communal First Saturdays\" \/>\n<meta property=\"og:description\" content=\"Special Status of the Communal First Saturdays We must understand that an imprimatur of a book and the approval of a devotion accompanying the Liturgy according to Church Law are two separate matters. Not only does The Communal First Saturdays book have an imprimatur, but its order of devotion accompanying the Mass has a separate [&hellip;]\" \/>\n<meta property=\"og:url\" content=\"https:\/\/communalfirstsaturdays.org\/es\/special-status-of-the-communal-first-saturdays\/\" \/>\n<meta property=\"og:site_name\" content=\"The Communal First Saturdays\" \/>\n<meta property=\"article:publisher\" content=\"https:\/\/www.facebook.com\/CommunalFirstSaturdays\/\" \/>\n<meta property=\"article:modified_time\" content=\"2025-07-20T17:10:19+00:00\" \/>\n<meta property=\"og:image\" content=\"https:\/\/communalfirstsaturdays.org\/wp-content\/uploads\/2023\/05\/full-sized-logo-color.jpg\" \/>\n\t<meta property=\"og:image:width\" content=\"1200\" \/>\n\t<meta property=\"og:image:height\" content=\"782\" \/>\n\t<meta property=\"og:image:type\" content=\"image\/jpeg\" \/>\n<meta name=\"twitter:card\" content=\"summary_large_image\" \/>\n<meta name=\"twitter:site\" content=\"@CFSApostolate\" \/>\n<meta name=\"twitter:label1\" content=\"Tiempo de lectura\" \/>\n\t<meta name=\"twitter:data1\" content=\"2 minutos\" \/>\n<script type=\"application\/ld+json\" class=\"yoast-schema-graph\">{\"@context\":\"https:\/\/schema.org\",\"@graph\":[{\"@type\":\"WebPage\",\"@id\":\"https:\/\/communalfirstsaturdays.org\/special-status-of-the-communal-first-saturdays\/\",\"url\":\"https:\/\/communalfirstsaturdays.org\/special-status-of-the-communal-first-saturdays\/\",\"name\":\"Special Status of the Communal First Saturdays - The Communal First Saturdays\",\"isPartOf\":{\"@id\":\"https:\/\/communalfirstsaturdays.org\/#website\"},\"datePublished\":\"2021-01-27T13:31:15+00:00\",\"dateModified\":\"2025-07-20T17:10:19+00:00\",\"breadcrumb\":{\"@id\":\"https:\/\/communalfirstsaturdays.org\/special-status-of-the-communal-first-saturdays\/#breadcrumb\"},\"inLanguage\":\"es\",\"potentialAction\":[{\"@type\":\"ReadAction\",\"target\":[\"https:\/\/communalfirstsaturdays.org\/special-status-of-the-communal-first-saturdays\/\"]}]},{\"@type\":\"BreadcrumbList\",\"@id\":\"https:\/\/communalfirstsaturdays.org\/special-status-of-the-communal-first-saturdays\/#breadcrumb\",\"itemListElement\":[{\"@type\":\"ListItem\",\"position\":1,\"name\":\"Home\",\"item\":\"https:\/\/communalfirstsaturdays.org\/\"},{\"@type\":\"ListItem\",\"position\":2,\"name\":\"Special Status of the Communal First Saturdays\"}]},{\"@type\":\"WebSite\",\"@id\":\"https:\/\/communalfirstsaturdays.org\/#website\",\"url\":\"https:\/\/communalfirstsaturdays.org\/\",\"name\":\"The Communal First Saturdays\",\"description\":\"Power in Prayer Together\",\"publisher\":{\"@id\":\"https:\/\/communalfirstsaturdays.org\/#organization\"},\"potentialAction\":[{\"@type\":\"SearchAction\",\"target\":{\"@type\":\"EntryPoint\",\"urlTemplate\":\"https:\/\/communalfirstsaturdays.org\/?s={search_term_string}\"},\"query-input\":{\"@type\":\"PropertyValueSpecification\",\"valueRequired\":true,\"valueName\":\"search_term_string\"}}],\"inLanguage\":\"es\"},{\"@type\":\"Organization\",\"@id\":\"https:\/\/communalfirstsaturdays.org\/#organization\",\"name\":\"Communal First Saturdays\",\"url\":\"https:\/\/communalfirstsaturdays.org\/\",\"logo\":{\"@type\":\"ImageObject\",\"inLanguage\":\"es\",\"@id\":\"https:\/\/communalfirstsaturdays.org\/#\/schema\/logo\/image\/\",\"url\":\"https:\/\/communalfirstsaturdays.org\/wp-content\/uploads\/2019\/08\/cfs-logo-seo.png\",\"contentUrl\":\"https:\/\/communalfirstsaturdays.org\/wp-content\/uploads\/2019\/08\/cfs-logo-seo.png\",\"width\":800,\"height\":462,\"caption\":\"Communal First Saturdays\"},\"image\":{\"@id\":\"https:\/\/communalfirstsaturdays.org\/#\/schema\/logo\/image\/\"},\"sameAs\":[\"https:\/\/www.facebook.com\/CommunalFirstSaturdays\/\",\"https:\/\/x.com\/CFSApostolate\"]}]}<\/script>\n<!-- \/ Yoast SEO plugin. -->","yoast_head_json":{"title":"Special Status of the Communal First Saturdays - The Communal First Saturdays","robots":{"index":"index","follow":"follow","max-snippet":"max-snippet:-1","max-image-preview":"max-image-preview:large","max-video-preview":"max-video-preview:-1"},"canonical":"https:\/\/communalfirstsaturdays.org\/es\/special-status-of-the-communal-first-saturdays\/","og_locale":"es_MX","og_type":"article","og_title":"Special Status of the Communal First Saturdays - The Communal First Saturdays","og_description":"Special Status of the Communal First Saturdays We must understand that an imprimatur of a book and the approval of a devotion accompanying the Liturgy according to Church Law are two separate matters. Not only does The Communal First Saturdays book have an imprimatur, but its order of devotion accompanying the Mass has a separate [&hellip;]","og_url":"https:\/\/communalfirstsaturdays.org\/es\/special-status-of-the-communal-first-saturdays\/","og_site_name":"The Communal First Saturdays","article_publisher":"https:\/\/www.facebook.com\/CommunalFirstSaturdays\/","article_modified_time":"2025-07-20T17:10:19+00:00","og_image":[{"width":1200,"height":782,"url":"https:\/\/communalfirstsaturdays.org\/wp-content\/uploads\/2023\/05\/full-sized-logo-color.jpg","type":"image\/jpeg"}],"twitter_card":"summary_large_image","twitter_site":"@CFSApostolate","twitter_misc":{"Tiempo de lectura":"2 minutos"},"schema":{"@context":"https:\/\/schema.org","@graph":[{"@type":"WebPage","@id":"https:\/\/communalfirstsaturdays.org\/special-status-of-the-communal-first-saturdays\/","url":"https:\/\/communalfirstsaturdays.org\/special-status-of-the-communal-first-saturdays\/","name":"Special Status of the Communal First Saturdays - The Communal First Saturdays","isPartOf":{"@id":"https:\/\/communalfirstsaturdays.org\/#website"},"datePublished":"2021-01-27T13:31:15+00:00","dateModified":"2025-07-20T17:10:19+00:00","breadcrumb":{"@id":"https:\/\/communalfirstsaturdays.org\/special-status-of-the-communal-first-saturdays\/#breadcrumb"},"inLanguage":"es","potentialAction":[{"@type":"ReadAction","target":["https:\/\/communalfirstsaturdays.org\/special-status-of-the-communal-first-saturdays\/"]}]},{"@type":"BreadcrumbList","@id":"https:\/\/communalfirstsaturdays.org\/special-status-of-the-communal-first-saturdays\/#breadcrumb","itemListElement":[{"@type":"ListItem","position":1,"name":"Home","item":"https:\/\/communalfirstsaturdays.org\/"},{"@type":"ListItem","position":2,"name":"Special Status of the Communal First Saturdays"}]},{"@type":"WebSite","@id":"https:\/\/communalfirstsaturdays.org\/#website","url":"https:\/\/communalfirstsaturdays.org\/","name":"The Communal First Saturdays","description":"El poder de rezar juntos","publisher":{"@id":"https:\/\/communalfirstsaturdays.org\/#organization"},"potentialAction":[{"@type":"SearchAction","target":{"@type":"EntryPoint","urlTemplate":"https:\/\/communalfirstsaturdays.org\/?s={search_term_string}"},"query-input":{"@type":"PropertyValueSpecification","valueRequired":true,"valueName":"search_term_string"}}],"inLanguage":"es"},{"@type":"Organization","@id":"https:\/\/communalfirstsaturdays.org\/#organization","name":"Los Primeros S\u00e1bados Comunitarios","url":"https:\/\/communalfirstsaturdays.org\/","logo":{"@type":"ImageObject","inLanguage":"es","@id":"https:\/\/communalfirstsaturdays.org\/#\/schema\/logo\/image\/","url":"https:\/\/communalfirstsaturdays.org\/wp-content\/uploads\/2019\/08\/cfs-logo-seo.png","contentUrl":"https:\/\/communalfirstsaturdays.org\/wp-content\/uploads\/2019\/08\/cfs-logo-seo.png","width":800,"height":462,"caption":"Communal First Saturdays"},"image":{"@id":"https:\/\/communalfirstsaturdays.org\/#\/schema\/logo\/image\/"},"sameAs":["https:\/\/www.facebook.com\/CommunalFirstSaturdays\/","https:\/\/x.com\/CFSApostolate"]}]}},"_links":{"self":[{"href":"https:\/\/communalfirstsaturdays.org\/es\/wp-json\/wp\/v2\/pages\/3062","targetHints":{"allow":["GET"]}}],"collection":[{"href":"https:\/\/communalfirstsaturdays.org\/es\/wp-json\/wp\/v2\/pages"}],"about":[{"href":"https:\/\/communalfirstsaturdays.org\/es\/wp-json\/wp\/v2\/types\/page"}],"author":[{"embeddable":true,"href":"https:\/\/communalfirstsaturdays.org\/es\/wp-json\/wp\/v2\/users\/3"}],"replies":[{"embeddable":true,"href":"https:\/\/communalfirstsaturdays.org\/es\/wp-json\/wp\/v2\/comments?post=3062"}],"version-history":[{"count":66,"href":"https:\/\/communalfirstsaturdays.org\/es\/wp-json\/wp\/v2\/pages\/3062\/revisions"}],"predecessor-version":[{"id":20031,"href":"https:\/\/communalfirstsaturdays.org\/es\/wp-json\/wp\/v2\/pages\/3062\/revisions\/20031"}],"wp:attachment":[{"href":"https:\/\/communalfirstsaturdays.org\/es\/wp-json\/wp\/v2\/media?parent=3062"}],"curies":[{"name":"wp","href":"https:\/\/api.w.org\/{rel}","templated":true}]}}