{"id":3246,"date":"2021-02-12T04:49:01","date_gmt":"2021-02-12T04:49:01","guid":{"rendered":"https:\/\/45d855c02b.nxcli.net\/?page_id=3246"},"modified":"2024-11-23T03:21:03","modified_gmt":"2024-11-23T03:21:03","slug":"what-is-the-communal-first-saturdays","status":"publish","type":"page","link":"https:\/\/communalfirstsaturdays.org\/es\/what-is-the-communal-first-saturdays\/","title":{"rendered":"\u00bfQu\u00e9 son los Primeros S\u00e1bados Comunitarios?"},"content":{"rendered":"<div data-elementor-type=\"wp-page\" data-elementor-id=\"3246\" class=\"elementor elementor-3246\" data-elementor-post-type=\"page\">\n\t\t\t\t\t\t<section class=\"elementor-section elementor-top-section elementor-element elementor-element-0fd6fdb elementor-section-boxed elementor-section-height-default elementor-section-height-default\" data-id=\"0fd6fdb\" data-element_type=\"section\" data-e-type=\"section\" data-settings=\"{&quot;jet_parallax_layout_list&quot;:[]}\">\n\t\t\t\t\t\t<div class=\"elementor-container elementor-column-gap-default\">\n\t\t\t\t\t<div class=\"elementor-column elementor-col-100 elementor-top-column elementor-element elementor-element-08e18f2\" data-id=\"08e18f2\" data-element_type=\"column\" data-e-type=\"column\">\n\t\t\t<div class=\"elementor-widget-wrap elementor-element-populated\">\n\t\t\t\t\t\t<div class=\"elementor-element elementor-element-552ec51 elementor-widget elementor-widget-text-editor\" data-id=\"552ec51\" data-element_type=\"widget\" data-e-type=\"widget\" data-widget_type=\"text-editor.default\">\n\t\t\t\t<div class=\"elementor-widget-container\">\n\t\t\t\t\t\t\t\t\t<p style=\"text-align: left;\">.&nbsp;<em>Los Primeros S\u00e1bados Comunitarios<\/em>&nbsp;es un&nbsp;<a href=\"https:\/\/communalfirstsaturdays.org\/es\/schedule-for-the-communal-first-saturdays\/\" target=\"_blank\" rel=\"noopener\"><b>servicio parroquial programado<\/b><\/a>&nbsp;mensual en el que los fieles pueden&nbsp;<strong>unirse en las cuatro pr\u00e1cticas <\/strong> solicitadas por Nuestra Se\u00f1ora en <strong> reparaci\u00f3n<\/strong> a su Inmaculado Coraz\u00f3n (10 de diciembre de 1925).&nbsp;<strong style=\"font-style: inherit; color: var( --e-global-color-text ); font-family: var( --e-global-typography-text-font-family ), Sans-serif; background-color: var( --e-global-color-04310f9 );\">Las confesiones <\/strong><span style=\"font-style: inherit; font-weight: inherit; color: var( --e-global-color-text ); font-family: var( --e-global-typography-text-font-family ), Sans-serif; background-color: var( --e-global-color-04310f9 );\">&nbsp;est\u00e1n disponibles antes de la misa. Las oraciones iniciales y el rezo del <\/span><strong style=\"font-style: inherit; color: var( --e-global-color-text ); font-family: var( --e-global-typography-text-font-family ), Sans-serif; background-color: var( --e-global-color-04310f9 );\">Rosario<\/strong><span style=\"font-style: inherit; font-weight: inherit; color: var( --e-global-color-text ); font-family: var( --e-global-typography-text-font-family ), Sans-serif; background-color: var( --e-global-color-04310f9 );\"> preceden a la misa que incluye la&nbsp;<\/span><a href=\"https:\/\/communalfirstsaturdays.org\/es\/first-saturdays\/#communion-of-reparation\" target=\"_blank\" style=\"font-style: inherit; font-weight: inherit; font-family: var( --e-global-typography-text-font-family ), Sans-serif;\"><b>Comuni\u00f3n de reparaci\u00f3n<\/b><\/a><span style=\"font-style: inherit; font-weight: inherit; color: var( --e-global-color-text ); font-family: var( --e-global-typography-text-font-family ), Sans-serif; background-color: var( --e-global-color-04310f9 );\">. Despu\u00e9s de la misa sigue la <\/span><strong style=\"font-style: inherit; color: var( --e-global-color-text ); font-family: var( --e-global-typography-text-font-family ), Sans-serif; background-color: var( --e-global-color-04310f9 );\">meditaci\u00f3n<\/strong><span style=\"font-style: inherit; font-weight: inherit; color: var( --e-global-color-text ); font-family: var( --e-global-typography-text-font-family ), Sans-serif; background-color: var( --e-global-color-04310f9 );\"> <\/span><strong style=\"font-style: inherit; color: var( --e-global-color-text ); font-family: var( --e-global-typography-text-font-family ), Sans-serif; background-color: var( --e-global-color-04310f9 );\">comunitaria durante 15 minutos<\/strong><span style=\"font-style: inherit; font-weight: inherit; color: var( --e-global-color-text ); font-family: var( --e-global-typography-text-font-family ), Sans-serif; background-color: var( --e-global-color-04310f9 );\">&nbsp;en los misterios del Rosario en compa\u00f1\u00eda de Nuestro Se\u00f1or y Nuestra Se\u00f1ora. Esto se hace en forma de&nbsp;<\/span><strong style=\"font-style: inherit; color: var( --e-global-color-text ); font-family: var( --e-global-typography-text-font-family ), Sans-serif; background-color: var( --e-global-color-04310f9 );\"><em>lectio divina<\/em><\/strong><span style=\"font-style: inherit; font-weight: inherit; color: var( --e-global-color-text ); font-family: var( --e-global-typography-text-font-family ), Sans-serif; background-color: var( --e-global-color-04310f9 );\"> y utilizando <\/span><strong style=\"font-style: inherit; color: var( --e-global-color-text ); font-family: var( --e-global-typography-text-font-family ), Sans-serif; background-color: var( --e-global-color-04310f9 );\">la Escritura<\/strong><span style=\"font-style: inherit; font-weight: inherit; color: var( --e-global-color-text ); font-family: var( --e-global-typography-text-font-family ), Sans-serif; background-color: var( --e-global-color-04310f9 );\"> que est\u00e1 relacionada con los misterios del Rosario. Un<a href=\"https:\/\/communalfirstsaturdays.org\/es\/shop\/the-communal-first-saturdays-devotional-book\/\"> <\/a><\/span><font face=\"var( --e-global-typography-text-font-family ), Sans-serif\"><span style=\"font-style: inherit; font-weight: inherit;\"><a href=\"https:\/\/communalfirstsaturdays.org\/es\/shop\/the-communal-first-saturdays-devotional-book\/\">.<\/a><\/span><\/font><span style=\"font-style: inherit; font-weight: inherit; color: var( --e-global-color-text ); font-family: var( --e-global-typography-text-font-family ), Sans-serif; background-color: var( --e-global-color-04310f9 );\"> es utilizado por los fieles para guiarse mientras se realiza la devoci\u00f3n comunitaria ( <\/span><a href=\"https:\/\/www.amazon.com\/Communal-First-Saturdays-Devotional-ebook\/dp\/B08X6XZC97\/ref=sr_1_1?dchild=1&amp;keywords=first+saturdays+for+peace&amp;qid=1616000371&amp;sr=8-1\" style=\"font-style: inherit; font-weight: inherit; font-family: var( --e-global-typography-text-font-family ), Sans-serif;\">eBook<\/a><span style=\"font-style: inherit; font-weight: inherit; color: var( --e-global-color-text ); font-family: var( --e-global-typography-text-font-family ), Sans-serif; background-color: var( --e-global-color-04310f9 );\"> y <\/span><a href=\"https:\/\/communalfirstsaturdays.org\/es\/app-for-the-communal-first-saturdays\/\" style=\"font-style: inherit; font-weight: inherit; font-family: var( --e-global-typography-text-font-family ), Sans-serif;\">App<\/a><span style=\"font-style: inherit; font-weight: inherit; color: var( --e-global-color-text ); font-family: var( --e-global-typography-text-font-family ), Sans-serif; background-color: var( --e-global-color-04310f9 );\"> tambi\u00e9n disponibles). <\/span><strong style=\"font-style: inherit; color: var( --e-global-color-text ); font-family: var( --e-global-typography-text-font-family ), Sans-serif; background-color: var( --e-global-color-04310f9 );\">Cada una de las cuatro pr\u00e1cticas se realiza con la intenci\u00f3n de hacer reparaci\u00f3n al Coraz\u00f3n Inmaculado de Mar\u00eda.<\/strong><span style=\"font-style: inherit; font-weight: inherit; color: var( --e-global-color-text ); font-family: var( --e-global-typography-text-font-family ), Sans-serif; background-color: var( --e-global-color-04310f9 );\">.<\/span><\/p>\n<p style=\"text-align: left;\"><span style=\"font-style: inherit; font-weight: inherit; color: var( --e-global-color-text ); font-family: var( --e-global-typography-text-font-family ), Sans-serif; background-color: var( --e-global-color-04310f9 );\">Como regalos adicionales a Nuestro Se\u00f1or y Nuestra Se\u00f1ora, se rezan las Letan\u00edas de la Sant\u00edsima Virgen Mar\u00eda y las oraciones por el Santo Padre. Seguido, se recomienda realizar la devoci\u00f3n de la Visitaci\u00f3n de la Imagen de la Virgen Peregrina de la Iglesia al Hogar. Al final del servicio, se pone a disposici\u00f3n el Escapulario de la Virgen del Carmen y se recibe como signo de consagraci\u00f3n al Inmaculado Coraz\u00f3n de Mar\u00eda.<\/span><br><\/p>\n<p style=\"text-align: left;\">Esta celebraci\u00f3n comunitaria de los&nbsp;<a href=\"https:\/\/communalfirstsaturdays.org\/es\/first-saturdays-devotion-information\/\" target=\"_blank\">Primeros S\u00e1bados<\/a>&nbsp;ofrece una forma m\u00e1s f\u00e1cil de cumplir las condiciones de los&nbsp;<em>Primeros S\u00e1bados<\/em>. Adem\u00e1s, la celebraci\u00f3n comunitaria ofrece un servicio a trav\u00e9s del cual un n\u00famero mucho mayor de personas puede practicar la devoci\u00f3n de los&nbsp;<em>Primeros S\u00e1bados<\/em>, no s\u00f3lo por cinco&nbsp;<em>Primeros S\u00e1bados<\/em>consecutivos, sino tambi\u00e9n de forma continua. De este modo, podremos obtener las gracias de la conversi\u00f3n para nosotros y para los dem\u00e1s en mayor medida, y as\u00ed ayudar a que se haya un periodo de paz y de salvaci\u00f3n de las almas. Para m\u00e1s informaci\u00f3n, ver el folleto <em><a href=\"https:\/\/communalfirstsaturdays.org\/es\/shop\/the-order-of-the-communal-first-saturdays-pamphlet\/\">El Orden de Los Primeros S\u00e1bados Comunitarios<\/a><\/em> .<\/p>\t\t\t\t\t\t\t\t<\/div>\n\t\t\t\t<\/div>\n\t\t\t\t\t<\/div>\n\t\t<\/div>\n\t\t\t\t\t<\/div>\n\t\t<\/section>\n\t\t\t\t<section class=\"elementor-section elementor-top-section elementor-element elementor-element-ee9d6ee elementor-section-boxed elementor-section-height-default elementor-section-height-default\" data-id=\"ee9d6ee\" data-element_type=\"section\" data-e-type=\"section\" data-settings=\"{&quot;jet_parallax_layout_list&quot;:[]}\">\n\t\t\t\t\t\t<div class=\"elementor-container elementor-column-gap-default\">\n\t\t\t\t\t<div class=\"elementor-column elementor-col-100 elementor-top-column elementor-element elementor-element-be2da4e\" data-id=\"be2da4e\" data-element_type=\"column\" data-e-type=\"column\">\n\t\t\t<div class=\"elementor-widget-wrap elementor-element-populated\">\n\t\t\t\t\t\t<div class=\"elementor-element elementor-element-458121e elementor-widget elementor-widget-heading\" data-id=\"458121e\" data-element_type=\"widget\" data-e-type=\"widget\" data-widget_type=\"heading.default\">\n\t\t\t\t<div class=\"elementor-widget-container\">\n\t\t\t\t\t<h2 class=\"elementor-heading-title elementor-size-default\">Depende de ti.<\/h2>\t\t\t\t<\/div>\n\t\t\t\t<\/div>\n\t\t\t\t\t<\/div>\n\t\t<\/div>\n\t\t\t\t\t<\/div>\n\t\t<\/section>\n\t\t\t\t<section class=\"elementor-section elementor-top-section elementor-element elementor-element-5a9c80c elementor-section-boxed elementor-section-height-default elementor-section-height-default\" data-id=\"5a9c80c\" data-element_type=\"section\" data-e-type=\"section\" data-settings=\"{&quot;jet_parallax_layout_list&quot;:[]}\">\n\t\t\t\t\t\t<div class=\"elementor-container elementor-column-gap-default\">\n\t\t\t\t\t<div class=\"elementor-column elementor-col-100 elementor-top-column elementor-element elementor-element-056c734\" data-id=\"056c734\" data-element_type=\"column\" data-e-type=\"column\">\n\t\t\t<div class=\"elementor-widget-wrap elementor-element-populated\">\n\t\t\t\t\t\t<div class=\"elementor-element elementor-element-28c63dd elementor-widget elementor-widget-text-editor\" data-id=\"28c63dd\" data-element_type=\"widget\" data-e-type=\"widget\" data-widget_type=\"text-editor.default\">\n\t\t\t\t<div class=\"elementor-widget-container\">\n\t\t\t\t\t\t\t\t\t<p style=\"text-align: center;\">Haga clic<a href=\"https:\/\/communalfirstsaturdays.org\/es\/start\/\"> aqu\u00ed<\/a> para iniciar el <em>Los Primeros S\u00e1bados Comunitarios<\/em>.<\/p>\t\t\t\t\t\t\t\t<\/div>\n\t\t\t\t<\/div>\n\t\t\t\t\t<\/div>\n\t\t<\/div>\n\t\t\t\t\t<\/div>\n\t\t<\/section>\n\t\t\t\t<\/div>","protected":false},"excerpt":{"rendered":"<p>The&nbsp;Communal First Saturdays&nbsp;is a monthly&nbsp;scheduled parish service&nbsp;in which the faithful can&nbsp;join together in the four practices requested by Our Lady in reparation to her Immaculate Heart (December 10, 1925).&nbsp;Confessions &nbsp;are available before Mass. The opening prayers and the recitation of the Rosary precede Mass which includes the&nbsp;Communion of reparation. The Mass is followed by keeping [&hellip;]<\/p>\n","protected":false},"author":2,"featured_media":0,"parent":0,"menu_order":0,"comment_status":"closed","ping_status":"closed","template":"","meta":{"_acf_changed":false,"om_disable_all_campaigns":false,"_monsterinsights_skip_tracking":false,"_monsterinsights_sitenote_active":false,"_monsterinsights_sitenote_note":"","_monsterinsights_sitenote_category":0,"_uf_show_specific_survey":0,"_uf_disable_surveys":false,"site-sidebar-layout":"no-sidebar","site-content-layout":"page-builder","ast-site-content-layout":"default","site-content-style":"default","site-sidebar-style":"default","ast-global-header-display":"","ast-banner-title-visibility":"","ast-main-header-display":"","ast-hfb-above-header-display":"","ast-hfb-below-header-display":"","ast-hfb-mobile-header-display":"","site-post-title":"disabled","ast-breadcrumbs-content":"","ast-featured-img":"disabled","footer-sml-layout":"","ast-disable-related-posts":"","theme-transparent-header-meta":"default","adv-header-id-meta":"","stick-header-meta":"","header-above-stick-meta":"","header-main-stick-meta":"","header-below-stick-meta":"","astra-migrate-meta-layouts":"default","ast-page-background-enabled":"default","ast-page-background-meta":{"desktop":{"background-color":"","background-image":"","background-repeat":"repeat","background-position":"center center","background-size":"auto","background-attachment":"scroll","background-type":"","background-media":"","overlay-type":"","overlay-color":"","overlay-opacity":"","overlay-gradient":""},"tablet":{"background-color":"","background-image":"","background-repeat":"repeat","background-position":"center center","background-size":"auto","background-attachment":"scroll","background-type":"","background-media":"","overlay-type":"","overlay-color":"","overlay-opacity":"","overlay-gradient":""},"mobile":{"background-color":"","background-image":"","background-repeat":"repeat","background-position":"center center","background-size":"auto","background-attachment":"scroll","background-type":"","background-media":"","overlay-type":"","overlay-color":"","overlay-opacity":"","overlay-gradient":""}},"ast-content-background-meta":{"desktop":{"background-color":"var(--ast-global-color-5)","background-image":"","background-repeat":"repeat","background-position":"center center","background-size":"auto","background-attachment":"scroll","background-type":"","background-media":"","overlay-type":"","overlay-color":"","overlay-opacity":"","overlay-gradient":""},"tablet":{"background-color":"var(--ast-global-color-5)","background-image":"","background-repeat":"repeat","background-position":"center center","background-size":"auto","background-attachment":"scroll","background-type":"","background-media":"","overlay-type":"","overlay-color":"","overlay-opacity":"","overlay-gradient":""},"mobile":{"background-color":"var(--ast-global-color-5)","background-image":"","background-repeat":"repeat","background-position":"center center","background-size":"auto","background-attachment":"scroll","background-type":"","background-media":"","overlay-type":"","overlay-color":"","overlay-opacity":"","overlay-gradient":""}},"footnotes":""},"class_list":["post-3246","page","type-page","status-publish","hentry"],"acf":[],"aioseo_notices":[],"yoast_head":"<!-- This site is optimized with the Yoast SEO plugin v27.2 - https:\/\/yoast.com\/product\/yoast-seo-wordpress\/ -->\n<title>What is the Communal First Saturdays? | CFS Apostolate<\/title>\n<meta name=\"description\" content=\"The Communal First Saturdays is a monthly scheduled parish service in which the faithful can join together in the four practices requested by Our Lady.\" \/>\n<meta name=\"robots\" content=\"index, follow, max-snippet:-1, max-image-preview:large, max-video-preview:-1\" \/>\n<link rel=\"canonical\" href=\"https:\/\/communalfirstsaturdays.org\/es\/what-is-the-communal-first-saturdays\/\" \/>\n<meta property=\"og:locale\" content=\"es_MX\" \/>\n<meta property=\"og:type\" content=\"article\" \/>\n<meta property=\"og:title\" content=\"What is the Communal First Saturdays? | CFS Apostolate\" \/>\n<meta property=\"og:description\" content=\"The Communal First Saturdays is a monthly scheduled parish service in which the faithful can join together in the four practices requested by Our Lady.\" \/>\n<meta property=\"og:url\" content=\"https:\/\/communalfirstsaturdays.org\/es\/what-is-the-communal-first-saturdays\/\" \/>\n<meta property=\"og:site_name\" content=\"The Communal First Saturdays\" \/>\n<meta property=\"article:publisher\" content=\"https:\/\/www.facebook.com\/CommunalFirstSaturdays\/\" \/>\n<meta property=\"article:modified_time\" content=\"2024-11-23T03:21:03+00:00\" \/>\n<meta property=\"og:image\" content=\"https:\/\/communalfirstsaturdays.org\/wp-content\/uploads\/2023\/05\/full-sized-logo-color.jpg\" \/>\n\t<meta property=\"og:image:width\" content=\"1200\" \/>\n\t<meta property=\"og:image:height\" content=\"782\" \/>\n\t<meta property=\"og:image:type\" content=\"image\/jpeg\" \/>\n<meta name=\"twitter:card\" content=\"summary_large_image\" \/>\n<meta name=\"twitter:site\" content=\"@CFSApostolate\" \/>\n<meta name=\"twitter:label1\" content=\"Tiempo de lectura\" \/>\n\t<meta name=\"twitter:data1\" content=\"2 minutos\" \/>\n<script type=\"application\/ld+json\" class=\"yoast-schema-graph\">{\"@context\":\"https:\/\/schema.org\",\"@graph\":[{\"@type\":\"WebPage\",\"@id\":\"https:\/\/communalfirstsaturdays.org\/what-is-the-communal-first-saturdays\/\",\"url\":\"https:\/\/communalfirstsaturdays.org\/what-is-the-communal-first-saturdays\/\",\"name\":\"What is the Communal First Saturdays? | CFS Apostolate\",\"isPartOf\":{\"@id\":\"https:\/\/communalfirstsaturdays.org\/#website\"},\"datePublished\":\"2021-02-12T04:49:01+00:00\",\"dateModified\":\"2024-11-23T03:21:03+00:00\",\"description\":\"The Communal First Saturdays is a monthly scheduled parish service in which the faithful can join together in the four practices requested by Our Lady.\",\"breadcrumb\":{\"@id\":\"https:\/\/communalfirstsaturdays.org\/what-is-the-communal-first-saturdays\/#breadcrumb\"},\"inLanguage\":\"es\",\"potentialAction\":[{\"@type\":\"ReadAction\",\"target\":[\"https:\/\/communalfirstsaturdays.org\/what-is-the-communal-first-saturdays\/\"]}]},{\"@type\":\"BreadcrumbList\",\"@id\":\"https:\/\/communalfirstsaturdays.org\/what-is-the-communal-first-saturdays\/#breadcrumb\",\"itemListElement\":[{\"@type\":\"ListItem\",\"position\":1,\"name\":\"Home\",\"item\":\"https:\/\/communalfirstsaturdays.org\/\"},{\"@type\":\"ListItem\",\"position\":2,\"name\":\"What is the Communal First Saturdays?\"}]},{\"@type\":\"WebSite\",\"@id\":\"https:\/\/communalfirstsaturdays.org\/#website\",\"url\":\"https:\/\/communalfirstsaturdays.org\/\",\"name\":\"The Communal First Saturdays\",\"description\":\"Power in Prayer Together\",\"publisher\":{\"@id\":\"https:\/\/communalfirstsaturdays.org\/#organization\"},\"potentialAction\":[{\"@type\":\"SearchAction\",\"target\":{\"@type\":\"EntryPoint\",\"urlTemplate\":\"https:\/\/communalfirstsaturdays.org\/?s={search_term_string}\"},\"query-input\":{\"@type\":\"PropertyValueSpecification\",\"valueRequired\":true,\"valueName\":\"search_term_string\"}}],\"inLanguage\":\"es\"},{\"@type\":\"Organization\",\"@id\":\"https:\/\/communalfirstsaturdays.org\/#organization\",\"name\":\"Communal First Saturdays\",\"url\":\"https:\/\/communalfirstsaturdays.org\/\",\"logo\":{\"@type\":\"ImageObject\",\"inLanguage\":\"es\",\"@id\":\"https:\/\/communalfirstsaturdays.org\/#\/schema\/logo\/image\/\",\"url\":\"https:\/\/communalfirstsaturdays.org\/wp-content\/uploads\/2019\/08\/cfs-logo-seo.png\",\"contentUrl\":\"https:\/\/communalfirstsaturdays.org\/wp-content\/uploads\/2019\/08\/cfs-logo-seo.png\",\"width\":800,\"height\":462,\"caption\":\"Communal First Saturdays\"},\"image\":{\"@id\":\"https:\/\/communalfirstsaturdays.org\/#\/schema\/logo\/image\/\"},\"sameAs\":[\"https:\/\/www.facebook.com\/CommunalFirstSaturdays\/\",\"https:\/\/x.com\/CFSApostolate\"]}]}<\/script>\n<!-- \/ Yoast SEO plugin. -->","yoast_head_json":{"title":"What is the Communal First Saturdays? | CFS Apostolate","description":"The Communal First Saturdays is a monthly scheduled parish service in which the faithful can join together in the four practices requested by Our Lady.","robots":{"index":"index","follow":"follow","max-snippet":"max-snippet:-1","max-image-preview":"max-image-preview:large","max-video-preview":"max-video-preview:-1"},"canonical":"https:\/\/communalfirstsaturdays.org\/es\/what-is-the-communal-first-saturdays\/","og_locale":"es_MX","og_type":"article","og_title":"What is the Communal First Saturdays? | CFS Apostolate","og_description":"The Communal First Saturdays is a monthly scheduled parish service in which the faithful can join together in the four practices requested by Our Lady.","og_url":"https:\/\/communalfirstsaturdays.org\/es\/what-is-the-communal-first-saturdays\/","og_site_name":"The Communal First Saturdays","article_publisher":"https:\/\/www.facebook.com\/CommunalFirstSaturdays\/","article_modified_time":"2024-11-23T03:21:03+00:00","og_image":[{"width":1200,"height":782,"url":"https:\/\/communalfirstsaturdays.org\/wp-content\/uploads\/2023\/05\/full-sized-logo-color.jpg","type":"image\/jpeg"}],"twitter_card":"summary_large_image","twitter_site":"@CFSApostolate","twitter_misc":{"Tiempo de lectura":"2 minutos"},"schema":{"@context":"https:\/\/schema.org","@graph":[{"@type":"WebPage","@id":"https:\/\/communalfirstsaturdays.org\/what-is-the-communal-first-saturdays\/","url":"https:\/\/communalfirstsaturdays.org\/what-is-the-communal-first-saturdays\/","name":"What is the Communal First Saturdays? | CFS Apostolate","isPartOf":{"@id":"https:\/\/communalfirstsaturdays.org\/#website"},"datePublished":"2021-02-12T04:49:01+00:00","dateModified":"2024-11-23T03:21:03+00:00","description":"The Communal First Saturdays is a monthly scheduled parish service in which the faithful can join together in the four practices requested by Our Lady.","breadcrumb":{"@id":"https:\/\/communalfirstsaturdays.org\/what-is-the-communal-first-saturdays\/#breadcrumb"},"inLanguage":"es","potentialAction":[{"@type":"ReadAction","target":["https:\/\/communalfirstsaturdays.org\/what-is-the-communal-first-saturdays\/"]}]},{"@type":"BreadcrumbList","@id":"https:\/\/communalfirstsaturdays.org\/what-is-the-communal-first-saturdays\/#breadcrumb","itemListElement":[{"@type":"ListItem","position":1,"name":"Home","item":"https:\/\/communalfirstsaturdays.org\/"},{"@type":"ListItem","position":2,"name":"What is the Communal First Saturdays?"}]},{"@type":"WebSite","@id":"https:\/\/communalfirstsaturdays.org\/#website","url":"https:\/\/communalfirstsaturdays.org\/","name":"The Communal First Saturdays","description":"El poder de rezar juntos","publisher":{"@id":"https:\/\/communalfirstsaturdays.org\/#organization"},"potentialAction":[{"@type":"SearchAction","target":{"@type":"EntryPoint","urlTemplate":"https:\/\/communalfirstsaturdays.org\/?s={search_term_string}"},"query-input":{"@type":"PropertyValueSpecification","valueRequired":true,"valueName":"search_term_string"}}],"inLanguage":"es"},{"@type":"Organization","@id":"https:\/\/communalfirstsaturdays.org\/#organization","name":"Los Primeros S\u00e1bados Comunitarios","url":"https:\/\/communalfirstsaturdays.org\/","logo":{"@type":"ImageObject","inLanguage":"es","@id":"https:\/\/communalfirstsaturdays.org\/#\/schema\/logo\/image\/","url":"https:\/\/communalfirstsaturdays.org\/wp-content\/uploads\/2019\/08\/cfs-logo-seo.png","contentUrl":"https:\/\/communalfirstsaturdays.org\/wp-content\/uploads\/2019\/08\/cfs-logo-seo.png","width":800,"height":462,"caption":"Communal First Saturdays"},"image":{"@id":"https:\/\/communalfirstsaturdays.org\/#\/schema\/logo\/image\/"},"sameAs":["https:\/\/www.facebook.com\/CommunalFirstSaturdays\/","https:\/\/x.com\/CFSApostolate"]}]}},"_links":{"self":[{"href":"https:\/\/communalfirstsaturdays.org\/es\/wp-json\/wp\/v2\/pages\/3246","targetHints":{"allow":["GET"]}}],"collection":[{"href":"https:\/\/communalfirstsaturdays.org\/es\/wp-json\/wp\/v2\/pages"}],"about":[{"href":"https:\/\/communalfirstsaturdays.org\/es\/wp-json\/wp\/v2\/types\/page"}],"author":[{"embeddable":true,"href":"https:\/\/communalfirstsaturdays.org\/es\/wp-json\/wp\/v2\/users\/2"}],"replies":[{"embeddable":true,"href":"https:\/\/communalfirstsaturdays.org\/es\/wp-json\/wp\/v2\/comments?post=3246"}],"version-history":[{"count":46,"href":"https:\/\/communalfirstsaturdays.org\/es\/wp-json\/wp\/v2\/pages\/3246\/revisions"}],"predecessor-version":[{"id":18265,"href":"https:\/\/communalfirstsaturdays.org\/es\/wp-json\/wp\/v2\/pages\/3246\/revisions\/18265"}],"wp:attachment":[{"href":"https:\/\/communalfirstsaturdays.org\/es\/wp-json\/wp\/v2\/media?parent=3246"}],"curies":[{"name":"wp","href":"https:\/\/api.w.org\/{rel}","templated":true}]}}