{"id":4068,"date":"2021-03-23T16:05:26","date_gmt":"2021-03-23T16:05:26","guid":{"rendered":"https:\/\/45d855c02b.nxcli.net\/?page_id=4068"},"modified":"2021-12-22T04:10:06","modified_gmt":"2021-12-22T04:10:06","slug":"prayers-for-spread","status":"publish","type":"page","link":"https:\/\/communalfirstsaturdays.org\/es\/prayers-for-spread\/","title":{"rendered":"Oraciones para la difusi\u00f3n de los Primeros S\u00e1bados y Los Primeros S\u00e1bados Comunitarios"},"content":{"rendered":"<div data-elementor-type=\"wp-page\" data-elementor-id=\"4068\" class=\"elementor elementor-4068\" data-elementor-post-type=\"page\">\n\t\t\t\t\t\t<section class=\"elementor-section elementor-top-section elementor-element elementor-element-0ea7194 elementor-section-boxed elementor-section-height-default elementor-section-height-default\" data-id=\"0ea7194\" data-element_type=\"section\" data-e-type=\"section\" data-settings=\"{&quot;jet_parallax_layout_list&quot;:[]}\">\n\t\t\t\t\t\t<div class=\"elementor-container elementor-column-gap-default\">\n\t\t\t\t\t<div class=\"elementor-column elementor-col-100 elementor-top-column elementor-element elementor-element-83bea9a\" data-id=\"83bea9a\" data-element_type=\"column\" data-e-type=\"column\">\n\t\t\t<div class=\"elementor-widget-wrap elementor-element-populated\">\n\t\t\t\t\t\t<div class=\"elementor-element elementor-element-8c86c60 elementor-widget elementor-widget-text-editor\" data-id=\"8c86c60\" data-element_type=\"widget\" data-e-type=\"widget\" data-widget_type=\"text-editor.default\">\n\t\t\t\t<div class=\"elementor-widget-container\">\n\t\t\t\t\t\t\t\t\t<p class=\"x_MsoNormal\" align=\"center\"><b>Oraci\u00f3n por la difusi\u00f3n y la pr\u00e1ctica de los Primeros S\u00e1bados\u00a0<\/b><\/p><p class=\"x_MsoNormal\" align=\"center\">Oh Jes\u00fas, Se\u00f1or de se\u00f1ores y Rey de reyes, por la s\u00faplica maternal del Inmaculado Coraz\u00f3n de Mar\u00eda, env\u00eda tu Esp\u00edritu Santo a nuestros corazones para remover las escamas que traen la ceguera espiritual. Perm\u00edtenos escuchar tu voz que implora reparaci\u00f3n al Coraz\u00f3n de tu Amada Madre y por las ofensas a tu propio Coraz\u00f3n Sacrat\u00edsimo. Abre nuestros ojos a la pr\u00e1ctica de la devoci\u00f3n de los <i>Los Primeros S\u00e1bados Comunitarios<\/i> para que nos preparemos para una Comuni\u00f3n de Reparaci\u00f3n, arrepinti\u00e9ndonos de nuestros pecados y acerc\u00e1ndonos a Ti por medio del Inmaculado Coraz\u00f3n de Mar\u00eda en su Rosario. De esta manera, esperamos que permanezcas con nosotros inmerso en los misterios del Rosario en la meditaci\u00f3n separada en compa\u00f1\u00eda de Mar\u00eda. Protege Los <i>Los Primeros S\u00e1bados Comunitarios<\/i> de los enga\u00f1os de Satan\u00e1s por medio de la protecci\u00f3n vigilante de San Jos\u00e9, el terror de los demonios. Que San Jos\u00e9 env\u00ede a San Miguel con sus \u00e1ngeles a arrojar al infierno a Satan\u00e1s y a los dem\u00e1s esp\u00edritus malignos.  Am\u00e9n.\u00a0<\/p><p class=\"x_MsoNormal\" align=\"center\"><b>Oraci\u00f3n a San Jos\u00e9 para los Primeros S\u00e1bados\u00a0<\/b><\/p><p class=\"x_MsoNormal\" align=\"center\">Amado San Jos\u00e9, te imploramos que lleves a una gran multitud de almas a la devoci\u00f3n del Inmaculado Coraz\u00f3n de Mar\u00eda. Por favor, ay\u00fadales a reparar los pecados contra su Coraz\u00f3n a trav\u00e9s de la Devoci\u00f3n de los Primeros S\u00e1bados, que nos han dado Jes\u00fas y su Madre. Te pedimos, San Jos\u00e9, que ayudes a estas almas a hacer esto de una manera muy poderosa, a trav\u00e9s de Los\u00a0<i>Los Primeros S\u00e1bados Comunitarios<\/i>. San Jos\u00e9, env\u00eda a los Santos \u00c1ngeles para que iluminen sus mentes. Adem\u00e1s, obt\u00e9n para los fieles la gracia de practicar los Primeros S\u00e1bados de manera que se reconozca p\u00fablicamente que la Virgen nos ha dado la victoria sobre Satan\u00e1s y su cultura de la muerte, especialmente a trav\u00e9s de Los\u00a0<i>Los Primeros S\u00e1bados Comunitarios<\/i>. Am\u00e9n.\u00a0<\/p>\t\t\t\t\t\t\t\t<\/div>\n\t\t\t\t<\/div>\n\t\t\t\t\t<\/div>\n\t\t<\/div>\n\t\t\t\t\t<\/div>\n\t\t<\/section>\n\t\t\t\t<\/div>","protected":false},"excerpt":{"rendered":"<p>Prayer for the Spread and Practice of the First Saturdays\u00a0 O Jesus, Lord of lords and King of kings, through the Maternal pleading of the Immaculate Heart of Mary, send forth Your Holy Spirit into our hearts to lift the scales, which bring spiritual blindness. Enable us to hear your voice, imploring us to make [&hellip;]<\/p>\n","protected":false},"author":2,"featured_media":0,"parent":0,"menu_order":0,"comment_status":"closed","ping_status":"closed","template":"","meta":{"_acf_changed":false,"om_disable_all_campaigns":false,"_monsterinsights_skip_tracking":false,"_monsterinsights_sitenote_active":false,"_monsterinsights_sitenote_note":"","_monsterinsights_sitenote_category":0,"_uf_show_specific_survey":0,"_uf_disable_surveys":false,"site-sidebar-layout":"no-sidebar","site-content-layout":"page-builder","ast-site-content-layout":"default","site-content-style":"default","site-sidebar-style":"default","ast-global-header-display":"","ast-banner-title-visibility":"","ast-main-header-display":"","ast-hfb-above-header-display":"","ast-hfb-below-header-display":"","ast-hfb-mobile-header-display":"","site-post-title":"disabled","ast-breadcrumbs-content":"","ast-featured-img":"disabled","footer-sml-layout":"","ast-disable-related-posts":"","theme-transparent-header-meta":"default","adv-header-id-meta":"","stick-header-meta":"","header-above-stick-meta":"","header-main-stick-meta":"","header-below-stick-meta":"","astra-migrate-meta-layouts":"default","ast-page-background-enabled":"default","ast-page-background-meta":{"desktop":{"background-color":"","background-image":"","background-repeat":"repeat","background-position":"center center","background-size":"auto","background-attachment":"scroll","background-type":"","background-media":"","overlay-type":"","overlay-color":"","overlay-opacity":"","overlay-gradient":""},"tablet":{"background-color":"","background-image":"","background-repeat":"repeat","background-position":"center center","background-size":"auto","background-attachment":"scroll","background-type":"","background-media":"","overlay-type":"","overlay-color":"","overlay-opacity":"","overlay-gradient":""},"mobile":{"background-color":"","background-image":"","background-repeat":"repeat","background-position":"center center","background-size":"auto","background-attachment":"scroll","background-type":"","background-media":"","overlay-type":"","overlay-color":"","overlay-opacity":"","overlay-gradient":""}},"ast-content-background-meta":{"desktop":{"background-color":"var(--ast-global-color-5)","background-image":"","background-repeat":"repeat","background-position":"center center","background-size":"auto","background-attachment":"scroll","background-type":"","background-media":"","overlay-type":"","overlay-color":"","overlay-opacity":"","overlay-gradient":""},"tablet":{"background-color":"var(--ast-global-color-5)","background-image":"","background-repeat":"repeat","background-position":"center center","background-size":"auto","background-attachment":"scroll","background-type":"","background-media":"","overlay-type":"","overlay-color":"","overlay-opacity":"","overlay-gradient":""},"mobile":{"background-color":"var(--ast-global-color-5)","background-image":"","background-repeat":"repeat","background-position":"center center","background-size":"auto","background-attachment":"scroll","background-type":"","background-media":"","overlay-type":"","overlay-color":"","overlay-opacity":"","overlay-gradient":""}},"footnotes":""},"class_list":["post-4068","page","type-page","status-publish","hentry"],"acf":[],"aioseo_notices":[],"yoast_head":"<!-- This site is optimized with the Yoast SEO plugin v27.2 - https:\/\/yoast.com\/product\/yoast-seo-wordpress\/ -->\n<title>Prayers for the Spread of the First Saturdays &amp; the Communal First Saturdays - The Communal First Saturdays<\/title>\n<meta name=\"robots\" content=\"index, follow, max-snippet:-1, max-image-preview:large, max-video-preview:-1\" \/>\n<link rel=\"canonical\" href=\"https:\/\/communalfirstsaturdays.org\/es\/prayers-for-spread\/\" \/>\n<meta property=\"og:locale\" content=\"es_MX\" \/>\n<meta property=\"og:type\" content=\"article\" \/>\n<meta property=\"og:title\" content=\"Prayers for the Spread of the First Saturdays &amp; the Communal First Saturdays - The Communal First Saturdays\" \/>\n<meta property=\"og:description\" content=\"Prayer for the Spread and Practice of the First Saturdays\u00a0 O Jesus, Lord of lords and King of kings, through the Maternal pleading of the Immaculate Heart of Mary, send forth Your Holy Spirit into our hearts to lift the scales, which bring spiritual blindness. Enable us to hear your voice, imploring us to make [&hellip;]\" \/>\n<meta property=\"og:url\" content=\"https:\/\/communalfirstsaturdays.org\/es\/prayers-for-spread\/\" \/>\n<meta property=\"og:site_name\" content=\"The Communal First Saturdays\" \/>\n<meta property=\"article:publisher\" content=\"https:\/\/www.facebook.com\/CommunalFirstSaturdays\/\" \/>\n<meta property=\"article:modified_time\" content=\"2021-12-22T04:10:06+00:00\" \/>\n<meta property=\"og:image\" content=\"https:\/\/communalfirstsaturdays.org\/wp-content\/uploads\/2023\/05\/full-sized-logo-color.jpg\" \/>\n\t<meta property=\"og:image:width\" content=\"1200\" \/>\n\t<meta property=\"og:image:height\" content=\"782\" \/>\n\t<meta property=\"og:image:type\" content=\"image\/jpeg\" \/>\n<meta name=\"twitter:card\" content=\"summary_large_image\" \/>\n<meta name=\"twitter:site\" content=\"@CFSApostolate\" \/>\n<meta name=\"twitter:label1\" content=\"Tiempo de lectura\" \/>\n\t<meta name=\"twitter:data1\" content=\"2 minutos\" \/>\n<script type=\"application\/ld+json\" class=\"yoast-schema-graph\">{\"@context\":\"https:\/\/schema.org\",\"@graph\":[{\"@type\":\"WebPage\",\"@id\":\"https:\/\/communalfirstsaturdays.org\/prayers-for-spread\/\",\"url\":\"https:\/\/communalfirstsaturdays.org\/prayers-for-spread\/\",\"name\":\"Prayers for the Spread of the First Saturdays & the Communal First Saturdays - The Communal First Saturdays\",\"isPartOf\":{\"@id\":\"https:\/\/communalfirstsaturdays.org\/#website\"},\"datePublished\":\"2021-03-23T16:05:26+00:00\",\"dateModified\":\"2021-12-22T04:10:06+00:00\",\"breadcrumb\":{\"@id\":\"https:\/\/communalfirstsaturdays.org\/prayers-for-spread\/#breadcrumb\"},\"inLanguage\":\"es\",\"potentialAction\":[{\"@type\":\"ReadAction\",\"target\":[\"https:\/\/communalfirstsaturdays.org\/prayers-for-spread\/\"]}]},{\"@type\":\"BreadcrumbList\",\"@id\":\"https:\/\/communalfirstsaturdays.org\/prayers-for-spread\/#breadcrumb\",\"itemListElement\":[{\"@type\":\"ListItem\",\"position\":1,\"name\":\"Home\",\"item\":\"https:\/\/communalfirstsaturdays.org\/\"},{\"@type\":\"ListItem\",\"position\":2,\"name\":\"Prayers for the Spread of the First Saturdays &#038; the Communal First Saturdays\"}]},{\"@type\":\"WebSite\",\"@id\":\"https:\/\/communalfirstsaturdays.org\/#website\",\"url\":\"https:\/\/communalfirstsaturdays.org\/\",\"name\":\"The Communal First Saturdays\",\"description\":\"Power in Prayer Together\",\"publisher\":{\"@id\":\"https:\/\/communalfirstsaturdays.org\/#organization\"},\"potentialAction\":[{\"@type\":\"SearchAction\",\"target\":{\"@type\":\"EntryPoint\",\"urlTemplate\":\"https:\/\/communalfirstsaturdays.org\/?s={search_term_string}\"},\"query-input\":{\"@type\":\"PropertyValueSpecification\",\"valueRequired\":true,\"valueName\":\"search_term_string\"}}],\"inLanguage\":\"es\"},{\"@type\":\"Organization\",\"@id\":\"https:\/\/communalfirstsaturdays.org\/#organization\",\"name\":\"Communal First Saturdays\",\"url\":\"https:\/\/communalfirstsaturdays.org\/\",\"logo\":{\"@type\":\"ImageObject\",\"inLanguage\":\"es\",\"@id\":\"https:\/\/communalfirstsaturdays.org\/#\/schema\/logo\/image\/\",\"url\":\"https:\/\/communalfirstsaturdays.org\/wp-content\/uploads\/2019\/08\/cfs-logo-seo.png\",\"contentUrl\":\"https:\/\/communalfirstsaturdays.org\/wp-content\/uploads\/2019\/08\/cfs-logo-seo.png\",\"width\":800,\"height\":462,\"caption\":\"Communal First Saturdays\"},\"image\":{\"@id\":\"https:\/\/communalfirstsaturdays.org\/#\/schema\/logo\/image\/\"},\"sameAs\":[\"https:\/\/www.facebook.com\/CommunalFirstSaturdays\/\",\"https:\/\/x.com\/CFSApostolate\"]}]}<\/script>\n<!-- \/ Yoast SEO plugin. -->","yoast_head_json":{"title":"Prayers for the Spread of the First Saturdays & the Communal First Saturdays - The Communal First Saturdays","robots":{"index":"index","follow":"follow","max-snippet":"max-snippet:-1","max-image-preview":"max-image-preview:large","max-video-preview":"max-video-preview:-1"},"canonical":"https:\/\/communalfirstsaturdays.org\/es\/prayers-for-spread\/","og_locale":"es_MX","og_type":"article","og_title":"Prayers for the Spread of the First Saturdays & the Communal First Saturdays - The Communal First Saturdays","og_description":"Prayer for the Spread and Practice of the First Saturdays\u00a0 O Jesus, Lord of lords and King of kings, through the Maternal pleading of the Immaculate Heart of Mary, send forth Your Holy Spirit into our hearts to lift the scales, which bring spiritual blindness. Enable us to hear your voice, imploring us to make [&hellip;]","og_url":"https:\/\/communalfirstsaturdays.org\/es\/prayers-for-spread\/","og_site_name":"The Communal First Saturdays","article_publisher":"https:\/\/www.facebook.com\/CommunalFirstSaturdays\/","article_modified_time":"2021-12-22T04:10:06+00:00","og_image":[{"width":1200,"height":782,"url":"https:\/\/communalfirstsaturdays.org\/wp-content\/uploads\/2023\/05\/full-sized-logo-color.jpg","type":"image\/jpeg"}],"twitter_card":"summary_large_image","twitter_site":"@CFSApostolate","twitter_misc":{"Tiempo de lectura":"2 minutos"},"schema":{"@context":"https:\/\/schema.org","@graph":[{"@type":"WebPage","@id":"https:\/\/communalfirstsaturdays.org\/prayers-for-spread\/","url":"https:\/\/communalfirstsaturdays.org\/prayers-for-spread\/","name":"Prayers for the Spread of the First Saturdays & the Communal First Saturdays - The Communal First Saturdays","isPartOf":{"@id":"https:\/\/communalfirstsaturdays.org\/#website"},"datePublished":"2021-03-23T16:05:26+00:00","dateModified":"2021-12-22T04:10:06+00:00","breadcrumb":{"@id":"https:\/\/communalfirstsaturdays.org\/prayers-for-spread\/#breadcrumb"},"inLanguage":"es","potentialAction":[{"@type":"ReadAction","target":["https:\/\/communalfirstsaturdays.org\/prayers-for-spread\/"]}]},{"@type":"BreadcrumbList","@id":"https:\/\/communalfirstsaturdays.org\/prayers-for-spread\/#breadcrumb","itemListElement":[{"@type":"ListItem","position":1,"name":"Home","item":"https:\/\/communalfirstsaturdays.org\/"},{"@type":"ListItem","position":2,"name":"Prayers for the Spread of the First Saturdays &#038; the Communal First Saturdays"}]},{"@type":"WebSite","@id":"https:\/\/communalfirstsaturdays.org\/#website","url":"https:\/\/communalfirstsaturdays.org\/","name":"The Communal First Saturdays","description":"El poder de rezar juntos","publisher":{"@id":"https:\/\/communalfirstsaturdays.org\/#organization"},"potentialAction":[{"@type":"SearchAction","target":{"@type":"EntryPoint","urlTemplate":"https:\/\/communalfirstsaturdays.org\/?s={search_term_string}"},"query-input":{"@type":"PropertyValueSpecification","valueRequired":true,"valueName":"search_term_string"}}],"inLanguage":"es"},{"@type":"Organization","@id":"https:\/\/communalfirstsaturdays.org\/#organization","name":"Los Primeros S\u00e1bados Comunitarios","url":"https:\/\/communalfirstsaturdays.org\/","logo":{"@type":"ImageObject","inLanguage":"es","@id":"https:\/\/communalfirstsaturdays.org\/#\/schema\/logo\/image\/","url":"https:\/\/communalfirstsaturdays.org\/wp-content\/uploads\/2019\/08\/cfs-logo-seo.png","contentUrl":"https:\/\/communalfirstsaturdays.org\/wp-content\/uploads\/2019\/08\/cfs-logo-seo.png","width":800,"height":462,"caption":"Communal First Saturdays"},"image":{"@id":"https:\/\/communalfirstsaturdays.org\/#\/schema\/logo\/image\/"},"sameAs":["https:\/\/www.facebook.com\/CommunalFirstSaturdays\/","https:\/\/x.com\/CFSApostolate"]}]}},"_links":{"self":[{"href":"https:\/\/communalfirstsaturdays.org\/es\/wp-json\/wp\/v2\/pages\/4068","targetHints":{"allow":["GET"]}}],"collection":[{"href":"https:\/\/communalfirstsaturdays.org\/es\/wp-json\/wp\/v2\/pages"}],"about":[{"href":"https:\/\/communalfirstsaturdays.org\/es\/wp-json\/wp\/v2\/types\/page"}],"author":[{"embeddable":true,"href":"https:\/\/communalfirstsaturdays.org\/es\/wp-json\/wp\/v2\/users\/2"}],"replies":[{"embeddable":true,"href":"https:\/\/communalfirstsaturdays.org\/es\/wp-json\/wp\/v2\/comments?post=4068"}],"version-history":[{"count":7,"href":"https:\/\/communalfirstsaturdays.org\/es\/wp-json\/wp\/v2\/pages\/4068\/revisions"}],"predecessor-version":[{"id":5654,"href":"https:\/\/communalfirstsaturdays.org\/es\/wp-json\/wp\/v2\/pages\/4068\/revisions\/5654"}],"wp:attachment":[{"href":"https:\/\/communalfirstsaturdays.org\/es\/wp-json\/wp\/v2\/media?parent=4068"}],"curies":[{"name":"wp","href":"https:\/\/api.w.org\/{rel}","templated":true}]}}