{"id":4496,"date":"2021-04-07T00:19:51","date_gmt":"2021-04-07T00:19:51","guid":{"rendered":"https:\/\/45d855c02b.nxcli.net\/?page_id=4496"},"modified":"2024-12-13T22:15:43","modified_gmt":"2024-12-13T22:15:43","slug":"start-devotion","status":"publish","type":"page","link":"https:\/\/communalfirstsaturdays.org\/es\/start-devotion\/","title":{"rendered":"Iniciando Los Primeros S\u00e1bados Comunitarios"},"content":{"rendered":"<div data-elementor-type=\"wp-page\" data-elementor-id=\"4496\" class=\"elementor elementor-4496\" data-elementor-post-type=\"page\">\n\t\t\t\t\t\t<section class=\"elementor-section elementor-top-section elementor-element elementor-element-886a99d elementor-section-boxed elementor-section-height-default elementor-section-height-default\" data-id=\"886a99d\" data-element_type=\"section\" data-e-type=\"section\" data-settings=\"{&quot;jet_parallax_layout_list&quot;:[]}\">\n\t\t\t\t\t\t<div class=\"elementor-container elementor-column-gap-default\">\n\t\t\t\t\t<div class=\"elementor-column elementor-col-100 elementor-top-column elementor-element elementor-element-67e5ffaf\" data-id=\"67e5ffaf\" data-element_type=\"column\" data-e-type=\"column\">\n\t\t\t<div class=\"elementor-widget-wrap elementor-element-populated\">\n\t\t\t\t\t\t<div class=\"elementor-element elementor-element-45cffe18 elementor-widget elementor-widget-text-editor\" data-id=\"45cffe18\" data-element_type=\"widget\" data-e-type=\"widget\" data-widget_type=\"text-editor.default\">\n\t\t\t\t<div class=\"elementor-widget-container\">\n\t\t\t\t\t\t\t\t\t<p style=\"font-weight: 400;\">Hay diferentes caminos que uno puede tomar para iniciar <a href=\"https:\/\/communalfirstsaturdays.org\/es\/cfs\/\"><em>Los Primeros S\u00e1bados Comunitarios<\/em><em>\u00ae<\/em><\/a> en la parroquia. Hay un buen camino, otro un poco mejor, y otro a\u00fan mejor.<\/p><p style=\"font-weight: 400;\"><strong>Buen camino:<\/strong><\/p><p>Lea los 2 folletos siguientes:<\/p><ol><li style=\"list-style-type: none;\"><ol><li><a href=\"https:\/\/drive.google.com\/file\/d\/1Xurz_9bVe_1s0a9JEwgMkuz5tuSSAr3w\/view?usp=sharing\"><em>Basic Information about the Communal First Saturdays<\/em><em>\u00ae<\/em><\/a><\/li><li><a href=\"https:\/\/drive.google.com\/file\/d\/1S95zqKVIloYKVF04H9TX1LLufl3stYp5\/view?usp=sharing\"><em>Inicio de Los Primeros S\u00e1bados Comunitarios<\/em><em>\u00ae<\/em><\/a><\/li><\/ol><\/li><\/ol><p style=\"font-weight: 400;\"><strong>Mejor camino:<\/strong><\/p><ol><li>Leer el libro <a href=\"https:\/\/communalfirstsaturdays.org\/es\/shop\/fatima-and-the-first-saturdays-book\/\"><em>F\u00e1tima y los Primeros S\u00e1bados.<\/em><\/a>\u00a0Este libro explica lo que son los Primeros S\u00e1bados en el contexto de todo el mensaje de F\u00e1tima. Para tener una mejor comprensi\u00f3n del mismo, considere tomar el grupo de estudio de <em>F\u00e1tima y los Primeros S\u00e1bados.<\/em>\u00a0<a href=\"https:\/\/studygroups.communalfirstsaturdays.org\/courses\/studygroups\" target=\"_blank\" rel=\"noopener\">haciendo clic aqu\u00ed.<\/a>.<\/li><li>Lea los 2 folletos siguientes:<ol><li><a href=\"https:\/\/drive.google.com\/file\/d\/1Xurz_9bVe_1s0a9JEwgMkuz5tuSSAr3w\/view?usp=sharing\" target=\"_blank\" rel=\"noopener\"><i>Informaci\u00f3n b\u00e1sica sobre los Primeros S\u00e1bados Comunitarios<\/i><\/a><\/li><li><a href=\"https:\/\/drive.google.com\/file\/d\/1S95zqKVIloYKVF04H9TX1LLufl3stYp5\/view?usp=sharing\" target=\"_blank\" rel=\"noopener\"><i>Inicio de los Primeros S\u00e1bados Comunitarios<\/i><\/a><\/li><\/ol><\/li><li>Ordene en l\u00ednea el\u00a0<a href=\"https:\/\/communalfirstsaturdays.org\/es\/shop\/cfsa-starter-kit\/\" target=\"_blank\" rel=\"noopener\"><i>Kit de inicio del APSC<\/i><\/a><\/li><\/ol><p style=\"font-weight: 400;\"><strong>La mejor manera:<\/strong><\/p><ol><li>Leer el libro\u00a0<a href=\"https:\/\/communalfirstsaturdays.org\/es\/shop\/fatima-and-the-first-saturdays-book\/\" target=\"_blank\" rel=\"noopener\"><i>F\u00e1tima y los Primeros S\u00e1bados.<\/i><\/a>\u00a0Este libro explica lo que son los Primeros S\u00e1bados en el contexto de todo el mensaje de F\u00e1tima. Para tener una mejor comprensi\u00f3n del mismo, considere tomar el grupo de estudio de <em>F\u00e1tima y los Primeros S\u00e1bados.\u00a0<\/em><a href=\"https:\/\/studygroups.communalfirstsaturdays.org\/courses\/studygroups\" target=\"_blank\" rel=\"noopener\">haciendo clic aqu\u00ed.<\/a>.<\/li><li>Despu\u00e9s, tome el curso\u00a0<a href=\"https:\/\/communalfirstsaturdays.org\/es\/sfs-info\/\" target=\"_blank\" rel=\"noopener\"><i>Difundiendo Los Primeros S\u00e1bados Comunitarios<\/i><\/a>.<\/li><\/ol><p style=\"font-weight: 400;\">Nuestro Se\u00f1or y Nuestra Sant\u00edsima Madre desean ardientemente esta devoci\u00f3n. <em>Los Primeros S\u00e1bados Comunitarios<\/em>\u00ae con su orden espec\u00edfico y su aprobaci\u00f3n, ha sido pensado para ser la mejor manera de hacer la devoci\u00f3n. Con la aprobaci\u00f3n del p\u00e1rroco, tenemos que ayudar a Jes\u00fas y Mar\u00eda a establecer <em>Los Primeros S\u00e1bados Comunitarios<\/em>\u00ae y difundirlo en la parroquia.<\/p>\t\t\t\t\t\t\t\t<\/div>\n\t\t\t\t<\/div>\n\t\t\t\t\t<\/div>\n\t\t<\/div>\n\t\t\t\t\t<\/div>\n\t\t<\/section>\n\t\t\t\t<\/div>","protected":false},"excerpt":{"rendered":"<p>There are different ways to go about starting the Communal First Saturdays\u00ae in the parish. There is a good, better, and best way. Good way: Read the following 2 pamphlets: Basic Information about the Communal First Saturdays\u00ae Starting the Communal First Saturdays\u00ae Better way: Read the Fatima and the First Saturdays.\u00a0This book explains the First [&hellip;]<\/p>\n","protected":false},"author":2,"featured_media":0,"parent":0,"menu_order":0,"comment_status":"closed","ping_status":"closed","template":"","meta":{"_acf_changed":false,"om_disable_all_campaigns":false,"_monsterinsights_skip_tracking":false,"_monsterinsights_sitenote_active":false,"_monsterinsights_sitenote_note":"","_monsterinsights_sitenote_category":0,"_uf_show_specific_survey":0,"_uf_disable_surveys":false,"site-sidebar-layout":"default","site-content-layout":"default","ast-site-content-layout":"default","site-content-style":"default","site-sidebar-style":"default","ast-global-header-display":"","ast-banner-title-visibility":"","ast-main-header-display":"","ast-hfb-above-header-display":"","ast-hfb-below-header-display":"","ast-hfb-mobile-header-display":"","site-post-title":"","ast-breadcrumbs-content":"","ast-featured-img":"","footer-sml-layout":"","ast-disable-related-posts":"","theme-transparent-header-meta":"default","adv-header-id-meta":"","stick-header-meta":"","header-above-stick-meta":"","header-main-stick-meta":"","header-below-stick-meta":"","astra-migrate-meta-layouts":"set","ast-page-background-enabled":"default","ast-page-background-meta":{"desktop":{"background-color":"","background-image":"","background-repeat":"repeat","background-position":"center center","background-size":"auto","background-attachment":"scroll","background-type":"","background-media":"","overlay-type":"","overlay-color":"","overlay-opacity":"","overlay-gradient":""},"tablet":{"background-color":"","background-image":"","background-repeat":"repeat","background-position":"center center","background-size":"auto","background-attachment":"scroll","background-type":"","background-media":"","overlay-type":"","overlay-color":"","overlay-opacity":"","overlay-gradient":""},"mobile":{"background-color":"","background-image":"","background-repeat":"repeat","background-position":"center center","background-size":"auto","background-attachment":"scroll","background-type":"","background-media":"","overlay-type":"","overlay-color":"","overlay-opacity":"","overlay-gradient":""}},"ast-content-background-meta":{"desktop":{"background-color":"var(--ast-global-color-5)","background-image":"","background-repeat":"repeat","background-position":"center center","background-size":"auto","background-attachment":"scroll","background-type":"","background-media":"","overlay-type":"","overlay-color":"","overlay-opacity":"","overlay-gradient":""},"tablet":{"background-color":"var(--ast-global-color-5)","background-image":"","background-repeat":"repeat","background-position":"center center","background-size":"auto","background-attachment":"scroll","background-type":"","background-media":"","overlay-type":"","overlay-color":"","overlay-opacity":"","overlay-gradient":""},"mobile":{"background-color":"var(--ast-global-color-5)","background-image":"","background-repeat":"repeat","background-position":"center center","background-size":"auto","background-attachment":"scroll","background-type":"","background-media":"","overlay-type":"","overlay-color":"","overlay-opacity":"","overlay-gradient":""}},"footnotes":""},"class_list":["post-4496","page","type-page","status-publish","hentry"],"acf":[],"aioseo_notices":[],"yoast_head":"<!-- This site is optimized with the Yoast SEO plugin v27.2 - https:\/\/yoast.com\/product\/yoast-seo-wordpress\/ -->\n<title>Start the Communal First Saturdays\u00ae - The Communal First Saturdays<\/title>\n<meta name=\"robots\" content=\"index, follow, max-snippet:-1, max-image-preview:large, max-video-preview:-1\" \/>\n<link rel=\"canonical\" href=\"https:\/\/communalfirstsaturdays.org\/es\/start-devotion\/\" \/>\n<meta property=\"og:locale\" content=\"es_MX\" \/>\n<meta property=\"og:type\" content=\"article\" \/>\n<meta property=\"og:title\" content=\"Start the Communal First Saturdays\u00ae - The Communal First Saturdays\" \/>\n<meta property=\"og:description\" content=\"There are different ways to go about starting the Communal First Saturdays\u00ae in the parish. There is a good, better, and best way. Good way: Read the following 2 pamphlets: Basic Information about the Communal First Saturdays\u00ae Starting the Communal First Saturdays\u00ae Better way: Read the Fatima and the First Saturdays.\u00a0This book explains the First [&hellip;]\" \/>\n<meta property=\"og:url\" content=\"https:\/\/communalfirstsaturdays.org\/es\/start-devotion\/\" \/>\n<meta property=\"og:site_name\" content=\"The Communal First Saturdays\" \/>\n<meta property=\"article:publisher\" content=\"https:\/\/www.facebook.com\/CommunalFirstSaturdays\/\" \/>\n<meta property=\"article:modified_time\" content=\"2024-12-13T22:15:43+00:00\" \/>\n<meta property=\"og:image\" content=\"https:\/\/communalfirstsaturdays.org\/wp-content\/uploads\/2023\/05\/full-sized-logo-color.jpg\" \/>\n\t<meta property=\"og:image:width\" content=\"1200\" \/>\n\t<meta property=\"og:image:height\" content=\"782\" \/>\n\t<meta property=\"og:image:type\" content=\"image\/jpeg\" \/>\n<meta name=\"twitter:card\" content=\"summary_large_image\" \/>\n<meta name=\"twitter:site\" content=\"@CFSApostolate\" \/>\n<meta name=\"twitter:label1\" content=\"Tiempo de lectura\" \/>\n\t<meta name=\"twitter:data1\" content=\"1 minuto\" \/>\n<script type=\"application\/ld+json\" class=\"yoast-schema-graph\">{\"@context\":\"https:\/\/schema.org\",\"@graph\":[{\"@type\":\"WebPage\",\"@id\":\"https:\/\/communalfirstsaturdays.org\/start-devotion\/\",\"url\":\"https:\/\/communalfirstsaturdays.org\/start-devotion\/\",\"name\":\"Start the Communal First Saturdays\u00ae - The Communal First Saturdays\",\"isPartOf\":{\"@id\":\"https:\/\/communalfirstsaturdays.org\/#website\"},\"datePublished\":\"2021-04-07T00:19:51+00:00\",\"dateModified\":\"2024-12-13T22:15:43+00:00\",\"breadcrumb\":{\"@id\":\"https:\/\/communalfirstsaturdays.org\/start-devotion\/#breadcrumb\"},\"inLanguage\":\"es\",\"potentialAction\":[{\"@type\":\"ReadAction\",\"target\":[\"https:\/\/communalfirstsaturdays.org\/start-devotion\/\"]}]},{\"@type\":\"BreadcrumbList\",\"@id\":\"https:\/\/communalfirstsaturdays.org\/start-devotion\/#breadcrumb\",\"itemListElement\":[{\"@type\":\"ListItem\",\"position\":1,\"name\":\"Home\",\"item\":\"https:\/\/communalfirstsaturdays.org\/\"},{\"@type\":\"ListItem\",\"position\":2,\"name\":\"Start the Communal First Saturdays\u00ae\"}]},{\"@type\":\"WebSite\",\"@id\":\"https:\/\/communalfirstsaturdays.org\/#website\",\"url\":\"https:\/\/communalfirstsaturdays.org\/\",\"name\":\"The Communal First Saturdays\",\"description\":\"Power in Prayer Together\",\"publisher\":{\"@id\":\"https:\/\/communalfirstsaturdays.org\/#organization\"},\"potentialAction\":[{\"@type\":\"SearchAction\",\"target\":{\"@type\":\"EntryPoint\",\"urlTemplate\":\"https:\/\/communalfirstsaturdays.org\/?s={search_term_string}\"},\"query-input\":{\"@type\":\"PropertyValueSpecification\",\"valueRequired\":true,\"valueName\":\"search_term_string\"}}],\"inLanguage\":\"es\"},{\"@type\":\"Organization\",\"@id\":\"https:\/\/communalfirstsaturdays.org\/#organization\",\"name\":\"Communal First Saturdays\",\"url\":\"https:\/\/communalfirstsaturdays.org\/\",\"logo\":{\"@type\":\"ImageObject\",\"inLanguage\":\"es\",\"@id\":\"https:\/\/communalfirstsaturdays.org\/#\/schema\/logo\/image\/\",\"url\":\"https:\/\/communalfirstsaturdays.org\/wp-content\/uploads\/2019\/08\/cfs-logo-seo.png\",\"contentUrl\":\"https:\/\/communalfirstsaturdays.org\/wp-content\/uploads\/2019\/08\/cfs-logo-seo.png\",\"width\":800,\"height\":462,\"caption\":\"Communal First Saturdays\"},\"image\":{\"@id\":\"https:\/\/communalfirstsaturdays.org\/#\/schema\/logo\/image\/\"},\"sameAs\":[\"https:\/\/www.facebook.com\/CommunalFirstSaturdays\/\",\"https:\/\/x.com\/CFSApostolate\"]}]}<\/script>\n<!-- \/ Yoast SEO plugin. -->","yoast_head_json":{"title":"Start the Communal First Saturdays\u00ae - The Communal First Saturdays","robots":{"index":"index","follow":"follow","max-snippet":"max-snippet:-1","max-image-preview":"max-image-preview:large","max-video-preview":"max-video-preview:-1"},"canonical":"https:\/\/communalfirstsaturdays.org\/es\/start-devotion\/","og_locale":"es_MX","og_type":"article","og_title":"Start the Communal First Saturdays\u00ae - The Communal First Saturdays","og_description":"There are different ways to go about starting the Communal First Saturdays\u00ae in the parish. There is a good, better, and best way. Good way: Read the following 2 pamphlets: Basic Information about the Communal First Saturdays\u00ae Starting the Communal First Saturdays\u00ae Better way: Read the Fatima and the First Saturdays.\u00a0This book explains the First [&hellip;]","og_url":"https:\/\/communalfirstsaturdays.org\/es\/start-devotion\/","og_site_name":"The Communal First Saturdays","article_publisher":"https:\/\/www.facebook.com\/CommunalFirstSaturdays\/","article_modified_time":"2024-12-13T22:15:43+00:00","og_image":[{"width":1200,"height":782,"url":"https:\/\/communalfirstsaturdays.org\/wp-content\/uploads\/2023\/05\/full-sized-logo-color.jpg","type":"image\/jpeg"}],"twitter_card":"summary_large_image","twitter_site":"@CFSApostolate","twitter_misc":{"Tiempo de lectura":"1 minuto"},"schema":{"@context":"https:\/\/schema.org","@graph":[{"@type":"WebPage","@id":"https:\/\/communalfirstsaturdays.org\/start-devotion\/","url":"https:\/\/communalfirstsaturdays.org\/start-devotion\/","name":"Start the Communal First Saturdays\u00ae - The Communal First Saturdays","isPartOf":{"@id":"https:\/\/communalfirstsaturdays.org\/#website"},"datePublished":"2021-04-07T00:19:51+00:00","dateModified":"2024-12-13T22:15:43+00:00","breadcrumb":{"@id":"https:\/\/communalfirstsaturdays.org\/start-devotion\/#breadcrumb"},"inLanguage":"es","potentialAction":[{"@type":"ReadAction","target":["https:\/\/communalfirstsaturdays.org\/start-devotion\/"]}]},{"@type":"BreadcrumbList","@id":"https:\/\/communalfirstsaturdays.org\/start-devotion\/#breadcrumb","itemListElement":[{"@type":"ListItem","position":1,"name":"Home","item":"https:\/\/communalfirstsaturdays.org\/"},{"@type":"ListItem","position":2,"name":"Start the Communal First Saturdays\u00ae"}]},{"@type":"WebSite","@id":"https:\/\/communalfirstsaturdays.org\/#website","url":"https:\/\/communalfirstsaturdays.org\/","name":"The Communal First Saturdays","description":"El poder de rezar juntos","publisher":{"@id":"https:\/\/communalfirstsaturdays.org\/#organization"},"potentialAction":[{"@type":"SearchAction","target":{"@type":"EntryPoint","urlTemplate":"https:\/\/communalfirstsaturdays.org\/?s={search_term_string}"},"query-input":{"@type":"PropertyValueSpecification","valueRequired":true,"valueName":"search_term_string"}}],"inLanguage":"es"},{"@type":"Organization","@id":"https:\/\/communalfirstsaturdays.org\/#organization","name":"Los Primeros S\u00e1bados Comunitarios","url":"https:\/\/communalfirstsaturdays.org\/","logo":{"@type":"ImageObject","inLanguage":"es","@id":"https:\/\/communalfirstsaturdays.org\/#\/schema\/logo\/image\/","url":"https:\/\/communalfirstsaturdays.org\/wp-content\/uploads\/2019\/08\/cfs-logo-seo.png","contentUrl":"https:\/\/communalfirstsaturdays.org\/wp-content\/uploads\/2019\/08\/cfs-logo-seo.png","width":800,"height":462,"caption":"Communal First Saturdays"},"image":{"@id":"https:\/\/communalfirstsaturdays.org\/#\/schema\/logo\/image\/"},"sameAs":["https:\/\/www.facebook.com\/CommunalFirstSaturdays\/","https:\/\/x.com\/CFSApostolate"]}]}},"_links":{"self":[{"href":"https:\/\/communalfirstsaturdays.org\/es\/wp-json\/wp\/v2\/pages\/4496","targetHints":{"allow":["GET"]}}],"collection":[{"href":"https:\/\/communalfirstsaturdays.org\/es\/wp-json\/wp\/v2\/pages"}],"about":[{"href":"https:\/\/communalfirstsaturdays.org\/es\/wp-json\/wp\/v2\/types\/page"}],"author":[{"embeddable":true,"href":"https:\/\/communalfirstsaturdays.org\/es\/wp-json\/wp\/v2\/users\/2"}],"replies":[{"embeddable":true,"href":"https:\/\/communalfirstsaturdays.org\/es\/wp-json\/wp\/v2\/comments?post=4496"}],"version-history":[{"count":48,"href":"https:\/\/communalfirstsaturdays.org\/es\/wp-json\/wp\/v2\/pages\/4496\/revisions"}],"predecessor-version":[{"id":18596,"href":"https:\/\/communalfirstsaturdays.org\/es\/wp-json\/wp\/v2\/pages\/4496\/revisions\/18596"}],"wp:attachment":[{"href":"https:\/\/communalfirstsaturdays.org\/es\/wp-json\/wp\/v2\/media?parent=4496"}],"curies":[{"name":"wp","href":"https:\/\/api.w.org\/{rel}","templated":true}]}}