{"id":466,"date":"2014-10-20T02:40:59","date_gmt":"2014-10-20T02:40:59","guid":{"rendered":"https:\/\/45d855c02b.nxcli.net\/?page_id=466"},"modified":"2021-03-23T04:09:40","modified_gmt":"2021-03-23T04:09:40","slug":"fatima-prayers","status":"publish","type":"page","link":"https:\/\/communalfirstsaturdays.org\/es\/resources\/fatima-prayers\/","title":{"rendered":"Los Primeros S\u00e1bados &amp; \nTarjetas de Oraci\u00f3n con las Oraciones de F\u00e1tima"},"content":{"rendered":"<h3>Puede descargar una tarjeta con las siguientes oraciones <a href=\"https:\/\/communalfirstsaturdays.org\/es\/prayer-card\/\">aqu\u00ed<\/a>.<\/h3>\n<p>&nbsp;<\/p>\n<p><em>Las dos primeras oraciones fueron ense\u00f1adas por el \u00c1ngel de la Paz a los ni\u00f1os de F\u00e1tima (Luc\u00eda, Francisco y Jacinta). La tercera oraci\u00f3n fue inspirada en los ni\u00f1os por un impulso interior del Esp\u00edritu Santo, y las dos siguientes les fueron ense\u00f1adas por Nuestra Se\u00f1ora del Rosario. Jacinta fue inspirada a decir la \u00faltima oraci\u00f3n, \"Dulce Coraz\u00f3n de Mar\u00eda...\".<\/em><\/p>\n<p><em>\u00a0<\/em>Dios m\u00edo, yo creo, adoro, espero y te amo; te pido perd\u00f3n por todos los que no creen, no adoran, no esperan y no te aman.<\/p>\n<p>Sant\u00edsima Trinidad, Padre, Hijo y Esp\u00edritu Santo Te adoro profundamente. Te ofrezco el Precios\u00edsimo Cuerpo, Sangre, Alma y Divinidad de Nuestro Se\u00f1or Jesucristo, presente en todos los sagrarios del mundo, en reparaci\u00f3n de los ultrajes, sacrilegios e indiferencias con que es ofendido. Y por los infinitos m\u00e9ritos del Sagrado Coraz\u00f3n de Jes\u00fas, y del Inmaculado Coraz\u00f3n de Mar\u00eda, te pido por la conversi\u00f3n de los pobres pecadores.<\/p>\n<p>Oh Sant\u00edsima Trinidad, yo te adoro. Dios m\u00edo, Dios m\u00edo, te amo en el Sant\u00edsimo Sacramento.<\/p>\n<p>Oh Jes\u00fas, esto es por amor a Ti, por la conversi\u00f3n de los pecadores, por el Santo Padre y en reparaci\u00f3n de los pecados cometidos contra el Inmaculado Coraz\u00f3n de Mar\u00eda. <em>(Jacinta a\u00f1adi\u00f3 \"el Santo Padre\").\u00a0\u00a0 <\/em><\/p>\n<p>Oh Jes\u00fas m\u00edo, perdona nuestros pecados, s\u00e1lvanos del fuego del infierno; lleva al Cielo a todas las almas, especialmente a las m\u00e1s necesitadas de tu misericordia.*<\/p>\n<p>\u00a1Dulce Coraz\u00f3n de Mar\u00eda, s\u00e9 mi salvaci\u00f3n!<\/p>\n<p>&nbsp;<\/p>\n<p><em>*\"Oh Jes\u00fas m\u00edo, perd\u00f3nanos, s\u00e1lvanos del fuego del infierno. Lleva a todas las almas al Cielo, especialmente a las m\u00e1s necesitadas\" es la traducci\u00f3n literal de las propias palabras de Luc\u00eda. La Virgen pidi\u00f3 que esta oraci\u00f3n se rezara al final de cada decena del Rosario. El uso popular actual puede variar, pero mantiene el significado esencial. Por lo tanto, se puede mantener la forma popular para evitar cualquier confusi\u00f3n. <\/em><\/p>\n<p>&nbsp;<\/p>","protected":false},"excerpt":{"rendered":"<p>You can download a prayer card with the following prayers here. &nbsp; The first two prayers were taught by the Angel of Peace to the children of Fatima (Lucia, Francisco, and Jacinta). The third prayer was inspired within the children by an inner impulse of the Holy Spirit, and the next two were taught to [&hellip;]<\/p>\n","protected":false},"author":2,"featured_media":0,"parent":16,"menu_order":0,"comment_status":"open","ping_status":"open","template":"","meta":{"_acf_changed":false,"om_disable_all_campaigns":false,"_monsterinsights_skip_tracking":false,"_monsterinsights_sitenote_active":false,"_monsterinsights_sitenote_note":"","_monsterinsights_sitenote_category":0,"_uf_show_specific_survey":0,"_uf_disable_surveys":false,"site-sidebar-layout":"default","site-content-layout":"default","ast-site-content-layout":"default","site-content-style":"default","site-sidebar-style":"default","ast-global-header-display":"","ast-banner-title-visibility":"","ast-main-header-display":"","ast-hfb-above-header-display":"","ast-hfb-below-header-display":"","ast-hfb-mobile-header-display":"","site-post-title":"","ast-breadcrumbs-content":"","ast-featured-img":"","footer-sml-layout":"","ast-disable-related-posts":"","theme-transparent-header-meta":"default","adv-header-id-meta":"","stick-header-meta":"","header-above-stick-meta":"","header-main-stick-meta":"","header-below-stick-meta":"","astra-migrate-meta-layouts":"default","ast-page-background-enabled":"default","ast-page-background-meta":{"desktop":{"background-color":"","background-image":"","background-repeat":"repeat","background-position":"center center","background-size":"auto","background-attachment":"scroll","background-type":"","background-media":"","overlay-type":"","overlay-color":"","overlay-opacity":"","overlay-gradient":""},"tablet":{"background-color":"","background-image":"","background-repeat":"repeat","background-position":"center center","background-size":"auto","background-attachment":"scroll","background-type":"","background-media":"","overlay-type":"","overlay-color":"","overlay-opacity":"","overlay-gradient":""},"mobile":{"background-color":"","background-image":"","background-repeat":"repeat","background-position":"center center","background-size":"auto","background-attachment":"scroll","background-type":"","background-media":"","overlay-type":"","overlay-color":"","overlay-opacity":"","overlay-gradient":""}},"ast-content-background-meta":{"desktop":{"background-color":"var(--ast-global-color-5)","background-image":"","background-repeat":"repeat","background-position":"center center","background-size":"auto","background-attachment":"scroll","background-type":"","background-media":"","overlay-type":"","overlay-color":"","overlay-opacity":"","overlay-gradient":""},"tablet":{"background-color":"var(--ast-global-color-5)","background-image":"","background-repeat":"repeat","background-position":"center center","background-size":"auto","background-attachment":"scroll","background-type":"","background-media":"","overlay-type":"","overlay-color":"","overlay-opacity":"","overlay-gradient":""},"mobile":{"background-color":"var(--ast-global-color-5)","background-image":"","background-repeat":"repeat","background-position":"center center","background-size":"auto","background-attachment":"scroll","background-type":"","background-media":"","overlay-type":"","overlay-color":"","overlay-opacity":"","overlay-gradient":""}},"footnotes":""},"class_list":["post-466","page","type-page","status-publish","hentry"],"acf":[],"aioseo_notices":[],"yoast_head":"<!-- This site is optimized with the Yoast SEO plugin v27.2 - https:\/\/yoast.com\/product\/yoast-seo-wordpress\/ -->\n<title>First Saturdays &amp; Fatima Prayers Prayer Card - The Communal First Saturdays<\/title>\n<meta name=\"description\" content=\"The Communal First Saturdays devotion includes the prayers taught by Our Lady of the Rosary and the Angel of Peace to the children of Fatima.\" \/>\n<meta name=\"robots\" content=\"index, follow, max-snippet:-1, max-image-preview:large, max-video-preview:-1\" \/>\n<link rel=\"canonical\" href=\"https:\/\/communalfirstsaturdays.org\/es\/resources\/fatima-prayers\/\" \/>\n<meta property=\"og:locale\" content=\"es_MX\" \/>\n<meta property=\"og:type\" content=\"article\" \/>\n<meta property=\"og:title\" content=\"First Saturdays &amp; Fatima Prayers Prayer Card - The Communal First Saturdays\" \/>\n<meta property=\"og:description\" content=\"The Communal First Saturdays devotion includes the prayers taught by Our Lady of the Rosary and the Angel of Peace to the children of Fatima.\" \/>\n<meta property=\"og:url\" content=\"https:\/\/communalfirstsaturdays.org\/es\/resources\/fatima-prayers\/\" \/>\n<meta property=\"og:site_name\" content=\"The Communal First Saturdays\" \/>\n<meta property=\"article:publisher\" content=\"https:\/\/www.facebook.com\/CommunalFirstSaturdays\/\" \/>\n<meta property=\"article:modified_time\" content=\"2021-03-23T04:09:40+00:00\" \/>\n<meta property=\"og:image\" content=\"https:\/\/communalfirstsaturdays.org\/wp-content\/uploads\/2023\/05\/full-sized-logo-color.jpg\" \/>\n\t<meta property=\"og:image:width\" content=\"1200\" \/>\n\t<meta property=\"og:image:height\" content=\"782\" \/>\n\t<meta property=\"og:image:type\" content=\"image\/jpeg\" \/>\n<meta name=\"twitter:card\" content=\"summary_large_image\" \/>\n<meta name=\"twitter:site\" content=\"@CFSApostolate\" \/>\n<meta name=\"twitter:label1\" content=\"Tiempo de lectura\" \/>\n\t<meta name=\"twitter:data1\" content=\"2 minutos\" \/>\n<script type=\"application\/ld+json\" class=\"yoast-schema-graph\">{\"@context\":\"https:\/\/schema.org\",\"@graph\":[{\"@type\":\"WebPage\",\"@id\":\"https:\/\/communalfirstsaturdays.org\/resources\/fatima-prayers\/\",\"url\":\"https:\/\/communalfirstsaturdays.org\/resources\/fatima-prayers\/\",\"name\":\"First Saturdays & Fatima Prayers Prayer Card - The Communal First Saturdays\",\"isPartOf\":{\"@id\":\"https:\/\/communalfirstsaturdays.org\/#website\"},\"datePublished\":\"2014-10-20T02:40:59+00:00\",\"dateModified\":\"2021-03-23T04:09:40+00:00\",\"description\":\"The Communal First Saturdays devotion includes the prayers taught by Our Lady of the Rosary and the Angel of Peace to the children of Fatima.\",\"breadcrumb\":{\"@id\":\"https:\/\/communalfirstsaturdays.org\/resources\/fatima-prayers\/#breadcrumb\"},\"inLanguage\":\"es\",\"potentialAction\":[{\"@type\":\"ReadAction\",\"target\":[\"https:\/\/communalfirstsaturdays.org\/resources\/fatima-prayers\/\"]}]},{\"@type\":\"BreadcrumbList\",\"@id\":\"https:\/\/communalfirstsaturdays.org\/resources\/fatima-prayers\/#breadcrumb\",\"itemListElement\":[{\"@type\":\"ListItem\",\"position\":1,\"name\":\"Home\",\"item\":\"https:\/\/communalfirstsaturdays.org\/\"},{\"@type\":\"ListItem\",\"position\":2,\"name\":\"Resources\",\"item\":\"https:\/\/communalfirstsaturdays.org\/resources\/\"},{\"@type\":\"ListItem\",\"position\":3,\"name\":\"First Saturdays &#038; Fatima Prayers Prayer Card\"}]},{\"@type\":\"WebSite\",\"@id\":\"https:\/\/communalfirstsaturdays.org\/#website\",\"url\":\"https:\/\/communalfirstsaturdays.org\/\",\"name\":\"The Communal First Saturdays\",\"description\":\"Power in Prayer Together\",\"publisher\":{\"@id\":\"https:\/\/communalfirstsaturdays.org\/#organization\"},\"potentialAction\":[{\"@type\":\"SearchAction\",\"target\":{\"@type\":\"EntryPoint\",\"urlTemplate\":\"https:\/\/communalfirstsaturdays.org\/?s={search_term_string}\"},\"query-input\":{\"@type\":\"PropertyValueSpecification\",\"valueRequired\":true,\"valueName\":\"search_term_string\"}}],\"inLanguage\":\"es\"},{\"@type\":\"Organization\",\"@id\":\"https:\/\/communalfirstsaturdays.org\/#organization\",\"name\":\"Communal First Saturdays\",\"url\":\"https:\/\/communalfirstsaturdays.org\/\",\"logo\":{\"@type\":\"ImageObject\",\"inLanguage\":\"es\",\"@id\":\"https:\/\/communalfirstsaturdays.org\/#\/schema\/logo\/image\/\",\"url\":\"https:\/\/communalfirstsaturdays.org\/wp-content\/uploads\/2019\/08\/cfs-logo-seo.png\",\"contentUrl\":\"https:\/\/communalfirstsaturdays.org\/wp-content\/uploads\/2019\/08\/cfs-logo-seo.png\",\"width\":800,\"height\":462,\"caption\":\"Communal First Saturdays\"},\"image\":{\"@id\":\"https:\/\/communalfirstsaturdays.org\/#\/schema\/logo\/image\/\"},\"sameAs\":[\"https:\/\/www.facebook.com\/CommunalFirstSaturdays\/\",\"https:\/\/x.com\/CFSApostolate\"]}]}<\/script>\n<!-- \/ Yoast SEO plugin. -->","yoast_head_json":{"title":"First Saturdays & Fatima Prayers Prayer Card - The Communal First Saturdays","description":"The Communal First Saturdays devotion includes the prayers taught by Our Lady of the Rosary and the Angel of Peace to the children of Fatima.","robots":{"index":"index","follow":"follow","max-snippet":"max-snippet:-1","max-image-preview":"max-image-preview:large","max-video-preview":"max-video-preview:-1"},"canonical":"https:\/\/communalfirstsaturdays.org\/es\/resources\/fatima-prayers\/","og_locale":"es_MX","og_type":"article","og_title":"First Saturdays & Fatima Prayers Prayer Card - The Communal First Saturdays","og_description":"The Communal First Saturdays devotion includes the prayers taught by Our Lady of the Rosary and the Angel of Peace to the children of Fatima.","og_url":"https:\/\/communalfirstsaturdays.org\/es\/resources\/fatima-prayers\/","og_site_name":"The Communal First Saturdays","article_publisher":"https:\/\/www.facebook.com\/CommunalFirstSaturdays\/","article_modified_time":"2021-03-23T04:09:40+00:00","og_image":[{"width":1200,"height":782,"url":"https:\/\/communalfirstsaturdays.org\/wp-content\/uploads\/2023\/05\/full-sized-logo-color.jpg","type":"image\/jpeg"}],"twitter_card":"summary_large_image","twitter_site":"@CFSApostolate","twitter_misc":{"Tiempo de lectura":"2 minutos"},"schema":{"@context":"https:\/\/schema.org","@graph":[{"@type":"WebPage","@id":"https:\/\/communalfirstsaturdays.org\/resources\/fatima-prayers\/","url":"https:\/\/communalfirstsaturdays.org\/resources\/fatima-prayers\/","name":"First Saturdays & Fatima Prayers Prayer Card - The Communal First Saturdays","isPartOf":{"@id":"https:\/\/communalfirstsaturdays.org\/#website"},"datePublished":"2014-10-20T02:40:59+00:00","dateModified":"2021-03-23T04:09:40+00:00","description":"The Communal First Saturdays devotion includes the prayers taught by Our Lady of the Rosary and the Angel of Peace to the children of Fatima.","breadcrumb":{"@id":"https:\/\/communalfirstsaturdays.org\/resources\/fatima-prayers\/#breadcrumb"},"inLanguage":"es","potentialAction":[{"@type":"ReadAction","target":["https:\/\/communalfirstsaturdays.org\/resources\/fatima-prayers\/"]}]},{"@type":"BreadcrumbList","@id":"https:\/\/communalfirstsaturdays.org\/resources\/fatima-prayers\/#breadcrumb","itemListElement":[{"@type":"ListItem","position":1,"name":"Home","item":"https:\/\/communalfirstsaturdays.org\/"},{"@type":"ListItem","position":2,"name":"Resources","item":"https:\/\/communalfirstsaturdays.org\/resources\/"},{"@type":"ListItem","position":3,"name":"First Saturdays &#038; Fatima Prayers Prayer Card"}]},{"@type":"WebSite","@id":"https:\/\/communalfirstsaturdays.org\/#website","url":"https:\/\/communalfirstsaturdays.org\/","name":"The Communal First Saturdays","description":"El poder de rezar juntos","publisher":{"@id":"https:\/\/communalfirstsaturdays.org\/#organization"},"potentialAction":[{"@type":"SearchAction","target":{"@type":"EntryPoint","urlTemplate":"https:\/\/communalfirstsaturdays.org\/?s={search_term_string}"},"query-input":{"@type":"PropertyValueSpecification","valueRequired":true,"valueName":"search_term_string"}}],"inLanguage":"es"},{"@type":"Organization","@id":"https:\/\/communalfirstsaturdays.org\/#organization","name":"Los Primeros S\u00e1bados Comunitarios","url":"https:\/\/communalfirstsaturdays.org\/","logo":{"@type":"ImageObject","inLanguage":"es","@id":"https:\/\/communalfirstsaturdays.org\/#\/schema\/logo\/image\/","url":"https:\/\/communalfirstsaturdays.org\/wp-content\/uploads\/2019\/08\/cfs-logo-seo.png","contentUrl":"https:\/\/communalfirstsaturdays.org\/wp-content\/uploads\/2019\/08\/cfs-logo-seo.png","width":800,"height":462,"caption":"Communal First Saturdays"},"image":{"@id":"https:\/\/communalfirstsaturdays.org\/#\/schema\/logo\/image\/"},"sameAs":["https:\/\/www.facebook.com\/CommunalFirstSaturdays\/","https:\/\/x.com\/CFSApostolate"]}]}},"_links":{"self":[{"href":"https:\/\/communalfirstsaturdays.org\/es\/wp-json\/wp\/v2\/pages\/466","targetHints":{"allow":["GET"]}}],"collection":[{"href":"https:\/\/communalfirstsaturdays.org\/es\/wp-json\/wp\/v2\/pages"}],"about":[{"href":"https:\/\/communalfirstsaturdays.org\/es\/wp-json\/wp\/v2\/types\/page"}],"author":[{"embeddable":true,"href":"https:\/\/communalfirstsaturdays.org\/es\/wp-json\/wp\/v2\/users\/2"}],"replies":[{"embeddable":true,"href":"https:\/\/communalfirstsaturdays.org\/es\/wp-json\/wp\/v2\/comments?post=466"}],"version-history":[{"count":9,"href":"https:\/\/communalfirstsaturdays.org\/es\/wp-json\/wp\/v2\/pages\/466\/revisions"}],"predecessor-version":[{"id":4066,"href":"https:\/\/communalfirstsaturdays.org\/es\/wp-json\/wp\/v2\/pages\/466\/revisions\/4066"}],"up":[{"embeddable":true,"href":"https:\/\/communalfirstsaturdays.org\/es\/wp-json\/wp\/v2\/pages\/16"}],"wp:attachment":[{"href":"https:\/\/communalfirstsaturdays.org\/es\/wp-json\/wp\/v2\/media?parent=466"}],"curies":[{"name":"wp","href":"https:\/\/api.w.org\/{rel}","templated":true}]}}