{"id":5602,"date":"2021-12-15T04:36:29","date_gmt":"2021-12-15T04:36:29","guid":{"rendered":"https:\/\/communalfirstsaturdays.org\/?page_id=5602"},"modified":"2024-08-22T20:10:54","modified_gmt":"2024-08-22T20:10:54","slug":"radio-podcasts","status":"publish","type":"page","link":"https:\/\/communalfirstsaturdays.org\/es\/radio-podcasts\/","title":{"rendered":"Radio \/ Podcasts"},"content":{"rendered":"<div data-elementor-type=\"wp-page\" data-elementor-id=\"5602\" class=\"elementor elementor-5602\" data-elementor-post-type=\"page\">\n\t\t\t\t\t\t<section class=\"elementor-section elementor-top-section elementor-element elementor-element-195ee72 elementor-section-boxed elementor-section-height-default elementor-section-height-default\" data-id=\"195ee72\" data-element_type=\"section\" data-e-type=\"section\" data-settings=\"{&quot;jet_parallax_layout_list&quot;:[]}\">\n\t\t\t\t\t\t<div class=\"elementor-container elementor-column-gap-default\">\n\t\t\t\t\t<div class=\"elementor-column elementor-col-100 elementor-top-column elementor-element elementor-element-ad7a822\" data-id=\"ad7a822\" data-element_type=\"column\" data-e-type=\"column\">\n\t\t\t<div class=\"elementor-widget-wrap elementor-element-populated\">\n\t\t\t\t\t\t<div class=\"elementor-element elementor-element-eb75f9d elementor-widget elementor-widget-heading\" data-id=\"eb75f9d\" data-element_type=\"widget\" data-e-type=\"widget\" data-widget_type=\"heading.default\">\n\t\t\t\t<div class=\"elementor-widget-container\">\n\t\t\t\t\t<h2 class=\"elementor-heading-title elementor-size-default\"><a href=\"https:\/\/radiomaria.us\/category\/podcast\/fatima-and-the-first-saturdays\/\">F\u00e1tima y los Primeros S\u00e1bados - Programa en Radio Mar\u00eda USA<\/a><\/h2>\t\t\t\t<\/div>\n\t\t\t\t<\/div>\n\t\t\t\t<div class=\"elementor-element elementor-element-08fdcd0 elementor-widget elementor-widget-text-editor\" data-id=\"08fdcd0\" data-element_type=\"widget\" data-e-type=\"widget\" data-widget_type=\"text-editor.default\">\n\t\t\t\t<div class=\"elementor-widget-container\">\n\t\t\t\t\t\t\t\t\t<p><a style=\"font-family: var( --e-global-typography-text-font-family ), Sans-serif; font-weight: var( --e-global-typography-text-font-weight ); font-size: 1rem;\" href=\"https:\/\/radiomaria.us\/live-radio-maria\/\" target=\"_blank\" rel=\"noopener\">Escucha en directo<\/a>\u00a0todos los viernes a las 11am CT\/12pm ET\/5pm en RU e Irlanda. Presentado por la Dra. Katrina Leyden.<\/p><p><strong>Para ver el episodio m\u00e1s reciente y los programas anteriores, por favor<\/strong><a href=\"https:\/\/radiomaria.us\/category\/podcast\/fatima-and-the-first-saturdays\/\" target=\"_blank\" rel=\"noopener\"><strong>\u00a0<\/strong>hacer clic aqu\u00ed<\/a>.<\/p><p>\u00a0<\/p>\t\t\t\t\t\t\t\t<\/div>\n\t\t\t\t<\/div>\n\t\t\t\t<div class=\"elementor-element elementor-element-e5229e1 elementor-widget elementor-widget-heading\" data-id=\"e5229e1\" data-element_type=\"widget\" data-e-type=\"widget\" data-widget_type=\"heading.default\">\n\t\t\t\t<div class=\"elementor-widget-container\">\n\t\t\t\t\t<h2 class=\"elementor-heading-title elementor-size-default\">Listos para la Batalla (Battle Ready) - Estableciendo Los Primeros S\u00e1bados Comunitarios<\/h2>\t\t\t\t<\/div>\n\t\t\t\t<\/div>\n\t\t\t\t<div class=\"elementor-element elementor-element-8f28ca9 elementor-widget elementor-widget-text-editor\" data-id=\"8f28ca9\" data-element_type=\"widget\" data-e-type=\"widget\" data-widget_type=\"text-editor.default\">\n\t\t\t\t<div class=\"elementor-widget-container\">\n\t\t\t\t\t\t\t\t\t<p>En Radio Mar\u00eda USA, el P. Dan Reehil y la Dra. Katrina Leyden,\u00a0<span style=\"color: var( --e-global-color-text ); font-family: var( --e-global-typography-text-font-family ), Sans-serif; font-weight: var( --e-global-typography-text-font-weight ); background-color: var( --e-global-color-04310f9 ); font-size: 1rem;\">Presidenta y Cofundadora del\u00a0<\/span><span style=\"font-style: inherit; font-weight: inherit; color: var( --e-global-color-text ); font-family: var( --e-global-typography-text-font-family ), Sans-serif; background-color: var( --e-global-color-04310f9 );\">Apostolado de los Primeros S\u00e1bados Comunitarios hablan sobre la Devoci\u00f3n de los Primeros S\u00e1bados, el prop\u00f3sito del apostolado y c\u00f3mo establecer Los Primeros S\u00e1bados Comunitarios en la parroquia.<\/span><\/p><p><span style=\"font-style: inherit; font-weight: inherit; color: var( --e-global-color-text ); font-family: var( --e-global-typography-text-font-family ), Sans-serif; background-color: var( --e-global-color-04310f9 );\">Listos para la Batalla (Battle Ready) - 23 de enero de 2023.<\/span><\/p><p>Para escuchar a trav\u00e9s de la web, haga clic\u00a0<a href=\"https:\/\/radiomaria.us\/podcast\/battle-ready\/battle-ready-january-25-2023-dr-katrina-leyden-of-the-communal-first-saturdays-apostolate\/\" target=\"_blank\" rel=\"noopener\">aqu\u00ed<\/a>.<\/p>\t\t\t\t\t\t\t\t<\/div>\n\t\t\t\t<\/div>\n\t\t\t\t<div class=\"elementor-element elementor-element-9e83e8b elementor-widget elementor-widget-heading\" data-id=\"9e83e8b\" data-element_type=\"widget\" data-e-type=\"widget\" data-widget_type=\"heading.default\">\n\t\t\t\t<div class=\"elementor-widget-container\">\n\t\t\t\t\t<h2 class=\"elementor-heading-title elementor-size-default\">El Coraz\u00f3n de F\u00e1tima<\/h2>\t\t\t\t<\/div>\n\t\t\t\t<\/div>\n\t\t\t\t<div class=\"elementor-element elementor-element-204b593 elementor-widget elementor-widget-text-editor\" data-id=\"204b593\" data-element_type=\"widget\" data-e-type=\"widget\" data-widget_type=\"text-editor.default\">\n\t\t\t\t<div class=\"elementor-widget-container\">\n\t\t\t\t\t\t\t\t\t<p>En Radio Mar\u00eda Irlanda, la Dra. Katrina Leyden, Presidenta y Cofundadora del Apostolado de Los Primeros S\u00e1bados Comunitarios, habla del Coraz\u00f3n del Mensaje de F\u00e1tima y de c\u00f3mo Dios quiere establecer la devoci\u00f3n al Inmaculado Coraz\u00f3n de Mar\u00eda.\u00a0<\/p><p><span style=\"font-style: inherit; font-weight: inherit; color: var( --e-global-color-text ); font-family: var( --e-global-typography-text-font-family ), Sans-serif; background-color: var( --e-global-color-04310f9 );\">Conferencia Dios te Salve, Reina 2022, 15 de octubre de 2022.\u00a0<\/span><\/p><p>Para escuchar a trav\u00e9s de la web, haga clic\u00a0<a href=\"https:\/\/www.radiomaria.ie\/hail-holy-queen-conference-dr-katrina-leyden\/\" target=\"_blank\" rel=\"noopener\">aqu\u00ed<\/a>.<\/p>\t\t\t\t\t\t\t\t<\/div>\n\t\t\t\t<\/div>\n\t\t\t\t<div class=\"elementor-element elementor-element-69ea508 elementor-widget elementor-widget-heading\" data-id=\"69ea508\" data-element_type=\"widget\" data-e-type=\"widget\" data-widget_type=\"heading.default\">\n\t\t\t\t<div class=\"elementor-widget-container\">\n\t\t\t\t\t<h2 class=\"elementor-heading-title elementor-size-default\">Una voz del Reino Unido<\/h2>\t\t\t\t<\/div>\n\t\t\t\t<\/div>\n\t\t\t\t<div class=\"elementor-element elementor-element-41d48de elementor-widget elementor-widget-text-editor\" data-id=\"41d48de\" data-element_type=\"widget\" data-e-type=\"widget\" data-widget_type=\"text-editor.default\">\n\t\t\t\t<div class=\"elementor-widget-container\">\n\t\t\t\t\t\t\t\t\t<p class=\"p1\">En Radio Mar\u00eda Inglaterra, Antonia Moffat, antigua Coordinadora de Difusi\u00f3n de la Bas\u00edlica y Santuario de Nuestra Se\u00f1ora de Walsingham en el Reino Unido, habla sobre la difusi\u00f3n de los Primeros S\u00e1bados. Esta entrevista tuvo lugar el 10 de diciembre de 2021, el 96\u00ba Aniversario de la Aparici\u00f3n de Jes\u00fas y Mar\u00eda a Sor Luc\u00eda, en Pontevedra Espa\u00f1a el 10 de diciembre de 1925.&nbsp;<\/p>\n<p>Para escuchar a trav\u00e9s de la web, haga clic <a href=\"https:\/\/radiomariaengland.uk\/mornings-with-radio-maria-guest-anotnia-moffat-2021-12-10\/\">aqu\u00ed<\/a>.<\/p>\n<p>Para escuchar el podcast, haga clic en <a href=\"https:\/\/radiomariaengland.uk\/mornings-with-radio-maria-guest-anotnia-moffat-2021-12-10\/\">aqu\u00ed<\/a>.<\/p>\t\t\t\t\t\t\t\t<\/div>\n\t\t\t\t<\/div>\n\t\t\t\t<div class=\"elementor-element elementor-element-c662ea9 elementor-widget elementor-widget-heading\" data-id=\"c662ea9\" data-element_type=\"widget\" data-e-type=\"widget\" data-widget_type=\"heading.default\">\n\t\t\t\t<div class=\"elementor-widget-container\">\n\t\t\t\t\t<h2 class=\"elementor-heading-title elementor-size-default\">Gastando tus Primeros S\u00e1bados en la Salvaci\u00f3n<\/h2>\t\t\t\t<\/div>\n\t\t\t\t<\/div>\n\t\t\t\t<div class=\"elementor-element elementor-element-ce36cf8 elementor-widget elementor-widget-text-editor\" data-id=\"ce36cf8\" data-element_type=\"widget\" data-e-type=\"widget\" data-widget_type=\"text-editor.default\">\n\t\t\t\t<div class=\"elementor-widget-container\">\n\t\t\t\t\t\t\t\t\t<p class=\"p2\"><em>M\u00e1s all\u00e1 del Bolet\u00edn<\/em> Podcast - Entrevista con Katrina Leyden, presidenta y cofundadora del Apostolado de los Primeros S\u00e1bados Comunitarios sobre la historia de <em>Los Primeros S\u00e1bados Comunitarios<\/em>, noviembre de 2021.<\/p><p>Para escuchar la entrevista, haga clic en <a href=\"https:\/\/www.beyondthebulletin.church\/115\">aqu\u00ed<\/a>.<\/p><p class=\"p2\">\u00a0<\/p>\t\t\t\t\t\t\t\t<\/div>\n\t\t\t\t<\/div>\n\t\t\t\t\t<\/div>\n\t\t<\/div>\n\t\t\t\t\t<\/div>\n\t\t<\/section>\n\t\t\t\t<\/div>","protected":false},"excerpt":{"rendered":"<p>Fatima and the First Saturdays &#8211; Radio Show on Radio Maria USA Listen live here\u00a0every Friday at 11am CT\/12pm ET\/5pm UK-Irish Time. Presented by Dr. Katrina Leyden. For most recent episode and previous programs, please\u00a0click here. \u00a0 Battle Ready &#8211; Establishing the Communal First Saturdays On Radio Maria USA, Fr. Dan Reehil and Dr. Katrina [&hellip;]<\/p>\n","protected":false},"author":2,"featured_media":0,"parent":0,"menu_order":0,"comment_status":"closed","ping_status":"closed","template":"","meta":{"_acf_changed":false,"om_disable_all_campaigns":false,"_monsterinsights_skip_tracking":false,"_monsterinsights_sitenote_active":false,"_monsterinsights_sitenote_note":"","_monsterinsights_sitenote_category":0,"_uf_show_specific_survey":0,"_uf_disable_surveys":false,"site-sidebar-layout":"default","site-content-layout":"default","ast-site-content-layout":"default","site-content-style":"default","site-sidebar-style":"default","ast-global-header-display":"","ast-banner-title-visibility":"","ast-main-header-display":"","ast-hfb-above-header-display":"","ast-hfb-below-header-display":"","ast-hfb-mobile-header-display":"","site-post-title":"","ast-breadcrumbs-content":"","ast-featured-img":"","footer-sml-layout":"","ast-disable-related-posts":"","theme-transparent-header-meta":"default","adv-header-id-meta":"","stick-header-meta":"","header-above-stick-meta":"","header-main-stick-meta":"","header-below-stick-meta":"","astra-migrate-meta-layouts":"default","ast-page-background-enabled":"default","ast-page-background-meta":{"desktop":{"background-color":"","background-image":"","background-repeat":"repeat","background-position":"center center","background-size":"auto","background-attachment":"scroll","background-type":"","background-media":"","overlay-type":"","overlay-color":"","overlay-opacity":"","overlay-gradient":""},"tablet":{"background-color":"","background-image":"","background-repeat":"repeat","background-position":"center center","background-size":"auto","background-attachment":"scroll","background-type":"","background-media":"","overlay-type":"","overlay-color":"","overlay-opacity":"","overlay-gradient":""},"mobile":{"background-color":"","background-image":"","background-repeat":"repeat","background-position":"center center","background-size":"auto","background-attachment":"scroll","background-type":"","background-media":"","overlay-type":"","overlay-color":"","overlay-opacity":"","overlay-gradient":""}},"ast-content-background-meta":{"desktop":{"background-color":"var(--ast-global-color-5)","background-image":"","background-repeat":"repeat","background-position":"center center","background-size":"auto","background-attachment":"scroll","background-type":"","background-media":"","overlay-type":"","overlay-color":"","overlay-opacity":"","overlay-gradient":""},"tablet":{"background-color":"var(--ast-global-color-5)","background-image":"","background-repeat":"repeat","background-position":"center center","background-size":"auto","background-attachment":"scroll","background-type":"","background-media":"","overlay-type":"","overlay-color":"","overlay-opacity":"","overlay-gradient":""},"mobile":{"background-color":"var(--ast-global-color-5)","background-image":"","background-repeat":"repeat","background-position":"center center","background-size":"auto","background-attachment":"scroll","background-type":"","background-media":"","overlay-type":"","overlay-color":"","overlay-opacity":"","overlay-gradient":""}},"footnotes":""},"class_list":["post-5602","page","type-page","status-publish","hentry"],"acf":[],"aioseo_notices":[],"yoast_head":"<!-- This site is optimized with the Yoast SEO plugin v27.2 - https:\/\/yoast.com\/product\/yoast-seo-wordpress\/ -->\n<title>Radio\/ Podcasts - The Communal First Saturdays<\/title>\n<meta name=\"robots\" content=\"index, follow, max-snippet:-1, max-image-preview:large, max-video-preview:-1\" \/>\n<link rel=\"canonical\" href=\"https:\/\/communalfirstsaturdays.org\/es\/radio-podcasts\/\" \/>\n<meta property=\"og:locale\" content=\"es_MX\" \/>\n<meta property=\"og:type\" content=\"article\" \/>\n<meta property=\"og:title\" content=\"Radio\/ Podcasts - The Communal First Saturdays\" \/>\n<meta property=\"og:description\" content=\"Fatima and the First Saturdays &#8211; Radio Show on Radio Maria USA Listen live here\u00a0every Friday at 11am CT\/12pm ET\/5pm UK-Irish Time. Presented by Dr. Katrina Leyden. For most recent episode and previous programs, please\u00a0click here. \u00a0 Battle Ready &#8211; Establishing the Communal First Saturdays On Radio Maria USA, Fr. Dan Reehil and Dr. Katrina [&hellip;]\" \/>\n<meta property=\"og:url\" content=\"https:\/\/communalfirstsaturdays.org\/es\/radio-podcasts\/\" \/>\n<meta property=\"og:site_name\" content=\"The Communal First Saturdays\" \/>\n<meta property=\"article:publisher\" content=\"https:\/\/www.facebook.com\/CommunalFirstSaturdays\/\" \/>\n<meta property=\"article:modified_time\" content=\"2024-08-22T20:10:54+00:00\" \/>\n<meta property=\"og:image\" content=\"https:\/\/communalfirstsaturdays.org\/wp-content\/uploads\/2023\/05\/full-sized-logo-color.jpg\" \/>\n\t<meta property=\"og:image:width\" content=\"1200\" \/>\n\t<meta property=\"og:image:height\" content=\"782\" \/>\n\t<meta property=\"og:image:type\" content=\"image\/jpeg\" \/>\n<meta name=\"twitter:card\" content=\"summary_large_image\" \/>\n<meta name=\"twitter:site\" content=\"@CFSApostolate\" \/>\n<meta name=\"twitter:label1\" content=\"Tiempo de lectura\" \/>\n\t<meta name=\"twitter:data1\" content=\"2 minutos\" \/>\n<script type=\"application\/ld+json\" class=\"yoast-schema-graph\">{\"@context\":\"https:\/\/schema.org\",\"@graph\":[{\"@type\":\"WebPage\",\"@id\":\"https:\/\/communalfirstsaturdays.org\/radio-podcasts\/\",\"url\":\"https:\/\/communalfirstsaturdays.org\/radio-podcasts\/\",\"name\":\"Radio\/ Podcasts - The Communal First Saturdays\",\"isPartOf\":{\"@id\":\"https:\/\/communalfirstsaturdays.org\/#website\"},\"datePublished\":\"2021-12-15T04:36:29+00:00\",\"dateModified\":\"2024-08-22T20:10:54+00:00\",\"breadcrumb\":{\"@id\":\"https:\/\/communalfirstsaturdays.org\/radio-podcasts\/#breadcrumb\"},\"inLanguage\":\"es\",\"potentialAction\":[{\"@type\":\"ReadAction\",\"target\":[\"https:\/\/communalfirstsaturdays.org\/radio-podcasts\/\"]}]},{\"@type\":\"BreadcrumbList\",\"@id\":\"https:\/\/communalfirstsaturdays.org\/radio-podcasts\/#breadcrumb\",\"itemListElement\":[{\"@type\":\"ListItem\",\"position\":1,\"name\":\"Home\",\"item\":\"https:\/\/communalfirstsaturdays.org\/\"},{\"@type\":\"ListItem\",\"position\":2,\"name\":\"Radio\/ Podcasts\"}]},{\"@type\":\"WebSite\",\"@id\":\"https:\/\/communalfirstsaturdays.org\/#website\",\"url\":\"https:\/\/communalfirstsaturdays.org\/\",\"name\":\"The Communal First Saturdays\",\"description\":\"Power in Prayer Together\",\"publisher\":{\"@id\":\"https:\/\/communalfirstsaturdays.org\/#organization\"},\"potentialAction\":[{\"@type\":\"SearchAction\",\"target\":{\"@type\":\"EntryPoint\",\"urlTemplate\":\"https:\/\/communalfirstsaturdays.org\/?s={search_term_string}\"},\"query-input\":{\"@type\":\"PropertyValueSpecification\",\"valueRequired\":true,\"valueName\":\"search_term_string\"}}],\"inLanguage\":\"es\"},{\"@type\":\"Organization\",\"@id\":\"https:\/\/communalfirstsaturdays.org\/#organization\",\"name\":\"Communal First Saturdays\",\"url\":\"https:\/\/communalfirstsaturdays.org\/\",\"logo\":{\"@type\":\"ImageObject\",\"inLanguage\":\"es\",\"@id\":\"https:\/\/communalfirstsaturdays.org\/#\/schema\/logo\/image\/\",\"url\":\"https:\/\/communalfirstsaturdays.org\/wp-content\/uploads\/2019\/08\/cfs-logo-seo.png\",\"contentUrl\":\"https:\/\/communalfirstsaturdays.org\/wp-content\/uploads\/2019\/08\/cfs-logo-seo.png\",\"width\":800,\"height\":462,\"caption\":\"Communal First Saturdays\"},\"image\":{\"@id\":\"https:\/\/communalfirstsaturdays.org\/#\/schema\/logo\/image\/\"},\"sameAs\":[\"https:\/\/www.facebook.com\/CommunalFirstSaturdays\/\",\"https:\/\/x.com\/CFSApostolate\"]}]}<\/script>\n<!-- \/ Yoast SEO plugin. -->","yoast_head_json":{"title":"Radio\/ Podcasts - The Communal First Saturdays","robots":{"index":"index","follow":"follow","max-snippet":"max-snippet:-1","max-image-preview":"max-image-preview:large","max-video-preview":"max-video-preview:-1"},"canonical":"https:\/\/communalfirstsaturdays.org\/es\/radio-podcasts\/","og_locale":"es_MX","og_type":"article","og_title":"Radio\/ Podcasts - The Communal First Saturdays","og_description":"Fatima and the First Saturdays &#8211; Radio Show on Radio Maria USA Listen live here\u00a0every Friday at 11am CT\/12pm ET\/5pm UK-Irish Time. Presented by Dr. Katrina Leyden. For most recent episode and previous programs, please\u00a0click here. \u00a0 Battle Ready &#8211; Establishing the Communal First Saturdays On Radio Maria USA, Fr. Dan Reehil and Dr. Katrina [&hellip;]","og_url":"https:\/\/communalfirstsaturdays.org\/es\/radio-podcasts\/","og_site_name":"The Communal First Saturdays","article_publisher":"https:\/\/www.facebook.com\/CommunalFirstSaturdays\/","article_modified_time":"2024-08-22T20:10:54+00:00","og_image":[{"width":1200,"height":782,"url":"https:\/\/communalfirstsaturdays.org\/wp-content\/uploads\/2023\/05\/full-sized-logo-color.jpg","type":"image\/jpeg"}],"twitter_card":"summary_large_image","twitter_site":"@CFSApostolate","twitter_misc":{"Tiempo de lectura":"2 minutos"},"schema":{"@context":"https:\/\/schema.org","@graph":[{"@type":"WebPage","@id":"https:\/\/communalfirstsaturdays.org\/radio-podcasts\/","url":"https:\/\/communalfirstsaturdays.org\/radio-podcasts\/","name":"Radio\/ Podcasts - The Communal First Saturdays","isPartOf":{"@id":"https:\/\/communalfirstsaturdays.org\/#website"},"datePublished":"2021-12-15T04:36:29+00:00","dateModified":"2024-08-22T20:10:54+00:00","breadcrumb":{"@id":"https:\/\/communalfirstsaturdays.org\/radio-podcasts\/#breadcrumb"},"inLanguage":"es","potentialAction":[{"@type":"ReadAction","target":["https:\/\/communalfirstsaturdays.org\/radio-podcasts\/"]}]},{"@type":"BreadcrumbList","@id":"https:\/\/communalfirstsaturdays.org\/radio-podcasts\/#breadcrumb","itemListElement":[{"@type":"ListItem","position":1,"name":"Home","item":"https:\/\/communalfirstsaturdays.org\/"},{"@type":"ListItem","position":2,"name":"Radio\/ Podcasts"}]},{"@type":"WebSite","@id":"https:\/\/communalfirstsaturdays.org\/#website","url":"https:\/\/communalfirstsaturdays.org\/","name":"The Communal First Saturdays","description":"El poder de rezar juntos","publisher":{"@id":"https:\/\/communalfirstsaturdays.org\/#organization"},"potentialAction":[{"@type":"SearchAction","target":{"@type":"EntryPoint","urlTemplate":"https:\/\/communalfirstsaturdays.org\/?s={search_term_string}"},"query-input":{"@type":"PropertyValueSpecification","valueRequired":true,"valueName":"search_term_string"}}],"inLanguage":"es"},{"@type":"Organization","@id":"https:\/\/communalfirstsaturdays.org\/#organization","name":"Los Primeros S\u00e1bados Comunitarios","url":"https:\/\/communalfirstsaturdays.org\/","logo":{"@type":"ImageObject","inLanguage":"es","@id":"https:\/\/communalfirstsaturdays.org\/#\/schema\/logo\/image\/","url":"https:\/\/communalfirstsaturdays.org\/wp-content\/uploads\/2019\/08\/cfs-logo-seo.png","contentUrl":"https:\/\/communalfirstsaturdays.org\/wp-content\/uploads\/2019\/08\/cfs-logo-seo.png","width":800,"height":462,"caption":"Communal First Saturdays"},"image":{"@id":"https:\/\/communalfirstsaturdays.org\/#\/schema\/logo\/image\/"},"sameAs":["https:\/\/www.facebook.com\/CommunalFirstSaturdays\/","https:\/\/x.com\/CFSApostolate"]}]}},"_links":{"self":[{"href":"https:\/\/communalfirstsaturdays.org\/es\/wp-json\/wp\/v2\/pages\/5602","targetHints":{"allow":["GET"]}}],"collection":[{"href":"https:\/\/communalfirstsaturdays.org\/es\/wp-json\/wp\/v2\/pages"}],"about":[{"href":"https:\/\/communalfirstsaturdays.org\/es\/wp-json\/wp\/v2\/types\/page"}],"author":[{"embeddable":true,"href":"https:\/\/communalfirstsaturdays.org\/es\/wp-json\/wp\/v2\/users\/2"}],"replies":[{"embeddable":true,"href":"https:\/\/communalfirstsaturdays.org\/es\/wp-json\/wp\/v2\/comments?post=5602"}],"version-history":[{"count":86,"href":"https:\/\/communalfirstsaturdays.org\/es\/wp-json\/wp\/v2\/pages\/5602\/revisions"}],"predecessor-version":[{"id":16970,"href":"https:\/\/communalfirstsaturdays.org\/es\/wp-json\/wp\/v2\/pages\/5602\/revisions\/16970"}],"wp:attachment":[{"href":"https:\/\/communalfirstsaturdays.org\/es\/wp-json\/wp\/v2\/media?parent=5602"}],"curies":[{"name":"wp","href":"https:\/\/api.w.org\/{rel}","templated":true}]}}