{"id":6835,"date":"2022-02-21T00:54:10","date_gmt":"2022-02-21T00:54:10","guid":{"rendered":"https:\/\/communalfirstsaturdays.org\/?page_id=6835"},"modified":"2022-02-21T00:54:10","modified_gmt":"2022-02-21T00:54:10","slug":"prayer-for-the-beatification-of-sr-lucia","status":"publish","type":"page","link":"https:\/\/communalfirstsaturdays.org\/es\/prayer-for-the-beatification-of-sr-lucia\/","title":{"rendered":"Oraci\u00f3n por la Beatificaci\u00f3n de Sor Luc\u00eda"},"content":{"rendered":"<p>Dos de los Ni\u00f1os de F\u00e1tima son santos canonizados, los santos Jacinta y Francisco.<\/p>\n<p>\u00bfAyudar\u00e1s a que Sor Luc\u00eda tambi\u00e9n sea canonizada?<\/p>\n<p>Sor Luc\u00eda necesita que se le atribuyan 2 milagros para ser santa. Antes de ser canonizada, Sor Luc\u00eda debe ser beatificada. Luc\u00eda debe ser beatificada. Por favor, considere rezar la siguiente oraci\u00f3n por su beatificaci\u00f3n, as\u00ed como por la curaci\u00f3n de dos personas especiales. La estampa tambi\u00e9n puede descargarse e imprimirse haciendo clic en <a href=\"https:\/\/drive.google.com\/file\/d\/1mvPvwNKSO9tiu_AOJ5cc3dMHbuq9koeW\/view?usp=sharing\">aqu\u00ed<\/a>.<\/p>\n<p><img fetchpriority=\"high\" decoding=\"async\" class=\"size-medium wp-image-6839 alignleft\" src=\"https:\/\/communalfirstsaturdays.org\/wp-content\/uploads\/2022\/02\/Front_prayer_card_sfw-229x300.jpg\" alt=\"\" width=\"229\" height=\"300\" srcset=\"https:\/\/communalfirstsaturdays.org\/wp-content\/uploads\/2022\/02\/Front_prayer_card_sfw-229x300.jpg 229w, https:\/\/communalfirstsaturdays.org\/wp-content\/uploads\/2022\/02\/Front_prayer_card_sfw-783x1024.jpg 783w, https:\/\/communalfirstsaturdays.org\/wp-content\/uploads\/2022\/02\/Front_prayer_card_sfw-768x1004.jpg 768w, https:\/\/communalfirstsaturdays.org\/wp-content\/uploads\/2022\/02\/Front_prayer_card_sfw-9x12.jpg 9w, https:\/\/communalfirstsaturdays.org\/wp-content\/uploads\/2022\/02\/Front_prayer_card_sfw.jpg 975w\" sizes=\"(max-width: 229px) 100vw, 229px\" \/><img decoding=\"async\" class=\"size-medium wp-image-6840 alignleft\" src=\"https:\/\/communalfirstsaturdays.org\/wp-content\/uploads\/2022\/02\/Prayer-for-Beatification-and-healing_Front-and-Back-1sfw-229x300.jpg\" alt=\"\" width=\"229\" height=\"300\" srcset=\"https:\/\/communalfirstsaturdays.org\/wp-content\/uploads\/2022\/02\/Prayer-for-Beatification-and-healing_Front-and-Back-1sfw-229x300.jpg 229w, https:\/\/communalfirstsaturdays.org\/wp-content\/uploads\/2022\/02\/Prayer-for-Beatification-and-healing_Front-and-Back-1sfw-783x1024.jpg 783w, https:\/\/communalfirstsaturdays.org\/wp-content\/uploads\/2022\/02\/Prayer-for-Beatification-and-healing_Front-and-Back-1sfw-768x1004.jpg 768w, https:\/\/communalfirstsaturdays.org\/wp-content\/uploads\/2022\/02\/Prayer-for-Beatification-and-healing_Front-and-Back-1sfw-9x12.jpg 9w, https:\/\/communalfirstsaturdays.org\/wp-content\/uploads\/2022\/02\/Prayer-for-Beatification-and-healing_Front-and-Back-1sfw.jpg 975w\" sizes=\"(max-width: 229px) 100vw, 229px\" \/><\/p>","protected":false},"excerpt":{"rendered":"<p>Two of the Fatima Children are canonized saints, Sts. Jacinta and Francisco. Will you help Sr. Lucia also become a canonized saint? Sr. Lucia needs 2 miracles attributed to her for her to become a saint. Before she is canonized, Sr. Lucia must be beatified. Please consider praying the following prayer for her beatification as [&hellip;]<\/p>\n","protected":false},"author":2,"featured_media":0,"parent":0,"menu_order":0,"comment_status":"closed","ping_status":"closed","template":"","meta":{"_acf_changed":false,"om_disable_all_campaigns":false,"_monsterinsights_skip_tracking":false,"_monsterinsights_sitenote_active":false,"_monsterinsights_sitenote_note":"","_monsterinsights_sitenote_category":0,"_uf_show_specific_survey":0,"_uf_disable_surveys":false,"site-sidebar-layout":"default","site-content-layout":"default","ast-site-content-layout":"default","site-content-style":"default","site-sidebar-style":"default","ast-global-header-display":"","ast-banner-title-visibility":"","ast-main-header-display":"","ast-hfb-above-header-display":"","ast-hfb-below-header-display":"","ast-hfb-mobile-header-display":"","site-post-title":"","ast-breadcrumbs-content":"","ast-featured-img":"","footer-sml-layout":"","ast-disable-related-posts":"","theme-transparent-header-meta":"","adv-header-id-meta":"","stick-header-meta":"","header-above-stick-meta":"","header-main-stick-meta":"","header-below-stick-meta":"","astra-migrate-meta-layouts":"default","ast-page-background-enabled":"default","ast-page-background-meta":{"desktop":{"background-color":"","background-image":"","background-repeat":"repeat","background-position":"center center","background-size":"auto","background-attachment":"scroll","background-type":"","background-media":"","overlay-type":"","overlay-color":"","overlay-opacity":"","overlay-gradient":""},"tablet":{"background-color":"","background-image":"","background-repeat":"repeat","background-position":"center center","background-size":"auto","background-attachment":"scroll","background-type":"","background-media":"","overlay-type":"","overlay-color":"","overlay-opacity":"","overlay-gradient":""},"mobile":{"background-color":"","background-image":"","background-repeat":"repeat","background-position":"center center","background-size":"auto","background-attachment":"scroll","background-type":"","background-media":"","overlay-type":"","overlay-color":"","overlay-opacity":"","overlay-gradient":""}},"ast-content-background-meta":{"desktop":{"background-color":"var(--ast-global-color-5)","background-image":"","background-repeat":"repeat","background-position":"center center","background-size":"auto","background-attachment":"scroll","background-type":"","background-media":"","overlay-type":"","overlay-color":"","overlay-opacity":"","overlay-gradient":""},"tablet":{"background-color":"var(--ast-global-color-5)","background-image":"","background-repeat":"repeat","background-position":"center center","background-size":"auto","background-attachment":"scroll","background-type":"","background-media":"","overlay-type":"","overlay-color":"","overlay-opacity":"","overlay-gradient":""},"mobile":{"background-color":"var(--ast-global-color-5)","background-image":"","background-repeat":"repeat","background-position":"center center","background-size":"auto","background-attachment":"scroll","background-type":"","background-media":"","overlay-type":"","overlay-color":"","overlay-opacity":"","overlay-gradient":""}},"footnotes":""},"class_list":["post-6835","page","type-page","status-publish","hentry"],"acf":[],"aioseo_notices":[],"yoast_head":"<!-- This site is optimized with the Yoast SEO plugin v27.4 - https:\/\/yoast.com\/product\/yoast-seo-wordpress\/ -->\n<title>Prayer for the Beatification of Sr. Lucia - The Communal First Saturdays<\/title>\n<meta name=\"robots\" content=\"index, follow, max-snippet:-1, max-image-preview:large, max-video-preview:-1\" \/>\n<link rel=\"canonical\" href=\"https:\/\/communalfirstsaturdays.org\/es\/prayer-for-the-beatification-of-sr-lucia\/\" \/>\n<meta property=\"og:locale\" content=\"es_MX\" \/>\n<meta property=\"og:type\" content=\"article\" \/>\n<meta property=\"og:title\" content=\"Prayer for the Beatification of Sr. Lucia - The Communal First Saturdays\" \/>\n<meta property=\"og:description\" content=\"Two of the Fatima Children are canonized saints, Sts. Jacinta and Francisco. Will you help Sr. Lucia also become a canonized saint? Sr. Lucia needs 2 miracles attributed to her for her to become a saint. Before she is canonized, Sr. Lucia must be beatified. Please consider praying the following prayer for her beatification as [&hellip;]\" \/>\n<meta property=\"og:url\" content=\"https:\/\/communalfirstsaturdays.org\/es\/prayer-for-the-beatification-of-sr-lucia\/\" \/>\n<meta property=\"og:site_name\" content=\"The Communal First Saturdays\" \/>\n<meta property=\"article:publisher\" content=\"https:\/\/www.facebook.com\/CommunalFirstSaturdays\/\" \/>\n<meta property=\"og:image\" content=\"https:\/\/communalfirstsaturdays.org\/wp-content\/uploads\/2022\/02\/Front_prayer_card_sfw-229x300.jpg\" \/>\n<meta name=\"twitter:card\" content=\"summary_large_image\" \/>\n<meta name=\"twitter:site\" content=\"@CFSApostolate\" \/>\n<meta name=\"twitter:label1\" content=\"Tiempo de lectura\" \/>\n\t<meta name=\"twitter:data1\" content=\"1 minuto\" \/>\n<script type=\"application\/ld+json\" class=\"yoast-schema-graph\">{\"@context\":\"https:\\\/\\\/schema.org\",\"@graph\":[{\"@type\":\"WebPage\",\"@id\":\"https:\\\/\\\/communalfirstsaturdays.org\\\/prayer-for-the-beatification-of-sr-lucia\\\/\",\"url\":\"https:\\\/\\\/communalfirstsaturdays.org\\\/prayer-for-the-beatification-of-sr-lucia\\\/\",\"name\":\"Prayer for the Beatification of Sr. Lucia - The Communal First Saturdays\",\"isPartOf\":{\"@id\":\"https:\\\/\\\/communalfirstsaturdays.org\\\/#website\"},\"primaryImageOfPage\":{\"@id\":\"https:\\\/\\\/communalfirstsaturdays.org\\\/prayer-for-the-beatification-of-sr-lucia\\\/#primaryimage\"},\"image\":{\"@id\":\"https:\\\/\\\/communalfirstsaturdays.org\\\/prayer-for-the-beatification-of-sr-lucia\\\/#primaryimage\"},\"thumbnailUrl\":\"https:\\\/\\\/communalfirstsaturdays.org\\\/wp-content\\\/uploads\\\/2022\\\/02\\\/Front_prayer_card_sfw-229x300.jpg\",\"datePublished\":\"2022-02-21T00:54:10+00:00\",\"breadcrumb\":{\"@id\":\"https:\\\/\\\/communalfirstsaturdays.org\\\/prayer-for-the-beatification-of-sr-lucia\\\/#breadcrumb\"},\"inLanguage\":\"es\",\"potentialAction\":[{\"@type\":\"ReadAction\",\"target\":[\"https:\\\/\\\/communalfirstsaturdays.org\\\/prayer-for-the-beatification-of-sr-lucia\\\/\"]}]},{\"@type\":\"ImageObject\",\"inLanguage\":\"es\",\"@id\":\"https:\\\/\\\/communalfirstsaturdays.org\\\/prayer-for-the-beatification-of-sr-lucia\\\/#primaryimage\",\"url\":\"https:\\\/\\\/communalfirstsaturdays.org\\\/wp-content\\\/uploads\\\/2022\\\/02\\\/Front_prayer_card_sfw-229x300.jpg\",\"contentUrl\":\"https:\\\/\\\/communalfirstsaturdays.org\\\/wp-content\\\/uploads\\\/2022\\\/02\\\/Front_prayer_card_sfw-229x300.jpg\"},{\"@type\":\"BreadcrumbList\",\"@id\":\"https:\\\/\\\/communalfirstsaturdays.org\\\/prayer-for-the-beatification-of-sr-lucia\\\/#breadcrumb\",\"itemListElement\":[{\"@type\":\"ListItem\",\"position\":1,\"name\":\"Home\",\"item\":\"https:\\\/\\\/communalfirstsaturdays.org\\\/\"},{\"@type\":\"ListItem\",\"position\":2,\"name\":\"Prayer for the Beatification of Sr. Lucia\"}]},{\"@type\":\"WebSite\",\"@id\":\"https:\\\/\\\/communalfirstsaturdays.org\\\/#website\",\"url\":\"https:\\\/\\\/communalfirstsaturdays.org\\\/\",\"name\":\"The Communal First Saturdays\",\"description\":\"Power in Prayer Together\",\"publisher\":{\"@id\":\"https:\\\/\\\/communalfirstsaturdays.org\\\/#organization\"},\"potentialAction\":[{\"@type\":\"SearchAction\",\"target\":{\"@type\":\"EntryPoint\",\"urlTemplate\":\"https:\\\/\\\/communalfirstsaturdays.org\\\/?s={search_term_string}\"},\"query-input\":{\"@type\":\"PropertyValueSpecification\",\"valueRequired\":true,\"valueName\":\"search_term_string\"}}],\"inLanguage\":\"es\"},{\"@type\":\"Organization\",\"@id\":\"https:\\\/\\\/communalfirstsaturdays.org\\\/#organization\",\"name\":\"Communal First Saturdays\",\"url\":\"https:\\\/\\\/communalfirstsaturdays.org\\\/\",\"logo\":{\"@type\":\"ImageObject\",\"inLanguage\":\"es\",\"@id\":\"https:\\\/\\\/communalfirstsaturdays.org\\\/#\\\/schema\\\/logo\\\/image\\\/\",\"url\":\"https:\\\/\\\/communalfirstsaturdays.org\\\/wp-content\\\/uploads\\\/2019\\\/08\\\/cfs-logo-seo.png\",\"contentUrl\":\"https:\\\/\\\/communalfirstsaturdays.org\\\/wp-content\\\/uploads\\\/2019\\\/08\\\/cfs-logo-seo.png\",\"width\":800,\"height\":462,\"caption\":\"Communal First Saturdays\"},\"image\":{\"@id\":\"https:\\\/\\\/communalfirstsaturdays.org\\\/#\\\/schema\\\/logo\\\/image\\\/\"},\"sameAs\":[\"https:\\\/\\\/www.facebook.com\\\/CommunalFirstSaturdays\\\/\",\"https:\\\/\\\/x.com\\\/CFSApostolate\"]}]}<\/script>\n<!-- \/ Yoast SEO plugin. -->","yoast_head_json":{"title":"Prayer for the Beatification of Sr. Lucia - The Communal First Saturdays","robots":{"index":"index","follow":"follow","max-snippet":"max-snippet:-1","max-image-preview":"max-image-preview:large","max-video-preview":"max-video-preview:-1"},"canonical":"https:\/\/communalfirstsaturdays.org\/es\/prayer-for-the-beatification-of-sr-lucia\/","og_locale":"es_MX","og_type":"article","og_title":"Prayer for the Beatification of Sr. Lucia - The Communal First Saturdays","og_description":"Two of the Fatima Children are canonized saints, Sts. Jacinta and Francisco. Will you help Sr. Lucia also become a canonized saint? Sr. Lucia needs 2 miracles attributed to her for her to become a saint. Before she is canonized, Sr. Lucia must be beatified. Please consider praying the following prayer for her beatification as [&hellip;]","og_url":"https:\/\/communalfirstsaturdays.org\/es\/prayer-for-the-beatification-of-sr-lucia\/","og_site_name":"The Communal First Saturdays","article_publisher":"https:\/\/www.facebook.com\/CommunalFirstSaturdays\/","og_image":[{"url":"https:\/\/communalfirstsaturdays.org\/wp-content\/uploads\/2022\/02\/Front_prayer_card_sfw-229x300.jpg","type":"","width":"","height":""}],"twitter_card":"summary_large_image","twitter_site":"@CFSApostolate","twitter_misc":{"Tiempo de lectura":"1 minuto"},"schema":{"@context":"https:\/\/schema.org","@graph":[{"@type":"WebPage","@id":"https:\/\/communalfirstsaturdays.org\/prayer-for-the-beatification-of-sr-lucia\/","url":"https:\/\/communalfirstsaturdays.org\/prayer-for-the-beatification-of-sr-lucia\/","name":"Prayer for the Beatification of Sr. Lucia - The Communal First Saturdays","isPartOf":{"@id":"https:\/\/communalfirstsaturdays.org\/#website"},"primaryImageOfPage":{"@id":"https:\/\/communalfirstsaturdays.org\/prayer-for-the-beatification-of-sr-lucia\/#primaryimage"},"image":{"@id":"https:\/\/communalfirstsaturdays.org\/prayer-for-the-beatification-of-sr-lucia\/#primaryimage"},"thumbnailUrl":"https:\/\/communalfirstsaturdays.org\/wp-content\/uploads\/2022\/02\/Front_prayer_card_sfw-229x300.jpg","datePublished":"2022-02-21T00:54:10+00:00","breadcrumb":{"@id":"https:\/\/communalfirstsaturdays.org\/prayer-for-the-beatification-of-sr-lucia\/#breadcrumb"},"inLanguage":"es","potentialAction":[{"@type":"ReadAction","target":["https:\/\/communalfirstsaturdays.org\/prayer-for-the-beatification-of-sr-lucia\/"]}]},{"@type":"ImageObject","inLanguage":"es","@id":"https:\/\/communalfirstsaturdays.org\/prayer-for-the-beatification-of-sr-lucia\/#primaryimage","url":"https:\/\/communalfirstsaturdays.org\/wp-content\/uploads\/2022\/02\/Front_prayer_card_sfw-229x300.jpg","contentUrl":"https:\/\/communalfirstsaturdays.org\/wp-content\/uploads\/2022\/02\/Front_prayer_card_sfw-229x300.jpg"},{"@type":"BreadcrumbList","@id":"https:\/\/communalfirstsaturdays.org\/prayer-for-the-beatification-of-sr-lucia\/#breadcrumb","itemListElement":[{"@type":"ListItem","position":1,"name":"Home","item":"https:\/\/communalfirstsaturdays.org\/"},{"@type":"ListItem","position":2,"name":"Prayer for the Beatification of Sr. Lucia"}]},{"@type":"WebSite","@id":"https:\/\/communalfirstsaturdays.org\/#website","url":"https:\/\/communalfirstsaturdays.org\/","name":"The Communal First Saturdays","description":"El poder de rezar juntos","publisher":{"@id":"https:\/\/communalfirstsaturdays.org\/#organization"},"potentialAction":[{"@type":"SearchAction","target":{"@type":"EntryPoint","urlTemplate":"https:\/\/communalfirstsaturdays.org\/?s={search_term_string}"},"query-input":{"@type":"PropertyValueSpecification","valueRequired":true,"valueName":"search_term_string"}}],"inLanguage":"es"},{"@type":"Organization","@id":"https:\/\/communalfirstsaturdays.org\/#organization","name":"Los Primeros S\u00e1bados Comunitarios","url":"https:\/\/communalfirstsaturdays.org\/","logo":{"@type":"ImageObject","inLanguage":"es","@id":"https:\/\/communalfirstsaturdays.org\/#\/schema\/logo\/image\/","url":"https:\/\/communalfirstsaturdays.org\/wp-content\/uploads\/2019\/08\/cfs-logo-seo.png","contentUrl":"https:\/\/communalfirstsaturdays.org\/wp-content\/uploads\/2019\/08\/cfs-logo-seo.png","width":800,"height":462,"caption":"Communal First Saturdays"},"image":{"@id":"https:\/\/communalfirstsaturdays.org\/#\/schema\/logo\/image\/"},"sameAs":["https:\/\/www.facebook.com\/CommunalFirstSaturdays\/","https:\/\/x.com\/CFSApostolate"]}]}},"_links":{"self":[{"href":"https:\/\/communalfirstsaturdays.org\/es\/wp-json\/wp\/v2\/pages\/6835","targetHints":{"allow":["GET"]}}],"collection":[{"href":"https:\/\/communalfirstsaturdays.org\/es\/wp-json\/wp\/v2\/pages"}],"about":[{"href":"https:\/\/communalfirstsaturdays.org\/es\/wp-json\/wp\/v2\/types\/page"}],"author":[{"embeddable":true,"href":"https:\/\/communalfirstsaturdays.org\/es\/wp-json\/wp\/v2\/users\/2"}],"replies":[{"embeddable":true,"href":"https:\/\/communalfirstsaturdays.org\/es\/wp-json\/wp\/v2\/comments?post=6835"}],"version-history":[{"count":2,"href":"https:\/\/communalfirstsaturdays.org\/es\/wp-json\/wp\/v2\/pages\/6835\/revisions"}],"predecessor-version":[{"id":6842,"href":"https:\/\/communalfirstsaturdays.org\/es\/wp-json\/wp\/v2\/pages\/6835\/revisions\/6842"}],"wp:attachment":[{"href":"https:\/\/communalfirstsaturdays.org\/es\/wp-json\/wp\/v2\/media?parent=6835"}],"curies":[{"name":"wp","href":"https:\/\/api.w.org\/{rel}","templated":true}]}}