{"id":7512,"date":"2022-04-01T21:32:11","date_gmt":"2022-04-01T21:32:11","guid":{"rendered":"https:\/\/communalfirstsaturdays.org\/?page_id=7512"},"modified":"2022-04-01T21:35:54","modified_gmt":"2022-04-01T21:35:54","slug":"waiting-list","status":"publish","type":"page","link":"https:\/\/communalfirstsaturdays.org\/es\/waiting-list\/","title":{"rendered":"Lista de espera para el nuevo grupo de estudio"},"content":{"rendered":"<p>Please provide your contact details below. We will contact you with additional dates and times for the <em>Fatima and the First Saturdays<\/em> Study Groups as they become available.<\/p>\n<div class=\"frm_forms  with_frm_style frm_style_formidable-style\" id=\"frm_form_14_container\" >\n<form enctype=\"multipart\/form-data\" method=\"post\" class=\"frm-show-form  frm_pro_form \" id=\"form_zsf88g7d779c01f52\" >\n<div class=\"frm_form_fields \">\n<fieldset>\n\r\n<div class=\"frm_description\"><p>Please provide your contact details below. We will contact you with additional dates and times for the Fatima and the First Saturdays Study Groups as they become available.<\/p>\n<\/div><div class=\"frm_fields_container\">\n<input type=\"hidden\" name=\"frm_action\" value=\"create\" \/>\n<input type=\"hidden\" name=\"form_id\" value=\"14\" \/>\n<input type=\"hidden\" name=\"frm_hide_fields_14\" id=\"frm_hide_fields_14\" value=\"\" \/>\n<input type=\"hidden\" name=\"form_key\" value=\"zsf88g7d779c01f52\" \/>\n<input type=\"hidden\" name=\"item_meta[0]\" value=\"\" \/>\n<input type=\"hidden\" id=\"frm_submit_entry_14\" name=\"frm_submit_entry_14\" value=\"bec238b651\" \/><input type=\"hidden\" name=\"_wp_http_referer\" value=\"\/es\/wp-json\/wp\/v2\/pages\/7512\" \/><div id=\"frm_field_174_container\" class=\"frm_form_field form-field  frm_required_field frm_left_container\">\r\n    <label for=\"field_fu8tw2\" id=\"field_fu8tw2_label\" class=\"frm_primary_label\">First Name\r\n        <span class=\"frm_required\" aria-hidden=\"true\">*<\/span>\r\n    <\/label>\r\n    <input  type=\"text\" id=\"field_fu8tw2\" name=\"item_meta[174]\" value=\"\"  data-reqmsg=\"First Name cannot be blank.\" aria-required=\"true\" data-invmsg=\"Text is invalid\" aria-invalid=\"false\"   \/>\r\n    \r\n    \r\n<\/div>\n<div id=\"frm_field_175_container\" class=\"frm_form_field form-field  frm_required_field frm_left_container\">\r\n    <label for=\"field_ydfzu2\" class=\"frm_primary_label\">Last Name\r\n        <span class=\"frm_required\">*<\/span>\r\n    <\/label>\r\n    <input  type=\"text\" id=\"field_ydfzu2\" name=\"item_meta[175]\" value=\"\"  data-reqmsg=\"Last Name cannot be blank.\" aria-required=\"true\" data-invmsg=\"Name is invalid\" aria-invalid=\"false\"   \/>\r\n    \r\n    \r\n<\/div>\n<div id=\"frm_field_176_container\" class=\"frm_form_field form-field  frm_required_field frm_left_container\">\r\n    <label for=\"field_fxqev2\" class=\"frm_primary_label\">City\r\n        <span class=\"frm_required\">*<\/span>\r\n    <\/label>\r\n    <input  type=\"text\" id=\"field_fxqev2\" name=\"item_meta[176]\" value=\"\"  data-reqmsg=\"City cannot be blank.\" aria-required=\"true\" data-invmsg=\"City is invalid\" aria-invalid=\"false\"   \/>\r\n    \r\n    \r\n<\/div>\n<div id=\"frm_field_177_container\" class=\"frm_form_field form-field  frm_required_field frm_left_container\">\r\n    <label for=\"field_z6r8szb3318ca74b2\" class=\"frm_primary_label\">State\r\n        <span class=\"frm_required\">*<\/span>\r\n    <\/label>\r\n    \t\t<select name=\"item_meta[177]\" id=\"field_z6r8szb3318ca74b2\"  data-frmval=\"Alabama\" data-reqmsg=\"State cannot be blank.\" aria-required=\"true\" data-invmsg=\"State is invalid\" aria-invalid=\"false\"  >\n\t\t<option  value=\"Alabama\" selected='selected'>Alabama<\/option><option  value=\"Alaska\">Alaska<\/option><option  value=\"Arizona\">Arizona<\/option><option  value=\"Arkansas\">Arkansas<\/option><option  value=\"California\">California<\/option><option  value=\"Colorado\">Colorado<\/option><option  value=\"Connecticut\">Connecticut<\/option><option  value=\"Delaware\">Delaware<\/option><option  value=\"District of Columbia\">District of Columbia<\/option><option  value=\"Florida\">Florida<\/option><option  value=\"Georgia\">Georgia<\/option><option  value=\"Hawaii\">Hawaii<\/option><option  value=\"Idaho\">Idaho<\/option><option  value=\"Illinois\">Illinois<\/option><option  value=\"Indiana\">Indiana<\/option><option  value=\"Iowa\">Iowa<\/option><option  value=\"Kansas\">Kansas<\/option><option  value=\"Kentucky\">Kentucky<\/option><option  value=\"Louisiana\">Louisiana<\/option><option  value=\"Maine\">Maine<\/option><option  value=\"Maryland\">Maryland<\/option><option  value=\"Massachusetts\">Massachusetts<\/option><option  value=\"Michigan\">Michigan<\/option><option  value=\"Minnesota\">Minnesota<\/option><option  value=\"Mississippi\">Mississippi<\/option><option  value=\"Missouri\">Missouri<\/option><option  value=\"Montana\">Montana<\/option><option  value=\"Nebraska\">Nebraska<\/option><option  value=\"Nevada\">Nevada<\/option><option  value=\"New Hampshire\">New Hampshire<\/option><option  value=\"New Jersey\">New Jersey<\/option><option  value=\"New Mexico\">New Mexico<\/option><option  value=\"New York\">New York<\/option><option  value=\"North Carolina\">North Carolina<\/option><option  value=\"North Dakota\">North Dakota<\/option><option  value=\"Ohio\">Ohio<\/option><option  value=\"Oklahoma\">Oklahoma<\/option><option  value=\"Oregon\">Oregon<\/option><option  value=\"Pennsylvania\">Pennsylvania<\/option><option  value=\"Rhode Island\">Rhode Island<\/option><option  value=\"South Carolina\">South Carolina<\/option><option  value=\"South Dakota\">South Dakota<\/option><option  value=\"Tennessee\">Tennessee<\/option><option  value=\"Texas\">Texas<\/option><option  value=\"Utah\">Utah<\/option><option  value=\"Vermont\">Vermont<\/option><option  value=\"Virginia\">Virginia<\/option><option  value=\"Washington\">Washington<\/option><option  value=\"West Virginia\">West Virginia<\/option><option  value=\"Wisconsin\">Wisconsin<\/option><option  value=\"Wyoming\">Wyoming<\/option>\t<\/select>\n\t\r\n    \r\n    \r\n<\/div>\n<div id=\"frm_field_178_container\" class=\"frm_form_field form-field  frm_required_field frm_left_container\">\r\n    <label for=\"field_tclib2\" class=\"frm_primary_label\">Country\r\n        <span class=\"frm_required\">*<\/span>\r\n    <\/label>\r\n    <input  type=\"text\" id=\"field_tclib2\" name=\"item_meta[178]\" value=\"\"  data-reqmsg=\"Country cannot be blank.\" aria-required=\"true\" data-invmsg=\"City is invalid\" aria-invalid=\"false\"   \/>\r\n    \r\n    \r\n<\/div>\n<div id=\"frm_field_179_container\" class=\"frm_form_field form-field  frm_required_field frm_left_container\">\r\n    <label for=\"field_13kuihdcc9e277b92\" class=\"frm_primary_label\">Email Address\r\n        <span class=\"frm_required\">*<\/span>\r\n    <\/label>\r\n    <input type=\"email\" id=\"field_13kuihdcc9e277b92\" name=\"item_meta[179]\" value=\"\"  data-reqmsg=\"Email Address cannot be blank.\" aria-required=\"true\" data-invmsg=\"Email Address is invalid\" aria-invalid=\"false\"  \/>\r\n    \r\n    \r\n<\/div>\n<div id=\"frm_field_180_container\" class=\"frm_form_field form-field  frm_required_field frm_left_container\">\r\n    <label for=\"field_rj2ksa58a018417b2\" class=\"frm_primary_label\">Phone Number\r\n        <span class=\"frm_required\">*<\/span>\r\n    <\/label>\r\n    <input type=\"tel\" id=\"field_rj2ksa58a018417b2\" name=\"item_meta[180]\" value=\"\"  style=\"width:135px\" data-reqmsg=\"Phone Number cannot be blank.\" aria-required=\"true\" data-invmsg=\"Phone Number is invalid\" class=\"auto_width\" aria-invalid=\"false\" pattern=\"((\\+\\d{1,3}(-|.| )?\\(?\\d\\)?(-| |.)?\\d{1,5})|(\\(?\\d{2,6}\\)?))(-|.| )?(\\d{3,4})(-|.| )?(\\d{4})(( x| ext)\\d{1,5}){0,1}$\"  \/>\r\n    \r\n    \r\n<\/div>\n<div id=\"frm_field_181_container\" class=\"frm_form_field form-field  frm_left_container\">\r\n    <label for=\"field_5r2xs719e3017e9a2\" class=\"frm_primary_label\">Diocese\r\n        <span class=\"frm_required\"><\/span>\r\n    <\/label>\r\n    <input  type=\"text\" id=\"field_5r2xs719e3017e9a2\" name=\"item_meta[181]\" value=\"\"  data-invmsg=\"Town in which parish is located is invalid\" aria-invalid=\"false\"   \/>\r\n    \r\n    \r\n<\/div>\n<div id=\"frm_field_182_container\" class=\"frm_form_field form-field  frm_left_container\">\r\n    <label for=\"field_v2av08313f0f8f7b2\" class=\"frm_primary_label\">Parish\r\n        <span class=\"frm_required\"><\/span>\r\n    <\/label>\r\n    <input  type=\"text\" id=\"field_v2av08313f0f8f7b2\" name=\"item_meta[182]\" value=\"\"  data-invmsg=\"Name of Your Parish is invalid\" aria-invalid=\"false\"   \/>\r\n    \r\n    \r\n<\/div>\n<div id=\"frm_field_184_container\" class=\"frm_form_field form-field  frm_required_field frm_left_container\">\r\n    <label for=\"field_ze8wy2\" id=\"field_ze8wy2_label\" class=\"frm_primary_label\">The day that works the best for me is:\r\n        <span class=\"frm_required\" aria-hidden=\"true\">*<\/span>\r\n    <\/label>\r\n    \t\t<select name=\"item_meta[184]\" id=\"field_ze8wy2\"  data-reqmsg=\"The day that works the best for me is: cannot be blank.\" aria-required=\"true\" data-invmsg=\"The day that works the best for me is: is invalid\" aria-invalid=\"false\"  >\n\t\t<option  value=\"Sundays\">Sundays<\/option><option  value=\"Mondays\">Mondays<\/option><option  value=\"Tuesdays\">Tuesdays<\/option><option  value=\"Wednesdays\">Wednesdays<\/option><option  value=\"Thursdays\">Thursdays<\/option><option  value=\"Fridays\">Fridays<\/option><option  value=\"Saturdays\">Saturdays<\/option><option  value=\"None of these times work for me. Please notify me if new times become available.\">None of these times work for me. Please notify me if new times become available.<\/option>\t<\/select>\n\t\r\n    \r\n    \r\n<\/div>\n<div id=\"frm_field_187_container\" class=\"frm_form_field form-field  frm_required_field frm_left_container\">\r\n    <label for=\"field_pia0b\" id=\"field_pia0b_label\" class=\"frm_primary_label\">The time of day that works best for me:\r\n        <span class=\"frm_required\" aria-hidden=\"true\">*<\/span>\r\n    <\/label>\r\n    \t\t<select name=\"item_meta[187]\" id=\"field_pia0b\"  data-frmval=\"Mornings\" data-reqmsg=\"The time of day that works best for me: cannot be blank.\" aria-required=\"true\" data-invmsg=\"The time of day that works best for me: is invalid\" aria-invalid=\"false\"  >\n\t\t<option  value=\"Mornings\" selected='selected'>Mornings<\/option><option  value=\"Afternoon\">Afternoon<\/option><option  value=\"Evenings\">Evenings<\/option><option  value=\"None of these times work for me. Please notify me if new times become available.\">None of these times work for me. Please notify me if new times become available.<\/option>\t<\/select>\n\t\r\n    \r\n    \r\n<\/div>\n<div id=\"frm_field_198_container\" class=\"frm_form_field form-field  frm_required_field frm_left_container\">\r\n    <label for=\"field_ef7sj\" id=\"field_ef7sj_label\" class=\"frm_primary_label\">Season that works best for me:\r\n        <span class=\"frm_required\" aria-hidden=\"true\">*<\/span>\r\n    <\/label>\r\n    \t\t<select name=\"item_meta[198]\" id=\"field_ef7sj\"  data-frmval=\"Summer\" data-reqmsg=\"Season that works best for me: cannot be blank.\" aria-required=\"true\" data-invmsg=\"Season that works best for me: is invalid\" aria-invalid=\"false\"  >\n\t\t<option  value=\"Summer\" selected='selected'>Summer<\/option><option  value=\"Spring\">Spring<\/option><option  value=\"Fall\">Fall<\/option><option  value=\"Winter\">Winter<\/option>\t<\/select>\n\t\r\n    \r\n    \r\n<\/div>\n\t<input type=\"hidden\" name=\"item_key\" value=\"\" \/>\n\t\t\t<div id=\"frm_field_704_container\">\n\t\t\t<label for=\"field_lwp7e\" >\n\t\t\t\tIf you are human, leave this field blank.\t\t\t<\/label>\n\t\t\t<input  id=\"field_lwp7e\" type=\"text\" class=\"frm_form_field form-field frm_verify\" name=\"item_meta[704]\" value=\"\"  \/>\n\t\t<\/div>\n\t\t<input name=\"frm_state\" type=\"hidden\" value=\"J+qg0wD2druVQt3FZxEsy8GxAZo8YPvdR2\/v3vTSNbLw2hgFY+E6RsewvoVDAFoa\" \/><div class=\"frm_submit\">\r\n\r\n<input type=\"submit\" value=\"Submit\"  class=\"frm_final_submit\" formnovalidate=\"formnovalidate\" \/>\r\n<img decoding=\"async\" class=\"frm_ajax_loading\" src=\"https:\/\/communalfirstsaturdays.org\/wp-content\/plugins\/formidable\/images\/ajax_loader.gif\" alt=\"Sending\" style=\"visibility:hidden;\" \/>\r\n\r\n<\/div><\/div>\n<\/fieldset>\n<\/div>\n\n<\/form>\n<\/div>\n\n","protected":false},"excerpt":{"rendered":"<p>Por favor, facilite sus datos de contacto a continuaci\u00f3n. Nos pondremos en contacto con usted para comunicarle las fechas y horarios adicionales de los Grupos de Estudio de F\u00e1tima y de los Primeros S\u00e1bados a medida que est\u00e9n disponibles.<\/p>","protected":false},"author":2,"featured_media":0,"parent":0,"menu_order":0,"comment_status":"closed","ping_status":"closed","template":"","meta":{"_acf_changed":false,"om_disable_all_campaigns":false,"_monsterinsights_skip_tracking":false,"_monsterinsights_sitenote_active":false,"_monsterinsights_sitenote_note":"","_monsterinsights_sitenote_category":0,"_uf_show_specific_survey":0,"_uf_disable_surveys":false,"site-sidebar-layout":"default","site-content-layout":"default","ast-site-content-layout":"default","site-content-style":"default","site-sidebar-style":"default","ast-global-header-display":"","ast-banner-title-visibility":"","ast-main-header-display":"","ast-hfb-above-header-display":"","ast-hfb-below-header-display":"","ast-hfb-mobile-header-display":"","site-post-title":"","ast-breadcrumbs-content":"","ast-featured-img":"","footer-sml-layout":"","ast-disable-related-posts":"","theme-transparent-header-meta":"default","adv-header-id-meta":"","stick-header-meta":"","header-above-stick-meta":"","header-main-stick-meta":"","header-below-stick-meta":"","astra-migrate-meta-layouts":"default","ast-page-background-enabled":"default","ast-page-background-meta":{"desktop":{"background-color":"","background-image":"","background-repeat":"repeat","background-position":"center center","background-size":"auto","background-attachment":"scroll","background-type":"","background-media":"","overlay-type":"","overlay-color":"","overlay-opacity":"","overlay-gradient":""},"tablet":{"background-color":"","background-image":"","background-repeat":"repeat","background-position":"center center","background-size":"auto","background-attachment":"scroll","background-type":"","background-media":"","overlay-type":"","overlay-color":"","overlay-opacity":"","overlay-gradient":""},"mobile":{"background-color":"","background-image":"","background-repeat":"repeat","background-position":"center center","background-size":"auto","background-attachment":"scroll","background-type":"","background-media":"","overlay-type":"","overlay-color":"","overlay-opacity":"","overlay-gradient":""}},"ast-content-background-meta":{"desktop":{"background-color":"var(--ast-global-color-5)","background-image":"","background-repeat":"repeat","background-position":"center center","background-size":"auto","background-attachment":"scroll","background-type":"","background-media":"","overlay-type":"","overlay-color":"","overlay-opacity":"","overlay-gradient":""},"tablet":{"background-color":"var(--ast-global-color-5)","background-image":"","background-repeat":"repeat","background-position":"center center","background-size":"auto","background-attachment":"scroll","background-type":"","background-media":"","overlay-type":"","overlay-color":"","overlay-opacity":"","overlay-gradient":""},"mobile":{"background-color":"var(--ast-global-color-5)","background-image":"","background-repeat":"repeat","background-position":"center center","background-size":"auto","background-attachment":"scroll","background-type":"","background-media":"","overlay-type":"","overlay-color":"","overlay-opacity":"","overlay-gradient":""}},"footnotes":""},"class_list":["post-7512","page","type-page","status-publish","hentry"],"acf":[],"aioseo_notices":[],"yoast_head":"<!-- This site is optimized with the Yoast SEO plugin v27.2 - https:\/\/yoast.com\/product\/yoast-seo-wordpress\/ -->\n<title>Waiting List for New Study Group - The Communal First Saturdays<\/title>\n<meta name=\"robots\" content=\"index, follow, max-snippet:-1, max-image-preview:large, max-video-preview:-1\" \/>\n<link rel=\"canonical\" href=\"https:\/\/communalfirstsaturdays.org\/es\/waiting-list\/\" \/>\n<meta property=\"og:locale\" content=\"es_MX\" \/>\n<meta property=\"og:type\" content=\"article\" \/>\n<meta property=\"og:title\" content=\"Waiting List for New Study Group - The Communal First Saturdays\" \/>\n<meta property=\"og:description\" content=\"Please provide your contact details below. We will contact you with additional dates and times for the Fatima and the First Saturdays Study Groups as they become available.\" \/>\n<meta property=\"og:url\" content=\"https:\/\/communalfirstsaturdays.org\/es\/waiting-list\/\" \/>\n<meta property=\"og:site_name\" content=\"The Communal First Saturdays\" \/>\n<meta property=\"article:publisher\" content=\"https:\/\/www.facebook.com\/CommunalFirstSaturdays\/\" \/>\n<meta property=\"article:modified_time\" content=\"2022-04-01T21:35:54+00:00\" \/>\n<meta property=\"og:image\" content=\"https:\/\/communalfirstsaturdays.org\/wp-content\/uploads\/2023\/05\/full-sized-logo-color.jpg\" \/>\n\t<meta property=\"og:image:width\" content=\"1200\" \/>\n\t<meta property=\"og:image:height\" content=\"782\" \/>\n\t<meta property=\"og:image:type\" content=\"image\/jpeg\" \/>\n<meta name=\"twitter:card\" content=\"summary_large_image\" \/>\n<meta name=\"twitter:site\" content=\"@CFSApostolate\" \/>\n<meta name=\"twitter:label1\" content=\"Tiempo de lectura\" \/>\n\t<meta name=\"twitter:data1\" content=\"1 minuto\" \/>\n<script type=\"application\/ld+json\" class=\"yoast-schema-graph\">{\"@context\":\"https:\/\/schema.org\",\"@graph\":[{\"@type\":\"WebPage\",\"@id\":\"https:\/\/communalfirstsaturdays.org\/waiting-list\/\",\"url\":\"https:\/\/communalfirstsaturdays.org\/waiting-list\/\",\"name\":\"Waiting List for New Study Group - The Communal First Saturdays\",\"isPartOf\":{\"@id\":\"https:\/\/communalfirstsaturdays.org\/#website\"},\"datePublished\":\"2022-04-01T21:32:11+00:00\",\"dateModified\":\"2022-04-01T21:35:54+00:00\",\"breadcrumb\":{\"@id\":\"https:\/\/communalfirstsaturdays.org\/waiting-list\/#breadcrumb\"},\"inLanguage\":\"es\",\"potentialAction\":[{\"@type\":\"ReadAction\",\"target\":[\"https:\/\/communalfirstsaturdays.org\/waiting-list\/\"]}]},{\"@type\":\"BreadcrumbList\",\"@id\":\"https:\/\/communalfirstsaturdays.org\/waiting-list\/#breadcrumb\",\"itemListElement\":[{\"@type\":\"ListItem\",\"position\":1,\"name\":\"Home\",\"item\":\"https:\/\/communalfirstsaturdays.org\/\"},{\"@type\":\"ListItem\",\"position\":2,\"name\":\"Waiting List for New Study Group\"}]},{\"@type\":\"WebSite\",\"@id\":\"https:\/\/communalfirstsaturdays.org\/#website\",\"url\":\"https:\/\/communalfirstsaturdays.org\/\",\"name\":\"The Communal First Saturdays\",\"description\":\"Power in Prayer Together\",\"publisher\":{\"@id\":\"https:\/\/communalfirstsaturdays.org\/#organization\"},\"potentialAction\":[{\"@type\":\"SearchAction\",\"target\":{\"@type\":\"EntryPoint\",\"urlTemplate\":\"https:\/\/communalfirstsaturdays.org\/?s={search_term_string}\"},\"query-input\":{\"@type\":\"PropertyValueSpecification\",\"valueRequired\":true,\"valueName\":\"search_term_string\"}}],\"inLanguage\":\"es\"},{\"@type\":\"Organization\",\"@id\":\"https:\/\/communalfirstsaturdays.org\/#organization\",\"name\":\"Communal First Saturdays\",\"url\":\"https:\/\/communalfirstsaturdays.org\/\",\"logo\":{\"@type\":\"ImageObject\",\"inLanguage\":\"es\",\"@id\":\"https:\/\/communalfirstsaturdays.org\/#\/schema\/logo\/image\/\",\"url\":\"https:\/\/communalfirstsaturdays.org\/wp-content\/uploads\/2019\/08\/cfs-logo-seo.png\",\"contentUrl\":\"https:\/\/communalfirstsaturdays.org\/wp-content\/uploads\/2019\/08\/cfs-logo-seo.png\",\"width\":800,\"height\":462,\"caption\":\"Communal First Saturdays\"},\"image\":{\"@id\":\"https:\/\/communalfirstsaturdays.org\/#\/schema\/logo\/image\/\"},\"sameAs\":[\"https:\/\/www.facebook.com\/CommunalFirstSaturdays\/\",\"https:\/\/x.com\/CFSApostolate\"]}]}<\/script>\n<!-- \/ Yoast SEO plugin. -->","yoast_head_json":{"title":"Waiting List for New Study Group - The Communal First Saturdays","robots":{"index":"index","follow":"follow","max-snippet":"max-snippet:-1","max-image-preview":"max-image-preview:large","max-video-preview":"max-video-preview:-1"},"canonical":"https:\/\/communalfirstsaturdays.org\/es\/waiting-list\/","og_locale":"es_MX","og_type":"article","og_title":"Waiting List for New Study Group - The Communal First Saturdays","og_description":"Please provide your contact details below. We will contact you with additional dates and times for the Fatima and the First Saturdays Study Groups as they become available.","og_url":"https:\/\/communalfirstsaturdays.org\/es\/waiting-list\/","og_site_name":"The Communal First Saturdays","article_publisher":"https:\/\/www.facebook.com\/CommunalFirstSaturdays\/","article_modified_time":"2022-04-01T21:35:54+00:00","og_image":[{"width":1200,"height":782,"url":"https:\/\/communalfirstsaturdays.org\/wp-content\/uploads\/2023\/05\/full-sized-logo-color.jpg","type":"image\/jpeg"}],"twitter_card":"summary_large_image","twitter_site":"@CFSApostolate","twitter_misc":{"Tiempo de lectura":"1 minuto"},"schema":{"@context":"https:\/\/schema.org","@graph":[{"@type":"WebPage","@id":"https:\/\/communalfirstsaturdays.org\/waiting-list\/","url":"https:\/\/communalfirstsaturdays.org\/waiting-list\/","name":"Waiting List for New Study Group - The Communal First Saturdays","isPartOf":{"@id":"https:\/\/communalfirstsaturdays.org\/#website"},"datePublished":"2022-04-01T21:32:11+00:00","dateModified":"2022-04-01T21:35:54+00:00","breadcrumb":{"@id":"https:\/\/communalfirstsaturdays.org\/waiting-list\/#breadcrumb"},"inLanguage":"es","potentialAction":[{"@type":"ReadAction","target":["https:\/\/communalfirstsaturdays.org\/waiting-list\/"]}]},{"@type":"BreadcrumbList","@id":"https:\/\/communalfirstsaturdays.org\/waiting-list\/#breadcrumb","itemListElement":[{"@type":"ListItem","position":1,"name":"Home","item":"https:\/\/communalfirstsaturdays.org\/"},{"@type":"ListItem","position":2,"name":"Waiting List for New Study Group"}]},{"@type":"WebSite","@id":"https:\/\/communalfirstsaturdays.org\/#website","url":"https:\/\/communalfirstsaturdays.org\/","name":"The Communal First Saturdays","description":"El poder de rezar juntos","publisher":{"@id":"https:\/\/communalfirstsaturdays.org\/#organization"},"potentialAction":[{"@type":"SearchAction","target":{"@type":"EntryPoint","urlTemplate":"https:\/\/communalfirstsaturdays.org\/?s={search_term_string}"},"query-input":{"@type":"PropertyValueSpecification","valueRequired":true,"valueName":"search_term_string"}}],"inLanguage":"es"},{"@type":"Organization","@id":"https:\/\/communalfirstsaturdays.org\/#organization","name":"Los Primeros S\u00e1bados Comunitarios","url":"https:\/\/communalfirstsaturdays.org\/","logo":{"@type":"ImageObject","inLanguage":"es","@id":"https:\/\/communalfirstsaturdays.org\/#\/schema\/logo\/image\/","url":"https:\/\/communalfirstsaturdays.org\/wp-content\/uploads\/2019\/08\/cfs-logo-seo.png","contentUrl":"https:\/\/communalfirstsaturdays.org\/wp-content\/uploads\/2019\/08\/cfs-logo-seo.png","width":800,"height":462,"caption":"Communal First Saturdays"},"image":{"@id":"https:\/\/communalfirstsaturdays.org\/#\/schema\/logo\/image\/"},"sameAs":["https:\/\/www.facebook.com\/CommunalFirstSaturdays\/","https:\/\/x.com\/CFSApostolate"]}]}},"_links":{"self":[{"href":"https:\/\/communalfirstsaturdays.org\/es\/wp-json\/wp\/v2\/pages\/7512","targetHints":{"allow":["GET"]}}],"collection":[{"href":"https:\/\/communalfirstsaturdays.org\/es\/wp-json\/wp\/v2\/pages"}],"about":[{"href":"https:\/\/communalfirstsaturdays.org\/es\/wp-json\/wp\/v2\/types\/page"}],"author":[{"embeddable":true,"href":"https:\/\/communalfirstsaturdays.org\/es\/wp-json\/wp\/v2\/users\/2"}],"replies":[{"embeddable":true,"href":"https:\/\/communalfirstsaturdays.org\/es\/wp-json\/wp\/v2\/comments?post=7512"}],"version-history":[{"count":5,"href":"https:\/\/communalfirstsaturdays.org\/es\/wp-json\/wp\/v2\/pages\/7512\/revisions"}],"predecessor-version":[{"id":7517,"href":"https:\/\/communalfirstsaturdays.org\/es\/wp-json\/wp\/v2\/pages\/7512\/revisions\/7517"}],"wp:attachment":[{"href":"https:\/\/communalfirstsaturdays.org\/es\/wp-json\/wp\/v2\/media?parent=7512"}],"curies":[{"name":"wp","href":"https:\/\/api.w.org\/{rel}","templated":true}]}}