{"id":7793,"date":"2022-06-16T23:39:21","date_gmt":"2022-06-16T23:39:21","guid":{"rendered":"https:\/\/communalfirstsaturdays.org\/?page_id=7793"},"modified":"2025-07-29T20:16:16","modified_gmt":"2025-07-29T20:16:16","slug":"studygroupsbook","status":"publish","type":"page","link":"https:\/\/communalfirstsaturdays.org\/es\/studygroupsbook\/","title":{"rendered":"F\u00e1tima y los primeros s\u00e1bados libro para grupos de estudio"},"content":{"rendered":"<div data-elementor-type=\"wp-page\" data-elementor-id=\"7793\" class=\"elementor elementor-7793\" data-elementor-post-type=\"page\">\n\t\t\t\t\t\t<section class=\"elementor-section elementor-top-section elementor-element elementor-element-f4129da elementor-section-boxed elementor-section-height-default elementor-section-height-default\" data-id=\"f4129da\" data-element_type=\"section\" data-e-type=\"section\" data-settings=\"{&quot;jet_parallax_layout_list&quot;:[]}\">\n\t\t\t\t\t\t<div class=\"elementor-container elementor-column-gap-default\">\n\t\t\t\t\t<div class=\"elementor-column elementor-col-100 elementor-top-column elementor-element elementor-element-a00135e\" data-id=\"a00135e\" data-element_type=\"column\" data-e-type=\"column\">\n\t\t\t<div class=\"elementor-widget-wrap elementor-element-populated\">\n\t\t\t\t\t\t<div class=\"elementor-element elementor-element-435da6f elementor-widget__width-initial elementor-widget elementor-widget-text-editor\" data-id=\"435da6f\" data-element_type=\"widget\" data-e-type=\"widget\" data-widget_type=\"text-editor.default\">\n\t\t\t\t<div class=\"elementor-widget-container\">\n\t\t\t\t\t\t\t\t\t<p><span style=\"background-color: var( --e-global-color-04310f9 ); color: var( --e-global-color-text ); font-family: var( --e-global-typography-text-font-family ), Sans-serif; font-style: inherit; font-weight: inherit;\">Hola, puede adquirir el libro en el sitio web de la CFSA,<\/span><span style=\"background-color: var( --e-global-color-04310f9 ); color: var( --e-global-color-text ); font-family: var( --e-global-typography-text-font-family ), Sans-serif;\">\u00a0<\/span><span style=\"background-color: var( --e-global-color-04310f9 ); color: var( --e-global-color-text ); font-family: var( --e-global-typography-text-font-family ), Sans-serif; font-style: inherit; font-weight: inherit;\">a trav\u00e9s de Amazon u otro librero indicado a continuaci\u00f3n.<\/span><\/p><ul><li><strong><span style=\"font-style: inherit; color: var( --e-global-color-text ); font-family: var( --e-global-typography-text-font-family ), Sans-serif; background-color: var( --e-global-color-04310f9 );\">Consiga el libro a trav\u00e9s de nuestro sitio web (s\u00f3lo para quienes vivan en Estados Unidos).<\/span><\/strong><\/li><\/ul><p><span style=\"font-style: inherit; font-weight: inherit; color: var( --e-global-color-text ); font-family: var( --e-global-typography-text-font-family ), Sans-serif; background-color: var( --e-global-color-04310f9 );\">Consiga el libro a trav\u00e9s de nuestro sitio web haciendo clic en <\/span><a href=\"https:\/\/communalfirstsaturdays.org\/es\/shop\/fatima-and-the-first-saturdays-book\/\">aqu\u00ed<\/a>.<\/p><ul><li><span style=\"font-weight: bold;\"><span style=\"font-style: inherit; color: var( --e-global-color-text ); font-family: var( --e-global-typography-text-font-family ), Sans-serif; background-color: var( --e-global-color-04310f9 );\">Consiga el libro a trav\u00e9s de Amazon (EE.UU. y fuera de EE.UU.).<\/span><\/span><\/li><\/ul><p><span style=\"font-style: inherit; font-weight: inherit; color: var( --e-global-color-text ); font-family: var( --e-global-typography-text-font-family ), Sans-serif; background-color: var( --e-global-color-04310f9 );\">Puede adquirirlo a trav\u00e9s de Amazon u otra librer\u00eda indicada m\u00e1s abajo. Aseg\u00farese de obtener el <\/span><b style=\"font-style: inherit; color: var( --e-global-color-text ); font-family: var( --e-global-typography-text-font-family ), Sans-serif; background-color: var( --e-global-color-04310f9 );\">edici\u00f3n de bolsillo<\/b><span style=\"font-style: inherit; font-weight: inherit; color: var( --e-global-color-text ); font-family: var( --e-global-typography-text-font-family ), Sans-serif; background-color: var( --e-global-color-04310f9 );\"> ya que haremos referencia a los n\u00fameros de p\u00e1gina en los grupos de estudio. Aseg\u00farate de recibir el tuyo a tiempo.<\/span><\/p><p><span style=\"font-style: inherit; font-weight: inherit; color: var( --e-global-color-text ); font-family: var( --e-global-typography-text-font-family ), Sans-serif; background-color: var( --e-global-color-04310f9 );\">Seleccione el mercado de Amazon m\u00e1s cercano a usted:<\/span><\/p><ol><li>Amazon Estados Unidos:\u00a0<a href=\"https:\/\/www.amazon.com\/dp\/1951233123?ref=ppx_yo2ov_dt_b_fed_asin_title\">Haga clic aqu\u00ed<\/a><\/li><li><span style=\"font-style: inherit; font-weight: inherit; color: var( --e-global-color-text ); font-family: var( --e-global-typography-text-font-family ), Sans-serif; background-color: var( --e-global-color-04310f9 );\">Amazon Canad\u00e1:\u00a0<\/span><a href=\"https:\/\/a.co\/d\/8FOFndi\">Haga clic aqu\u00ed<\/a><\/li><li>Amazon UK:\u00a0<a href=\"https:\/\/amzn.eu\/d\/iMSZUFH\">Haga clic aqu\u00ed\u00a0<\/a><\/li><li>Amazon Irlanda: <a href=\"https:\/\/amzn.eu\/d\/3KjtOLs\">Haga clic aqu\u00ed<\/a><\/li><li>Amazon Australia:\u00a0<a href=\"https:\/\/amzn.asia\/d\/e6bdcjW\">Haga clic aqu\u00ed<\/a><\/li><li>Amazon M\u00e9xico:\u00a0<a href=\"https:\/\/www.amazon.com.mx\/Fatima-First-Saturdays-Peace\/dp\/1951233123\/ref=sr_1_1?__mk_es_MX=%C3%85M%C3%85%C5%BD%C3%95%C3%91&amp;crid=1WZ1SXNZUPGZT&amp;dib=eyJ2IjoiMSJ9.lfW_bpqj860p1dVrm1fMfU4VsTH-D-UlACeG93lmQHDGn15HEEvbSDuYxcySdbHjvUWEKOMgMnQBxisnBWzsH1R2J27SbKb6hzvz-NG7SwjHOphfgBR_dIKg4poJjUqg6cKAHFu-U7U2XgfLgmfh-MGEPeMfzRi5a7SJFukX8c_rwUIOH5T2cKIAIdbQMmo1jcfZDQNvuDPQl1RExdSoUDH660j8SpsuAMk82ZYhcZA.O1hFMk3H5dWaAh4wFxDA0m3IjAMRLeKBW3u9ZtfbyGs&amp;dib_tag=se&amp;keywords=fatima+and+the+first+saturdays&amp;qid=1729202709&amp;sprefix=fatima+and+the+first+saturdays%2Caps%2C138&amp;sr=8-1&amp;ufe=app_do%3Aamzn1.fos.de93fa6a-174c-4df7-be7c-5bc8e9c5a71b\">Haga clic aqu\u00ed<\/a><\/li><li>Amazon Espa\u00f1a (tambi\u00e9n para Portugal): <a href=\"https:\/\/amzn.eu\/d\/cdOtFkl\">Haga clic aqu\u00ed<\/a><\/li><li>Amazon Francia:<a href=\"https:\/\/amzn.eu\/d\/5VSkQXB\"> Haga clic aqu\u00ed<\/a><\/li><\/ol><ul><li><strong>Consiga el libro a trav\u00e9s de otra librer\u00eda en Irlanda.<\/strong><\/li><\/ul><p>Librer\u00eda Benedictus en Cork, Irlanda: Para hacer un pedido, llame por tel\u00e9fono: 0214270944<\/p><p>Si vive en un pa\u00eds distinto de los mencionados, env\u00edenos un correo electr\u00f3nico a <b>studygroups@communalfirstsaturdays.org<\/b> para que podamos asesorarte. Aseg\u00farate de mencionar en qu\u00e9 pa\u00eds vives.\u00a0<\/p><p><strong>Si ya tienes el libro,<\/strong> aseg\u00farese de que es el <b>3\u00aa edici\u00f3n revisada <\/b>como muestra la imagen de abajo.\u00a0<\/p>\t\t\t\t\t\t\t\t<\/div>\n\t\t\t\t<\/div>\n\t\t\t\t\t<\/div>\n\t\t<\/div>\n\t\t\t\t\t<\/div>\n\t\t<\/section>\n\t\t\t\t<section class=\"elementor-section elementor-top-section elementor-element elementor-element-3351523 elementor-section-boxed elementor-section-height-default elementor-section-height-default\" data-id=\"3351523\" data-element_type=\"section\" data-e-type=\"section\" data-settings=\"{&quot;jet_parallax_layout_list&quot;:[]}\">\n\t\t\t\t\t\t<div class=\"elementor-container elementor-column-gap-default\">\n\t\t\t\t\t<div class=\"elementor-column elementor-col-100 elementor-top-column elementor-element elementor-element-695d6d5\" data-id=\"695d6d5\" data-element_type=\"column\" data-e-type=\"column\">\n\t\t\t<div class=\"elementor-widget-wrap elementor-element-populated\">\n\t\t\t\t\t\t<div class=\"elementor-element elementor-element-b2415fc elementor-widget__width-initial elementor-widget elementor-widget-image\" data-id=\"b2415fc\" data-element_type=\"widget\" data-e-type=\"widget\" data-widget_type=\"image.default\">\n\t\t\t\t<div class=\"elementor-widget-container\">\n\t\t\t\t\t\t\t\t\t\t\t\t\t\t\t<img fetchpriority=\"high\" decoding=\"async\" width=\"768\" height=\"1208\" src=\"https:\/\/communalfirstsaturdays.org\/wp-content\/uploads\/2021\/12\/Fatima__the_First_Saturdays_081524RGB-768x1208.webp\" class=\"attachment-medium_large size-medium_large wp-image-16955\" alt=\"\" srcset=\"https:\/\/communalfirstsaturdays.org\/wp-content\/uploads\/2021\/12\/Fatima__the_First_Saturdays_081524RGB-768x1208.webp 768w, https:\/\/communalfirstsaturdays.org\/wp-content\/uploads\/2021\/12\/Fatima__the_First_Saturdays_081524RGB-191x300.webp 191w, https:\/\/communalfirstsaturdays.org\/wp-content\/uploads\/2021\/12\/Fatima__the_First_Saturdays_081524RGB-651x1024.webp 651w, https:\/\/communalfirstsaturdays.org\/wp-content\/uploads\/2021\/12\/Fatima__the_First_Saturdays_081524RGB-976x1536.webp 976w, https:\/\/communalfirstsaturdays.org\/wp-content\/uploads\/2021\/12\/Fatima__the_First_Saturdays_081524RGB-1302x2048.webp 1302w, https:\/\/communalfirstsaturdays.org\/wp-content\/uploads\/2021\/12\/Fatima__the_First_Saturdays_081524RGB-8x12.webp 8w, https:\/\/communalfirstsaturdays.org\/wp-content\/uploads\/2021\/12\/Fatima__the_First_Saturdays_081524RGB-scaled.webp 1627w\" sizes=\"(max-width: 768px) 100vw, 768px\" \/>\t\t\t\t\t\t\t\t\t\t\t\t\t\t\t<\/div>\n\t\t\t\t<\/div>\n\t\t\t\t\t<\/div>\n\t\t<\/div>\n\t\t\t\t\t<\/div>\n\t\t<\/section>\n\t\t\t\t<\/div>","protected":false},"excerpt":{"rendered":"<p>Hi! You can purchase the book from our CFSA website,\u00a0via Amazon or other bookseller noted below. Get the book via our website (only for those who live in the US). Get the book through our website by clicking here. Get the book via Amazon (US and outside the US). You can purchase it via Amazon [&hellip;]<\/p>\n","protected":false},"author":52,"featured_media":0,"parent":0,"menu_order":0,"comment_status":"closed","ping_status":"closed","template":"","meta":{"_acf_changed":false,"om_disable_all_campaigns":false,"_monsterinsights_skip_tracking":false,"_monsterinsights_sitenote_active":false,"_monsterinsights_sitenote_note":"","_monsterinsights_sitenote_category":0,"_uf_show_specific_survey":0,"_uf_disable_surveys":false,"site-sidebar-layout":"no-sidebar","site-content-layout":"page-builder","ast-site-content-layout":"default","site-content-style":"default","site-sidebar-style":"default","ast-global-header-display":"","ast-banner-title-visibility":"","ast-main-header-display":"","ast-hfb-above-header-display":"","ast-hfb-below-header-display":"","ast-hfb-mobile-header-display":"","site-post-title":"disabled","ast-breadcrumbs-content":"","ast-featured-img":"disabled","footer-sml-layout":"","ast-disable-related-posts":"","theme-transparent-header-meta":"default","adv-header-id-meta":"","stick-header-meta":"","header-above-stick-meta":"","header-main-stick-meta":"","header-below-stick-meta":"","astra-migrate-meta-layouts":"default","ast-page-background-enabled":"default","ast-page-background-meta":{"desktop":{"background-color":"","background-image":"","background-repeat":"repeat","background-position":"center center","background-size":"auto","background-attachment":"scroll","background-type":"","background-media":"","overlay-type":"","overlay-color":"","overlay-opacity":"","overlay-gradient":""},"tablet":{"background-color":"","background-image":"","background-repeat":"repeat","background-position":"center center","background-size":"auto","background-attachment":"scroll","background-type":"","background-media":"","overlay-type":"","overlay-color":"","overlay-opacity":"","overlay-gradient":""},"mobile":{"background-color":"","background-image":"","background-repeat":"repeat","background-position":"center center","background-size":"auto","background-attachment":"scroll","background-type":"","background-media":"","overlay-type":"","overlay-color":"","overlay-opacity":"","overlay-gradient":""}},"ast-content-background-meta":{"desktop":{"background-color":"var(--ast-global-color-5)","background-image":"","background-repeat":"repeat","background-position":"center center","background-size":"auto","background-attachment":"scroll","background-type":"","background-media":"","overlay-type":"","overlay-color":"","overlay-opacity":"","overlay-gradient":""},"tablet":{"background-color":"var(--ast-global-color-5)","background-image":"","background-repeat":"repeat","background-position":"center center","background-size":"auto","background-attachment":"scroll","background-type":"","background-media":"","overlay-type":"","overlay-color":"","overlay-opacity":"","overlay-gradient":""},"mobile":{"background-color":"var(--ast-global-color-5)","background-image":"","background-repeat":"repeat","background-position":"center center","background-size":"auto","background-attachment":"scroll","background-type":"","background-media":"","overlay-type":"","overlay-color":"","overlay-opacity":"","overlay-gradient":""}},"footnotes":""},"class_list":["post-7793","page","type-page","status-publish","hentry"],"acf":[],"aioseo_notices":[],"yoast_head":"<!-- This site is optimized with the Yoast SEO plugin v27.4 - https:\/\/yoast.com\/product\/yoast-seo-wordpress\/ -->\n<title>Fatima and the First Saturdays book for Study Groups - The Communal First Saturdays<\/title>\n<meta name=\"robots\" content=\"index, follow, max-snippet:-1, max-image-preview:large, max-video-preview:-1\" \/>\n<link rel=\"canonical\" href=\"https:\/\/communalfirstsaturdays.org\/es\/studygroupsbook\/\" \/>\n<meta property=\"og:locale\" content=\"es_MX\" \/>\n<meta property=\"og:type\" content=\"article\" \/>\n<meta property=\"og:title\" content=\"Fatima and the First Saturdays book for Study Groups - The Communal First Saturdays\" \/>\n<meta property=\"og:description\" content=\"Hi! You can purchase the book from our CFSA website,\u00a0via Amazon or other bookseller noted below. Get the book via our website (only for those who live in the US). Get the book through our website by clicking here. Get the book via Amazon (US and outside the US). You can purchase it via Amazon [&hellip;]\" \/>\n<meta property=\"og:url\" content=\"https:\/\/communalfirstsaturdays.org\/es\/studygroupsbook\/\" \/>\n<meta property=\"og:site_name\" content=\"The Communal First Saturdays\" \/>\n<meta property=\"article:publisher\" content=\"https:\/\/www.facebook.com\/CommunalFirstSaturdays\/\" \/>\n<meta property=\"article:modified_time\" content=\"2025-07-29T20:16:16+00:00\" \/>\n<meta property=\"og:image\" content=\"https:\/\/communalfirstsaturdays.org\/wp-content\/uploads\/2021\/12\/Fatima__the_First_Saturdays_081524RGB-scaled.webp\" \/>\n\t<meta property=\"og:image:width\" content=\"1627\" \/>\n\t<meta property=\"og:image:height\" content=\"2560\" \/>\n\t<meta property=\"og:image:type\" content=\"image\/webp\" \/>\n<meta name=\"twitter:card\" content=\"summary_large_image\" \/>\n<meta name=\"twitter:site\" content=\"@CFSApostolate\" \/>\n<meta name=\"twitter:label1\" content=\"Tiempo de lectura\" \/>\n\t<meta name=\"twitter:data1\" content=\"2 minutos\" \/>\n<script type=\"application\/ld+json\" class=\"yoast-schema-graph\">{\"@context\":\"https:\\\/\\\/schema.org\",\"@graph\":[{\"@type\":\"WebPage\",\"@id\":\"https:\\\/\\\/communalfirstsaturdays.org\\\/studygroupsbook\\\/\",\"url\":\"https:\\\/\\\/communalfirstsaturdays.org\\\/studygroupsbook\\\/\",\"name\":\"Fatima and the First Saturdays book for Study Groups - The Communal First Saturdays\",\"isPartOf\":{\"@id\":\"https:\\\/\\\/communalfirstsaturdays.org\\\/#website\"},\"primaryImageOfPage\":{\"@id\":\"https:\\\/\\\/communalfirstsaturdays.org\\\/studygroupsbook\\\/#primaryimage\"},\"image\":{\"@id\":\"https:\\\/\\\/communalfirstsaturdays.org\\\/studygroupsbook\\\/#primaryimage\"},\"thumbnailUrl\":\"https:\\\/\\\/communalfirstsaturdays.org\\\/wp-content\\\/uploads\\\/2021\\\/12\\\/Fatima__the_First_Saturdays_081524RGB-768x1208.webp\",\"datePublished\":\"2022-06-16T23:39:21+00:00\",\"dateModified\":\"2025-07-29T20:16:16+00:00\",\"breadcrumb\":{\"@id\":\"https:\\\/\\\/communalfirstsaturdays.org\\\/studygroupsbook\\\/#breadcrumb\"},\"inLanguage\":\"es\",\"potentialAction\":[{\"@type\":\"ReadAction\",\"target\":[\"https:\\\/\\\/communalfirstsaturdays.org\\\/studygroupsbook\\\/\"]}]},{\"@type\":\"ImageObject\",\"inLanguage\":\"es\",\"@id\":\"https:\\\/\\\/communalfirstsaturdays.org\\\/studygroupsbook\\\/#primaryimage\",\"url\":\"https:\\\/\\\/communalfirstsaturdays.org\\\/wp-content\\\/uploads\\\/2021\\\/12\\\/Fatima__the_First_Saturdays_081524RGB-768x1208.webp\",\"contentUrl\":\"https:\\\/\\\/communalfirstsaturdays.org\\\/wp-content\\\/uploads\\\/2021\\\/12\\\/Fatima__the_First_Saturdays_081524RGB-768x1208.webp\"},{\"@type\":\"BreadcrumbList\",\"@id\":\"https:\\\/\\\/communalfirstsaturdays.org\\\/studygroupsbook\\\/#breadcrumb\",\"itemListElement\":[{\"@type\":\"ListItem\",\"position\":1,\"name\":\"Home\",\"item\":\"https:\\\/\\\/communalfirstsaturdays.org\\\/\"},{\"@type\":\"ListItem\",\"position\":2,\"name\":\"Fatima and the First Saturdays book for Study Groups\"}]},{\"@type\":\"WebSite\",\"@id\":\"https:\\\/\\\/communalfirstsaturdays.org\\\/#website\",\"url\":\"https:\\\/\\\/communalfirstsaturdays.org\\\/\",\"name\":\"The Communal First Saturdays\",\"description\":\"Power in Prayer Together\",\"publisher\":{\"@id\":\"https:\\\/\\\/communalfirstsaturdays.org\\\/#organization\"},\"potentialAction\":[{\"@type\":\"SearchAction\",\"target\":{\"@type\":\"EntryPoint\",\"urlTemplate\":\"https:\\\/\\\/communalfirstsaturdays.org\\\/?s={search_term_string}\"},\"query-input\":{\"@type\":\"PropertyValueSpecification\",\"valueRequired\":true,\"valueName\":\"search_term_string\"}}],\"inLanguage\":\"es\"},{\"@type\":\"Organization\",\"@id\":\"https:\\\/\\\/communalfirstsaturdays.org\\\/#organization\",\"name\":\"Communal First Saturdays\",\"url\":\"https:\\\/\\\/communalfirstsaturdays.org\\\/\",\"logo\":{\"@type\":\"ImageObject\",\"inLanguage\":\"es\",\"@id\":\"https:\\\/\\\/communalfirstsaturdays.org\\\/#\\\/schema\\\/logo\\\/image\\\/\",\"url\":\"https:\\\/\\\/communalfirstsaturdays.org\\\/wp-content\\\/uploads\\\/2019\\\/08\\\/cfs-logo-seo.png\",\"contentUrl\":\"https:\\\/\\\/communalfirstsaturdays.org\\\/wp-content\\\/uploads\\\/2019\\\/08\\\/cfs-logo-seo.png\",\"width\":800,\"height\":462,\"caption\":\"Communal First Saturdays\"},\"image\":{\"@id\":\"https:\\\/\\\/communalfirstsaturdays.org\\\/#\\\/schema\\\/logo\\\/image\\\/\"},\"sameAs\":[\"https:\\\/\\\/www.facebook.com\\\/CommunalFirstSaturdays\\\/\",\"https:\\\/\\\/x.com\\\/CFSApostolate\"]}]}<\/script>\n<!-- \/ Yoast SEO plugin. -->","yoast_head_json":{"title":"Fatima and the First Saturdays book for Study Groups - The Communal First Saturdays","robots":{"index":"index","follow":"follow","max-snippet":"max-snippet:-1","max-image-preview":"max-image-preview:large","max-video-preview":"max-video-preview:-1"},"canonical":"https:\/\/communalfirstsaturdays.org\/es\/studygroupsbook\/","og_locale":"es_MX","og_type":"article","og_title":"Fatima and the First Saturdays book for Study Groups - The Communal First Saturdays","og_description":"Hi! You can purchase the book from our CFSA website,\u00a0via Amazon or other bookseller noted below. Get the book via our website (only for those who live in the US). Get the book through our website by clicking here. Get the book via Amazon (US and outside the US). You can purchase it via Amazon [&hellip;]","og_url":"https:\/\/communalfirstsaturdays.org\/es\/studygroupsbook\/","og_site_name":"The Communal First Saturdays","article_publisher":"https:\/\/www.facebook.com\/CommunalFirstSaturdays\/","article_modified_time":"2025-07-29T20:16:16+00:00","og_image":[{"width":1627,"height":2560,"url":"https:\/\/communalfirstsaturdays.org\/wp-content\/uploads\/2021\/12\/Fatima__the_First_Saturdays_081524RGB-scaled.webp","type":"image\/webp"}],"twitter_card":"summary_large_image","twitter_site":"@CFSApostolate","twitter_misc":{"Tiempo de lectura":"2 minutos"},"schema":{"@context":"https:\/\/schema.org","@graph":[{"@type":"WebPage","@id":"https:\/\/communalfirstsaturdays.org\/studygroupsbook\/","url":"https:\/\/communalfirstsaturdays.org\/studygroupsbook\/","name":"Fatima and the First Saturdays book for Study Groups - The Communal First Saturdays","isPartOf":{"@id":"https:\/\/communalfirstsaturdays.org\/#website"},"primaryImageOfPage":{"@id":"https:\/\/communalfirstsaturdays.org\/studygroupsbook\/#primaryimage"},"image":{"@id":"https:\/\/communalfirstsaturdays.org\/studygroupsbook\/#primaryimage"},"thumbnailUrl":"https:\/\/communalfirstsaturdays.org\/wp-content\/uploads\/2021\/12\/Fatima__the_First_Saturdays_081524RGB-768x1208.webp","datePublished":"2022-06-16T23:39:21+00:00","dateModified":"2025-07-29T20:16:16+00:00","breadcrumb":{"@id":"https:\/\/communalfirstsaturdays.org\/studygroupsbook\/#breadcrumb"},"inLanguage":"es","potentialAction":[{"@type":"ReadAction","target":["https:\/\/communalfirstsaturdays.org\/studygroupsbook\/"]}]},{"@type":"ImageObject","inLanguage":"es","@id":"https:\/\/communalfirstsaturdays.org\/studygroupsbook\/#primaryimage","url":"https:\/\/communalfirstsaturdays.org\/wp-content\/uploads\/2021\/12\/Fatima__the_First_Saturdays_081524RGB-768x1208.webp","contentUrl":"https:\/\/communalfirstsaturdays.org\/wp-content\/uploads\/2021\/12\/Fatima__the_First_Saturdays_081524RGB-768x1208.webp"},{"@type":"BreadcrumbList","@id":"https:\/\/communalfirstsaturdays.org\/studygroupsbook\/#breadcrumb","itemListElement":[{"@type":"ListItem","position":1,"name":"Home","item":"https:\/\/communalfirstsaturdays.org\/"},{"@type":"ListItem","position":2,"name":"Fatima and the First Saturdays book for Study Groups"}]},{"@type":"WebSite","@id":"https:\/\/communalfirstsaturdays.org\/#website","url":"https:\/\/communalfirstsaturdays.org\/","name":"The Communal First Saturdays","description":"El poder de rezar juntos","publisher":{"@id":"https:\/\/communalfirstsaturdays.org\/#organization"},"potentialAction":[{"@type":"SearchAction","target":{"@type":"EntryPoint","urlTemplate":"https:\/\/communalfirstsaturdays.org\/?s={search_term_string}"},"query-input":{"@type":"PropertyValueSpecification","valueRequired":true,"valueName":"search_term_string"}}],"inLanguage":"es"},{"@type":"Organization","@id":"https:\/\/communalfirstsaturdays.org\/#organization","name":"Los Primeros S\u00e1bados Comunitarios","url":"https:\/\/communalfirstsaturdays.org\/","logo":{"@type":"ImageObject","inLanguage":"es","@id":"https:\/\/communalfirstsaturdays.org\/#\/schema\/logo\/image\/","url":"https:\/\/communalfirstsaturdays.org\/wp-content\/uploads\/2019\/08\/cfs-logo-seo.png","contentUrl":"https:\/\/communalfirstsaturdays.org\/wp-content\/uploads\/2019\/08\/cfs-logo-seo.png","width":800,"height":462,"caption":"Communal First Saturdays"},"image":{"@id":"https:\/\/communalfirstsaturdays.org\/#\/schema\/logo\/image\/"},"sameAs":["https:\/\/www.facebook.com\/CommunalFirstSaturdays\/","https:\/\/x.com\/CFSApostolate"]}]}},"_links":{"self":[{"href":"https:\/\/communalfirstsaturdays.org\/es\/wp-json\/wp\/v2\/pages\/7793","targetHints":{"allow":["GET"]}}],"collection":[{"href":"https:\/\/communalfirstsaturdays.org\/es\/wp-json\/wp\/v2\/pages"}],"about":[{"href":"https:\/\/communalfirstsaturdays.org\/es\/wp-json\/wp\/v2\/types\/page"}],"author":[{"embeddable":true,"href":"https:\/\/communalfirstsaturdays.org\/es\/wp-json\/wp\/v2\/users\/52"}],"replies":[{"embeddable":true,"href":"https:\/\/communalfirstsaturdays.org\/es\/wp-json\/wp\/v2\/comments?post=7793"}],"version-history":[{"count":90,"href":"https:\/\/communalfirstsaturdays.org\/es\/wp-json\/wp\/v2\/pages\/7793\/revisions"}],"predecessor-version":[{"id":20070,"href":"https:\/\/communalfirstsaturdays.org\/es\/wp-json\/wp\/v2\/pages\/7793\/revisions\/20070"}],"wp:attachment":[{"href":"https:\/\/communalfirstsaturdays.org\/es\/wp-json\/wp\/v2\/media?parent=7793"}],"curies":[{"name":"wp","href":"https:\/\/api.w.org\/{rel}","templated":true}]}}