{"id":8372,"date":"2022-07-07T21:31:14","date_gmt":"2022-07-07T21:31:14","guid":{"rendered":"https:\/\/communalfirstsaturdays.org\/?page_id=8372"},"modified":"2025-06-15T03:33:29","modified_gmt":"2025-06-15T03:33:29","slug":"pvs-scheduling","status":"publish","type":"page","link":"https:\/\/communalfirstsaturdays.org\/es\/pvs-scheduling\/","title":{"rendered":"Programa de visitas a domicilio de la Virgen Peregrina"},"content":{"rendered":"<div data-elementor-type=\"wp-page\" data-elementor-id=\"8372\" class=\"elementor elementor-8372\" data-elementor-post-type=\"page\">\n\t\t\t\t\t\t<section class=\"elementor-section elementor-top-section elementor-element elementor-element-7b8952b elementor-section-boxed elementor-section-height-default elementor-section-height-default\" data-id=\"7b8952b\" data-element_type=\"section\" data-e-type=\"section\" data-settings=\"{&quot;jet_parallax_layout_list&quot;:[]}\">\n\t\t\t\t\t\t<div class=\"elementor-container elementor-column-gap-default\">\n\t\t\t\t\t<div class=\"elementor-column elementor-col-100 elementor-top-column elementor-element elementor-element-9bbfc1b\" data-id=\"9bbfc1b\" data-element_type=\"column\" data-e-type=\"column\">\n\t\t\t<div class=\"elementor-widget-wrap elementor-element-populated\">\n\t\t\t\t\t\t<div class=\"elementor-element elementor-element-2b027d6 elementor-widget elementor-widget-text-editor\" data-id=\"2b027d6\" data-element_type=\"widget\" data-e-type=\"widget\" data-widget_type=\"text-editor.default\">\n\t\t\t\t<div class=\"elementor-widget-container\">\n\t\t\t\t\t\t\t\t\t<p style=\"font-size: 18px; font-style: normal; font-weight: 400;\">Querido hijo de Cristo y de la Virgen,\u00a0<\/p><p style=\"font-size: 18px; font-style: normal; font-weight: 400;\"><span style=\"font-weight: bold;\">Bienvenido a este hermoso programa llamado\u00a0<em>Estatua de la Virgen Peregrina a la visita domiciliaria<\/em>.\u00a0<\/span><\/p><p style=\"font-size: 18px; font-style: normal; font-weight: 400;\">La estatua de la Virgen Peregrina (PVS) es una imagen que representa a la Sant\u00edsima Virgen Mar\u00eda. A esta estatua en particular se la conoce a menudo como Nuestra Se\u00f1ora de F\u00e1tima.<\/p>\t\t\t\t\t\t\t\t<\/div>\n\t\t\t\t<\/div>\n\t\t\t\t<div class=\"elementor-element elementor-element-c4c82ba elementor-widget elementor-widget-image\" data-id=\"c4c82ba\" data-element_type=\"widget\" data-e-type=\"widget\" data-widget_type=\"image.default\">\n\t\t\t\t<div class=\"elementor-widget-container\">\n\t\t\t\t\t\t\t\t\t\t\t\t\t\t\t<img fetchpriority=\"high\" decoding=\"async\" width=\"300\" height=\"213\" src=\"https:\/\/communalfirstsaturdays.org\/wp-content\/uploads\/2022\/07\/Captura-de-Pantalla-2022-07-07-a-las-9.41.24-a.-m.-300x213.png\" class=\"attachment-medium size-medium wp-image-8229\" alt=\"\" srcset=\"https:\/\/communalfirstsaturdays.org\/wp-content\/uploads\/2022\/07\/Captura-de-Pantalla-2022-07-07-a-las-9.41.24-a.-m.-300x213.png 300w, https:\/\/communalfirstsaturdays.org\/wp-content\/uploads\/2022\/07\/Captura-de-Pantalla-2022-07-07-a-las-9.41.24-a.-m.-768x546.png 768w, https:\/\/communalfirstsaturdays.org\/wp-content\/uploads\/2022\/07\/Captura-de-Pantalla-2022-07-07-a-las-9.41.24-a.-m.-18x12.png 18w, https:\/\/communalfirstsaturdays.org\/wp-content\/uploads\/2022\/07\/Captura-de-Pantalla-2022-07-07-a-las-9.41.24-a.-m..png 994w\" sizes=\"(max-width: 300px) 100vw, 300px\" \/>\t\t\t\t\t\t\t\t\t\t\t\t\t\t\t<\/div>\n\t\t\t\t<\/div>\n\t\t\t\t<div class=\"elementor-element elementor-element-289debe elementor-widget elementor-widget-text-editor\" data-id=\"289debe\" data-element_type=\"widget\" data-e-type=\"widget\" data-widget_type=\"text-editor.default\">\n\t\t\t\t<div class=\"elementor-widget-container\">\n\t\t\t\t\t\t\t\t\t<p><em>The Pilgrim Virgin Statue Church to Home Visitation<\/em> presentado aqu\u00ed es bastante diferente a cualquier otro programa. En lugar de ir de casa en casa o de iglesia en iglesia, la Virgen Peregrina va de la iglesia a la casa y luego vuelve a la iglesia. La estatua de la Virgen Peregrina sale despu\u00e9s de la misa del s\u00e1bado por la ma\u00f1ana a un hogar durante una semana y luego es devuelta el s\u00e1bado siguiente antes de la misa.<\/p><p>La Virgen tiene un doble prop\u00f3sito con su visita:<\/p><ol><li>establecer el reino del Sagrado Coraz\u00f3n de Jes\u00fas en el hogar. Lo hace preparando a la familia para la entronizaci\u00f3n del Sagrado Coraz\u00f3n de Jes\u00fas que tiene lugar en el hogar durante el viernes de la visita.<\/li><li>para devolver a la familia al Coraz\u00f3n Eucar\u00edstico de Jes\u00fas en la Misa.<\/li><\/ol><p>Sencillamente, la Virgen busca siempre llevarnos a su Hijo. Ciertamente, la Virgen lleva a los\u00a0<a href=\"https:\/\/communalfirstsaturdays.org\/es\/what-is-the-heart-of-the-fatima-message\/\">Mensaje de F\u00e1tima<\/a>\u00a0en el hogar, sino que este mensaje evang\u00e9lico es en s\u00ed mismo un medio para unirnos al Sagrado Coraz\u00f3n de Jes\u00fas. Lo hace especialmente llevando a la familia al Coraz\u00f3n Eucar\u00edstico de Jes\u00fas al final de la visita.<\/p><p>Para obtener m\u00e1s informaci\u00f3n sobre este programa, lo que se lleva a cabo en la iglesia y en el hogar, y si desea recibir la estatua, por favor:<\/p><ol><li>lea el folleto que explica m\u00e1s: pulse <a href=\"https:\/\/drive.google.com\/file\/d\/1nBul24Auh948fj7hLnOM1dUDuEbfbBbU\/view\">aqu\u00ed<\/a>.<\/li><li>vea el v\u00eddeo para que entienda lo que ocurre en la iglesia y en el hogar: haga clic abajo o haga clic en <a href=\"https:\/\/www.youtube.com\/watch?v=NelMGaxzU-w\">aqu\u00ed<\/a>.<\/li><\/ol>\t\t\t\t\t\t\t\t<\/div>\n\t\t\t\t<\/div>\n\t\t\t\t<div class=\"elementor-element elementor-element-6939440 elementor-widget elementor-widget-video\" data-id=\"6939440\" data-element_type=\"widget\" data-e-type=\"widget\" data-settings=\"{&quot;youtube_url&quot;:&quot;https:\\\/\\\/www.youtube.com\\\/watch?v=NelMGaxzU-w&quot;,&quot;video_type&quot;:&quot;youtube&quot;,&quot;controls&quot;:&quot;yes&quot;}\" data-widget_type=\"video.default\">\n\t\t\t\t<div class=\"elementor-widget-container\">\n\t\t\t\t\t\t\t<div class=\"elementor-wrapper elementor-open-inline\">\n\t\t\t<div class=\"elementor-video\"><\/div>\t\t<\/div>\n\t\t\t\t\t\t<\/div>\n\t\t\t\t<\/div>\n\t\t\t\t\t<\/div>\n\t\t<\/div>\n\t\t\t\t\t<\/div>\n\t\t<\/section>\n\t\t\t\t<section class=\"elementor-section elementor-top-section elementor-element elementor-element-a73a0e5 elementor-section-boxed elementor-section-height-default elementor-section-height-default\" data-id=\"a73a0e5\" data-element_type=\"section\" data-e-type=\"section\" data-settings=\"{&quot;jet_parallax_layout_list&quot;:[]}\">\n\t\t\t\t\t\t<div class=\"elementor-container elementor-column-gap-default\">\n\t\t\t\t\t<div class=\"elementor-column elementor-col-100 elementor-top-column elementor-element elementor-element-8acfa50\" data-id=\"8acfa50\" data-element_type=\"column\" data-e-type=\"column\">\n\t\t\t<div class=\"elementor-widget-wrap elementor-element-populated\">\n\t\t\t\t\t\t<div class=\"elementor-element elementor-element-1d80bef elementor-widget elementor-widget-heading\" data-id=\"1d80bef\" data-element_type=\"widget\" data-e-type=\"widget\" data-widget_type=\"heading.default\">\n\t\t\t\t<div class=\"elementor-widget-container\">\n\t\t\t\t\t<h2 class=\"elementor-heading-title elementor-size-default\">Por favor, siga los siguientes pasos si quiere recibir el PVS en su casa:<\/h2>\t\t\t\t<\/div>\n\t\t\t\t<\/div>\n\t\t\t\t<div class=\"elementor-element elementor-element-3a1db84 elementor-widget elementor-widget-text-editor\" data-id=\"3a1db84\" data-element_type=\"widget\" data-e-type=\"widget\" data-widget_type=\"text-editor.default\">\n\t\t\t\t<div class=\"elementor-widget-container\">\n\t\t\t\t\t\t\t\t\t<h5><b><span style=\"font-style: inherit; color: var( --e-global-color-text ); font-family: var( --e-global-typography-text-font-family ), Sans-serif; background-color: var( --e-global-color-04310f9 );\">Paso 1: Solicitar un\u00a0<\/span><span style=\"font-style: inherit; color: var( --e-global-color-text ); font-family: var( --e-global-typography-text-font-family ), Sans-serif; background-color: var( --e-global-color-04310f9 );\">d\u00eda para recibir la estatua (haga clic en el bot\u00f3n azul de abajo).\u00a0<br \/><\/span><span style=\"font-style: inherit; color: var( --e-global-color-text ); font-family: var( --e-global-typography-text-font-family ), Sans-serif; background-color: var( --e-global-color-04310f9 );\">Paso 2:\u00a0<\/span><span style=\"font-size: 1rem; font-style: inherit; color: var( --e-global-color-text ); font-family: var( --e-global-typography-text-font-family ), Sans-serif; background-color: var( --e-global-color-04310f9 );\">Por favor, compruebe su buz\u00f3n de correo electr\u00f3nico en los pr\u00f3ximos 5 minutos (tambi\u00e9n puede comprobar su correo no deseado).\u00a0<br \/><\/span><span style=\"font-size: 1rem; font-style: inherit; color: var( --e-global-color-text ); font-family: var( --e-global-typography-text-font-family ), Sans-serif; background-color: var( --e-global-color-04310f9 );\">Paso 3: Lea el correo electr\u00f3nico y seleccione el enlace que corresponde al s\u00e1bado que solicit\u00f3.<\/span><\/b><\/h5><div><h5 style=\"font-style: normal; color: #3a3a3a;\"><b>Paso 4: Espere a que la llamada confirme todos los detalles.\u00a0<\/b><\/h5><\/div>\t\t\t\t\t\t\t\t<\/div>\n\t\t\t\t<\/div>\n\t\t\t\t\t<\/div>\n\t\t<\/div>\n\t\t\t\t\t<\/div>\n\t\t<\/section>\n\t\t\t\t<section class=\"elementor-section elementor-top-section elementor-element elementor-element-61d5943 elementor-section-boxed elementor-section-height-default elementor-section-height-default\" data-id=\"61d5943\" data-element_type=\"section\" data-e-type=\"section\" data-settings=\"{&quot;jet_parallax_layout_list&quot;:[]}\">\n\t\t\t\t\t\t<div class=\"elementor-container elementor-column-gap-default\">\n\t\t\t\t\t<div class=\"elementor-column elementor-col-100 elementor-top-column elementor-element elementor-element-1556a83\" data-id=\"1556a83\" data-element_type=\"column\" data-e-type=\"column\">\n\t\t\t<div class=\"elementor-widget-wrap elementor-element-populated\">\n\t\t\t\t\t\t<div class=\"elementor-element elementor-element-44cb94f elementor-align-center elementor-widget elementor-widget-button\" data-id=\"44cb94f\" data-element_type=\"widget\" data-e-type=\"widget\" data-widget_type=\"button.default\">\n\t\t\t\t<div class=\"elementor-widget-container\">\n\t\t\t\t\t\t\t\t\t<div class=\"elementor-button-wrapper\">\n\t\t\t\t\t<a class=\"elementor-button elementor-button-link elementor-size-xl\" href=\"https:\/\/calendly.com\/cfsa13\/pvs-scheduling?month=2022-07\">\n\t\t\t\t\t\t<span class=\"elementor-button-content-wrapper\">\n\t\t\t\t\t\t\t\t\t<span class=\"elementor-button-text\">Solicite un d\u00eda para recibir el PVS en STAOP en Woodlands, TX<\/span>\n\t\t\t\t\t<\/span>\n\t\t\t\t\t<\/a>\n\t\t\t\t<\/div>\n\t\t\t\t\t\t\t\t<\/div>\n\t\t\t\t<\/div>\n\t\t\t\t\t<\/div>\n\t\t<\/div>\n\t\t\t\t\t<\/div>\n\t\t<\/section>\n\t\t\t\t<\/div>","protected":false},"excerpt":{"rendered":"<p>Dear beloved child of Christ and Our Lady,\u00a0 Welcome to this beautiful program called\u00a0Pilgrim Virgin Statue to Home Visitation.\u00a0 The Pilgrim Virgin Statue (PVS) is an image which represents the Blessed Virgin Mary. This particular statue is often referred to as Our Lady of Fatima. The Pilgrim Virgin Statue Church to Home Visitation presented here [&hellip;]<\/p>\n","protected":false},"author":52,"featured_media":0,"parent":0,"menu_order":0,"comment_status":"closed","ping_status":"closed","template":"","meta":{"_acf_changed":false,"om_disable_all_campaigns":false,"_monsterinsights_skip_tracking":false,"_monsterinsights_sitenote_active":false,"_monsterinsights_sitenote_note":"","_monsterinsights_sitenote_category":0,"_uf_show_specific_survey":0,"_uf_disable_surveys":false,"site-sidebar-layout":"no-sidebar","site-content-layout":"page-builder","ast-site-content-layout":"default","site-content-style":"default","site-sidebar-style":"default","ast-global-header-display":"","ast-banner-title-visibility":"","ast-main-header-display":"","ast-hfb-above-header-display":"","ast-hfb-below-header-display":"","ast-hfb-mobile-header-display":"","site-post-title":"disabled","ast-breadcrumbs-content":"","ast-featured-img":"disabled","footer-sml-layout":"","ast-disable-related-posts":"","theme-transparent-header-meta":"default","adv-header-id-meta":"","stick-header-meta":"","header-above-stick-meta":"","header-main-stick-meta":"","header-below-stick-meta":"","astra-migrate-meta-layouts":"default","ast-page-background-enabled":"default","ast-page-background-meta":{"desktop":{"background-color":"","background-image":"","background-repeat":"repeat","background-position":"center center","background-size":"auto","background-attachment":"scroll","background-type":"","background-media":"","overlay-type":"","overlay-color":"","overlay-opacity":"","overlay-gradient":""},"tablet":{"background-color":"","background-image":"","background-repeat":"repeat","background-position":"center center","background-size":"auto","background-attachment":"scroll","background-type":"","background-media":"","overlay-type":"","overlay-color":"","overlay-opacity":"","overlay-gradient":""},"mobile":{"background-color":"","background-image":"","background-repeat":"repeat","background-position":"center center","background-size":"auto","background-attachment":"scroll","background-type":"","background-media":"","overlay-type":"","overlay-color":"","overlay-opacity":"","overlay-gradient":""}},"ast-content-background-meta":{"desktop":{"background-color":"var(--ast-global-color-5)","background-image":"","background-repeat":"repeat","background-position":"center center","background-size":"auto","background-attachment":"scroll","background-type":"","background-media":"","overlay-type":"","overlay-color":"","overlay-opacity":"","overlay-gradient":""},"tablet":{"background-color":"var(--ast-global-color-5)","background-image":"","background-repeat":"repeat","background-position":"center center","background-size":"auto","background-attachment":"scroll","background-type":"","background-media":"","overlay-type":"","overlay-color":"","overlay-opacity":"","overlay-gradient":""},"mobile":{"background-color":"var(--ast-global-color-5)","background-image":"","background-repeat":"repeat","background-position":"center center","background-size":"auto","background-attachment":"scroll","background-type":"","background-media":"","overlay-type":"","overlay-color":"","overlay-opacity":"","overlay-gradient":""}},"footnotes":""},"class_list":["post-8372","page","type-page","status-publish","hentry"],"acf":[],"aioseo_notices":[],"yoast_head":"<!-- This site is optimized with the Yoast SEO plugin v27.4 - https:\/\/yoast.com\/product\/yoast-seo-wordpress\/ -->\n<title>Pilgrim Virgin Statue to Home Visitation Program - The Communal First Saturdays<\/title>\n<meta name=\"robots\" content=\"index, follow, max-snippet:-1, max-image-preview:large, max-video-preview:-1\" \/>\n<link rel=\"canonical\" href=\"https:\/\/communalfirstsaturdays.org\/es\/pvs-scheduling\/\" \/>\n<meta property=\"og:locale\" content=\"es_MX\" \/>\n<meta property=\"og:type\" content=\"article\" \/>\n<meta property=\"og:title\" content=\"Pilgrim Virgin Statue to Home Visitation Program - The Communal First Saturdays\" \/>\n<meta property=\"og:description\" content=\"Dear beloved child of Christ and Our Lady,\u00a0 Welcome to this beautiful program called\u00a0Pilgrim Virgin Statue to Home Visitation.\u00a0 The Pilgrim Virgin Statue (PVS) is an image which represents the Blessed Virgin Mary. This particular statue is often referred to as Our Lady of Fatima. The Pilgrim Virgin Statue Church to Home Visitation presented here [&hellip;]\" \/>\n<meta property=\"og:url\" content=\"https:\/\/communalfirstsaturdays.org\/es\/pvs-scheduling\/\" \/>\n<meta property=\"og:site_name\" content=\"The Communal First Saturdays\" \/>\n<meta property=\"article:publisher\" content=\"https:\/\/www.facebook.com\/CommunalFirstSaturdays\/\" \/>\n<meta property=\"article:modified_time\" content=\"2025-06-15T03:33:29+00:00\" \/>\n<meta property=\"og:image\" content=\"https:\/\/communalfirstsaturdays.org\/wp-content\/uploads\/2022\/07\/Captura-de-Pantalla-2022-07-07-a-las-9.41.24-a.-m..png\" \/>\n\t<meta property=\"og:image:width\" content=\"994\" \/>\n\t<meta property=\"og:image:height\" content=\"707\" \/>\n\t<meta property=\"og:image:type\" content=\"image\/png\" \/>\n<meta name=\"twitter:card\" content=\"summary_large_image\" \/>\n<meta name=\"twitter:site\" content=\"@CFSApostolate\" \/>\n<meta name=\"twitter:label1\" content=\"Tiempo de lectura\" \/>\n\t<meta name=\"twitter:data1\" content=\"2 minutos\" \/>\n<script type=\"application\/ld+json\" class=\"yoast-schema-graph\">{\"@context\":\"https:\\\/\\\/schema.org\",\"@graph\":[{\"@type\":\"WebPage\",\"@id\":\"https:\\\/\\\/communalfirstsaturdays.org\\\/pvs-scheduling\\\/\",\"url\":\"https:\\\/\\\/communalfirstsaturdays.org\\\/pvs-scheduling\\\/\",\"name\":\"Pilgrim Virgin Statue to Home Visitation Program - The Communal First Saturdays\",\"isPartOf\":{\"@id\":\"https:\\\/\\\/communalfirstsaturdays.org\\\/#website\"},\"primaryImageOfPage\":{\"@id\":\"https:\\\/\\\/communalfirstsaturdays.org\\\/pvs-scheduling\\\/#primaryimage\"},\"image\":{\"@id\":\"https:\\\/\\\/communalfirstsaturdays.org\\\/pvs-scheduling\\\/#primaryimage\"},\"thumbnailUrl\":\"https:\\\/\\\/communalfirstsaturdays.org\\\/wp-content\\\/uploads\\\/2022\\\/07\\\/Captura-de-Pantalla-2022-07-07-a-las-9.41.24-a.-m.-300x213.png\",\"datePublished\":\"2022-07-07T21:31:14+00:00\",\"dateModified\":\"2025-06-15T03:33:29+00:00\",\"breadcrumb\":{\"@id\":\"https:\\\/\\\/communalfirstsaturdays.org\\\/pvs-scheduling\\\/#breadcrumb\"},\"inLanguage\":\"es\",\"potentialAction\":[{\"@type\":\"ReadAction\",\"target\":[\"https:\\\/\\\/communalfirstsaturdays.org\\\/pvs-scheduling\\\/\"]}]},{\"@type\":\"ImageObject\",\"inLanguage\":\"es\",\"@id\":\"https:\\\/\\\/communalfirstsaturdays.org\\\/pvs-scheduling\\\/#primaryimage\",\"url\":\"https:\\\/\\\/communalfirstsaturdays.org\\\/wp-content\\\/uploads\\\/2022\\\/07\\\/Captura-de-Pantalla-2022-07-07-a-las-9.41.24-a.-m.-300x213.png\",\"contentUrl\":\"https:\\\/\\\/communalfirstsaturdays.org\\\/wp-content\\\/uploads\\\/2022\\\/07\\\/Captura-de-Pantalla-2022-07-07-a-las-9.41.24-a.-m.-300x213.png\"},{\"@type\":\"BreadcrumbList\",\"@id\":\"https:\\\/\\\/communalfirstsaturdays.org\\\/pvs-scheduling\\\/#breadcrumb\",\"itemListElement\":[{\"@type\":\"ListItem\",\"position\":1,\"name\":\"Home\",\"item\":\"https:\\\/\\\/communalfirstsaturdays.org\\\/\"},{\"@type\":\"ListItem\",\"position\":2,\"name\":\"Pilgrim Virgin Statue to Home Visitation Program\"}]},{\"@type\":\"WebSite\",\"@id\":\"https:\\\/\\\/communalfirstsaturdays.org\\\/#website\",\"url\":\"https:\\\/\\\/communalfirstsaturdays.org\\\/\",\"name\":\"The Communal First Saturdays\",\"description\":\"Power in Prayer Together\",\"publisher\":{\"@id\":\"https:\\\/\\\/communalfirstsaturdays.org\\\/#organization\"},\"potentialAction\":[{\"@type\":\"SearchAction\",\"target\":{\"@type\":\"EntryPoint\",\"urlTemplate\":\"https:\\\/\\\/communalfirstsaturdays.org\\\/?s={search_term_string}\"},\"query-input\":{\"@type\":\"PropertyValueSpecification\",\"valueRequired\":true,\"valueName\":\"search_term_string\"}}],\"inLanguage\":\"es\"},{\"@type\":\"Organization\",\"@id\":\"https:\\\/\\\/communalfirstsaturdays.org\\\/#organization\",\"name\":\"Communal First Saturdays\",\"url\":\"https:\\\/\\\/communalfirstsaturdays.org\\\/\",\"logo\":{\"@type\":\"ImageObject\",\"inLanguage\":\"es\",\"@id\":\"https:\\\/\\\/communalfirstsaturdays.org\\\/#\\\/schema\\\/logo\\\/image\\\/\",\"url\":\"https:\\\/\\\/communalfirstsaturdays.org\\\/wp-content\\\/uploads\\\/2019\\\/08\\\/cfs-logo-seo.png\",\"contentUrl\":\"https:\\\/\\\/communalfirstsaturdays.org\\\/wp-content\\\/uploads\\\/2019\\\/08\\\/cfs-logo-seo.png\",\"width\":800,\"height\":462,\"caption\":\"Communal First Saturdays\"},\"image\":{\"@id\":\"https:\\\/\\\/communalfirstsaturdays.org\\\/#\\\/schema\\\/logo\\\/image\\\/\"},\"sameAs\":[\"https:\\\/\\\/www.facebook.com\\\/CommunalFirstSaturdays\\\/\",\"https:\\\/\\\/x.com\\\/CFSApostolate\"]}]}<\/script>\n<!-- \/ Yoast SEO plugin. -->","yoast_head_json":{"title":"Pilgrim Virgin Statue to Home Visitation Program - The Communal First Saturdays","robots":{"index":"index","follow":"follow","max-snippet":"max-snippet:-1","max-image-preview":"max-image-preview:large","max-video-preview":"max-video-preview:-1"},"canonical":"https:\/\/communalfirstsaturdays.org\/es\/pvs-scheduling\/","og_locale":"es_MX","og_type":"article","og_title":"Pilgrim Virgin Statue to Home Visitation Program - The Communal First Saturdays","og_description":"Dear beloved child of Christ and Our Lady,\u00a0 Welcome to this beautiful program called\u00a0Pilgrim Virgin Statue to Home Visitation.\u00a0 The Pilgrim Virgin Statue (PVS) is an image which represents the Blessed Virgin Mary. This particular statue is often referred to as Our Lady of Fatima. The Pilgrim Virgin Statue Church to Home Visitation presented here [&hellip;]","og_url":"https:\/\/communalfirstsaturdays.org\/es\/pvs-scheduling\/","og_site_name":"The Communal First Saturdays","article_publisher":"https:\/\/www.facebook.com\/CommunalFirstSaturdays\/","article_modified_time":"2025-06-15T03:33:29+00:00","og_image":[{"width":994,"height":707,"url":"https:\/\/communalfirstsaturdays.org\/wp-content\/uploads\/2022\/07\/Captura-de-Pantalla-2022-07-07-a-las-9.41.24-a.-m..png","type":"image\/png"}],"twitter_card":"summary_large_image","twitter_site":"@CFSApostolate","twitter_misc":{"Tiempo de lectura":"2 minutos"},"schema":{"@context":"https:\/\/schema.org","@graph":[{"@type":"WebPage","@id":"https:\/\/communalfirstsaturdays.org\/pvs-scheduling\/","url":"https:\/\/communalfirstsaturdays.org\/pvs-scheduling\/","name":"Pilgrim Virgin Statue to Home Visitation Program - The Communal First Saturdays","isPartOf":{"@id":"https:\/\/communalfirstsaturdays.org\/#website"},"primaryImageOfPage":{"@id":"https:\/\/communalfirstsaturdays.org\/pvs-scheduling\/#primaryimage"},"image":{"@id":"https:\/\/communalfirstsaturdays.org\/pvs-scheduling\/#primaryimage"},"thumbnailUrl":"https:\/\/communalfirstsaturdays.org\/wp-content\/uploads\/2022\/07\/Captura-de-Pantalla-2022-07-07-a-las-9.41.24-a.-m.-300x213.png","datePublished":"2022-07-07T21:31:14+00:00","dateModified":"2025-06-15T03:33:29+00:00","breadcrumb":{"@id":"https:\/\/communalfirstsaturdays.org\/pvs-scheduling\/#breadcrumb"},"inLanguage":"es","potentialAction":[{"@type":"ReadAction","target":["https:\/\/communalfirstsaturdays.org\/pvs-scheduling\/"]}]},{"@type":"ImageObject","inLanguage":"es","@id":"https:\/\/communalfirstsaturdays.org\/pvs-scheduling\/#primaryimage","url":"https:\/\/communalfirstsaturdays.org\/wp-content\/uploads\/2022\/07\/Captura-de-Pantalla-2022-07-07-a-las-9.41.24-a.-m.-300x213.png","contentUrl":"https:\/\/communalfirstsaturdays.org\/wp-content\/uploads\/2022\/07\/Captura-de-Pantalla-2022-07-07-a-las-9.41.24-a.-m.-300x213.png"},{"@type":"BreadcrumbList","@id":"https:\/\/communalfirstsaturdays.org\/pvs-scheduling\/#breadcrumb","itemListElement":[{"@type":"ListItem","position":1,"name":"Home","item":"https:\/\/communalfirstsaturdays.org\/"},{"@type":"ListItem","position":2,"name":"Pilgrim Virgin Statue to Home Visitation Program"}]},{"@type":"WebSite","@id":"https:\/\/communalfirstsaturdays.org\/#website","url":"https:\/\/communalfirstsaturdays.org\/","name":"The Communal First Saturdays","description":"El poder de rezar juntos","publisher":{"@id":"https:\/\/communalfirstsaturdays.org\/#organization"},"potentialAction":[{"@type":"SearchAction","target":{"@type":"EntryPoint","urlTemplate":"https:\/\/communalfirstsaturdays.org\/?s={search_term_string}"},"query-input":{"@type":"PropertyValueSpecification","valueRequired":true,"valueName":"search_term_string"}}],"inLanguage":"es"},{"@type":"Organization","@id":"https:\/\/communalfirstsaturdays.org\/#organization","name":"Los Primeros S\u00e1bados Comunitarios","url":"https:\/\/communalfirstsaturdays.org\/","logo":{"@type":"ImageObject","inLanguage":"es","@id":"https:\/\/communalfirstsaturdays.org\/#\/schema\/logo\/image\/","url":"https:\/\/communalfirstsaturdays.org\/wp-content\/uploads\/2019\/08\/cfs-logo-seo.png","contentUrl":"https:\/\/communalfirstsaturdays.org\/wp-content\/uploads\/2019\/08\/cfs-logo-seo.png","width":800,"height":462,"caption":"Communal First Saturdays"},"image":{"@id":"https:\/\/communalfirstsaturdays.org\/#\/schema\/logo\/image\/"},"sameAs":["https:\/\/www.facebook.com\/CommunalFirstSaturdays\/","https:\/\/x.com\/CFSApostolate"]}]}},"_links":{"self":[{"href":"https:\/\/communalfirstsaturdays.org\/es\/wp-json\/wp\/v2\/pages\/8372","targetHints":{"allow":["GET"]}}],"collection":[{"href":"https:\/\/communalfirstsaturdays.org\/es\/wp-json\/wp\/v2\/pages"}],"about":[{"href":"https:\/\/communalfirstsaturdays.org\/es\/wp-json\/wp\/v2\/types\/page"}],"author":[{"embeddable":true,"href":"https:\/\/communalfirstsaturdays.org\/es\/wp-json\/wp\/v2\/users\/52"}],"replies":[{"embeddable":true,"href":"https:\/\/communalfirstsaturdays.org\/es\/wp-json\/wp\/v2\/comments?post=8372"}],"version-history":[{"count":16,"href":"https:\/\/communalfirstsaturdays.org\/es\/wp-json\/wp\/v2\/pages\/8372\/revisions"}],"predecessor-version":[{"id":19787,"href":"https:\/\/communalfirstsaturdays.org\/es\/wp-json\/wp\/v2\/pages\/8372\/revisions\/19787"}],"wp:attachment":[{"href":"https:\/\/communalfirstsaturdays.org\/es\/wp-json\/wp\/v2\/media?parent=8372"}],"curies":[{"name":"wp","href":"https:\/\/api.w.org\/{rel}","templated":true}]}}